{"id":210,"date":"2024-11-04T09:13:33","date_gmt":"2024-11-04T09:13:33","guid":{"rendered":"https:\/\/spinbetter.guru\/be\/?page_id=210"},"modified":"2025-09-24T17:17:38","modified_gmt":"2025-09-24T17:17:38","slug":"home","status":"publish","type":"page","link":"https:\/\/spinbetter.guru\/be\/","title":{"rendered":"Hjemmeside"},"content":{"rendered":"","protected":false},"excerpt":{"rendered":"","protected":false},"author":1,"featured_media":0,"parent":0,"menu_order":0,"comment_status":"closed","ping_status":"closed","template":"","meta":{"footnotes":""},"class_list":["post-210","page","type-page","status-publish","hentry"],"yoast_head":"<!-- This site is optimized with the Yoast SEO plugin v23.4 - https:\/\/yoast.com\/wordpress\/plugins\/seo\/ -->\n<title>SpinBetter World: Onlinekasino og sportsv\u00e6ddem\u00e5l<\/title>\n<meta name=\"description\" content=\"\u00c6rlig SpinBetter anmeldelse: spilleranmeldelser, bonusser, casino og betting. Find ud af, hvilke fordele der venter dig p\u00e5 SpinBetter-platformen!\" \/>\n<meta name=\"robots\" content=\"index, follow, max-snippet:-1, max-image-preview:large, max-video-preview:-1\" \/>\n<meta property=\"og:locale\" content=\"fr_FR\" \/>\n<meta property=\"og:type\" content=\"article\" \/>\n<meta property=\"og:title\" content=\"SpinBetter World: Onlinekasino og sportsv\u00e6ddem\u00e5l\" \/>\n<meta property=\"og:description\" content=\"\u00c6rlig SpinBetter anmeldelse: spilleranmeldelser, bonusser, casino og betting. Find ud af, hvilke fordele der venter dig p\u00e5 SpinBetter-platformen!\" \/>\n<meta property=\"og:url\" content=\"https:\/\/spinbetter.guru\/be\/\" \/>\n<meta property=\"og:site_name\" content=\"Spinbetter Plus BE\" \/>\n<meta property=\"article:modified_time\" content=\"2025-09-24T17:17:38+00:00\" \/>\n<meta name=\"twitter:card\" content=\"summary_large_image\" \/>\n<script type=\"application\/ld+json\" class=\"yoast-schema-graph\">{\"@context\":\"https:\/\/schema.org\",\"@graph\":[{\"@type\":\"WebPage\",\"@id\":\"https:\/\/spinbetter.guru\/be\/\",\"url\":\"https:\/\/spinbetter.guru\/be\/\",\"name\":\"SpinBetter World: Onlinekasino og sportsv\u00e6ddem\u00e5l\",\"isPartOf\":{\"@id\":\"https:\/\/www.spinbetter.guru\/be\/#website\"},\"datePublished\":\"2024-11-04T09:13:33+00:00\",\"dateModified\":\"2025-09-24T17:17:38+00:00\",\"description\":\"\u00c6rlig SpinBetter anmeldelse: spilleranmeldelser, bonusser, casino og betting. Find ud af, hvilke fordele der venter dig p\u00e5 SpinBetter-platformen!\",\"breadcrumb\":{\"@id\":\"https:\/\/spinbetter.guru\/be\/#breadcrumb\"},\"inLanguage\":\"fr-BE\",\"potentialAction\":[{\"@type\":\"ReadAction\",\"target\":[\"https:\/\/spinbetter.guru\/be\/\"]}]},{\"@type\":\"BreadcrumbList\",\"@id\":\"https:\/\/spinbetter.guru\/be\/#breadcrumb\",\"itemListElement\":[{\"@type\":\"ListItem\",\"position\":1,\"name\":\"\u0413\u043b\u0430\u0432\u043d\u0430\u044f \u0441\u0442\u0440\u0430\u043d\u0438\u0446\u0430\",\"item\":\"https:\/\/spinbetter.guru\/be\/\"},{\"@type\":\"ListItem\",\"position\":2,\"name\":\"Hjemmeside\"}]},{\"@type\":\"WebSite\",\"@id\":\"https:\/\/www.spinbetter.guru\/be\/#website\",\"url\":\"https:\/\/www.spinbetter.guru\/be\/\",\"name\":\"Spinbetter Plus BE\",\"description\":\"\",\"potentialAction\":[{\"@type\":\"SearchAction\",\"target\":{\"@type\":\"EntryPoint\",\"urlTemplate\":\"https:\/\/www.spinbetter.guru\/be\/?s={search_term_string}\"},\"query-input\":{\"@type\":\"PropertyValueSpecification\",\"valueRequired\":true,\"valueName\":\"search_term_string\"}}],\"inLanguage\":\"fr-BE\"}]}<\/script>\n<!-- \/ Yoast SEO plugin. -->","yoast_head_json":{"title":"SpinBetter World: Onlinekasino og sportsv\u00e6ddem\u00e5l","description":"\u00c6rlig SpinBetter anmeldelse: spilleranmeldelser, bonusser, casino og betting. Find ud af, hvilke fordele der venter dig p\u00e5 SpinBetter-platformen!","robots":{"index":"index","follow":"follow","max-snippet":"max-snippet:-1","max-image-preview":"max-image-preview:large","max-video-preview":"max-video-preview:-1"},"og_locale":"fr_FR","og_type":"article","og_title":"SpinBetter World: Onlinekasino og sportsv\u00e6ddem\u00e5l","og_description":"\u00c6rlig SpinBetter anmeldelse: spilleranmeldelser, bonusser, casino og betting. Find ud af, hvilke fordele der venter dig p\u00e5 SpinBetter-platformen!","og_url":"https:\/\/spinbetter.guru\/be\/","og_site_name":"Spinbetter Plus BE","article_modified_time":"2025-09-24T17:17:38+00:00","twitter_card":"summary_large_image","schema":{"@context":"https:\/\/schema.org","@graph":[{"@type":"WebPage","@id":"https:\/\/spinbetter.guru\/be\/","url":"https:\/\/spinbetter.guru\/be\/","name":"SpinBetter World: Onlinekasino og sportsv\u00e6ddem\u00e5l","isPartOf":{"@id":"https:\/\/www.spinbetter.guru\/be\/#website"},"datePublished":"2024-11-04T09:13:33+00:00","dateModified":"2025-09-24T17:17:38+00:00","description":"\u00c6rlig SpinBetter anmeldelse: spilleranmeldelser, bonusser, casino og betting. Find ud af, hvilke fordele der venter dig p\u00e5 SpinBetter-platformen!","breadcrumb":{"@id":"https:\/\/spinbetter.guru\/be\/#breadcrumb"},"inLanguage":"fr-BE","potentialAction":[{"@type":"ReadAction","target":["https:\/\/spinbetter.guru\/be\/"]}]},{"@type":"BreadcrumbList","@id":"https:\/\/spinbetter.guru\/be\/#breadcrumb","itemListElement":[{"@type":"ListItem","position":1,"name":"\u0413\u043b\u0430\u0432\u043d\u0430\u044f \u0441\u0442\u0440\u0430\u043d\u0438\u0446\u0430","item":"https:\/\/spinbetter.guru\/be\/"},{"@type":"ListItem","position":2,"name":"Hjemmeside"}]},{"@type":"WebSite","@id":"https:\/\/www.spinbetter.guru\/be\/#website","url":"https:\/\/www.spinbetter.guru\/be\/","name":"Spinbetter Plus BE","description":"","potentialAction":[{"@type":"SearchAction","target":{"@type":"EntryPoint","urlTemplate":"https:\/\/www.spinbetter.guru\/be\/?s={search_term_string}"},"query-input":{"@type":"PropertyValueSpecification","valueRequired":true,"valueName":"search_term_string"}}],"inLanguage":"fr-BE"}]}},"_links":{"self":[{"href":"https:\/\/spinbetter.guru\/be\/wp-json\/wp\/v2\/pages\/210"}],"collection":[{"href":"https:\/\/spinbetter.guru\/be\/wp-json\/wp\/v2\/pages"}],"about":[{"href":"https:\/\/spinbetter.guru\/be\/wp-json\/wp\/v2\/types\/page"}],"author":[{"embeddable":true,"href":"https:\/\/spinbetter.guru\/be\/wp-json\/wp\/v2\/users\/1"}],"replies":[{"embeddable":true,"href":"https:\/\/spinbetter.guru\/be\/wp-json\/wp\/v2\/comments?post=210"}],"version-history":[{"count":40,"href":"https:\/\/spinbetter.guru\/be\/wp-json\/wp\/v2\/pages\/210\/revisions"}],"predecessor-version":[{"id":487,"href":"https:\/\/spinbetter.guru\/be\/wp-json\/wp\/v2\/pages\/210\/revisions\/487"}],"wp:attachment":[{"href":"https:\/\/spinbetter.guru\/be\/wp-json\/wp\/v2\/media?parent=210"}],"curies":[{"name":"wp","href":"https:\/\/api.w.org\/{rel}","templated":true}]}}