{"id":303,"date":"2024-11-04T09:15:42","date_gmt":"2024-11-04T09:15:42","guid":{"rendered":"https:\/\/spinbetter.guru\/cz\/?page_id=303"},"modified":"2026-01-09T18:35:00","modified_gmt":"2026-01-09T18:35:00","slug":"registration","status":"publish","type":"page","link":"https:\/\/spinbetter.guru\/cz\/registration\/","title":{"rendered":"Registrace"},"content":{"rendered":"","protected":false},"excerpt":{"rendered":"","protected":false},"author":1,"featured_media":0,"parent":0,"menu_order":0,"comment_status":"closed","ping_status":"closed","template":"","meta":{"footnotes":""},"class_list":["post-303","page","type-page","status-publish","hentry"],"yoast_head":"<!-- This site is optimized with the Yoast SEO plugin v23.4 - https:\/\/yoast.com\/wordpress\/plugins\/seo\/ -->\n<title>Registrace SpinBetter \u25b6\ufe0f Vytvo\u0159en\u00ed \u00da\u010dtu a Okam\u017eit\u00fd P\u0159\u00edstup<\/title>\n<meta name=\"description\" content=\"Registrace SpinBetter -\u25b6\ufe0f rychl\u00e9 zalo\u017een\u00ed u\u017eivatelsk\u00e9ho \u00fa\u010dtu \u2728 p\u0159\u00edstup ke kasinu, sportovn\u00edmu s\u00e1zen\u00ed, bonusov\u00fdm nab\u00eddk\u00e1m a jednoduch\u00e9 spr\u00e1v\u011b profilu bez zbyte\u010dn\u00fdch krok\u016f.\" \/>\n<meta name=\"robots\" content=\"index, follow, max-snippet:-1, max-image-preview:large, max-video-preview:-1\" \/>\n<meta property=\"og:locale\" content=\"cs_CZ\" \/>\n<meta property=\"og:type\" content=\"article\" \/>\n<meta property=\"og:title\" content=\"Registrace SpinBetter \u25b6\ufe0f Vytvo\u0159en\u00ed \u00da\u010dtu a Okam\u017eit\u00fd P\u0159\u00edstup\" \/>\n<meta property=\"og:description\" content=\"Registrace SpinBetter -\u25b6\ufe0f rychl\u00e9 zalo\u017een\u00ed u\u017eivatelsk\u00e9ho \u00fa\u010dtu \u2728 p\u0159\u00edstup ke kasinu, sportovn\u00edmu s\u00e1zen\u00ed, bonusov\u00fdm nab\u00eddk\u00e1m a jednoduch\u00e9 spr\u00e1v\u011b profilu bez zbyte\u010dn\u00fdch krok\u016f.\" \/>\n<meta property=\"og:url\" content=\"https:\/\/spinbetter.guru\/cz\/registration\/\" \/>\n<meta property=\"og:site_name\" content=\"Spinbetter Plus CZ\" \/>\n<meta property=\"article:modified_time\" content=\"2026-01-09T18:35:00+00:00\" \/>\n<meta name=\"twitter:card\" content=\"summary_large_image\" \/>\n<script type=\"application\/ld+json\" class=\"yoast-schema-graph\">{\"@context\":\"https:\/\/schema.org\",\"@graph\":[{\"@type\":\"WebPage\",\"@id\":\"https:\/\/spinbetter.guru\/cz\/registration\/\",\"url\":\"https:\/\/spinbetter.guru\/cz\/registration\/\",\"name\":\"Registrace SpinBetter \u25b6\ufe0f Vytvo\u0159en\u00ed \u00da\u010dtu a Okam\u017eit\u00fd P\u0159\u00edstup\",\"isPartOf\":{\"@id\":\"https:\/\/spinbetter.guru\/cz\/#website\"},\"datePublished\":\"2024-11-04T09:15:42+00:00\",\"dateModified\":\"2026-01-09T18:35:00+00:00\",\"description\":\"Registrace SpinBetter -\u25b6\ufe0f rychl\u00e9 zalo\u017een\u00ed u\u017eivatelsk\u00e9ho \u00fa\u010dtu \u2728 p\u0159\u00edstup ke kasinu, sportovn\u00edmu s\u00e1zen\u00ed, bonusov\u00fdm nab\u00eddk\u00e1m a jednoduch\u00e9 spr\u00e1v\u011b profilu bez zbyte\u010dn\u00fdch krok\u016f.\",\"breadcrumb\":{\"@id\":\"https:\/\/spinbetter.guru\/cz\/registration\/#breadcrumb\"},\"inLanguage\":\"cs\",\"potentialAction\":[{\"@type\":\"ReadAction\",\"target\":[\"https:\/\/spinbetter.guru\/cz\/registration\/\"]}]},{\"@type\":\"BreadcrumbList\",\"@id\":\"https:\/\/spinbetter.guru\/cz\/registration\/#breadcrumb\",\"itemListElement\":[{\"@type\":\"ListItem\",\"position\":1,\"name\":\"\u0413\u043b\u0430\u0432\u043d\u0430\u044f \u0441\u0442\u0440\u0430\u043d\u0438\u0446\u0430\",\"item\":\"https:\/\/spinbetter.guru\/cz\/\"},{\"@type\":\"ListItem\",\"position\":2,\"name\":\"Registrace\"}]},{\"@type\":\"WebSite\",\"@id\":\"https:\/\/spinbetter.guru\/cz\/#website\",\"url\":\"https:\/\/spinbetter.guru\/cz\/\",\"name\":\"Spinbetter Plus CZ\",\"description\":\"\",\"potentialAction\":[{\"@type\":\"SearchAction\",\"target\":{\"@type\":\"EntryPoint\",\"urlTemplate\":\"https:\/\/spinbetter.guru\/cz\/?s={search_term_string}\"},\"query-input\":{\"@type\":\"PropertyValueSpecification\",\"valueRequired\":true,\"valueName\":\"search_term_string\"}}],\"inLanguage\":\"cs\"}]}<\/script>\n<!-- \/ Yoast SEO plugin. -->","yoast_head_json":{"title":"Registrace SpinBetter \u25b6\ufe0f Vytvo\u0159en\u00ed \u00da\u010dtu a Okam\u017eit\u00fd P\u0159\u00edstup","description":"Registrace SpinBetter -\u25b6\ufe0f rychl\u00e9 zalo\u017een\u00ed u\u017eivatelsk\u00e9ho \u00fa\u010dtu \u2728 p\u0159\u00edstup ke kasinu, sportovn\u00edmu s\u00e1zen\u00ed, bonusov\u00fdm nab\u00eddk\u00e1m a jednoduch\u00e9 spr\u00e1v\u011b profilu bez zbyte\u010dn\u00fdch krok\u016f.","robots":{"index":"index","follow":"follow","max-snippet":"max-snippet:-1","max-image-preview":"max-image-preview:large","max-video-preview":"max-video-preview:-1"},"og_locale":"cs_CZ","og_type":"article","og_title":"Registrace SpinBetter \u25b6\ufe0f Vytvo\u0159en\u00ed \u00da\u010dtu a Okam\u017eit\u00fd P\u0159\u00edstup","og_description":"Registrace SpinBetter -\u25b6\ufe0f rychl\u00e9 zalo\u017een\u00ed u\u017eivatelsk\u00e9ho \u00fa\u010dtu \u2728 p\u0159\u00edstup ke kasinu, sportovn\u00edmu s\u00e1zen\u00ed, bonusov\u00fdm nab\u00eddk\u00e1m a jednoduch\u00e9 spr\u00e1v\u011b profilu bez zbyte\u010dn\u00fdch krok\u016f.","og_url":"https:\/\/spinbetter.guru\/cz\/registration\/","og_site_name":"Spinbetter Plus CZ","article_modified_time":"2026-01-09T18:35:00+00:00","twitter_card":"summary_large_image","schema":{"@context":"https:\/\/schema.org","@graph":[{"@type":"WebPage","@id":"https:\/\/spinbetter.guru\/cz\/registration\/","url":"https:\/\/spinbetter.guru\/cz\/registration\/","name":"Registrace SpinBetter \u25b6\ufe0f Vytvo\u0159en\u00ed \u00da\u010dtu a Okam\u017eit\u00fd P\u0159\u00edstup","isPartOf":{"@id":"https:\/\/spinbetter.guru\/cz\/#website"},"datePublished":"2024-11-04T09:15:42+00:00","dateModified":"2026-01-09T18:35:00+00:00","description":"Registrace SpinBetter -\u25b6\ufe0f rychl\u00e9 zalo\u017een\u00ed u\u017eivatelsk\u00e9ho \u00fa\u010dtu \u2728 p\u0159\u00edstup ke kasinu, sportovn\u00edmu s\u00e1zen\u00ed, bonusov\u00fdm nab\u00eddk\u00e1m a jednoduch\u00e9 spr\u00e1v\u011b profilu bez zbyte\u010dn\u00fdch krok\u016f.","breadcrumb":{"@id":"https:\/\/spinbetter.guru\/cz\/registration\/#breadcrumb"},"inLanguage":"cs","potentialAction":[{"@type":"ReadAction","target":["https:\/\/spinbetter.guru\/cz\/registration\/"]}]},{"@type":"BreadcrumbList","@id":"https:\/\/spinbetter.guru\/cz\/registration\/#breadcrumb","itemListElement":[{"@type":"ListItem","position":1,"name":"\u0413\u043b\u0430\u0432\u043d\u0430\u044f \u0441\u0442\u0440\u0430\u043d\u0438\u0446\u0430","item":"https:\/\/spinbetter.guru\/cz\/"},{"@type":"ListItem","position":2,"name":"Registrace"}]},{"@type":"WebSite","@id":"https:\/\/spinbetter.guru\/cz\/#website","url":"https:\/\/spinbetter.guru\/cz\/","name":"Spinbetter Plus CZ","description":"","potentialAction":[{"@type":"SearchAction","target":{"@type":"EntryPoint","urlTemplate":"https:\/\/spinbetter.guru\/cz\/?s={search_term_string}"},"query-input":{"@type":"PropertyValueSpecification","valueRequired":true,"valueName":"search_term_string"}}],"inLanguage":"cs"}]}},"_links":{"self":[{"href":"https:\/\/spinbetter.guru\/cz\/wp-json\/wp\/v2\/pages\/303"}],"collection":[{"href":"https:\/\/spinbetter.guru\/cz\/wp-json\/wp\/v2\/pages"}],"about":[{"href":"https:\/\/spinbetter.guru\/cz\/wp-json\/wp\/v2\/types\/page"}],"author":[{"embeddable":true,"href":"https:\/\/spinbetter.guru\/cz\/wp-json\/wp\/v2\/users\/1"}],"replies":[{"embeddable":true,"href":"https:\/\/spinbetter.guru\/cz\/wp-json\/wp\/v2\/comments?post=303"}],"version-history":[{"count":16,"href":"https:\/\/spinbetter.guru\/cz\/wp-json\/wp\/v2\/pages\/303\/revisions"}],"predecessor-version":[{"id":483,"href":"https:\/\/spinbetter.guru\/cz\/wp-json\/wp\/v2\/pages\/303\/revisions\/483"}],"wp:attachment":[{"href":"https:\/\/spinbetter.guru\/cz\/wp-json\/wp\/v2\/media?parent=303"}],"curies":[{"name":"wp","href":"https:\/\/api.w.org\/{rel}","templated":true}]}}