{"id":318,"date":"2024-11-04T09:16:20","date_gmt":"2024-11-04T09:16:20","guid":{"rendered":"https:\/\/spinbetter.guru\/cz\/?page_id=318"},"modified":"2026-01-09T18:36:17","modified_gmt":"2026-01-09T18:36:17","slug":"free-spins","status":"publish","type":"page","link":"https:\/\/spinbetter.guru\/cz\/free-spins\/","title":{"rendered":"Rozto\u010den\u00ed Zdarma"},"content":{"rendered":"","protected":false},"excerpt":{"rendered":"","protected":false},"author":1,"featured_media":0,"parent":0,"menu_order":0,"comment_status":"closed","ping_status":"closed","template":"","meta":{"footnotes":""},"class_list":["post-318","page","type-page","status-publish","hentry"],"yoast_head":"<!-- This site is optimized with the Yoast SEO plugin v23.4 - https:\/\/yoast.com\/wordpress\/plugins\/seo\/ -->\n<title>SpinBetter free spins \u25b6\ufe0f Z\u00edskej Voln\u00e1 Oto\u010den\u00ed a Hraj<\/title>\n<meta name=\"description\" content=\"SpinBetter free spins - informace o dostupn\u00fdch voln\u00fdch oto\u010den\u00edch \u25b6\ufe0f zjisti, jak je z\u00edskat, na kter\u00fdch hr\u00e1ch plat\u00ed a jak vyu\u017e\u00edt free spiny v online kasinu.\" \/>\n<meta name=\"robots\" content=\"index, follow, max-snippet:-1, max-image-preview:large, max-video-preview:-1\" \/>\n<meta property=\"og:locale\" content=\"cs_CZ\" \/>\n<meta property=\"og:type\" content=\"article\" \/>\n<meta property=\"og:title\" content=\"SpinBetter free spins \u25b6\ufe0f Z\u00edskej Voln\u00e1 Oto\u010den\u00ed a Hraj\" \/>\n<meta property=\"og:description\" content=\"SpinBetter free spins - informace o dostupn\u00fdch voln\u00fdch oto\u010den\u00edch \u25b6\ufe0f zjisti, jak je z\u00edskat, na kter\u00fdch hr\u00e1ch plat\u00ed a jak vyu\u017e\u00edt free spiny v online kasinu.\" \/>\n<meta property=\"og:url\" content=\"https:\/\/spinbetter.guru\/cz\/free-spins\/\" \/>\n<meta property=\"og:site_name\" content=\"Spinbetter Plus CZ\" \/>\n<meta property=\"article:modified_time\" content=\"2026-01-09T18:36:17+00:00\" \/>\n<meta name=\"twitter:card\" content=\"summary_large_image\" \/>\n<script type=\"application\/ld+json\" class=\"yoast-schema-graph\">{\"@context\":\"https:\/\/schema.org\",\"@graph\":[{\"@type\":\"WebPage\",\"@id\":\"https:\/\/spinbetter.guru\/cz\/free-spins\/\",\"url\":\"https:\/\/spinbetter.guru\/cz\/free-spins\/\",\"name\":\"SpinBetter free spins \u25b6\ufe0f Z\u00edskej Voln\u00e1 Oto\u010den\u00ed a Hraj\",\"isPartOf\":{\"@id\":\"https:\/\/spinbetter.guru\/cz\/#website\"},\"datePublished\":\"2024-11-04T09:16:20+00:00\",\"dateModified\":\"2026-01-09T18:36:17+00:00\",\"description\":\"SpinBetter free spins - informace o dostupn\u00fdch voln\u00fdch oto\u010den\u00edch \u25b6\ufe0f zjisti, jak je z\u00edskat, na kter\u00fdch hr\u00e1ch plat\u00ed a jak vyu\u017e\u00edt free spiny v online kasinu.\",\"breadcrumb\":{\"@id\":\"https:\/\/spinbetter.guru\/cz\/free-spins\/#breadcrumb\"},\"inLanguage\":\"cs\",\"potentialAction\":[{\"@type\":\"ReadAction\",\"target\":[\"https:\/\/spinbetter.guru\/cz\/free-spins\/\"]}]},{\"@type\":\"BreadcrumbList\",\"@id\":\"https:\/\/spinbetter.guru\/cz\/free-spins\/#breadcrumb\",\"itemListElement\":[{\"@type\":\"ListItem\",\"position\":1,\"name\":\"\u0413\u043b\u0430\u0432\u043d\u0430\u044f \u0441\u0442\u0440\u0430\u043d\u0438\u0446\u0430\",\"item\":\"https:\/\/spinbetter.guru\/cz\/\"},{\"@type\":\"ListItem\",\"position\":2,\"name\":\"Rozto\u010den\u00ed Zdarma\"}]},{\"@type\":\"WebSite\",\"@id\":\"https:\/\/spinbetter.guru\/cz\/#website\",\"url\":\"https:\/\/spinbetter.guru\/cz\/\",\"name\":\"Spinbetter Plus CZ\",\"description\":\"\",\"potentialAction\":[{\"@type\":\"SearchAction\",\"target\":{\"@type\":\"EntryPoint\",\"urlTemplate\":\"https:\/\/spinbetter.guru\/cz\/?s={search_term_string}\"},\"query-input\":{\"@type\":\"PropertyValueSpecification\",\"valueRequired\":true,\"valueName\":\"search_term_string\"}}],\"inLanguage\":\"cs\"}]}<\/script>\n<!-- \/ Yoast SEO plugin. -->","yoast_head_json":{"title":"SpinBetter free spins \u25b6\ufe0f Z\u00edskej Voln\u00e1 Oto\u010den\u00ed a Hraj","description":"SpinBetter free spins - informace o dostupn\u00fdch voln\u00fdch oto\u010den\u00edch \u25b6\ufe0f zjisti, jak je z\u00edskat, na kter\u00fdch hr\u00e1ch plat\u00ed a jak vyu\u017e\u00edt free spiny v online kasinu.","robots":{"index":"index","follow":"follow","max-snippet":"max-snippet:-1","max-image-preview":"max-image-preview:large","max-video-preview":"max-video-preview:-1"},"og_locale":"cs_CZ","og_type":"article","og_title":"SpinBetter free spins \u25b6\ufe0f Z\u00edskej Voln\u00e1 Oto\u010den\u00ed a Hraj","og_description":"SpinBetter free spins - informace o dostupn\u00fdch voln\u00fdch oto\u010den\u00edch \u25b6\ufe0f zjisti, jak je z\u00edskat, na kter\u00fdch hr\u00e1ch plat\u00ed a jak vyu\u017e\u00edt free spiny v online kasinu.","og_url":"https:\/\/spinbetter.guru\/cz\/free-spins\/","og_site_name":"Spinbetter Plus CZ","article_modified_time":"2026-01-09T18:36:17+00:00","twitter_card":"summary_large_image","schema":{"@context":"https:\/\/schema.org","@graph":[{"@type":"WebPage","@id":"https:\/\/spinbetter.guru\/cz\/free-spins\/","url":"https:\/\/spinbetter.guru\/cz\/free-spins\/","name":"SpinBetter free spins \u25b6\ufe0f Z\u00edskej Voln\u00e1 Oto\u010den\u00ed a Hraj","isPartOf":{"@id":"https:\/\/spinbetter.guru\/cz\/#website"},"datePublished":"2024-11-04T09:16:20+00:00","dateModified":"2026-01-09T18:36:17+00:00","description":"SpinBetter free spins - informace o dostupn\u00fdch voln\u00fdch oto\u010den\u00edch \u25b6\ufe0f zjisti, jak je z\u00edskat, na kter\u00fdch hr\u00e1ch plat\u00ed a jak vyu\u017e\u00edt free spiny v online kasinu.","breadcrumb":{"@id":"https:\/\/spinbetter.guru\/cz\/free-spins\/#breadcrumb"},"inLanguage":"cs","potentialAction":[{"@type":"ReadAction","target":["https:\/\/spinbetter.guru\/cz\/free-spins\/"]}]},{"@type":"BreadcrumbList","@id":"https:\/\/spinbetter.guru\/cz\/free-spins\/#breadcrumb","itemListElement":[{"@type":"ListItem","position":1,"name":"\u0413\u043b\u0430\u0432\u043d\u0430\u044f \u0441\u0442\u0440\u0430\u043d\u0438\u0446\u0430","item":"https:\/\/spinbetter.guru\/cz\/"},{"@type":"ListItem","position":2,"name":"Rozto\u010den\u00ed Zdarma"}]},{"@type":"WebSite","@id":"https:\/\/spinbetter.guru\/cz\/#website","url":"https:\/\/spinbetter.guru\/cz\/","name":"Spinbetter Plus CZ","description":"","potentialAction":[{"@type":"SearchAction","target":{"@type":"EntryPoint","urlTemplate":"https:\/\/spinbetter.guru\/cz\/?s={search_term_string}"},"query-input":{"@type":"PropertyValueSpecification","valueRequired":true,"valueName":"search_term_string"}}],"inLanguage":"cs"}]}},"_links":{"self":[{"href":"https:\/\/spinbetter.guru\/cz\/wp-json\/wp\/v2\/pages\/318"}],"collection":[{"href":"https:\/\/spinbetter.guru\/cz\/wp-json\/wp\/v2\/pages"}],"about":[{"href":"https:\/\/spinbetter.guru\/cz\/wp-json\/wp\/v2\/types\/page"}],"author":[{"embeddable":true,"href":"https:\/\/spinbetter.guru\/cz\/wp-json\/wp\/v2\/users\/1"}],"replies":[{"embeddable":true,"href":"https:\/\/spinbetter.guru\/cz\/wp-json\/wp\/v2\/comments?post=318"}],"version-history":[{"count":14,"href":"https:\/\/spinbetter.guru\/cz\/wp-json\/wp\/v2\/pages\/318\/revisions"}],"predecessor-version":[{"id":505,"href":"https:\/\/spinbetter.guru\/cz\/wp-json\/wp\/v2\/pages\/318\/revisions\/505"}],"wp:attachment":[{"href":"https:\/\/spinbetter.guru\/cz\/wp-json\/wp\/v2\/media?parent=318"}],"curies":[{"name":"wp","href":"https:\/\/api.w.org\/{rel}","templated":true}]}}