{"id":334,"date":"2024-11-04T09:16:53","date_gmt":"2024-11-04T09:16:53","guid":{"rendered":"https:\/\/spinbetter.guru\/cz\/?page_id=334"},"modified":"2026-01-09T18:36:32","modified_gmt":"2026-01-09T18:36:32","slug":"mirror","status":"publish","type":"page","link":"https:\/\/spinbetter.guru\/cz\/mirror\/","title":{"rendered":"Zrcadlo"},"content":{"rendered":"","protected":false},"excerpt":{"rendered":"","protected":false},"author":1,"featured_media":0,"parent":0,"menu_order":0,"comment_status":"closed","ping_status":"closed","template":"","meta":{"footnotes":""},"class_list":["post-334","page","type-page","status-publish","hentry"],"yoast_head":"<!-- This site is optimized with the Yoast SEO plugin v23.4 - https:\/\/yoast.com\/wordpress\/plugins\/seo\/ -->\n<title>SpinBetter Mirror \ud83d\udd39 Alternativn\u00ed P\u0159\u00edstup k Platform\u011b<\/title>\n<meta name=\"description\" content=\"SpinBetter Mirror - z\u00e1lo\u017en\u00ed odkaz pro nep\u0159etr\u017eit\u00fd p\u0159\u00edstup k platform\u011b \ud83d\udd39 rychl\u00e9 na\u010d\u00edt\u00e1n\u00ed, pln\u00e1 funk\u010dnost slu\u017eeb a pohodln\u00e9 pou\u017e\u00edv\u00e1n\u00ed bez omezen\u00ed.\" \/>\n<meta name=\"robots\" content=\"index, follow, max-snippet:-1, max-image-preview:large, max-video-preview:-1\" \/>\n<meta property=\"og:locale\" content=\"cs_CZ\" \/>\n<meta property=\"og:type\" content=\"article\" \/>\n<meta property=\"og:title\" content=\"SpinBetter Mirror \ud83d\udd39 Alternativn\u00ed P\u0159\u00edstup k Platform\u011b\" \/>\n<meta property=\"og:description\" content=\"SpinBetter Mirror - z\u00e1lo\u017en\u00ed odkaz pro nep\u0159etr\u017eit\u00fd p\u0159\u00edstup k platform\u011b \ud83d\udd39 rychl\u00e9 na\u010d\u00edt\u00e1n\u00ed, pln\u00e1 funk\u010dnost slu\u017eeb a pohodln\u00e9 pou\u017e\u00edv\u00e1n\u00ed bez omezen\u00ed.\" \/>\n<meta property=\"og:url\" content=\"https:\/\/spinbetter.guru\/cz\/mirror\/\" \/>\n<meta property=\"og:site_name\" content=\"Spinbetter Plus CZ\" \/>\n<meta property=\"article:modified_time\" content=\"2026-01-09T18:36:32+00:00\" \/>\n<meta name=\"twitter:card\" content=\"summary_large_image\" \/>\n<script type=\"application\/ld+json\" class=\"yoast-schema-graph\">{\"@context\":\"https:\/\/schema.org\",\"@graph\":[{\"@type\":\"WebPage\",\"@id\":\"https:\/\/spinbetter.guru\/cz\/mirror\/\",\"url\":\"https:\/\/spinbetter.guru\/cz\/mirror\/\",\"name\":\"SpinBetter Mirror \ud83d\udd39 Alternativn\u00ed P\u0159\u00edstup k Platform\u011b\",\"isPartOf\":{\"@id\":\"https:\/\/spinbetter.guru\/cz\/#website\"},\"datePublished\":\"2024-11-04T09:16:53+00:00\",\"dateModified\":\"2026-01-09T18:36:32+00:00\",\"description\":\"SpinBetter Mirror - z\u00e1lo\u017en\u00ed odkaz pro nep\u0159etr\u017eit\u00fd p\u0159\u00edstup k platform\u011b \ud83d\udd39 rychl\u00e9 na\u010d\u00edt\u00e1n\u00ed, pln\u00e1 funk\u010dnost slu\u017eeb a pohodln\u00e9 pou\u017e\u00edv\u00e1n\u00ed bez omezen\u00ed.\",\"breadcrumb\":{\"@id\":\"https:\/\/spinbetter.guru\/cz\/mirror\/#breadcrumb\"},\"inLanguage\":\"cs\",\"potentialAction\":[{\"@type\":\"ReadAction\",\"target\":[\"https:\/\/spinbetter.guru\/cz\/mirror\/\"]}]},{\"@type\":\"BreadcrumbList\",\"@id\":\"https:\/\/spinbetter.guru\/cz\/mirror\/#breadcrumb\",\"itemListElement\":[{\"@type\":\"ListItem\",\"position\":1,\"name\":\"\u0413\u043b\u0430\u0432\u043d\u0430\u044f \u0441\u0442\u0440\u0430\u043d\u0438\u0446\u0430\",\"item\":\"https:\/\/spinbetter.guru\/cz\/\"},{\"@type\":\"ListItem\",\"position\":2,\"name\":\"Zrcadlo\"}]},{\"@type\":\"WebSite\",\"@id\":\"https:\/\/spinbetter.guru\/cz\/#website\",\"url\":\"https:\/\/spinbetter.guru\/cz\/\",\"name\":\"Spinbetter Plus CZ\",\"description\":\"\",\"potentialAction\":[{\"@type\":\"SearchAction\",\"target\":{\"@type\":\"EntryPoint\",\"urlTemplate\":\"https:\/\/spinbetter.guru\/cz\/?s={search_term_string}\"},\"query-input\":{\"@type\":\"PropertyValueSpecification\",\"valueRequired\":true,\"valueName\":\"search_term_string\"}}],\"inLanguage\":\"cs\"}]}<\/script>\n<!-- \/ Yoast SEO plugin. -->","yoast_head_json":{"title":"SpinBetter Mirror \ud83d\udd39 Alternativn\u00ed P\u0159\u00edstup k Platform\u011b","description":"SpinBetter Mirror - z\u00e1lo\u017en\u00ed odkaz pro nep\u0159etr\u017eit\u00fd p\u0159\u00edstup k platform\u011b \ud83d\udd39 rychl\u00e9 na\u010d\u00edt\u00e1n\u00ed, pln\u00e1 funk\u010dnost slu\u017eeb a pohodln\u00e9 pou\u017e\u00edv\u00e1n\u00ed bez omezen\u00ed.","robots":{"index":"index","follow":"follow","max-snippet":"max-snippet:-1","max-image-preview":"max-image-preview:large","max-video-preview":"max-video-preview:-1"},"og_locale":"cs_CZ","og_type":"article","og_title":"SpinBetter Mirror \ud83d\udd39 Alternativn\u00ed P\u0159\u00edstup k Platform\u011b","og_description":"SpinBetter Mirror - z\u00e1lo\u017en\u00ed odkaz pro nep\u0159etr\u017eit\u00fd p\u0159\u00edstup k platform\u011b \ud83d\udd39 rychl\u00e9 na\u010d\u00edt\u00e1n\u00ed, pln\u00e1 funk\u010dnost slu\u017eeb a pohodln\u00e9 pou\u017e\u00edv\u00e1n\u00ed bez omezen\u00ed.","og_url":"https:\/\/spinbetter.guru\/cz\/mirror\/","og_site_name":"Spinbetter Plus CZ","article_modified_time":"2026-01-09T18:36:32+00:00","twitter_card":"summary_large_image","schema":{"@context":"https:\/\/schema.org","@graph":[{"@type":"WebPage","@id":"https:\/\/spinbetter.guru\/cz\/mirror\/","url":"https:\/\/spinbetter.guru\/cz\/mirror\/","name":"SpinBetter Mirror \ud83d\udd39 Alternativn\u00ed P\u0159\u00edstup k Platform\u011b","isPartOf":{"@id":"https:\/\/spinbetter.guru\/cz\/#website"},"datePublished":"2024-11-04T09:16:53+00:00","dateModified":"2026-01-09T18:36:32+00:00","description":"SpinBetter Mirror - z\u00e1lo\u017en\u00ed odkaz pro nep\u0159etr\u017eit\u00fd p\u0159\u00edstup k platform\u011b \ud83d\udd39 rychl\u00e9 na\u010d\u00edt\u00e1n\u00ed, pln\u00e1 funk\u010dnost slu\u017eeb a pohodln\u00e9 pou\u017e\u00edv\u00e1n\u00ed bez omezen\u00ed.","breadcrumb":{"@id":"https:\/\/spinbetter.guru\/cz\/mirror\/#breadcrumb"},"inLanguage":"cs","potentialAction":[{"@type":"ReadAction","target":["https:\/\/spinbetter.guru\/cz\/mirror\/"]}]},{"@type":"BreadcrumbList","@id":"https:\/\/spinbetter.guru\/cz\/mirror\/#breadcrumb","itemListElement":[{"@type":"ListItem","position":1,"name":"\u0413\u043b\u0430\u0432\u043d\u0430\u044f \u0441\u0442\u0440\u0430\u043d\u0438\u0446\u0430","item":"https:\/\/spinbetter.guru\/cz\/"},{"@type":"ListItem","position":2,"name":"Zrcadlo"}]},{"@type":"WebSite","@id":"https:\/\/spinbetter.guru\/cz\/#website","url":"https:\/\/spinbetter.guru\/cz\/","name":"Spinbetter Plus CZ","description":"","potentialAction":[{"@type":"SearchAction","target":{"@type":"EntryPoint","urlTemplate":"https:\/\/spinbetter.guru\/cz\/?s={search_term_string}"},"query-input":{"@type":"PropertyValueSpecification","valueRequired":true,"valueName":"search_term_string"}}],"inLanguage":"cs"}]}},"_links":{"self":[{"href":"https:\/\/spinbetter.guru\/cz\/wp-json\/wp\/v2\/pages\/334"}],"collection":[{"href":"https:\/\/spinbetter.guru\/cz\/wp-json\/wp\/v2\/pages"}],"about":[{"href":"https:\/\/spinbetter.guru\/cz\/wp-json\/wp\/v2\/types\/page"}],"author":[{"embeddable":true,"href":"https:\/\/spinbetter.guru\/cz\/wp-json\/wp\/v2\/users\/1"}],"replies":[{"embeddable":true,"href":"https:\/\/spinbetter.guru\/cz\/wp-json\/wp\/v2\/comments?post=334"}],"version-history":[{"count":16,"href":"https:\/\/spinbetter.guru\/cz\/wp-json\/wp\/v2\/pages\/334\/revisions"}],"predecessor-version":[{"id":488,"href":"https:\/\/spinbetter.guru\/cz\/wp-json\/wp\/v2\/pages\/334\/revisions\/488"}],"wp:attachment":[{"href":"https:\/\/spinbetter.guru\/cz\/wp-json\/wp\/v2\/media?parent=334"}],"curies":[{"name":"wp","href":"https:\/\/api.w.org\/{rel}","templated":true}]}}