{"id":497,"date":"2025-08-19T14:04:00","date_gmt":"2025-08-19T14:04:00","guid":{"rendered":"https:\/\/spinbetter.guru\/cz\/?page_id=497"},"modified":"2025-08-19T14:04:07","modified_gmt":"2025-08-19T14:04:07","slug":"welcome-bonus","status":"publish","type":"page","link":"https:\/\/spinbetter.guru\/cz\/bonus\/welcome-bonus\/","title":{"rendered":"Uv\u00edtac\u00ed bonus"},"content":{"rendered":"","protected":false},"excerpt":{"rendered":"","protected":false},"author":1,"featured_media":0,"parent":314,"menu_order":0,"comment_status":"closed","ping_status":"closed","template":"","meta":{"footnotes":""},"class_list":["post-497","page","type-page","status-publish","hentry"],"yoast_head":"<!-- This site is optimized with the Yoast SEO plugin v23.4 - https:\/\/yoast.com\/wordpress\/plugins\/seo\/ -->\n<title>Uv\u00edtac\u00ed bonus Spinbetter 1500 \u20ac + 150 rozto\u010den\u00ed zdarma<\/title>\n<meta name=\"description\" content=\"Jste p\u0159ipraveni vyhr\u00e1t jackpot? Z\u00edskejte sv\u016fj mega bonus a\u017e do v\u00fd\u0161e 1500 \u20ac a 150 rozto\u010den\u00ed zdarma k prvn\u00edm 4 vklad\u016fm! Nen\u00ed to jen uv\u00edt\u00e1n\u00ed \u2013 je to va\u0161e vstupenka mezi elitu hern\u00edch profesion\u00e1l\u016f. Hrajte na velk\u00e9 pen\u00edze!\" \/>\n<meta name=\"robots\" content=\"index, follow, max-snippet:-1, max-image-preview:large, max-video-preview:-1\" \/>\n<meta property=\"og:locale\" content=\"cs_CZ\" \/>\n<meta property=\"og:type\" content=\"article\" \/>\n<meta property=\"og:title\" content=\"Uv\u00edtac\u00ed bonus Spinbetter 1500 \u20ac + 150 rozto\u010den\u00ed zdarma\" \/>\n<meta property=\"og:description\" content=\"Jste p\u0159ipraveni vyhr\u00e1t jackpot? Z\u00edskejte sv\u016fj mega bonus a\u017e do v\u00fd\u0161e 1500 \u20ac a 150 rozto\u010den\u00ed zdarma k prvn\u00edm 4 vklad\u016fm! Nen\u00ed to jen uv\u00edt\u00e1n\u00ed \u2013 je to va\u0161e vstupenka mezi elitu hern\u00edch profesion\u00e1l\u016f. Hrajte na velk\u00e9 pen\u00edze!\" \/>\n<meta property=\"og:url\" content=\"https:\/\/spinbetter.guru\/cz\/bonus\/welcome-bonus\/\" \/>\n<meta property=\"og:site_name\" content=\"Spinbetter Plus CZ\" \/>\n<meta property=\"article:modified_time\" content=\"2025-08-19T14:04:07+00:00\" \/>\n<meta name=\"twitter:card\" content=\"summary_large_image\" \/>\n<script type=\"application\/ld+json\" class=\"yoast-schema-graph\">{\"@context\":\"https:\/\/schema.org\",\"@graph\":[{\"@type\":\"WebPage\",\"@id\":\"https:\/\/spinbetter.guru\/cz\/bonus\/welcome-bonus\/\",\"url\":\"https:\/\/spinbetter.guru\/cz\/bonus\/welcome-bonus\/\",\"name\":\"Uv\u00edtac\u00ed bonus Spinbetter 1500 \u20ac + 150 rozto\u010den\u00ed zdarma\",\"isPartOf\":{\"@id\":\"https:\/\/spinbetter.guru\/cz\/#website\"},\"datePublished\":\"2025-08-19T14:04:00+00:00\",\"dateModified\":\"2025-08-19T14:04:07+00:00\",\"description\":\"Jste p\u0159ipraveni vyhr\u00e1t jackpot? Z\u00edskejte sv\u016fj mega bonus a\u017e do v\u00fd\u0161e 1500 \u20ac a 150 rozto\u010den\u00ed zdarma k prvn\u00edm 4 vklad\u016fm! Nen\u00ed to jen uv\u00edt\u00e1n\u00ed \u2013 je to va\u0161e vstupenka mezi elitu hern\u00edch profesion\u00e1l\u016f. Hrajte na velk\u00e9 pen\u00edze!\",\"breadcrumb\":{\"@id\":\"https:\/\/spinbetter.guru\/cz\/bonus\/welcome-bonus\/#breadcrumb\"},\"inLanguage\":\"cs\",\"potentialAction\":[{\"@type\":\"ReadAction\",\"target\":[\"https:\/\/spinbetter.guru\/cz\/bonus\/welcome-bonus\/\"]}]},{\"@type\":\"BreadcrumbList\",\"@id\":\"https:\/\/spinbetter.guru\/cz\/bonus\/welcome-bonus\/#breadcrumb\",\"itemListElement\":[{\"@type\":\"ListItem\",\"position\":1,\"name\":\"\u0413\u043b\u0430\u0432\u043d\u0430\u044f \u0441\u0442\u0440\u0430\u043d\u0438\u0446\u0430\",\"item\":\"https:\/\/spinbetter.guru\/cz\/\"},{\"@type\":\"ListItem\",\"position\":2,\"name\":\"Bonus\",\"item\":\"https:\/\/spinbetter.guru\/cz\/bonus\/\"},{\"@type\":\"ListItem\",\"position\":3,\"name\":\"Uv\u00edtac\u00ed bonus\"}]},{\"@type\":\"WebSite\",\"@id\":\"https:\/\/spinbetter.guru\/cz\/#website\",\"url\":\"https:\/\/spinbetter.guru\/cz\/\",\"name\":\"Spinbetter Plus CZ\",\"description\":\"\",\"potentialAction\":[{\"@type\":\"SearchAction\",\"target\":{\"@type\":\"EntryPoint\",\"urlTemplate\":\"https:\/\/spinbetter.guru\/cz\/?s={search_term_string}\"},\"query-input\":{\"@type\":\"PropertyValueSpecification\",\"valueRequired\":true,\"valueName\":\"search_term_string\"}}],\"inLanguage\":\"cs\"}]}<\/script>\n<!-- \/ Yoast SEO plugin. -->","yoast_head_json":{"title":"Uv\u00edtac\u00ed bonus Spinbetter 1500 \u20ac + 150 rozto\u010den\u00ed zdarma","description":"Jste p\u0159ipraveni vyhr\u00e1t jackpot? Z\u00edskejte sv\u016fj mega bonus a\u017e do v\u00fd\u0161e 1500 \u20ac a 150 rozto\u010den\u00ed zdarma k prvn\u00edm 4 vklad\u016fm! Nen\u00ed to jen uv\u00edt\u00e1n\u00ed \u2013 je to va\u0161e vstupenka mezi elitu hern\u00edch profesion\u00e1l\u016f. Hrajte na velk\u00e9 pen\u00edze!","robots":{"index":"index","follow":"follow","max-snippet":"max-snippet:-1","max-image-preview":"max-image-preview:large","max-video-preview":"max-video-preview:-1"},"og_locale":"cs_CZ","og_type":"article","og_title":"Uv\u00edtac\u00ed bonus Spinbetter 1500 \u20ac + 150 rozto\u010den\u00ed zdarma","og_description":"Jste p\u0159ipraveni vyhr\u00e1t jackpot? Z\u00edskejte sv\u016fj mega bonus a\u017e do v\u00fd\u0161e 1500 \u20ac a 150 rozto\u010den\u00ed zdarma k prvn\u00edm 4 vklad\u016fm! Nen\u00ed to jen uv\u00edt\u00e1n\u00ed \u2013 je to va\u0161e vstupenka mezi elitu hern\u00edch profesion\u00e1l\u016f. Hrajte na velk\u00e9 pen\u00edze!","og_url":"https:\/\/spinbetter.guru\/cz\/bonus\/welcome-bonus\/","og_site_name":"Spinbetter Plus CZ","article_modified_time":"2025-08-19T14:04:07+00:00","twitter_card":"summary_large_image","schema":{"@context":"https:\/\/schema.org","@graph":[{"@type":"WebPage","@id":"https:\/\/spinbetter.guru\/cz\/bonus\/welcome-bonus\/","url":"https:\/\/spinbetter.guru\/cz\/bonus\/welcome-bonus\/","name":"Uv\u00edtac\u00ed bonus Spinbetter 1500 \u20ac + 150 rozto\u010den\u00ed zdarma","isPartOf":{"@id":"https:\/\/spinbetter.guru\/cz\/#website"},"datePublished":"2025-08-19T14:04:00+00:00","dateModified":"2025-08-19T14:04:07+00:00","description":"Jste p\u0159ipraveni vyhr\u00e1t jackpot? Z\u00edskejte sv\u016fj mega bonus a\u017e do v\u00fd\u0161e 1500 \u20ac a 150 rozto\u010den\u00ed zdarma k prvn\u00edm 4 vklad\u016fm! Nen\u00ed to jen uv\u00edt\u00e1n\u00ed \u2013 je to va\u0161e vstupenka mezi elitu hern\u00edch profesion\u00e1l\u016f. Hrajte na velk\u00e9 pen\u00edze!","breadcrumb":{"@id":"https:\/\/spinbetter.guru\/cz\/bonus\/welcome-bonus\/#breadcrumb"},"inLanguage":"cs","potentialAction":[{"@type":"ReadAction","target":["https:\/\/spinbetter.guru\/cz\/bonus\/welcome-bonus\/"]}]},{"@type":"BreadcrumbList","@id":"https:\/\/spinbetter.guru\/cz\/bonus\/welcome-bonus\/#breadcrumb","itemListElement":[{"@type":"ListItem","position":1,"name":"\u0413\u043b\u0430\u0432\u043d\u0430\u044f \u0441\u0442\u0440\u0430\u043d\u0438\u0446\u0430","item":"https:\/\/spinbetter.guru\/cz\/"},{"@type":"ListItem","position":2,"name":"Bonus","item":"https:\/\/spinbetter.guru\/cz\/bonus\/"},{"@type":"ListItem","position":3,"name":"Uv\u00edtac\u00ed bonus"}]},{"@type":"WebSite","@id":"https:\/\/spinbetter.guru\/cz\/#website","url":"https:\/\/spinbetter.guru\/cz\/","name":"Spinbetter Plus CZ","description":"","potentialAction":[{"@type":"SearchAction","target":{"@type":"EntryPoint","urlTemplate":"https:\/\/spinbetter.guru\/cz\/?s={search_term_string}"},"query-input":{"@type":"PropertyValueSpecification","valueRequired":true,"valueName":"search_term_string"}}],"inLanguage":"cs"}]}},"_links":{"self":[{"href":"https:\/\/spinbetter.guru\/cz\/wp-json\/wp\/v2\/pages\/497"}],"collection":[{"href":"https:\/\/spinbetter.guru\/cz\/wp-json\/wp\/v2\/pages"}],"about":[{"href":"https:\/\/spinbetter.guru\/cz\/wp-json\/wp\/v2\/types\/page"}],"author":[{"embeddable":true,"href":"https:\/\/spinbetter.guru\/cz\/wp-json\/wp\/v2\/users\/1"}],"replies":[{"embeddable":true,"href":"https:\/\/spinbetter.guru\/cz\/wp-json\/wp\/v2\/comments?post=497"}],"version-history":[{"count":1,"href":"https:\/\/spinbetter.guru\/cz\/wp-json\/wp\/v2\/pages\/497\/revisions"}],"predecessor-version":[{"id":498,"href":"https:\/\/spinbetter.guru\/cz\/wp-json\/wp\/v2\/pages\/497\/revisions\/498"}],"up":[{"embeddable":true,"href":"https:\/\/spinbetter.guru\/cz\/wp-json\/wp\/v2\/pages\/314"}],"wp:attachment":[{"href":"https:\/\/spinbetter.guru\/cz\/wp-json\/wp\/v2\/media?parent=497"}],"curies":[{"name":"wp","href":"https:\/\/api.w.org\/{rel}","templated":true}]}}