{"id":499,"date":"2025-08-22T07:17:41","date_gmt":"2025-08-22T07:17:41","guid":{"rendered":"https:\/\/spinbetter.guru\/cz\/?page_id=499"},"modified":"2025-08-22T07:17:51","modified_gmt":"2025-08-22T07:17:51","slug":"loyalty-pays","status":"publish","type":"page","link":"https:\/\/spinbetter.guru\/cz\/bonus\/loyalty-pays\/","title":{"rendered":"V\u011brnost se vypl\u00e1c\u00ed"},"content":{"rendered":"","protected":false},"excerpt":{"rendered":"","protected":false},"author":1,"featured_media":0,"parent":314,"menu_order":0,"comment_status":"closed","ping_status":"closed","template":"","meta":{"footnotes":""},"class_list":["post-499","page","type-page","status-publish","hentry"],"yoast_head":"<!-- This site is optimized with the Yoast SEO plugin v23.4 - https:\/\/yoast.com\/wordpress\/plugins\/seo\/ -->\n<title>50% bonus + 100 FS k va\u0161emu 10. vkladu na SpinBetter<\/title>\n<meta name=\"description\" content=\"Je \u010das vyhr\u00e1t ve velk\u00e9m! Prove\u010fte sv\u016fj 10. vklad na SpinBetter a z\u00edskejte 50% bonus plus a\u017e 100 freespin\u016f. Loajalita se zde necen\u00ed jen - p\u0159in\u00e1\u0161\u00ed pen\u00edze a euforii! Nezpomalujte, hrajte ve velk\u00e9m a vezm\u011bte si sv\u00e9 odm\u011bny!\" \/>\n<meta name=\"robots\" content=\"index, follow, max-snippet:-1, max-image-preview:large, max-video-preview:-1\" \/>\n<meta property=\"og:locale\" content=\"cs_CZ\" \/>\n<meta property=\"og:type\" content=\"article\" \/>\n<meta property=\"og:title\" content=\"50% bonus + 100 FS k va\u0161emu 10. vkladu na SpinBetter\" \/>\n<meta property=\"og:description\" content=\"Je \u010das vyhr\u00e1t ve velk\u00e9m! Prove\u010fte sv\u016fj 10. vklad na SpinBetter a z\u00edskejte 50% bonus plus a\u017e 100 freespin\u016f. Loajalita se zde necen\u00ed jen - p\u0159in\u00e1\u0161\u00ed pen\u00edze a euforii! Nezpomalujte, hrajte ve velk\u00e9m a vezm\u011bte si sv\u00e9 odm\u011bny!\" \/>\n<meta property=\"og:url\" content=\"https:\/\/spinbetter.guru\/cz\/bonus\/loyalty-pays\/\" \/>\n<meta property=\"og:site_name\" content=\"Spinbetter Plus CZ\" \/>\n<meta property=\"article:modified_time\" content=\"2025-08-22T07:17:51+00:00\" \/>\n<meta name=\"twitter:card\" content=\"summary_large_image\" \/>\n<script type=\"application\/ld+json\" class=\"yoast-schema-graph\">{\"@context\":\"https:\/\/schema.org\",\"@graph\":[{\"@type\":\"WebPage\",\"@id\":\"https:\/\/spinbetter.guru\/cz\/bonus\/loyalty-pays\/\",\"url\":\"https:\/\/spinbetter.guru\/cz\/bonus\/loyalty-pays\/\",\"name\":\"50% bonus + 100 FS k va\u0161emu 10. vkladu na SpinBetter\",\"isPartOf\":{\"@id\":\"https:\/\/spinbetter.guru\/cz\/#website\"},\"datePublished\":\"2025-08-22T07:17:41+00:00\",\"dateModified\":\"2025-08-22T07:17:51+00:00\",\"description\":\"Je \u010das vyhr\u00e1t ve velk\u00e9m! Prove\u010fte sv\u016fj 10. vklad na SpinBetter a z\u00edskejte 50% bonus plus a\u017e 100 freespin\u016f. Loajalita se zde necen\u00ed jen - p\u0159in\u00e1\u0161\u00ed pen\u00edze a euforii! Nezpomalujte, hrajte ve velk\u00e9m a vezm\u011bte si sv\u00e9 odm\u011bny!\",\"breadcrumb\":{\"@id\":\"https:\/\/spinbetter.guru\/cz\/bonus\/loyalty-pays\/#breadcrumb\"},\"inLanguage\":\"cs\",\"potentialAction\":[{\"@type\":\"ReadAction\",\"target\":[\"https:\/\/spinbetter.guru\/cz\/bonus\/loyalty-pays\/\"]}]},{\"@type\":\"BreadcrumbList\",\"@id\":\"https:\/\/spinbetter.guru\/cz\/bonus\/loyalty-pays\/#breadcrumb\",\"itemListElement\":[{\"@type\":\"ListItem\",\"position\":1,\"name\":\"\u0413\u043b\u0430\u0432\u043d\u0430\u044f \u0441\u0442\u0440\u0430\u043d\u0438\u0446\u0430\",\"item\":\"https:\/\/spinbetter.guru\/cz\/\"},{\"@type\":\"ListItem\",\"position\":2,\"name\":\"Bonus\",\"item\":\"https:\/\/spinbetter.guru\/cz\/bonus\/\"},{\"@type\":\"ListItem\",\"position\":3,\"name\":\"V\u011brnost se vypl\u00e1c\u00ed\"}]},{\"@type\":\"WebSite\",\"@id\":\"https:\/\/spinbetter.guru\/cz\/#website\",\"url\":\"https:\/\/spinbetter.guru\/cz\/\",\"name\":\"Spinbetter Plus CZ\",\"description\":\"\",\"potentialAction\":[{\"@type\":\"SearchAction\",\"target\":{\"@type\":\"EntryPoint\",\"urlTemplate\":\"https:\/\/spinbetter.guru\/cz\/?s={search_term_string}\"},\"query-input\":{\"@type\":\"PropertyValueSpecification\",\"valueRequired\":true,\"valueName\":\"search_term_string\"}}],\"inLanguage\":\"cs\"}]}<\/script>\n<!-- \/ Yoast SEO plugin. -->","yoast_head_json":{"title":"50% bonus + 100 FS k va\u0161emu 10. vkladu na SpinBetter","description":"Je \u010das vyhr\u00e1t ve velk\u00e9m! Prove\u010fte sv\u016fj 10. vklad na SpinBetter a z\u00edskejte 50% bonus plus a\u017e 100 freespin\u016f. Loajalita se zde necen\u00ed jen - p\u0159in\u00e1\u0161\u00ed pen\u00edze a euforii! Nezpomalujte, hrajte ve velk\u00e9m a vezm\u011bte si sv\u00e9 odm\u011bny!","robots":{"index":"index","follow":"follow","max-snippet":"max-snippet:-1","max-image-preview":"max-image-preview:large","max-video-preview":"max-video-preview:-1"},"og_locale":"cs_CZ","og_type":"article","og_title":"50% bonus + 100 FS k va\u0161emu 10. vkladu na SpinBetter","og_description":"Je \u010das vyhr\u00e1t ve velk\u00e9m! Prove\u010fte sv\u016fj 10. vklad na SpinBetter a z\u00edskejte 50% bonus plus a\u017e 100 freespin\u016f. Loajalita se zde necen\u00ed jen - p\u0159in\u00e1\u0161\u00ed pen\u00edze a euforii! Nezpomalujte, hrajte ve velk\u00e9m a vezm\u011bte si sv\u00e9 odm\u011bny!","og_url":"https:\/\/spinbetter.guru\/cz\/bonus\/loyalty-pays\/","og_site_name":"Spinbetter Plus CZ","article_modified_time":"2025-08-22T07:17:51+00:00","twitter_card":"summary_large_image","schema":{"@context":"https:\/\/schema.org","@graph":[{"@type":"WebPage","@id":"https:\/\/spinbetter.guru\/cz\/bonus\/loyalty-pays\/","url":"https:\/\/spinbetter.guru\/cz\/bonus\/loyalty-pays\/","name":"50% bonus + 100 FS k va\u0161emu 10. vkladu na SpinBetter","isPartOf":{"@id":"https:\/\/spinbetter.guru\/cz\/#website"},"datePublished":"2025-08-22T07:17:41+00:00","dateModified":"2025-08-22T07:17:51+00:00","description":"Je \u010das vyhr\u00e1t ve velk\u00e9m! Prove\u010fte sv\u016fj 10. vklad na SpinBetter a z\u00edskejte 50% bonus plus a\u017e 100 freespin\u016f. Loajalita se zde necen\u00ed jen - p\u0159in\u00e1\u0161\u00ed pen\u00edze a euforii! Nezpomalujte, hrajte ve velk\u00e9m a vezm\u011bte si sv\u00e9 odm\u011bny!","breadcrumb":{"@id":"https:\/\/spinbetter.guru\/cz\/bonus\/loyalty-pays\/#breadcrumb"},"inLanguage":"cs","potentialAction":[{"@type":"ReadAction","target":["https:\/\/spinbetter.guru\/cz\/bonus\/loyalty-pays\/"]}]},{"@type":"BreadcrumbList","@id":"https:\/\/spinbetter.guru\/cz\/bonus\/loyalty-pays\/#breadcrumb","itemListElement":[{"@type":"ListItem","position":1,"name":"\u0413\u043b\u0430\u0432\u043d\u0430\u044f \u0441\u0442\u0440\u0430\u043d\u0438\u0446\u0430","item":"https:\/\/spinbetter.guru\/cz\/"},{"@type":"ListItem","position":2,"name":"Bonus","item":"https:\/\/spinbetter.guru\/cz\/bonus\/"},{"@type":"ListItem","position":3,"name":"V\u011brnost se vypl\u00e1c\u00ed"}]},{"@type":"WebSite","@id":"https:\/\/spinbetter.guru\/cz\/#website","url":"https:\/\/spinbetter.guru\/cz\/","name":"Spinbetter Plus CZ","description":"","potentialAction":[{"@type":"SearchAction","target":{"@type":"EntryPoint","urlTemplate":"https:\/\/spinbetter.guru\/cz\/?s={search_term_string}"},"query-input":{"@type":"PropertyValueSpecification","valueRequired":true,"valueName":"search_term_string"}}],"inLanguage":"cs"}]}},"_links":{"self":[{"href":"https:\/\/spinbetter.guru\/cz\/wp-json\/wp\/v2\/pages\/499"}],"collection":[{"href":"https:\/\/spinbetter.guru\/cz\/wp-json\/wp\/v2\/pages"}],"about":[{"href":"https:\/\/spinbetter.guru\/cz\/wp-json\/wp\/v2\/types\/page"}],"author":[{"embeddable":true,"href":"https:\/\/spinbetter.guru\/cz\/wp-json\/wp\/v2\/users\/1"}],"replies":[{"embeddable":true,"href":"https:\/\/spinbetter.guru\/cz\/wp-json\/wp\/v2\/comments?post=499"}],"version-history":[{"count":1,"href":"https:\/\/spinbetter.guru\/cz\/wp-json\/wp\/v2\/pages\/499\/revisions"}],"predecessor-version":[{"id":500,"href":"https:\/\/spinbetter.guru\/cz\/wp-json\/wp\/v2\/pages\/499\/revisions\/500"}],"up":[{"embeddable":true,"href":"https:\/\/spinbetter.guru\/cz\/wp-json\/wp\/v2\/pages\/314"}],"wp:attachment":[{"href":"https:\/\/spinbetter.guru\/cz\/wp-json\/wp\/v2\/media?parent=499"}],"curies":[{"name":"wp","href":"https:\/\/api.w.org\/{rel}","templated":true}]}}