{"id":501,"date":"2025-08-28T10:07:42","date_gmt":"2025-08-28T10:07:42","guid":{"rendered":"https:\/\/spinbetter.guru\/cz\/?page_id=501"},"modified":"2025-08-28T10:07:49","modified_gmt":"2025-08-28T10:07:49","slug":"freebet","status":"publish","type":"page","link":"https:\/\/spinbetter.guru\/cz\/bonus\/freebet\/","title":{"rendered":"S\u00e1zka zdarma"},"content":{"rendered":"","protected":false},"excerpt":{"rendered":"","protected":false},"author":1,"featured_media":0,"parent":314,"menu_order":0,"comment_status":"closed","ping_status":"closed","template":"","meta":{"footnotes":""},"class_list":["post-501","page","type-page","status-publish","hentry"],"yoast_head":"<!-- This site is optimized with the Yoast SEO plugin v23.4 - https:\/\/yoast.com\/wordpress\/plugins\/seo\/ -->\n<title>S\u00e1zka zdarma nyn\u00ed k dispozici na mobilu: Z\u00edskejte bonus 10 \u20ac<\/title>\n<meta name=\"description\" content=\"Z\u00edskejte svou mobiln\u00ed s\u00e1zku zdarma a\u017e do v\u00fd\u0161e 10 \u20ac p\u0159\u00edmo v na\u0161\u00ed aplikaci a hrajte kdekoli. Jste drsn\u00fd hr\u00e1\u010d a my to v\u00edme. Jste p\u0159ipraveni vyu\u017e\u00edt sv\u00e9 bonusy? Je \u010das jednat \u2013 s\u00e1zky \u010dekaj\u00ed!\" \/>\n<meta name=\"robots\" content=\"index, follow, max-snippet:-1, max-image-preview:large, max-video-preview:-1\" \/>\n<meta property=\"og:locale\" content=\"cs_CZ\" \/>\n<meta property=\"og:type\" content=\"article\" \/>\n<meta property=\"og:title\" content=\"S\u00e1zka zdarma nyn\u00ed k dispozici na mobilu: Z\u00edskejte bonus 10 \u20ac\" \/>\n<meta property=\"og:description\" content=\"Z\u00edskejte svou mobiln\u00ed s\u00e1zku zdarma a\u017e do v\u00fd\u0161e 10 \u20ac p\u0159\u00edmo v na\u0161\u00ed aplikaci a hrajte kdekoli. Jste drsn\u00fd hr\u00e1\u010d a my to v\u00edme. Jste p\u0159ipraveni vyu\u017e\u00edt sv\u00e9 bonusy? Je \u010das jednat \u2013 s\u00e1zky \u010dekaj\u00ed!\" \/>\n<meta property=\"og:url\" content=\"https:\/\/spinbetter.guru\/cz\/bonus\/freebet\/\" \/>\n<meta property=\"og:site_name\" content=\"Spinbetter Plus CZ\" \/>\n<meta property=\"article:modified_time\" content=\"2025-08-28T10:07:49+00:00\" \/>\n<meta name=\"twitter:card\" content=\"summary_large_image\" \/>\n<script type=\"application\/ld+json\" class=\"yoast-schema-graph\">{\"@context\":\"https:\/\/schema.org\",\"@graph\":[{\"@type\":\"WebPage\",\"@id\":\"https:\/\/spinbetter.guru\/cz\/bonus\/freebet\/\",\"url\":\"https:\/\/spinbetter.guru\/cz\/bonus\/freebet\/\",\"name\":\"S\u00e1zka zdarma nyn\u00ed k dispozici na mobilu: Z\u00edskejte bonus 10 \u20ac\",\"isPartOf\":{\"@id\":\"https:\/\/spinbetter.guru\/cz\/#website\"},\"datePublished\":\"2025-08-28T10:07:42+00:00\",\"dateModified\":\"2025-08-28T10:07:49+00:00\",\"description\":\"Z\u00edskejte svou mobiln\u00ed s\u00e1zku zdarma a\u017e do v\u00fd\u0161e 10 \u20ac p\u0159\u00edmo v na\u0161\u00ed aplikaci a hrajte kdekoli. Jste drsn\u00fd hr\u00e1\u010d a my to v\u00edme. Jste p\u0159ipraveni vyu\u017e\u00edt sv\u00e9 bonusy? Je \u010das jednat \u2013 s\u00e1zky \u010dekaj\u00ed!\",\"breadcrumb\":{\"@id\":\"https:\/\/spinbetter.guru\/cz\/bonus\/freebet\/#breadcrumb\"},\"inLanguage\":\"cs\",\"potentialAction\":[{\"@type\":\"ReadAction\",\"target\":[\"https:\/\/spinbetter.guru\/cz\/bonus\/freebet\/\"]}]},{\"@type\":\"BreadcrumbList\",\"@id\":\"https:\/\/spinbetter.guru\/cz\/bonus\/freebet\/#breadcrumb\",\"itemListElement\":[{\"@type\":\"ListItem\",\"position\":1,\"name\":\"\u0413\u043b\u0430\u0432\u043d\u0430\u044f \u0441\u0442\u0440\u0430\u043d\u0438\u0446\u0430\",\"item\":\"https:\/\/spinbetter.guru\/cz\/\"},{\"@type\":\"ListItem\",\"position\":2,\"name\":\"Bonus\",\"item\":\"https:\/\/spinbetter.guru\/cz\/bonus\/\"},{\"@type\":\"ListItem\",\"position\":3,\"name\":\"S\u00e1zka zdarma\"}]},{\"@type\":\"WebSite\",\"@id\":\"https:\/\/spinbetter.guru\/cz\/#website\",\"url\":\"https:\/\/spinbetter.guru\/cz\/\",\"name\":\"Spinbetter Plus CZ\",\"description\":\"\",\"potentialAction\":[{\"@type\":\"SearchAction\",\"target\":{\"@type\":\"EntryPoint\",\"urlTemplate\":\"https:\/\/spinbetter.guru\/cz\/?s={search_term_string}\"},\"query-input\":{\"@type\":\"PropertyValueSpecification\",\"valueRequired\":true,\"valueName\":\"search_term_string\"}}],\"inLanguage\":\"cs\"}]}<\/script>\n<!-- \/ Yoast SEO plugin. -->","yoast_head_json":{"title":"S\u00e1zka zdarma nyn\u00ed k dispozici na mobilu: Z\u00edskejte bonus 10 \u20ac","description":"Z\u00edskejte svou mobiln\u00ed s\u00e1zku zdarma a\u017e do v\u00fd\u0161e 10 \u20ac p\u0159\u00edmo v na\u0161\u00ed aplikaci a hrajte kdekoli. Jste drsn\u00fd hr\u00e1\u010d a my to v\u00edme. Jste p\u0159ipraveni vyu\u017e\u00edt sv\u00e9 bonusy? Je \u010das jednat \u2013 s\u00e1zky \u010dekaj\u00ed!","robots":{"index":"index","follow":"follow","max-snippet":"max-snippet:-1","max-image-preview":"max-image-preview:large","max-video-preview":"max-video-preview:-1"},"og_locale":"cs_CZ","og_type":"article","og_title":"S\u00e1zka zdarma nyn\u00ed k dispozici na mobilu: Z\u00edskejte bonus 10 \u20ac","og_description":"Z\u00edskejte svou mobiln\u00ed s\u00e1zku zdarma a\u017e do v\u00fd\u0161e 10 \u20ac p\u0159\u00edmo v na\u0161\u00ed aplikaci a hrajte kdekoli. Jste drsn\u00fd hr\u00e1\u010d a my to v\u00edme. Jste p\u0159ipraveni vyu\u017e\u00edt sv\u00e9 bonusy? Je \u010das jednat \u2013 s\u00e1zky \u010dekaj\u00ed!","og_url":"https:\/\/spinbetter.guru\/cz\/bonus\/freebet\/","og_site_name":"Spinbetter Plus CZ","article_modified_time":"2025-08-28T10:07:49+00:00","twitter_card":"summary_large_image","schema":{"@context":"https:\/\/schema.org","@graph":[{"@type":"WebPage","@id":"https:\/\/spinbetter.guru\/cz\/bonus\/freebet\/","url":"https:\/\/spinbetter.guru\/cz\/bonus\/freebet\/","name":"S\u00e1zka zdarma nyn\u00ed k dispozici na mobilu: Z\u00edskejte bonus 10 \u20ac","isPartOf":{"@id":"https:\/\/spinbetter.guru\/cz\/#website"},"datePublished":"2025-08-28T10:07:42+00:00","dateModified":"2025-08-28T10:07:49+00:00","description":"Z\u00edskejte svou mobiln\u00ed s\u00e1zku zdarma a\u017e do v\u00fd\u0161e 10 \u20ac p\u0159\u00edmo v na\u0161\u00ed aplikaci a hrajte kdekoli. Jste drsn\u00fd hr\u00e1\u010d a my to v\u00edme. Jste p\u0159ipraveni vyu\u017e\u00edt sv\u00e9 bonusy? Je \u010das jednat \u2013 s\u00e1zky \u010dekaj\u00ed!","breadcrumb":{"@id":"https:\/\/spinbetter.guru\/cz\/bonus\/freebet\/#breadcrumb"},"inLanguage":"cs","potentialAction":[{"@type":"ReadAction","target":["https:\/\/spinbetter.guru\/cz\/bonus\/freebet\/"]}]},{"@type":"BreadcrumbList","@id":"https:\/\/spinbetter.guru\/cz\/bonus\/freebet\/#breadcrumb","itemListElement":[{"@type":"ListItem","position":1,"name":"\u0413\u043b\u0430\u0432\u043d\u0430\u044f \u0441\u0442\u0440\u0430\u043d\u0438\u0446\u0430","item":"https:\/\/spinbetter.guru\/cz\/"},{"@type":"ListItem","position":2,"name":"Bonus","item":"https:\/\/spinbetter.guru\/cz\/bonus\/"},{"@type":"ListItem","position":3,"name":"S\u00e1zka zdarma"}]},{"@type":"WebSite","@id":"https:\/\/spinbetter.guru\/cz\/#website","url":"https:\/\/spinbetter.guru\/cz\/","name":"Spinbetter Plus CZ","description":"","potentialAction":[{"@type":"SearchAction","target":{"@type":"EntryPoint","urlTemplate":"https:\/\/spinbetter.guru\/cz\/?s={search_term_string}"},"query-input":{"@type":"PropertyValueSpecification","valueRequired":true,"valueName":"search_term_string"}}],"inLanguage":"cs"}]}},"_links":{"self":[{"href":"https:\/\/spinbetter.guru\/cz\/wp-json\/wp\/v2\/pages\/501"}],"collection":[{"href":"https:\/\/spinbetter.guru\/cz\/wp-json\/wp\/v2\/pages"}],"about":[{"href":"https:\/\/spinbetter.guru\/cz\/wp-json\/wp\/v2\/types\/page"}],"author":[{"embeddable":true,"href":"https:\/\/spinbetter.guru\/cz\/wp-json\/wp\/v2\/users\/1"}],"replies":[{"embeddable":true,"href":"https:\/\/spinbetter.guru\/cz\/wp-json\/wp\/v2\/comments?post=501"}],"version-history":[{"count":1,"href":"https:\/\/spinbetter.guru\/cz\/wp-json\/wp\/v2\/pages\/501\/revisions"}],"predecessor-version":[{"id":502,"href":"https:\/\/spinbetter.guru\/cz\/wp-json\/wp\/v2\/pages\/501\/revisions\/502"}],"up":[{"embeddable":true,"href":"https:\/\/spinbetter.guru\/cz\/wp-json\/wp\/v2\/pages\/314"}],"wp:attachment":[{"href":"https:\/\/spinbetter.guru\/cz\/wp-json\/wp\/v2\/media?parent=501"}],"curies":[{"name":"wp","href":"https:\/\/api.w.org\/{rel}","templated":true}]}}