{"id":503,"date":"2025-08-29T07:37:40","date_gmt":"2025-08-29T07:37:40","guid":{"rendered":"https:\/\/spinbetter.guru\/cz\/?page_id=503"},"modified":"2025-08-29T07:37:51","modified_gmt":"2025-08-29T07:37:51","slug":"free-spins-telegram","status":"publish","type":"page","link":"https:\/\/spinbetter.guru\/cz\/bonus\/free-spins-telegram\/","title":{"rendered":"Rozto\u010den\u00ed zdarma"},"content":{"rendered":"","protected":false},"excerpt":{"rendered":"","protected":false},"author":1,"featured_media":0,"parent":314,"menu_order":0,"comment_status":"closed","ping_status":"closed","template":"","meta":{"footnotes":""},"class_list":["post-503","page","type-page","status-publish","hentry"],"yoast_head":"<!-- This site is optimized with the Yoast SEO plugin v23.4 - https:\/\/yoast.com\/wordpress\/plugins\/seo\/ -->\n<title>Z\u00edskejte 100 FS &gt; Exkluzivn\u00ed nab\u00eddka SpinBetter na Telegramu!<\/title>\n<meta name=\"description\" content=\"P\u0159esta\u0148te \u010dekat a z\u00edskejte sv\u00fdch 100 rozto\u010den\u00ed zdarma bez jak\u00fdchkoli starost\u00ed! P\u0159ihlaste se k odb\u011bru na\u0161eho Telegramu a z\u00edskejte okam\u017eit\u00fd p\u0159\u00edstup k nej\u017ehav\u011bj\u0161\u00edm a nejexkluzivn\u011bj\u0161\u00edm akc\u00edm SpinBetter. To nen\u00ed \u017e\u00e1dn\u00e1 legrace - jen skute\u010dn\u00e9 bonusy!\" \/>\n<meta name=\"robots\" content=\"index, follow, max-snippet:-1, max-image-preview:large, max-video-preview:-1\" \/>\n<meta property=\"og:locale\" content=\"cs_CZ\" \/>\n<meta property=\"og:type\" content=\"article\" \/>\n<meta property=\"og:title\" content=\"Z\u00edskejte 100 FS &gt; Exkluzivn\u00ed nab\u00eddka SpinBetter na Telegramu!\" \/>\n<meta property=\"og:description\" content=\"P\u0159esta\u0148te \u010dekat a z\u00edskejte sv\u00fdch 100 rozto\u010den\u00ed zdarma bez jak\u00fdchkoli starost\u00ed! P\u0159ihlaste se k odb\u011bru na\u0161eho Telegramu a z\u00edskejte okam\u017eit\u00fd p\u0159\u00edstup k nej\u017ehav\u011bj\u0161\u00edm a nejexkluzivn\u011bj\u0161\u00edm akc\u00edm SpinBetter. To nen\u00ed \u017e\u00e1dn\u00e1 legrace - jen skute\u010dn\u00e9 bonusy!\" \/>\n<meta property=\"og:url\" content=\"https:\/\/spinbetter.guru\/cz\/bonus\/free-spins-telegram\/\" \/>\n<meta property=\"og:site_name\" content=\"Spinbetter Plus CZ\" \/>\n<meta property=\"article:modified_time\" content=\"2025-08-29T07:37:51+00:00\" \/>\n<meta name=\"twitter:card\" content=\"summary_large_image\" \/>\n<script type=\"application\/ld+json\" class=\"yoast-schema-graph\">{\"@context\":\"https:\/\/schema.org\",\"@graph\":[{\"@type\":\"WebPage\",\"@id\":\"https:\/\/spinbetter.guru\/cz\/bonus\/free-spins-telegram\/\",\"url\":\"https:\/\/spinbetter.guru\/cz\/bonus\/free-spins-telegram\/\",\"name\":\"Z\u00edskejte 100 FS > Exkluzivn\u00ed nab\u00eddka SpinBetter na Telegramu!\",\"isPartOf\":{\"@id\":\"https:\/\/spinbetter.guru\/cz\/#website\"},\"datePublished\":\"2025-08-29T07:37:40+00:00\",\"dateModified\":\"2025-08-29T07:37:51+00:00\",\"description\":\"P\u0159esta\u0148te \u010dekat a z\u00edskejte sv\u00fdch 100 rozto\u010den\u00ed zdarma bez jak\u00fdchkoli starost\u00ed! P\u0159ihlaste se k odb\u011bru na\u0161eho Telegramu a z\u00edskejte okam\u017eit\u00fd p\u0159\u00edstup k nej\u017ehav\u011bj\u0161\u00edm a nejexkluzivn\u011bj\u0161\u00edm akc\u00edm SpinBetter. To nen\u00ed \u017e\u00e1dn\u00e1 legrace - jen skute\u010dn\u00e9 bonusy!\",\"breadcrumb\":{\"@id\":\"https:\/\/spinbetter.guru\/cz\/bonus\/free-spins-telegram\/#breadcrumb\"},\"inLanguage\":\"cs\",\"potentialAction\":[{\"@type\":\"ReadAction\",\"target\":[\"https:\/\/spinbetter.guru\/cz\/bonus\/free-spins-telegram\/\"]}]},{\"@type\":\"BreadcrumbList\",\"@id\":\"https:\/\/spinbetter.guru\/cz\/bonus\/free-spins-telegram\/#breadcrumb\",\"itemListElement\":[{\"@type\":\"ListItem\",\"position\":1,\"name\":\"\u0413\u043b\u0430\u0432\u043d\u0430\u044f \u0441\u0442\u0440\u0430\u043d\u0438\u0446\u0430\",\"item\":\"https:\/\/spinbetter.guru\/cz\/\"},{\"@type\":\"ListItem\",\"position\":2,\"name\":\"Bonus\",\"item\":\"https:\/\/spinbetter.guru\/cz\/bonus\/\"},{\"@type\":\"ListItem\",\"position\":3,\"name\":\"Rozto\u010den\u00ed zdarma\"}]},{\"@type\":\"WebSite\",\"@id\":\"https:\/\/spinbetter.guru\/cz\/#website\",\"url\":\"https:\/\/spinbetter.guru\/cz\/\",\"name\":\"Spinbetter Plus CZ\",\"description\":\"\",\"potentialAction\":[{\"@type\":\"SearchAction\",\"target\":{\"@type\":\"EntryPoint\",\"urlTemplate\":\"https:\/\/spinbetter.guru\/cz\/?s={search_term_string}\"},\"query-input\":{\"@type\":\"PropertyValueSpecification\",\"valueRequired\":true,\"valueName\":\"search_term_string\"}}],\"inLanguage\":\"cs\"}]}<\/script>\n<!-- \/ Yoast SEO plugin. -->","yoast_head_json":{"title":"Z\u00edskejte 100 FS > Exkluzivn\u00ed nab\u00eddka SpinBetter na Telegramu!","description":"P\u0159esta\u0148te \u010dekat a z\u00edskejte sv\u00fdch 100 rozto\u010den\u00ed zdarma bez jak\u00fdchkoli starost\u00ed! P\u0159ihlaste se k odb\u011bru na\u0161eho Telegramu a z\u00edskejte okam\u017eit\u00fd p\u0159\u00edstup k nej\u017ehav\u011bj\u0161\u00edm a nejexkluzivn\u011bj\u0161\u00edm akc\u00edm SpinBetter. To nen\u00ed \u017e\u00e1dn\u00e1 legrace - jen skute\u010dn\u00e9 bonusy!","robots":{"index":"index","follow":"follow","max-snippet":"max-snippet:-1","max-image-preview":"max-image-preview:large","max-video-preview":"max-video-preview:-1"},"og_locale":"cs_CZ","og_type":"article","og_title":"Z\u00edskejte 100 FS > Exkluzivn\u00ed nab\u00eddka SpinBetter na Telegramu!","og_description":"P\u0159esta\u0148te \u010dekat a z\u00edskejte sv\u00fdch 100 rozto\u010den\u00ed zdarma bez jak\u00fdchkoli starost\u00ed! P\u0159ihlaste se k odb\u011bru na\u0161eho Telegramu a z\u00edskejte okam\u017eit\u00fd p\u0159\u00edstup k nej\u017ehav\u011bj\u0161\u00edm a nejexkluzivn\u011bj\u0161\u00edm akc\u00edm SpinBetter. To nen\u00ed \u017e\u00e1dn\u00e1 legrace - jen skute\u010dn\u00e9 bonusy!","og_url":"https:\/\/spinbetter.guru\/cz\/bonus\/free-spins-telegram\/","og_site_name":"Spinbetter Plus CZ","article_modified_time":"2025-08-29T07:37:51+00:00","twitter_card":"summary_large_image","schema":{"@context":"https:\/\/schema.org","@graph":[{"@type":"WebPage","@id":"https:\/\/spinbetter.guru\/cz\/bonus\/free-spins-telegram\/","url":"https:\/\/spinbetter.guru\/cz\/bonus\/free-spins-telegram\/","name":"Z\u00edskejte 100 FS > Exkluzivn\u00ed nab\u00eddka SpinBetter na Telegramu!","isPartOf":{"@id":"https:\/\/spinbetter.guru\/cz\/#website"},"datePublished":"2025-08-29T07:37:40+00:00","dateModified":"2025-08-29T07:37:51+00:00","description":"P\u0159esta\u0148te \u010dekat a z\u00edskejte sv\u00fdch 100 rozto\u010den\u00ed zdarma bez jak\u00fdchkoli starost\u00ed! P\u0159ihlaste se k odb\u011bru na\u0161eho Telegramu a z\u00edskejte okam\u017eit\u00fd p\u0159\u00edstup k nej\u017ehav\u011bj\u0161\u00edm a nejexkluzivn\u011bj\u0161\u00edm akc\u00edm SpinBetter. To nen\u00ed \u017e\u00e1dn\u00e1 legrace - jen skute\u010dn\u00e9 bonusy!","breadcrumb":{"@id":"https:\/\/spinbetter.guru\/cz\/bonus\/free-spins-telegram\/#breadcrumb"},"inLanguage":"cs","potentialAction":[{"@type":"ReadAction","target":["https:\/\/spinbetter.guru\/cz\/bonus\/free-spins-telegram\/"]}]},{"@type":"BreadcrumbList","@id":"https:\/\/spinbetter.guru\/cz\/bonus\/free-spins-telegram\/#breadcrumb","itemListElement":[{"@type":"ListItem","position":1,"name":"\u0413\u043b\u0430\u0432\u043d\u0430\u044f \u0441\u0442\u0440\u0430\u043d\u0438\u0446\u0430","item":"https:\/\/spinbetter.guru\/cz\/"},{"@type":"ListItem","position":2,"name":"Bonus","item":"https:\/\/spinbetter.guru\/cz\/bonus\/"},{"@type":"ListItem","position":3,"name":"Rozto\u010den\u00ed zdarma"}]},{"@type":"WebSite","@id":"https:\/\/spinbetter.guru\/cz\/#website","url":"https:\/\/spinbetter.guru\/cz\/","name":"Spinbetter Plus CZ","description":"","potentialAction":[{"@type":"SearchAction","target":{"@type":"EntryPoint","urlTemplate":"https:\/\/spinbetter.guru\/cz\/?s={search_term_string}"},"query-input":{"@type":"PropertyValueSpecification","valueRequired":true,"valueName":"search_term_string"}}],"inLanguage":"cs"}]}},"_links":{"self":[{"href":"https:\/\/spinbetter.guru\/cz\/wp-json\/wp\/v2\/pages\/503"}],"collection":[{"href":"https:\/\/spinbetter.guru\/cz\/wp-json\/wp\/v2\/pages"}],"about":[{"href":"https:\/\/spinbetter.guru\/cz\/wp-json\/wp\/v2\/types\/page"}],"author":[{"embeddable":true,"href":"https:\/\/spinbetter.guru\/cz\/wp-json\/wp\/v2\/users\/1"}],"replies":[{"embeddable":true,"href":"https:\/\/spinbetter.guru\/cz\/wp-json\/wp\/v2\/comments?post=503"}],"version-history":[{"count":1,"href":"https:\/\/spinbetter.guru\/cz\/wp-json\/wp\/v2\/pages\/503\/revisions"}],"predecessor-version":[{"id":504,"href":"https:\/\/spinbetter.guru\/cz\/wp-json\/wp\/v2\/pages\/503\/revisions\/504"}],"up":[{"embeddable":true,"href":"https:\/\/spinbetter.guru\/cz\/wp-json\/wp\/v2\/pages\/314"}],"wp:attachment":[{"href":"https:\/\/spinbetter.guru\/cz\/wp-json\/wp\/v2\/media?parent=503"}],"curies":[{"name":"wp","href":"https:\/\/api.w.org\/{rel}","templated":true}]}}