{"id":318,"date":"2024-11-04T09:16:20","date_gmt":"2024-11-04T09:16:20","guid":{"rendered":"https:\/\/spinbetter.guru\/de\/?page_id=318"},"modified":"2025-09-24T13:30:16","modified_gmt":"2025-09-24T13:30:16","slug":"free-spins","status":"publish","type":"page","link":"https:\/\/spinbetter.guru\/de\/free-spins\/","title":{"rendered":"Freirunden"},"content":{"rendered":"","protected":false},"excerpt":{"rendered":"","protected":false},"author":1,"featured_media":0,"parent":0,"menu_order":0,"comment_status":"closed","ping_status":"closed","template":"","meta":{"footnotes":""},"class_list":["post-318","page","type-page","status-publish","hentry"],"yoast_head":"<!-- This site is optimized with the Yoast SEO plugin v23.4 - https:\/\/yoast.com\/wordpress\/plugins\/seo\/ -->\n<title>SpinBetter Free Spins | Spielen und gewinnen, ohne zu investieren!<\/title>\n<meta name=\"description\" content=\"Nutzen Sie Freispiele von SpinBetter und versuchen Sie Ihr Gl\u00fcck an den besten Spielautomaten! Spezielle Angebote f\u00fcr neue und regelm\u00e4\u00dfige Spieler.\" \/>\n<meta name=\"robots\" content=\"index, follow, max-snippet:-1, max-image-preview:large, max-video-preview:-1\" \/>\n<meta property=\"og:locale\" content=\"de_DE\" \/>\n<meta property=\"og:type\" content=\"article\" \/>\n<meta property=\"og:title\" content=\"SpinBetter Free Spins | Spielen und gewinnen, ohne zu investieren!\" \/>\n<meta property=\"og:description\" content=\"Nutzen Sie Freispiele von SpinBetter und versuchen Sie Ihr Gl\u00fcck an den besten Spielautomaten! Spezielle Angebote f\u00fcr neue und regelm\u00e4\u00dfige Spieler.\" \/>\n<meta property=\"og:url\" content=\"https:\/\/spinbetter.guru\/de\/free-spins\/\" \/>\n<meta property=\"og:site_name\" content=\"Spinbetter Plus DE\" \/>\n<meta property=\"article:modified_time\" content=\"2025-09-24T13:30:16+00:00\" \/>\n<meta name=\"twitter:card\" content=\"summary_large_image\" \/>\n<script type=\"application\/ld+json\" class=\"yoast-schema-graph\">{\"@context\":\"https:\/\/schema.org\",\"@graph\":[{\"@type\":\"WebPage\",\"@id\":\"https:\/\/spinbetter.guru\/de\/free-spins\/\",\"url\":\"https:\/\/spinbetter.guru\/de\/free-spins\/\",\"name\":\"SpinBetter Free Spins | Spielen und gewinnen, ohne zu investieren!\",\"isPartOf\":{\"@id\":\"https:\/\/spinbetter.guru\/de\/#website\"},\"datePublished\":\"2024-11-04T09:16:20+00:00\",\"dateModified\":\"2025-09-24T13:30:16+00:00\",\"description\":\"Nutzen Sie Freispiele von SpinBetter und versuchen Sie Ihr Gl\u00fcck an den besten Spielautomaten! Spezielle Angebote f\u00fcr neue und regelm\u00e4\u00dfige Spieler.\",\"breadcrumb\":{\"@id\":\"https:\/\/spinbetter.guru\/de\/free-spins\/#breadcrumb\"},\"inLanguage\":\"de\",\"potentialAction\":[{\"@type\":\"ReadAction\",\"target\":[\"https:\/\/spinbetter.guru\/de\/free-spins\/\"]}]},{\"@type\":\"BreadcrumbList\",\"@id\":\"https:\/\/spinbetter.guru\/de\/free-spins\/#breadcrumb\",\"itemListElement\":[{\"@type\":\"ListItem\",\"position\":1,\"name\":\"\u0413\u043b\u0430\u0432\u043d\u0430\u044f \u0441\u0442\u0440\u0430\u043d\u0438\u0446\u0430\",\"item\":\"https:\/\/spinbetter.guru\/de\/\"},{\"@type\":\"ListItem\",\"position\":2,\"name\":\"Freirunden\"}]},{\"@type\":\"WebSite\",\"@id\":\"https:\/\/spinbetter.guru\/de\/#website\",\"url\":\"https:\/\/spinbetter.guru\/de\/\",\"name\":\"Spinbetter Plus DE\",\"description\":\"\",\"potentialAction\":[{\"@type\":\"SearchAction\",\"target\":{\"@type\":\"EntryPoint\",\"urlTemplate\":\"https:\/\/spinbetter.guru\/de\/?s={search_term_string}\"},\"query-input\":{\"@type\":\"PropertyValueSpecification\",\"valueRequired\":true,\"valueName\":\"search_term_string\"}}],\"inLanguage\":\"de\"}]}<\/script>\n<!-- \/ Yoast SEO plugin. -->","yoast_head_json":{"title":"SpinBetter Free Spins | Spielen und gewinnen, ohne zu investieren!","description":"Nutzen Sie Freispiele von SpinBetter und versuchen Sie Ihr Gl\u00fcck an den besten Spielautomaten! Spezielle Angebote f\u00fcr neue und regelm\u00e4\u00dfige Spieler.","robots":{"index":"index","follow":"follow","max-snippet":"max-snippet:-1","max-image-preview":"max-image-preview:large","max-video-preview":"max-video-preview:-1"},"og_locale":"de_DE","og_type":"article","og_title":"SpinBetter Free Spins | Spielen und gewinnen, ohne zu investieren!","og_description":"Nutzen Sie Freispiele von SpinBetter und versuchen Sie Ihr Gl\u00fcck an den besten Spielautomaten! Spezielle Angebote f\u00fcr neue und regelm\u00e4\u00dfige Spieler.","og_url":"https:\/\/spinbetter.guru\/de\/free-spins\/","og_site_name":"Spinbetter Plus DE","article_modified_time":"2025-09-24T13:30:16+00:00","twitter_card":"summary_large_image","schema":{"@context":"https:\/\/schema.org","@graph":[{"@type":"WebPage","@id":"https:\/\/spinbetter.guru\/de\/free-spins\/","url":"https:\/\/spinbetter.guru\/de\/free-spins\/","name":"SpinBetter Free Spins | Spielen und gewinnen, ohne zu investieren!","isPartOf":{"@id":"https:\/\/spinbetter.guru\/de\/#website"},"datePublished":"2024-11-04T09:16:20+00:00","dateModified":"2025-09-24T13:30:16+00:00","description":"Nutzen Sie Freispiele von SpinBetter und versuchen Sie Ihr Gl\u00fcck an den besten Spielautomaten! Spezielle Angebote f\u00fcr neue und regelm\u00e4\u00dfige Spieler.","breadcrumb":{"@id":"https:\/\/spinbetter.guru\/de\/free-spins\/#breadcrumb"},"inLanguage":"de","potentialAction":[{"@type":"ReadAction","target":["https:\/\/spinbetter.guru\/de\/free-spins\/"]}]},{"@type":"BreadcrumbList","@id":"https:\/\/spinbetter.guru\/de\/free-spins\/#breadcrumb","itemListElement":[{"@type":"ListItem","position":1,"name":"\u0413\u043b\u0430\u0432\u043d\u0430\u044f \u0441\u0442\u0440\u0430\u043d\u0438\u0446\u0430","item":"https:\/\/spinbetter.guru\/de\/"},{"@type":"ListItem","position":2,"name":"Freirunden"}]},{"@type":"WebSite","@id":"https:\/\/spinbetter.guru\/de\/#website","url":"https:\/\/spinbetter.guru\/de\/","name":"Spinbetter Plus DE","description":"","potentialAction":[{"@type":"SearchAction","target":{"@type":"EntryPoint","urlTemplate":"https:\/\/spinbetter.guru\/de\/?s={search_term_string}"},"query-input":{"@type":"PropertyValueSpecification","valueRequired":true,"valueName":"search_term_string"}}],"inLanguage":"de"}]}},"_links":{"self":[{"href":"https:\/\/spinbetter.guru\/de\/wp-json\/wp\/v2\/pages\/318"}],"collection":[{"href":"https:\/\/spinbetter.guru\/de\/wp-json\/wp\/v2\/pages"}],"about":[{"href":"https:\/\/spinbetter.guru\/de\/wp-json\/wp\/v2\/types\/page"}],"author":[{"embeddable":true,"href":"https:\/\/spinbetter.guru\/de\/wp-json\/wp\/v2\/users\/1"}],"replies":[{"embeddable":true,"href":"https:\/\/spinbetter.guru\/de\/wp-json\/wp\/v2\/comments?post=318"}],"version-history":[{"count":12,"href":"https:\/\/spinbetter.guru\/de\/wp-json\/wp\/v2\/pages\/318\/revisions"}],"predecessor-version":[{"id":486,"href":"https:\/\/spinbetter.guru\/de\/wp-json\/wp\/v2\/pages\/318\/revisions\/486"}],"wp:attachment":[{"href":"https:\/\/spinbetter.guru\/de\/wp-json\/wp\/v2\/media?parent=318"}],"curies":[{"name":"wp","href":"https:\/\/api.w.org\/{rel}","templated":true}]}}