{"id":480,"date":"2025-08-22T07:59:29","date_gmt":"2025-08-22T07:59:29","guid":{"rendered":"https:\/\/spinbetter.guru\/de\/?page_id=480"},"modified":"2025-08-22T07:59:41","modified_gmt":"2025-08-22T07:59:41","slug":"loyalty-pays","status":"publish","type":"page","link":"https:\/\/spinbetter.guru\/de\/bonus\/loyalty-pays\/","title":{"rendered":"Treue zahlt sich aus"},"content":{"rendered":"","protected":false},"excerpt":{"rendered":"","protected":false},"author":1,"featured_media":0,"parent":314,"menu_order":0,"comment_status":"closed","ping_status":"closed","template":"","meta":{"footnotes":""},"class_list":["post-480","page","type-page","status-publish","hentry"],"yoast_head":"<!-- This site is optimized with the Yoast SEO plugin v23.4 - https:\/\/yoast.com\/wordpress\/plugins\/seo\/ -->\n<title>50 % Bonus + 100 Freispiele auf Ihre 10. Einzahlung bei SpinBetter<\/title>\n<meta name=\"description\" content=\"Es ist Zeit f\u00fcr gro\u00dfe Gewinne! T\u00e4tigen Sie Ihre 10. Einzahlung bei SpinBetter und erhalten Sie 50 % Bonus plus bis zu 100 Freispiele. Treue wird hier nicht nur gesch\u00e4tzt \u2013 sie bringt Geld und ein Hochgef\u00fchl! Lassen Sie nicht locker, spielen Sie hoch und holen Sie sich Ihre Belohnungen!\" \/>\n<meta name=\"robots\" content=\"index, follow, max-snippet:-1, max-image-preview:large, max-video-preview:-1\" \/>\n<meta property=\"og:locale\" content=\"de_DE\" \/>\n<meta property=\"og:type\" content=\"article\" \/>\n<meta property=\"og:title\" content=\"50 % Bonus + 100 Freispiele auf Ihre 10. Einzahlung bei SpinBetter\" \/>\n<meta property=\"og:description\" content=\"Es ist Zeit f\u00fcr gro\u00dfe Gewinne! T\u00e4tigen Sie Ihre 10. Einzahlung bei SpinBetter und erhalten Sie 50 % Bonus plus bis zu 100 Freispiele. Treue wird hier nicht nur gesch\u00e4tzt \u2013 sie bringt Geld und ein Hochgef\u00fchl! Lassen Sie nicht locker, spielen Sie hoch und holen Sie sich Ihre Belohnungen!\" \/>\n<meta property=\"og:url\" content=\"https:\/\/spinbetter.guru\/de\/bonus\/loyalty-pays\/\" \/>\n<meta property=\"og:site_name\" content=\"Spinbetter Plus DE\" \/>\n<meta property=\"article:modified_time\" content=\"2025-08-22T07:59:41+00:00\" \/>\n<meta name=\"twitter:card\" content=\"summary_large_image\" \/>\n<script type=\"application\/ld+json\" class=\"yoast-schema-graph\">{\"@context\":\"https:\/\/schema.org\",\"@graph\":[{\"@type\":\"WebPage\",\"@id\":\"https:\/\/spinbetter.guru\/de\/bonus\/loyalty-pays\/\",\"url\":\"https:\/\/spinbetter.guru\/de\/bonus\/loyalty-pays\/\",\"name\":\"50 % Bonus + 100 Freispiele auf Ihre 10. Einzahlung bei SpinBetter\",\"isPartOf\":{\"@id\":\"https:\/\/spinbetter.guru\/de\/#website\"},\"datePublished\":\"2025-08-22T07:59:29+00:00\",\"dateModified\":\"2025-08-22T07:59:41+00:00\",\"description\":\"Es ist Zeit f\u00fcr gro\u00dfe Gewinne! T\u00e4tigen Sie Ihre 10. Einzahlung bei SpinBetter und erhalten Sie 50 % Bonus plus bis zu 100 Freispiele. Treue wird hier nicht nur gesch\u00e4tzt \u2013 sie bringt Geld und ein Hochgef\u00fchl! Lassen Sie nicht locker, spielen Sie hoch und holen Sie sich Ihre Belohnungen!\",\"breadcrumb\":{\"@id\":\"https:\/\/spinbetter.guru\/de\/bonus\/loyalty-pays\/#breadcrumb\"},\"inLanguage\":\"de\",\"potentialAction\":[{\"@type\":\"ReadAction\",\"target\":[\"https:\/\/spinbetter.guru\/de\/bonus\/loyalty-pays\/\"]}]},{\"@type\":\"BreadcrumbList\",\"@id\":\"https:\/\/spinbetter.guru\/de\/bonus\/loyalty-pays\/#breadcrumb\",\"itemListElement\":[{\"@type\":\"ListItem\",\"position\":1,\"name\":\"\u0413\u043b\u0430\u0432\u043d\u0430\u044f \u0441\u0442\u0440\u0430\u043d\u0438\u0446\u0430\",\"item\":\"https:\/\/spinbetter.guru\/de\/\"},{\"@type\":\"ListItem\",\"position\":2,\"name\":\"Bonus\",\"item\":\"https:\/\/spinbetter.guru\/de\/bonus\/\"},{\"@type\":\"ListItem\",\"position\":3,\"name\":\"Treue zahlt sich aus\"}]},{\"@type\":\"WebSite\",\"@id\":\"https:\/\/spinbetter.guru\/de\/#website\",\"url\":\"https:\/\/spinbetter.guru\/de\/\",\"name\":\"Spinbetter Plus DE\",\"description\":\"\",\"potentialAction\":[{\"@type\":\"SearchAction\",\"target\":{\"@type\":\"EntryPoint\",\"urlTemplate\":\"https:\/\/spinbetter.guru\/de\/?s={search_term_string}\"},\"query-input\":{\"@type\":\"PropertyValueSpecification\",\"valueRequired\":true,\"valueName\":\"search_term_string\"}}],\"inLanguage\":\"de\"}]}<\/script>\n<!-- \/ Yoast SEO plugin. -->","yoast_head_json":{"title":"50 % Bonus + 100 Freispiele auf Ihre 10. Einzahlung bei SpinBetter","description":"Es ist Zeit f\u00fcr gro\u00dfe Gewinne! T\u00e4tigen Sie Ihre 10. Einzahlung bei SpinBetter und erhalten Sie 50 % Bonus plus bis zu 100 Freispiele. Treue wird hier nicht nur gesch\u00e4tzt \u2013 sie bringt Geld und ein Hochgef\u00fchl! Lassen Sie nicht locker, spielen Sie hoch und holen Sie sich Ihre Belohnungen!","robots":{"index":"index","follow":"follow","max-snippet":"max-snippet:-1","max-image-preview":"max-image-preview:large","max-video-preview":"max-video-preview:-1"},"og_locale":"de_DE","og_type":"article","og_title":"50 % Bonus + 100 Freispiele auf Ihre 10. Einzahlung bei SpinBetter","og_description":"Es ist Zeit f\u00fcr gro\u00dfe Gewinne! T\u00e4tigen Sie Ihre 10. Einzahlung bei SpinBetter und erhalten Sie 50 % Bonus plus bis zu 100 Freispiele. Treue wird hier nicht nur gesch\u00e4tzt \u2013 sie bringt Geld und ein Hochgef\u00fchl! Lassen Sie nicht locker, spielen Sie hoch und holen Sie sich Ihre Belohnungen!","og_url":"https:\/\/spinbetter.guru\/de\/bonus\/loyalty-pays\/","og_site_name":"Spinbetter Plus DE","article_modified_time":"2025-08-22T07:59:41+00:00","twitter_card":"summary_large_image","schema":{"@context":"https:\/\/schema.org","@graph":[{"@type":"WebPage","@id":"https:\/\/spinbetter.guru\/de\/bonus\/loyalty-pays\/","url":"https:\/\/spinbetter.guru\/de\/bonus\/loyalty-pays\/","name":"50 % Bonus + 100 Freispiele auf Ihre 10. Einzahlung bei SpinBetter","isPartOf":{"@id":"https:\/\/spinbetter.guru\/de\/#website"},"datePublished":"2025-08-22T07:59:29+00:00","dateModified":"2025-08-22T07:59:41+00:00","description":"Es ist Zeit f\u00fcr gro\u00dfe Gewinne! T\u00e4tigen Sie Ihre 10. Einzahlung bei SpinBetter und erhalten Sie 50 % Bonus plus bis zu 100 Freispiele. Treue wird hier nicht nur gesch\u00e4tzt \u2013 sie bringt Geld und ein Hochgef\u00fchl! Lassen Sie nicht locker, spielen Sie hoch und holen Sie sich Ihre Belohnungen!","breadcrumb":{"@id":"https:\/\/spinbetter.guru\/de\/bonus\/loyalty-pays\/#breadcrumb"},"inLanguage":"de","potentialAction":[{"@type":"ReadAction","target":["https:\/\/spinbetter.guru\/de\/bonus\/loyalty-pays\/"]}]},{"@type":"BreadcrumbList","@id":"https:\/\/spinbetter.guru\/de\/bonus\/loyalty-pays\/#breadcrumb","itemListElement":[{"@type":"ListItem","position":1,"name":"\u0413\u043b\u0430\u0432\u043d\u0430\u044f \u0441\u0442\u0440\u0430\u043d\u0438\u0446\u0430","item":"https:\/\/spinbetter.guru\/de\/"},{"@type":"ListItem","position":2,"name":"Bonus","item":"https:\/\/spinbetter.guru\/de\/bonus\/"},{"@type":"ListItem","position":3,"name":"Treue zahlt sich aus"}]},{"@type":"WebSite","@id":"https:\/\/spinbetter.guru\/de\/#website","url":"https:\/\/spinbetter.guru\/de\/","name":"Spinbetter Plus DE","description":"","potentialAction":[{"@type":"SearchAction","target":{"@type":"EntryPoint","urlTemplate":"https:\/\/spinbetter.guru\/de\/?s={search_term_string}"},"query-input":{"@type":"PropertyValueSpecification","valueRequired":true,"valueName":"search_term_string"}}],"inLanguage":"de"}]}},"_links":{"self":[{"href":"https:\/\/spinbetter.guru\/de\/wp-json\/wp\/v2\/pages\/480"}],"collection":[{"href":"https:\/\/spinbetter.guru\/de\/wp-json\/wp\/v2\/pages"}],"about":[{"href":"https:\/\/spinbetter.guru\/de\/wp-json\/wp\/v2\/types\/page"}],"author":[{"embeddable":true,"href":"https:\/\/spinbetter.guru\/de\/wp-json\/wp\/v2\/users\/1"}],"replies":[{"embeddable":true,"href":"https:\/\/spinbetter.guru\/de\/wp-json\/wp\/v2\/comments?post=480"}],"version-history":[{"count":1,"href":"https:\/\/spinbetter.guru\/de\/wp-json\/wp\/v2\/pages\/480\/revisions"}],"predecessor-version":[{"id":481,"href":"https:\/\/spinbetter.guru\/de\/wp-json\/wp\/v2\/pages\/480\/revisions\/481"}],"up":[{"embeddable":true,"href":"https:\/\/spinbetter.guru\/de\/wp-json\/wp\/v2\/pages\/314"}],"wp:attachment":[{"href":"https:\/\/spinbetter.guru\/de\/wp-json\/wp\/v2\/media?parent=480"}],"curies":[{"name":"wp","href":"https:\/\/api.w.org\/{rel}","templated":true}]}}