{"id":318,"date":"2024-11-04T09:16:20","date_gmt":"2024-11-04T09:16:20","guid":{"rendered":"https:\/\/spinbetter.guru\/dk\/?page_id=318"},"modified":"2025-09-24T13:23:25","modified_gmt":"2025-09-24T13:23:25","slug":"free-spins","status":"publish","type":"page","link":"https:\/\/spinbetter.guru\/dk\/free-spins\/","title":{"rendered":"Gratis Spins"},"content":{"rendered":"","protected":false},"excerpt":{"rendered":"","protected":false},"author":1,"featured_media":0,"parent":0,"menu_order":0,"comment_status":"closed","ping_status":"closed","template":"","meta":{"footnotes":""},"class_list":["post-318","page","type-page","status-publish","hentry"],"yoast_head":"<!-- This site is optimized with the Yoast SEO plugin v23.4 - https:\/\/yoast.com\/wordpress\/plugins\/seo\/ -->\n<title>SpinBetter Free Spins &gt; Spil og vind uden at investere!<\/title>\n<meta name=\"description\" content=\"Brug gratis spins fra SpinBetter, og pr\u00f8v lykken p\u00e5 de bedste slots! S\u00e6rlige tilbud til nye og faste spillere.\" \/>\n<meta name=\"robots\" content=\"index, follow, max-snippet:-1, max-image-preview:large, max-video-preview:-1\" \/>\n<meta property=\"og:locale\" content=\"da_DK\" \/>\n<meta property=\"og:type\" content=\"article\" \/>\n<meta property=\"og:title\" content=\"SpinBetter Free Spins &gt; Spil og vind uden at investere!\" \/>\n<meta property=\"og:description\" content=\"Brug gratis spins fra SpinBetter, og pr\u00f8v lykken p\u00e5 de bedste slots! S\u00e6rlige tilbud til nye og faste spillere.\" \/>\n<meta property=\"og:url\" content=\"https:\/\/spinbetter.guru\/dk\/free-spins\/\" \/>\n<meta property=\"og:site_name\" content=\"SpinBetter Plus DK\" \/>\n<meta property=\"article:modified_time\" content=\"2025-09-24T13:23:25+00:00\" \/>\n<meta name=\"twitter:card\" content=\"summary_large_image\" \/>\n<script type=\"application\/ld+json\" class=\"yoast-schema-graph\">{\"@context\":\"https:\/\/schema.org\",\"@graph\":[{\"@type\":\"WebPage\",\"@id\":\"https:\/\/spinbetter.guru\/dk\/free-spins\/\",\"url\":\"https:\/\/spinbetter.guru\/dk\/free-spins\/\",\"name\":\"SpinBetter Free Spins > Spil og vind uden at investere!\",\"isPartOf\":{\"@id\":\"https:\/\/spinbetter.guru\/dk\/#website\"},\"datePublished\":\"2024-11-04T09:16:20+00:00\",\"dateModified\":\"2025-09-24T13:23:25+00:00\",\"description\":\"Brug gratis spins fra SpinBetter, og pr\u00f8v lykken p\u00e5 de bedste slots! S\u00e6rlige tilbud til nye og faste spillere.\",\"breadcrumb\":{\"@id\":\"https:\/\/spinbetter.guru\/dk\/free-spins\/#breadcrumb\"},\"inLanguage\":\"da-DK\",\"potentialAction\":[{\"@type\":\"ReadAction\",\"target\":[\"https:\/\/spinbetter.guru\/dk\/free-spins\/\"]}]},{\"@type\":\"BreadcrumbList\",\"@id\":\"https:\/\/spinbetter.guru\/dk\/free-spins\/#breadcrumb\",\"itemListElement\":[{\"@type\":\"ListItem\",\"position\":1,\"name\":\"\u0413\u043b\u0430\u0432\u043d\u0430\u044f \u0441\u0442\u0440\u0430\u043d\u0438\u0446\u0430\",\"item\":\"https:\/\/spinbetter.guru\/dk\/\"},{\"@type\":\"ListItem\",\"position\":2,\"name\":\"Gratis Spins\"}]},{\"@type\":\"WebSite\",\"@id\":\"https:\/\/spinbetter.guru\/dk\/#website\",\"url\":\"https:\/\/spinbetter.guru\/dk\/\",\"name\":\"SpinBetter Plus DK\",\"description\":\"\",\"potentialAction\":[{\"@type\":\"SearchAction\",\"target\":{\"@type\":\"EntryPoint\",\"urlTemplate\":\"https:\/\/spinbetter.guru\/dk\/?s={search_term_string}\"},\"query-input\":{\"@type\":\"PropertyValueSpecification\",\"valueRequired\":true,\"valueName\":\"search_term_string\"}}],\"inLanguage\":\"da-DK\"}]}<\/script>\n<!-- \/ Yoast SEO plugin. -->","yoast_head_json":{"title":"SpinBetter Free Spins > Spil og vind uden at investere!","description":"Brug gratis spins fra SpinBetter, og pr\u00f8v lykken p\u00e5 de bedste slots! S\u00e6rlige tilbud til nye og faste spillere.","robots":{"index":"index","follow":"follow","max-snippet":"max-snippet:-1","max-image-preview":"max-image-preview:large","max-video-preview":"max-video-preview:-1"},"og_locale":"da_DK","og_type":"article","og_title":"SpinBetter Free Spins > Spil og vind uden at investere!","og_description":"Brug gratis spins fra SpinBetter, og pr\u00f8v lykken p\u00e5 de bedste slots! S\u00e6rlige tilbud til nye og faste spillere.","og_url":"https:\/\/spinbetter.guru\/dk\/free-spins\/","og_site_name":"SpinBetter Plus DK","article_modified_time":"2025-09-24T13:23:25+00:00","twitter_card":"summary_large_image","schema":{"@context":"https:\/\/schema.org","@graph":[{"@type":"WebPage","@id":"https:\/\/spinbetter.guru\/dk\/free-spins\/","url":"https:\/\/spinbetter.guru\/dk\/free-spins\/","name":"SpinBetter Free Spins > Spil og vind uden at investere!","isPartOf":{"@id":"https:\/\/spinbetter.guru\/dk\/#website"},"datePublished":"2024-11-04T09:16:20+00:00","dateModified":"2025-09-24T13:23:25+00:00","description":"Brug gratis spins fra SpinBetter, og pr\u00f8v lykken p\u00e5 de bedste slots! S\u00e6rlige tilbud til nye og faste spillere.","breadcrumb":{"@id":"https:\/\/spinbetter.guru\/dk\/free-spins\/#breadcrumb"},"inLanguage":"da-DK","potentialAction":[{"@type":"ReadAction","target":["https:\/\/spinbetter.guru\/dk\/free-spins\/"]}]},{"@type":"BreadcrumbList","@id":"https:\/\/spinbetter.guru\/dk\/free-spins\/#breadcrumb","itemListElement":[{"@type":"ListItem","position":1,"name":"\u0413\u043b\u0430\u0432\u043d\u0430\u044f \u0441\u0442\u0440\u0430\u043d\u0438\u0446\u0430","item":"https:\/\/spinbetter.guru\/dk\/"},{"@type":"ListItem","position":2,"name":"Gratis Spins"}]},{"@type":"WebSite","@id":"https:\/\/spinbetter.guru\/dk\/#website","url":"https:\/\/spinbetter.guru\/dk\/","name":"SpinBetter Plus DK","description":"","potentialAction":[{"@type":"SearchAction","target":{"@type":"EntryPoint","urlTemplate":"https:\/\/spinbetter.guru\/dk\/?s={search_term_string}"},"query-input":{"@type":"PropertyValueSpecification","valueRequired":true,"valueName":"search_term_string"}}],"inLanguage":"da-DK"}]}},"_links":{"self":[{"href":"https:\/\/spinbetter.guru\/dk\/wp-json\/wp\/v2\/pages\/318"}],"collection":[{"href":"https:\/\/spinbetter.guru\/dk\/wp-json\/wp\/v2\/pages"}],"about":[{"href":"https:\/\/spinbetter.guru\/dk\/wp-json\/wp\/v2\/types\/page"}],"author":[{"embeddable":true,"href":"https:\/\/spinbetter.guru\/dk\/wp-json\/wp\/v2\/users\/1"}],"replies":[{"embeddable":true,"href":"https:\/\/spinbetter.guru\/dk\/wp-json\/wp\/v2\/comments?post=318"}],"version-history":[{"count":14,"href":"https:\/\/spinbetter.guru\/dk\/wp-json\/wp\/v2\/pages\/318\/revisions"}],"predecessor-version":[{"id":511,"href":"https:\/\/spinbetter.guru\/dk\/wp-json\/wp\/v2\/pages\/318\/revisions\/511"}],"wp:attachment":[{"href":"https:\/\/spinbetter.guru\/dk\/wp-json\/wp\/v2\/media?parent=318"}],"curies":[{"name":"wp","href":"https:\/\/api.w.org\/{rel}","templated":true}]}}