{"id":505,"date":"2025-08-22T07:20:47","date_gmt":"2025-08-22T07:20:47","guid":{"rendered":"https:\/\/spinbetter.guru\/dk\/?page_id=505"},"modified":"2025-08-22T07:20:57","modified_gmt":"2025-08-22T07:20:57","slug":"loyalty-pays","status":"publish","type":"page","link":"https:\/\/spinbetter.guru\/dk\/bonus\/loyalty-pays\/","title":{"rendered":"Loyalitet betaler sig"},"content":{"rendered":"","protected":false},"excerpt":{"rendered":"","protected":false},"author":1,"featured_media":0,"parent":314,"menu_order":0,"comment_status":"closed","ping_status":"closed","template":"","meta":{"footnotes":""},"class_list":["post-505","page","type-page","status-publish","hentry"],"yoast_head":"<!-- This site is optimized with the Yoast SEO plugin v23.4 - https:\/\/yoast.com\/wordpress\/plugins\/seo\/ -->\n<title>50% bonus + 100 gratis spins p\u00e5 din 10. indbetaling hos SpinBetter<\/title>\n<meta name=\"description\" content=\"Det er tid til at vinde stort! Foretag din 10. indbetaling hos SpinBetter og f\u00e5 50% bonus plus op til 100 gratis spins. Loyalitet v\u00e6rds\u00e6ttes ikke kun her - det bringer penge og en rus! S\u00e6t ikke farten ned, spil stort og tag dine bel\u00f8nninger!\" \/>\n<meta name=\"robots\" content=\"index, follow, max-snippet:-1, max-image-preview:large, max-video-preview:-1\" \/>\n<meta property=\"og:locale\" content=\"da_DK\" \/>\n<meta property=\"og:type\" content=\"article\" \/>\n<meta property=\"og:title\" content=\"50% bonus + 100 gratis spins p\u00e5 din 10. indbetaling hos SpinBetter\" \/>\n<meta property=\"og:description\" content=\"Det er tid til at vinde stort! Foretag din 10. indbetaling hos SpinBetter og f\u00e5 50% bonus plus op til 100 gratis spins. Loyalitet v\u00e6rds\u00e6ttes ikke kun her - det bringer penge og en rus! S\u00e6t ikke farten ned, spil stort og tag dine bel\u00f8nninger!\" \/>\n<meta property=\"og:url\" content=\"https:\/\/spinbetter.guru\/dk\/bonus\/loyalty-pays\/\" \/>\n<meta property=\"og:site_name\" content=\"SpinBetter Plus DK\" \/>\n<meta property=\"article:modified_time\" content=\"2025-08-22T07:20:57+00:00\" \/>\n<meta name=\"twitter:card\" content=\"summary_large_image\" \/>\n<script type=\"application\/ld+json\" class=\"yoast-schema-graph\">{\"@context\":\"https:\/\/schema.org\",\"@graph\":[{\"@type\":\"WebPage\",\"@id\":\"https:\/\/spinbetter.guru\/dk\/bonus\/loyalty-pays\/\",\"url\":\"https:\/\/spinbetter.guru\/dk\/bonus\/loyalty-pays\/\",\"name\":\"50% bonus + 100 gratis spins p\u00e5 din 10. indbetaling hos SpinBetter\",\"isPartOf\":{\"@id\":\"https:\/\/spinbetter.guru\/dk\/#website\"},\"datePublished\":\"2025-08-22T07:20:47+00:00\",\"dateModified\":\"2025-08-22T07:20:57+00:00\",\"description\":\"Det er tid til at vinde stort! Foretag din 10. indbetaling hos SpinBetter og f\u00e5 50% bonus plus op til 100 gratis spins. Loyalitet v\u00e6rds\u00e6ttes ikke kun her - det bringer penge og en rus! S\u00e6t ikke farten ned, spil stort og tag dine bel\u00f8nninger!\",\"breadcrumb\":{\"@id\":\"https:\/\/spinbetter.guru\/dk\/bonus\/loyalty-pays\/#breadcrumb\"},\"inLanguage\":\"da-DK\",\"potentialAction\":[{\"@type\":\"ReadAction\",\"target\":[\"https:\/\/spinbetter.guru\/dk\/bonus\/loyalty-pays\/\"]}]},{\"@type\":\"BreadcrumbList\",\"@id\":\"https:\/\/spinbetter.guru\/dk\/bonus\/loyalty-pays\/#breadcrumb\",\"itemListElement\":[{\"@type\":\"ListItem\",\"position\":1,\"name\":\"\u0413\u043b\u0430\u0432\u043d\u0430\u044f \u0441\u0442\u0440\u0430\u043d\u0438\u0446\u0430\",\"item\":\"https:\/\/spinbetter.guru\/dk\/\"},{\"@type\":\"ListItem\",\"position\":2,\"name\":\"Bonus\",\"item\":\"https:\/\/spinbetter.guru\/dk\/bonus\/\"},{\"@type\":\"ListItem\",\"position\":3,\"name\":\"Loyalitet betaler sig\"}]},{\"@type\":\"WebSite\",\"@id\":\"https:\/\/spinbetter.guru\/dk\/#website\",\"url\":\"https:\/\/spinbetter.guru\/dk\/\",\"name\":\"SpinBetter Plus DK\",\"description\":\"\",\"potentialAction\":[{\"@type\":\"SearchAction\",\"target\":{\"@type\":\"EntryPoint\",\"urlTemplate\":\"https:\/\/spinbetter.guru\/dk\/?s={search_term_string}\"},\"query-input\":{\"@type\":\"PropertyValueSpecification\",\"valueRequired\":true,\"valueName\":\"search_term_string\"}}],\"inLanguage\":\"da-DK\"}]}<\/script>\n<!-- \/ Yoast SEO plugin. -->","yoast_head_json":{"title":"50% bonus + 100 gratis spins p\u00e5 din 10. indbetaling hos SpinBetter","description":"Det er tid til at vinde stort! Foretag din 10. indbetaling hos SpinBetter og f\u00e5 50% bonus plus op til 100 gratis spins. Loyalitet v\u00e6rds\u00e6ttes ikke kun her - det bringer penge og en rus! S\u00e6t ikke farten ned, spil stort og tag dine bel\u00f8nninger!","robots":{"index":"index","follow":"follow","max-snippet":"max-snippet:-1","max-image-preview":"max-image-preview:large","max-video-preview":"max-video-preview:-1"},"og_locale":"da_DK","og_type":"article","og_title":"50% bonus + 100 gratis spins p\u00e5 din 10. indbetaling hos SpinBetter","og_description":"Det er tid til at vinde stort! Foretag din 10. indbetaling hos SpinBetter og f\u00e5 50% bonus plus op til 100 gratis spins. Loyalitet v\u00e6rds\u00e6ttes ikke kun her - det bringer penge og en rus! S\u00e6t ikke farten ned, spil stort og tag dine bel\u00f8nninger!","og_url":"https:\/\/spinbetter.guru\/dk\/bonus\/loyalty-pays\/","og_site_name":"SpinBetter Plus DK","article_modified_time":"2025-08-22T07:20:57+00:00","twitter_card":"summary_large_image","schema":{"@context":"https:\/\/schema.org","@graph":[{"@type":"WebPage","@id":"https:\/\/spinbetter.guru\/dk\/bonus\/loyalty-pays\/","url":"https:\/\/spinbetter.guru\/dk\/bonus\/loyalty-pays\/","name":"50% bonus + 100 gratis spins p\u00e5 din 10. indbetaling hos SpinBetter","isPartOf":{"@id":"https:\/\/spinbetter.guru\/dk\/#website"},"datePublished":"2025-08-22T07:20:47+00:00","dateModified":"2025-08-22T07:20:57+00:00","description":"Det er tid til at vinde stort! Foretag din 10. indbetaling hos SpinBetter og f\u00e5 50% bonus plus op til 100 gratis spins. Loyalitet v\u00e6rds\u00e6ttes ikke kun her - det bringer penge og en rus! S\u00e6t ikke farten ned, spil stort og tag dine bel\u00f8nninger!","breadcrumb":{"@id":"https:\/\/spinbetter.guru\/dk\/bonus\/loyalty-pays\/#breadcrumb"},"inLanguage":"da-DK","potentialAction":[{"@type":"ReadAction","target":["https:\/\/spinbetter.guru\/dk\/bonus\/loyalty-pays\/"]}]},{"@type":"BreadcrumbList","@id":"https:\/\/spinbetter.guru\/dk\/bonus\/loyalty-pays\/#breadcrumb","itemListElement":[{"@type":"ListItem","position":1,"name":"\u0413\u043b\u0430\u0432\u043d\u0430\u044f \u0441\u0442\u0440\u0430\u043d\u0438\u0446\u0430","item":"https:\/\/spinbetter.guru\/dk\/"},{"@type":"ListItem","position":2,"name":"Bonus","item":"https:\/\/spinbetter.guru\/dk\/bonus\/"},{"@type":"ListItem","position":3,"name":"Loyalitet betaler sig"}]},{"@type":"WebSite","@id":"https:\/\/spinbetter.guru\/dk\/#website","url":"https:\/\/spinbetter.guru\/dk\/","name":"SpinBetter Plus DK","description":"","potentialAction":[{"@type":"SearchAction","target":{"@type":"EntryPoint","urlTemplate":"https:\/\/spinbetter.guru\/dk\/?s={search_term_string}"},"query-input":{"@type":"PropertyValueSpecification","valueRequired":true,"valueName":"search_term_string"}}],"inLanguage":"da-DK"}]}},"_links":{"self":[{"href":"https:\/\/spinbetter.guru\/dk\/wp-json\/wp\/v2\/pages\/505"}],"collection":[{"href":"https:\/\/spinbetter.guru\/dk\/wp-json\/wp\/v2\/pages"}],"about":[{"href":"https:\/\/spinbetter.guru\/dk\/wp-json\/wp\/v2\/types\/page"}],"author":[{"embeddable":true,"href":"https:\/\/spinbetter.guru\/dk\/wp-json\/wp\/v2\/users\/1"}],"replies":[{"embeddable":true,"href":"https:\/\/spinbetter.guru\/dk\/wp-json\/wp\/v2\/comments?post=505"}],"version-history":[{"count":1,"href":"https:\/\/spinbetter.guru\/dk\/wp-json\/wp\/v2\/pages\/505\/revisions"}],"predecessor-version":[{"id":506,"href":"https:\/\/spinbetter.guru\/dk\/wp-json\/wp\/v2\/pages\/505\/revisions\/506"}],"up":[{"embeddable":true,"href":"https:\/\/spinbetter.guru\/dk\/wp-json\/wp\/v2\/pages\/314"}],"wp:attachment":[{"href":"https:\/\/spinbetter.guru\/dk\/wp-json\/wp\/v2\/media?parent=505"}],"curies":[{"name":"wp","href":"https:\/\/api.w.org\/{rel}","templated":true}]}}