{"id":498,"date":"2025-08-29T09:42:14","date_gmt":"2025-08-29T09:42:14","guid":{"rendered":"https:\/\/spinbetter.guru\/es\/?page_id=498"},"modified":"2025-08-29T09:42:21","modified_gmt":"2025-08-29T09:42:21","slug":"free-spins-telegram","status":"publish","type":"page","link":"https:\/\/spinbetter.guru\/es\/bonus\/free-spins-telegram\/","title":{"rendered":"Giros gratis"},"content":{"rendered":"","protected":false},"excerpt":{"rendered":"","protected":false},"author":1,"featured_media":0,"parent":314,"menu_order":0,"comment_status":"closed","ping_status":"closed","template":"","meta":{"footnotes":""},"class_list":["post-498","page","type-page","status-publish","hentry"],"yoast_head":"<!-- This site is optimized with the Yoast SEO plugin v23.4 - https:\/\/yoast.com\/wordpress\/plugins\/seo\/ -->\n<title>Reclama 100 FS &gt; \u00a1Oferta exclusiva de SpinBetter en Telegram!<\/title>\n<meta name=\"description\" content=\"\u00a1No esperes m\u00e1s y consigue tus 100 giros gratis sin complicaciones! Suscr\u00edbete a nuestro Telegram y accede al instante a las promociones m\u00e1s exclusivas de SpinBetter. \u00a1No es broma, solo bonos de verdad!\" \/>\n<meta name=\"robots\" content=\"index, follow, max-snippet:-1, max-image-preview:large, max-video-preview:-1\" \/>\n<meta property=\"og:locale\" content=\"es_ES\" \/>\n<meta property=\"og:type\" content=\"article\" \/>\n<meta property=\"og:title\" content=\"Reclama 100 FS &gt; \u00a1Oferta exclusiva de SpinBetter en Telegram!\" \/>\n<meta property=\"og:description\" content=\"\u00a1No esperes m\u00e1s y consigue tus 100 giros gratis sin complicaciones! Suscr\u00edbete a nuestro Telegram y accede al instante a las promociones m\u00e1s exclusivas de SpinBetter. \u00a1No es broma, solo bonos de verdad!\" \/>\n<meta property=\"og:url\" content=\"https:\/\/spinbetter.guru\/es\/bonus\/free-spins-telegram\/\" \/>\n<meta property=\"og:site_name\" content=\"Spinbetter Plus ES\" \/>\n<meta property=\"article:modified_time\" content=\"2025-08-29T09:42:21+00:00\" \/>\n<meta name=\"twitter:card\" content=\"summary_large_image\" \/>\n<script type=\"application\/ld+json\" class=\"yoast-schema-graph\">{\"@context\":\"https:\/\/schema.org\",\"@graph\":[{\"@type\":\"WebPage\",\"@id\":\"https:\/\/spinbetter.guru\/es\/bonus\/free-spins-telegram\/\",\"url\":\"https:\/\/spinbetter.guru\/es\/bonus\/free-spins-telegram\/\",\"name\":\"Reclama 100 FS > \u00a1Oferta exclusiva de SpinBetter en Telegram!\",\"isPartOf\":{\"@id\":\"https:\/\/www.spinbetter.guru\/es\/#website\"},\"datePublished\":\"2025-08-29T09:42:14+00:00\",\"dateModified\":\"2025-08-29T09:42:21+00:00\",\"description\":\"\u00a1No esperes m\u00e1s y consigue tus 100 giros gratis sin complicaciones! Suscr\u00edbete a nuestro Telegram y accede al instante a las promociones m\u00e1s exclusivas de SpinBetter. \u00a1No es broma, solo bonos de verdad!\",\"breadcrumb\":{\"@id\":\"https:\/\/spinbetter.guru\/es\/bonus\/free-spins-telegram\/#breadcrumb\"},\"inLanguage\":\"es\",\"potentialAction\":[{\"@type\":\"ReadAction\",\"target\":[\"https:\/\/spinbetter.guru\/es\/bonus\/free-spins-telegram\/\"]}]},{\"@type\":\"BreadcrumbList\",\"@id\":\"https:\/\/spinbetter.guru\/es\/bonus\/free-spins-telegram\/#breadcrumb\",\"itemListElement\":[{\"@type\":\"ListItem\",\"position\":1,\"name\":\"\u0413\u043b\u0430\u0432\u043d\u0430\u044f \u0441\u0442\u0440\u0430\u043d\u0438\u0446\u0430\",\"item\":\"https:\/\/spinbetter.guru\/es\/\"},{\"@type\":\"ListItem\",\"position\":2,\"name\":\"Bonificaci\u00f3n\",\"item\":\"https:\/\/spinbetter.guru\/es\/bonus\/\"},{\"@type\":\"ListItem\",\"position\":3,\"name\":\"Giros gratis\"}]},{\"@type\":\"WebSite\",\"@id\":\"https:\/\/www.spinbetter.guru\/es\/#website\",\"url\":\"https:\/\/www.spinbetter.guru\/es\/\",\"name\":\"Spinbetter Plus ES\",\"description\":\"\",\"potentialAction\":[{\"@type\":\"SearchAction\",\"target\":{\"@type\":\"EntryPoint\",\"urlTemplate\":\"https:\/\/www.spinbetter.guru\/es\/?s={search_term_string}\"},\"query-input\":{\"@type\":\"PropertyValueSpecification\",\"valueRequired\":true,\"valueName\":\"search_term_string\"}}],\"inLanguage\":\"es\"}]}<\/script>\n<!-- \/ Yoast SEO plugin. -->","yoast_head_json":{"title":"Reclama 100 FS > \u00a1Oferta exclusiva de SpinBetter en Telegram!","description":"\u00a1No esperes m\u00e1s y consigue tus 100 giros gratis sin complicaciones! Suscr\u00edbete a nuestro Telegram y accede al instante a las promociones m\u00e1s exclusivas de SpinBetter. \u00a1No es broma, solo bonos de verdad!","robots":{"index":"index","follow":"follow","max-snippet":"max-snippet:-1","max-image-preview":"max-image-preview:large","max-video-preview":"max-video-preview:-1"},"og_locale":"es_ES","og_type":"article","og_title":"Reclama 100 FS > \u00a1Oferta exclusiva de SpinBetter en Telegram!","og_description":"\u00a1No esperes m\u00e1s y consigue tus 100 giros gratis sin complicaciones! Suscr\u00edbete a nuestro Telegram y accede al instante a las promociones m\u00e1s exclusivas de SpinBetter. \u00a1No es broma, solo bonos de verdad!","og_url":"https:\/\/spinbetter.guru\/es\/bonus\/free-spins-telegram\/","og_site_name":"Spinbetter Plus ES","article_modified_time":"2025-08-29T09:42:21+00:00","twitter_card":"summary_large_image","schema":{"@context":"https:\/\/schema.org","@graph":[{"@type":"WebPage","@id":"https:\/\/spinbetter.guru\/es\/bonus\/free-spins-telegram\/","url":"https:\/\/spinbetter.guru\/es\/bonus\/free-spins-telegram\/","name":"Reclama 100 FS > \u00a1Oferta exclusiva de SpinBetter en Telegram!","isPartOf":{"@id":"https:\/\/www.spinbetter.guru\/es\/#website"},"datePublished":"2025-08-29T09:42:14+00:00","dateModified":"2025-08-29T09:42:21+00:00","description":"\u00a1No esperes m\u00e1s y consigue tus 100 giros gratis sin complicaciones! Suscr\u00edbete a nuestro Telegram y accede al instante a las promociones m\u00e1s exclusivas de SpinBetter. \u00a1No es broma, solo bonos de verdad!","breadcrumb":{"@id":"https:\/\/spinbetter.guru\/es\/bonus\/free-spins-telegram\/#breadcrumb"},"inLanguage":"es","potentialAction":[{"@type":"ReadAction","target":["https:\/\/spinbetter.guru\/es\/bonus\/free-spins-telegram\/"]}]},{"@type":"BreadcrumbList","@id":"https:\/\/spinbetter.guru\/es\/bonus\/free-spins-telegram\/#breadcrumb","itemListElement":[{"@type":"ListItem","position":1,"name":"\u0413\u043b\u0430\u0432\u043d\u0430\u044f \u0441\u0442\u0440\u0430\u043d\u0438\u0446\u0430","item":"https:\/\/spinbetter.guru\/es\/"},{"@type":"ListItem","position":2,"name":"Bonificaci\u00f3n","item":"https:\/\/spinbetter.guru\/es\/bonus\/"},{"@type":"ListItem","position":3,"name":"Giros gratis"}]},{"@type":"WebSite","@id":"https:\/\/www.spinbetter.guru\/es\/#website","url":"https:\/\/www.spinbetter.guru\/es\/","name":"Spinbetter Plus ES","description":"","potentialAction":[{"@type":"SearchAction","target":{"@type":"EntryPoint","urlTemplate":"https:\/\/www.spinbetter.guru\/es\/?s={search_term_string}"},"query-input":{"@type":"PropertyValueSpecification","valueRequired":true,"valueName":"search_term_string"}}],"inLanguage":"es"}]}},"_links":{"self":[{"href":"https:\/\/spinbetter.guru\/es\/wp-json\/wp\/v2\/pages\/498"}],"collection":[{"href":"https:\/\/spinbetter.guru\/es\/wp-json\/wp\/v2\/pages"}],"about":[{"href":"https:\/\/spinbetter.guru\/es\/wp-json\/wp\/v2\/types\/page"}],"author":[{"embeddable":true,"href":"https:\/\/spinbetter.guru\/es\/wp-json\/wp\/v2\/users\/1"}],"replies":[{"embeddable":true,"href":"https:\/\/spinbetter.guru\/es\/wp-json\/wp\/v2\/comments?post=498"}],"version-history":[{"count":1,"href":"https:\/\/spinbetter.guru\/es\/wp-json\/wp\/v2\/pages\/498\/revisions"}],"predecessor-version":[{"id":499,"href":"https:\/\/spinbetter.guru\/es\/wp-json\/wp\/v2\/pages\/498\/revisions\/499"}],"up":[{"embeddable":true,"href":"https:\/\/spinbetter.guru\/es\/wp-json\/wp\/v2\/pages\/314"}],"wp:attachment":[{"href":"https:\/\/spinbetter.guru\/es\/wp-json\/wp\/v2\/media?parent=498"}],"curies":[{"name":"wp","href":"https:\/\/api.w.org\/{rel}","templated":true}]}}