{"id":303,"date":"2024-11-04T09:15:42","date_gmt":"2024-11-04T09:15:42","guid":{"rendered":"https:\/\/spinbetter.guru\/fi\/?page_id=303"},"modified":"2026-01-13T14:41:21","modified_gmt":"2026-01-13T14:41:21","slug":"registration","status":"publish","type":"page","link":"https:\/\/spinbetter.guru\/fi\/registration\/","title":{"rendered":"Rekister\u00f6inti"},"content":{"rendered":"","protected":false},"excerpt":{"rendered":"","protected":false},"author":1,"featured_media":0,"parent":0,"menu_order":0,"comment_status":"closed","ping_status":"closed","template":"","meta":{"footnotes":""},"class_list":["post-303","page","type-page","status-publish","hentry"],"yoast_head":"<!-- This site is optimized with the Yoast SEO plugin v23.4 - https:\/\/yoast.com\/wordpress\/plugins\/seo\/ -->\n<title>SpinBetter rekister\u00f6inti &gt; Avaa tili ja saat bonuksia!<\/title>\n<meta name=\"description\" content=\"Rekister\u00f6idy SpinBetterille ja p\u00e4\u00e4set k\u00e4siksi kolikkopeleihin, live-kasinoon ja bonuksiin uusille pelaajille! Yksinkertainen rekister\u00f6ityminen - aloita voittaminen jo t\u00e4n\u00e4\u00e4n.\" \/>\n<meta name=\"robots\" content=\"index, follow, max-snippet:-1, max-image-preview:large, max-video-preview:-1\" \/>\n<meta property=\"og:locale\" content=\"fi_FI\" \/>\n<meta property=\"og:type\" content=\"article\" \/>\n<meta property=\"og:title\" content=\"SpinBetter rekister\u00f6inti &gt; Avaa tili ja saat bonuksia!\" \/>\n<meta property=\"og:description\" content=\"Rekister\u00f6idy SpinBetterille ja p\u00e4\u00e4set k\u00e4siksi kolikkopeleihin, live-kasinoon ja bonuksiin uusille pelaajille! Yksinkertainen rekister\u00f6ityminen - aloita voittaminen jo t\u00e4n\u00e4\u00e4n.\" \/>\n<meta property=\"og:url\" content=\"https:\/\/spinbetter.guru\/fi\/registration\/\" \/>\n<meta property=\"og:site_name\" content=\"SpinBetter Plus FI\" \/>\n<meta property=\"article:modified_time\" content=\"2026-01-13T14:41:21+00:00\" \/>\n<meta name=\"twitter:card\" content=\"summary_large_image\" \/>\n<script type=\"application\/ld+json\" class=\"yoast-schema-graph\">{\"@context\":\"https:\/\/schema.org\",\"@graph\":[{\"@type\":\"WebPage\",\"@id\":\"https:\/\/spinbetter.guru\/fi\/registration\/\",\"url\":\"https:\/\/spinbetter.guru\/fi\/registration\/\",\"name\":\"SpinBetter rekister\u00f6inti > Avaa tili ja saat bonuksia!\",\"isPartOf\":{\"@id\":\"https:\/\/spinbetter.guru\/fi\/#website\"},\"datePublished\":\"2024-11-04T09:15:42+00:00\",\"dateModified\":\"2026-01-13T14:41:21+00:00\",\"description\":\"Rekister\u00f6idy SpinBetterille ja p\u00e4\u00e4set k\u00e4siksi kolikkopeleihin, live-kasinoon ja bonuksiin uusille pelaajille! Yksinkertainen rekister\u00f6ityminen - aloita voittaminen jo t\u00e4n\u00e4\u00e4n.\",\"breadcrumb\":{\"@id\":\"https:\/\/spinbetter.guru\/fi\/registration\/#breadcrumb\"},\"inLanguage\":\"fi\",\"potentialAction\":[{\"@type\":\"ReadAction\",\"target\":[\"https:\/\/spinbetter.guru\/fi\/registration\/\"]}]},{\"@type\":\"BreadcrumbList\",\"@id\":\"https:\/\/spinbetter.guru\/fi\/registration\/#breadcrumb\",\"itemListElement\":[{\"@type\":\"ListItem\",\"position\":1,\"name\":\"\u0413\u043b\u0430\u0432\u043d\u0430\u044f \u0441\u0442\u0440\u0430\u043d\u0438\u0446\u0430\",\"item\":\"https:\/\/spinbetter.guru\/fi\/\"},{\"@type\":\"ListItem\",\"position\":2,\"name\":\"Rekister\u00f6inti\"}]},{\"@type\":\"WebSite\",\"@id\":\"https:\/\/spinbetter.guru\/fi\/#website\",\"url\":\"https:\/\/spinbetter.guru\/fi\/\",\"name\":\"SpinBetter Plus FI\",\"description\":\"\",\"potentialAction\":[{\"@type\":\"SearchAction\",\"target\":{\"@type\":\"EntryPoint\",\"urlTemplate\":\"https:\/\/spinbetter.guru\/fi\/?s={search_term_string}\"},\"query-input\":{\"@type\":\"PropertyValueSpecification\",\"valueRequired\":true,\"valueName\":\"search_term_string\"}}],\"inLanguage\":\"fi\"}]}<\/script>\n<!-- \/ Yoast SEO plugin. -->","yoast_head_json":{"title":"SpinBetter rekister\u00f6inti > Avaa tili ja saat bonuksia!","description":"Rekister\u00f6idy SpinBetterille ja p\u00e4\u00e4set k\u00e4siksi kolikkopeleihin, live-kasinoon ja bonuksiin uusille pelaajille! Yksinkertainen rekister\u00f6ityminen - aloita voittaminen jo t\u00e4n\u00e4\u00e4n.","robots":{"index":"index","follow":"follow","max-snippet":"max-snippet:-1","max-image-preview":"max-image-preview:large","max-video-preview":"max-video-preview:-1"},"og_locale":"fi_FI","og_type":"article","og_title":"SpinBetter rekister\u00f6inti > Avaa tili ja saat bonuksia!","og_description":"Rekister\u00f6idy SpinBetterille ja p\u00e4\u00e4set k\u00e4siksi kolikkopeleihin, live-kasinoon ja bonuksiin uusille pelaajille! Yksinkertainen rekister\u00f6ityminen - aloita voittaminen jo t\u00e4n\u00e4\u00e4n.","og_url":"https:\/\/spinbetter.guru\/fi\/registration\/","og_site_name":"SpinBetter Plus FI","article_modified_time":"2026-01-13T14:41:21+00:00","twitter_card":"summary_large_image","schema":{"@context":"https:\/\/schema.org","@graph":[{"@type":"WebPage","@id":"https:\/\/spinbetter.guru\/fi\/registration\/","url":"https:\/\/spinbetter.guru\/fi\/registration\/","name":"SpinBetter rekister\u00f6inti > Avaa tili ja saat bonuksia!","isPartOf":{"@id":"https:\/\/spinbetter.guru\/fi\/#website"},"datePublished":"2024-11-04T09:15:42+00:00","dateModified":"2026-01-13T14:41:21+00:00","description":"Rekister\u00f6idy SpinBetterille ja p\u00e4\u00e4set k\u00e4siksi kolikkopeleihin, live-kasinoon ja bonuksiin uusille pelaajille! Yksinkertainen rekister\u00f6ityminen - aloita voittaminen jo t\u00e4n\u00e4\u00e4n.","breadcrumb":{"@id":"https:\/\/spinbetter.guru\/fi\/registration\/#breadcrumb"},"inLanguage":"fi","potentialAction":[{"@type":"ReadAction","target":["https:\/\/spinbetter.guru\/fi\/registration\/"]}]},{"@type":"BreadcrumbList","@id":"https:\/\/spinbetter.guru\/fi\/registration\/#breadcrumb","itemListElement":[{"@type":"ListItem","position":1,"name":"\u0413\u043b\u0430\u0432\u043d\u0430\u044f \u0441\u0442\u0440\u0430\u043d\u0438\u0446\u0430","item":"https:\/\/spinbetter.guru\/fi\/"},{"@type":"ListItem","position":2,"name":"Rekister\u00f6inti"}]},{"@type":"WebSite","@id":"https:\/\/spinbetter.guru\/fi\/#website","url":"https:\/\/spinbetter.guru\/fi\/","name":"SpinBetter Plus FI","description":"","potentialAction":[{"@type":"SearchAction","target":{"@type":"EntryPoint","urlTemplate":"https:\/\/spinbetter.guru\/fi\/?s={search_term_string}"},"query-input":{"@type":"PropertyValueSpecification","valueRequired":true,"valueName":"search_term_string"}}],"inLanguage":"fi"}]}},"_links":{"self":[{"href":"https:\/\/spinbetter.guru\/fi\/wp-json\/wp\/v2\/pages\/303"}],"collection":[{"href":"https:\/\/spinbetter.guru\/fi\/wp-json\/wp\/v2\/pages"}],"about":[{"href":"https:\/\/spinbetter.guru\/fi\/wp-json\/wp\/v2\/types\/page"}],"author":[{"embeddable":true,"href":"https:\/\/spinbetter.guru\/fi\/wp-json\/wp\/v2\/users\/1"}],"replies":[{"embeddable":true,"href":"https:\/\/spinbetter.guru\/fi\/wp-json\/wp\/v2\/comments?post=303"}],"version-history":[{"count":18,"href":"https:\/\/spinbetter.guru\/fi\/wp-json\/wp\/v2\/pages\/303\/revisions"}],"predecessor-version":[{"id":522,"href":"https:\/\/spinbetter.guru\/fi\/wp-json\/wp\/v2\/pages\/303\/revisions\/522"}],"wp:attachment":[{"href":"https:\/\/spinbetter.guru\/fi\/wp-json\/wp\/v2\/media?parent=303"}],"curies":[{"name":"wp","href":"https:\/\/api.w.org\/{rel}","templated":true}]}}