{"id":322,"date":"2024-11-04T09:15:55","date_gmt":"2024-11-04T09:15:55","guid":{"rendered":"https:\/\/spinbetter.guru\/fi\/?page_id=322"},"modified":"2025-03-03T16:28:26","modified_gmt":"2025-03-03T16:28:26","slug":"download","status":"publish","type":"page","link":"https:\/\/spinbetter.guru\/fi\/download\/","title":{"rendered":"Ladata"},"content":{"rendered":"","protected":false},"excerpt":{"rendered":"","protected":false},"author":1,"featured_media":0,"parent":0,"menu_order":0,"comment_status":"closed","ping_status":"closed","template":"","meta":{"footnotes":""},"class_list":["post-322","page","type-page","status-publish","hentry"],"yoast_head":"<!-- This site is optimized with the Yoast SEO plugin v23.4 - https:\/\/yoast.com\/wordpress\/plugins\/seo\/ -->\n<title>SpinBetterin lataus - Lataa sovellus Androidilla tai iOS:ll\u00e4.<\/title>\n<meta name=\"description\" content=\"Lataa SpinBetter-sovellus puhelimeesi tai tablettiisi ja nauti pelaamisesta milloin tahansa. Helppo p\u00e4\u00e4sy kolikkopeleihin, live-kasinoon ja bonuksiin.\" \/>\n<meta name=\"robots\" content=\"index, follow, max-snippet:-1, max-image-preview:large, max-video-preview:-1\" \/>\n<meta property=\"og:locale\" content=\"fi_FI\" \/>\n<meta property=\"og:type\" content=\"article\" \/>\n<meta property=\"og:title\" content=\"SpinBetterin lataus - Lataa sovellus Androidilla tai iOS:ll\u00e4.\" \/>\n<meta property=\"og:description\" content=\"Lataa SpinBetter-sovellus puhelimeesi tai tablettiisi ja nauti pelaamisesta milloin tahansa. Helppo p\u00e4\u00e4sy kolikkopeleihin, live-kasinoon ja bonuksiin.\" \/>\n<meta property=\"og:url\" content=\"https:\/\/spinbetter.guru\/fi\/download\/\" \/>\n<meta property=\"og:site_name\" content=\"SpinBetter Plus FI\" \/>\n<meta property=\"article:modified_time\" content=\"2025-03-03T16:28:26+00:00\" \/>\n<meta name=\"twitter:card\" content=\"summary_large_image\" \/>\n<script type=\"application\/ld+json\" class=\"yoast-schema-graph\">{\"@context\":\"https:\/\/schema.org\",\"@graph\":[{\"@type\":\"WebPage\",\"@id\":\"https:\/\/spinbetter.guru\/fi\/download\/\",\"url\":\"https:\/\/spinbetter.guru\/fi\/download\/\",\"name\":\"SpinBetterin lataus - Lataa sovellus Androidilla tai iOS:ll\u00e4.\",\"isPartOf\":{\"@id\":\"https:\/\/spinbetter.guru\/fi\/#website\"},\"datePublished\":\"2024-11-04T09:15:55+00:00\",\"dateModified\":\"2025-03-03T16:28:26+00:00\",\"description\":\"Lataa SpinBetter-sovellus puhelimeesi tai tablettiisi ja nauti pelaamisesta milloin tahansa. Helppo p\u00e4\u00e4sy kolikkopeleihin, live-kasinoon ja bonuksiin.\",\"breadcrumb\":{\"@id\":\"https:\/\/spinbetter.guru\/fi\/download\/#breadcrumb\"},\"inLanguage\":\"fi\",\"potentialAction\":[{\"@type\":\"ReadAction\",\"target\":[\"https:\/\/spinbetter.guru\/fi\/download\/\"]}]},{\"@type\":\"BreadcrumbList\",\"@id\":\"https:\/\/spinbetter.guru\/fi\/download\/#breadcrumb\",\"itemListElement\":[{\"@type\":\"ListItem\",\"position\":1,\"name\":\"\u0413\u043b\u0430\u0432\u043d\u0430\u044f \u0441\u0442\u0440\u0430\u043d\u0438\u0446\u0430\",\"item\":\"https:\/\/spinbetter.guru\/fi\/\"},{\"@type\":\"ListItem\",\"position\":2,\"name\":\"Ladata\"}]},{\"@type\":\"WebSite\",\"@id\":\"https:\/\/spinbetter.guru\/fi\/#website\",\"url\":\"https:\/\/spinbetter.guru\/fi\/\",\"name\":\"SpinBetter Plus FI\",\"description\":\"\",\"potentialAction\":[{\"@type\":\"SearchAction\",\"target\":{\"@type\":\"EntryPoint\",\"urlTemplate\":\"https:\/\/spinbetter.guru\/fi\/?s={search_term_string}\"},\"query-input\":{\"@type\":\"PropertyValueSpecification\",\"valueRequired\":true,\"valueName\":\"search_term_string\"}}],\"inLanguage\":\"fi\"}]}<\/script>\n<!-- \/ Yoast SEO plugin. -->","yoast_head_json":{"title":"SpinBetterin lataus - Lataa sovellus Androidilla tai iOS:ll\u00e4.","description":"Lataa SpinBetter-sovellus puhelimeesi tai tablettiisi ja nauti pelaamisesta milloin tahansa. Helppo p\u00e4\u00e4sy kolikkopeleihin, live-kasinoon ja bonuksiin.","robots":{"index":"index","follow":"follow","max-snippet":"max-snippet:-1","max-image-preview":"max-image-preview:large","max-video-preview":"max-video-preview:-1"},"og_locale":"fi_FI","og_type":"article","og_title":"SpinBetterin lataus - Lataa sovellus Androidilla tai iOS:ll\u00e4.","og_description":"Lataa SpinBetter-sovellus puhelimeesi tai tablettiisi ja nauti pelaamisesta milloin tahansa. Helppo p\u00e4\u00e4sy kolikkopeleihin, live-kasinoon ja bonuksiin.","og_url":"https:\/\/spinbetter.guru\/fi\/download\/","og_site_name":"SpinBetter Plus FI","article_modified_time":"2025-03-03T16:28:26+00:00","twitter_card":"summary_large_image","schema":{"@context":"https:\/\/schema.org","@graph":[{"@type":"WebPage","@id":"https:\/\/spinbetter.guru\/fi\/download\/","url":"https:\/\/spinbetter.guru\/fi\/download\/","name":"SpinBetterin lataus - Lataa sovellus Androidilla tai iOS:ll\u00e4.","isPartOf":{"@id":"https:\/\/spinbetter.guru\/fi\/#website"},"datePublished":"2024-11-04T09:15:55+00:00","dateModified":"2025-03-03T16:28:26+00:00","description":"Lataa SpinBetter-sovellus puhelimeesi tai tablettiisi ja nauti pelaamisesta milloin tahansa. Helppo p\u00e4\u00e4sy kolikkopeleihin, live-kasinoon ja bonuksiin.","breadcrumb":{"@id":"https:\/\/spinbetter.guru\/fi\/download\/#breadcrumb"},"inLanguage":"fi","potentialAction":[{"@type":"ReadAction","target":["https:\/\/spinbetter.guru\/fi\/download\/"]}]},{"@type":"BreadcrumbList","@id":"https:\/\/spinbetter.guru\/fi\/download\/#breadcrumb","itemListElement":[{"@type":"ListItem","position":1,"name":"\u0413\u043b\u0430\u0432\u043d\u0430\u044f \u0441\u0442\u0440\u0430\u043d\u0438\u0446\u0430","item":"https:\/\/spinbetter.guru\/fi\/"},{"@type":"ListItem","position":2,"name":"Ladata"}]},{"@type":"WebSite","@id":"https:\/\/spinbetter.guru\/fi\/#website","url":"https:\/\/spinbetter.guru\/fi\/","name":"SpinBetter Plus FI","description":"","potentialAction":[{"@type":"SearchAction","target":{"@type":"EntryPoint","urlTemplate":"https:\/\/spinbetter.guru\/fi\/?s={search_term_string}"},"query-input":{"@type":"PropertyValueSpecification","valueRequired":true,"valueName":"search_term_string"}}],"inLanguage":"fi"}]}},"_links":{"self":[{"href":"https:\/\/spinbetter.guru\/fi\/wp-json\/wp\/v2\/pages\/322"}],"collection":[{"href":"https:\/\/spinbetter.guru\/fi\/wp-json\/wp\/v2\/pages"}],"about":[{"href":"https:\/\/spinbetter.guru\/fi\/wp-json\/wp\/v2\/types\/page"}],"author":[{"embeddable":true,"href":"https:\/\/spinbetter.guru\/fi\/wp-json\/wp\/v2\/users\/1"}],"replies":[{"embeddable":true,"href":"https:\/\/spinbetter.guru\/fi\/wp-json\/wp\/v2\/comments?post=322"}],"version-history":[{"count":14,"href":"https:\/\/spinbetter.guru\/fi\/wp-json\/wp\/v2\/pages\/322\/revisions"}],"predecessor-version":[{"id":462,"href":"https:\/\/spinbetter.guru\/fi\/wp-json\/wp\/v2\/pages\/322\/revisions\/462"}],"wp:attachment":[{"href":"https:\/\/spinbetter.guru\/fi\/wp-json\/wp\/v2\/media?parent=322"}],"curies":[{"name":"wp","href":"https:\/\/api.w.org\/{rel}","templated":true}]}}