{"id":509,"date":"2025-08-29T09:45:55","date_gmt":"2025-08-29T09:45:55","guid":{"rendered":"https:\/\/spinbetter.guru\/fi\/?page_id=509"},"modified":"2025-08-29T09:46:03","modified_gmt":"2025-08-29T09:46:03","slug":"free-spins-telegram","status":"publish","type":"page","link":"https:\/\/spinbetter.guru\/fi\/bonus\/free-spins-telegram\/","title":{"rendered":"Ilmaiskierrokset"},"content":{"rendered":"","protected":false},"excerpt":{"rendered":"","protected":false},"author":1,"featured_media":0,"parent":314,"menu_order":0,"comment_status":"closed","ping_status":"closed","template":"","meta":{"footnotes":""},"class_list":["post-509","page","type-page","status-publish","hentry"],"yoast_head":"<!-- This site is optimized with the Yoast SEO plugin v23.4 - https:\/\/yoast.com\/wordpress\/plugins\/seo\/ -->\n<title>Lunasta 100 FS &gt; Exclusive SpinBetter Telegram -tarjous!<\/title>\n<meta name=\"description\" content=\"Lopeta odottaminen, nappaa 100 ilmaiskierrostasi vaivattomasti! Tilaa Telegram-uutiskirjeemme ja saat v\u00e4litt\u00f6m\u00e4n p\u00e4\u00e4syn kuumimpiin ja eksklusiivisimpiin SpinBetter-kampanjoihin. T\u00e4m\u00e4 ei ole vitsi \u2013 vain oikeita bonuksia!\" \/>\n<meta name=\"robots\" content=\"index, follow, max-snippet:-1, max-image-preview:large, max-video-preview:-1\" \/>\n<meta property=\"og:locale\" content=\"fi_FI\" \/>\n<meta property=\"og:type\" content=\"article\" \/>\n<meta property=\"og:title\" content=\"Lunasta 100 FS &gt; Exclusive SpinBetter Telegram -tarjous!\" \/>\n<meta property=\"og:description\" content=\"Lopeta odottaminen, nappaa 100 ilmaiskierrostasi vaivattomasti! Tilaa Telegram-uutiskirjeemme ja saat v\u00e4litt\u00f6m\u00e4n p\u00e4\u00e4syn kuumimpiin ja eksklusiivisimpiin SpinBetter-kampanjoihin. T\u00e4m\u00e4 ei ole vitsi \u2013 vain oikeita bonuksia!\" \/>\n<meta property=\"og:url\" content=\"https:\/\/spinbetter.guru\/fi\/bonus\/free-spins-telegram\/\" \/>\n<meta property=\"og:site_name\" content=\"SpinBetter Plus FI\" \/>\n<meta property=\"article:modified_time\" content=\"2025-08-29T09:46:03+00:00\" \/>\n<meta name=\"twitter:card\" content=\"summary_large_image\" \/>\n<script type=\"application\/ld+json\" class=\"yoast-schema-graph\">{\"@context\":\"https:\/\/schema.org\",\"@graph\":[{\"@type\":\"WebPage\",\"@id\":\"https:\/\/spinbetter.guru\/fi\/bonus\/free-spins-telegram\/\",\"url\":\"https:\/\/spinbetter.guru\/fi\/bonus\/free-spins-telegram\/\",\"name\":\"Lunasta 100 FS > Exclusive SpinBetter Telegram -tarjous!\",\"isPartOf\":{\"@id\":\"https:\/\/spinbetter.guru\/fi\/#website\"},\"datePublished\":\"2025-08-29T09:45:55+00:00\",\"dateModified\":\"2025-08-29T09:46:03+00:00\",\"description\":\"Lopeta odottaminen, nappaa 100 ilmaiskierrostasi vaivattomasti! Tilaa Telegram-uutiskirjeemme ja saat v\u00e4litt\u00f6m\u00e4n p\u00e4\u00e4syn kuumimpiin ja eksklusiivisimpiin SpinBetter-kampanjoihin. T\u00e4m\u00e4 ei ole vitsi \u2013 vain oikeita bonuksia!\",\"breadcrumb\":{\"@id\":\"https:\/\/spinbetter.guru\/fi\/bonus\/free-spins-telegram\/#breadcrumb\"},\"inLanguage\":\"fi\",\"potentialAction\":[{\"@type\":\"ReadAction\",\"target\":[\"https:\/\/spinbetter.guru\/fi\/bonus\/free-spins-telegram\/\"]}]},{\"@type\":\"BreadcrumbList\",\"@id\":\"https:\/\/spinbetter.guru\/fi\/bonus\/free-spins-telegram\/#breadcrumb\",\"itemListElement\":[{\"@type\":\"ListItem\",\"position\":1,\"name\":\"\u0413\u043b\u0430\u0432\u043d\u0430\u044f \u0441\u0442\u0440\u0430\u043d\u0438\u0446\u0430\",\"item\":\"https:\/\/spinbetter.guru\/fi\/\"},{\"@type\":\"ListItem\",\"position\":2,\"name\":\"Bonus\",\"item\":\"https:\/\/spinbetter.guru\/fi\/bonus\/\"},{\"@type\":\"ListItem\",\"position\":3,\"name\":\"Ilmaiskierrokset\"}]},{\"@type\":\"WebSite\",\"@id\":\"https:\/\/spinbetter.guru\/fi\/#website\",\"url\":\"https:\/\/spinbetter.guru\/fi\/\",\"name\":\"SpinBetter Plus FI\",\"description\":\"\",\"potentialAction\":[{\"@type\":\"SearchAction\",\"target\":{\"@type\":\"EntryPoint\",\"urlTemplate\":\"https:\/\/spinbetter.guru\/fi\/?s={search_term_string}\"},\"query-input\":{\"@type\":\"PropertyValueSpecification\",\"valueRequired\":true,\"valueName\":\"search_term_string\"}}],\"inLanguage\":\"fi\"}]}<\/script>\n<!-- \/ Yoast SEO plugin. -->","yoast_head_json":{"title":"Lunasta 100 FS > Exclusive SpinBetter Telegram -tarjous!","description":"Lopeta odottaminen, nappaa 100 ilmaiskierrostasi vaivattomasti! Tilaa Telegram-uutiskirjeemme ja saat v\u00e4litt\u00f6m\u00e4n p\u00e4\u00e4syn kuumimpiin ja eksklusiivisimpiin SpinBetter-kampanjoihin. T\u00e4m\u00e4 ei ole vitsi \u2013 vain oikeita bonuksia!","robots":{"index":"index","follow":"follow","max-snippet":"max-snippet:-1","max-image-preview":"max-image-preview:large","max-video-preview":"max-video-preview:-1"},"og_locale":"fi_FI","og_type":"article","og_title":"Lunasta 100 FS > Exclusive SpinBetter Telegram -tarjous!","og_description":"Lopeta odottaminen, nappaa 100 ilmaiskierrostasi vaivattomasti! Tilaa Telegram-uutiskirjeemme ja saat v\u00e4litt\u00f6m\u00e4n p\u00e4\u00e4syn kuumimpiin ja eksklusiivisimpiin SpinBetter-kampanjoihin. T\u00e4m\u00e4 ei ole vitsi \u2013 vain oikeita bonuksia!","og_url":"https:\/\/spinbetter.guru\/fi\/bonus\/free-spins-telegram\/","og_site_name":"SpinBetter Plus FI","article_modified_time":"2025-08-29T09:46:03+00:00","twitter_card":"summary_large_image","schema":{"@context":"https:\/\/schema.org","@graph":[{"@type":"WebPage","@id":"https:\/\/spinbetter.guru\/fi\/bonus\/free-spins-telegram\/","url":"https:\/\/spinbetter.guru\/fi\/bonus\/free-spins-telegram\/","name":"Lunasta 100 FS > Exclusive SpinBetter Telegram -tarjous!","isPartOf":{"@id":"https:\/\/spinbetter.guru\/fi\/#website"},"datePublished":"2025-08-29T09:45:55+00:00","dateModified":"2025-08-29T09:46:03+00:00","description":"Lopeta odottaminen, nappaa 100 ilmaiskierrostasi vaivattomasti! Tilaa Telegram-uutiskirjeemme ja saat v\u00e4litt\u00f6m\u00e4n p\u00e4\u00e4syn kuumimpiin ja eksklusiivisimpiin SpinBetter-kampanjoihin. T\u00e4m\u00e4 ei ole vitsi \u2013 vain oikeita bonuksia!","breadcrumb":{"@id":"https:\/\/spinbetter.guru\/fi\/bonus\/free-spins-telegram\/#breadcrumb"},"inLanguage":"fi","potentialAction":[{"@type":"ReadAction","target":["https:\/\/spinbetter.guru\/fi\/bonus\/free-spins-telegram\/"]}]},{"@type":"BreadcrumbList","@id":"https:\/\/spinbetter.guru\/fi\/bonus\/free-spins-telegram\/#breadcrumb","itemListElement":[{"@type":"ListItem","position":1,"name":"\u0413\u043b\u0430\u0432\u043d\u0430\u044f \u0441\u0442\u0440\u0430\u043d\u0438\u0446\u0430","item":"https:\/\/spinbetter.guru\/fi\/"},{"@type":"ListItem","position":2,"name":"Bonus","item":"https:\/\/spinbetter.guru\/fi\/bonus\/"},{"@type":"ListItem","position":3,"name":"Ilmaiskierrokset"}]},{"@type":"WebSite","@id":"https:\/\/spinbetter.guru\/fi\/#website","url":"https:\/\/spinbetter.guru\/fi\/","name":"SpinBetter Plus FI","description":"","potentialAction":[{"@type":"SearchAction","target":{"@type":"EntryPoint","urlTemplate":"https:\/\/spinbetter.guru\/fi\/?s={search_term_string}"},"query-input":{"@type":"PropertyValueSpecification","valueRequired":true,"valueName":"search_term_string"}}],"inLanguage":"fi"}]}},"_links":{"self":[{"href":"https:\/\/spinbetter.guru\/fi\/wp-json\/wp\/v2\/pages\/509"}],"collection":[{"href":"https:\/\/spinbetter.guru\/fi\/wp-json\/wp\/v2\/pages"}],"about":[{"href":"https:\/\/spinbetter.guru\/fi\/wp-json\/wp\/v2\/types\/page"}],"author":[{"embeddable":true,"href":"https:\/\/spinbetter.guru\/fi\/wp-json\/wp\/v2\/users\/1"}],"replies":[{"embeddable":true,"href":"https:\/\/spinbetter.guru\/fi\/wp-json\/wp\/v2\/comments?post=509"}],"version-history":[{"count":1,"href":"https:\/\/spinbetter.guru\/fi\/wp-json\/wp\/v2\/pages\/509\/revisions"}],"predecessor-version":[{"id":510,"href":"https:\/\/spinbetter.guru\/fi\/wp-json\/wp\/v2\/pages\/509\/revisions\/510"}],"up":[{"embeddable":true,"href":"https:\/\/spinbetter.guru\/fi\/wp-json\/wp\/v2\/pages\/314"}],"wp:attachment":[{"href":"https:\/\/spinbetter.guru\/fi\/wp-json\/wp\/v2\/media?parent=509"}],"curies":[{"name":"wp","href":"https:\/\/api.w.org\/{rel}","templated":true}]}}