{"id":322,"date":"2024-11-04T09:15:55","date_gmt":"2024-11-04T09:15:55","guid":{"rendered":"https:\/\/spinbetter.guru\/fr\/?page_id=322"},"modified":"2025-02-25T12:13:18","modified_gmt":"2025-02-25T12:13:18","slug":"download","status":"publish","type":"page","link":"https:\/\/spinbetter.guru\/fr\/download\/","title":{"rendered":"T\u00e9l\u00e9charger"},"content":{"rendered":"","protected":false},"excerpt":{"rendered":"","protected":false},"author":1,"featured_media":0,"parent":0,"menu_order":0,"comment_status":"closed","ping_status":"closed","template":"","meta":{"footnotes":""},"class_list":["post-322","page","type-page","status-publish","hentry"],"yoast_head":"<!-- This site is optimized with the Yoast SEO plugin v23.4 - https:\/\/yoast.com\/wordpress\/plugins\/seo\/ -->\n<title>T\u00e9l\u00e9charger SpinBetter - T\u00e9l\u00e9chargez l&#039;application sur Android ou iOS<\/title>\n<meta name=\"description\" content=\"T\u00e9l\u00e9chargez l&#039;application SpinBetter sur votre t\u00e9l\u00e9phone ou votre tablette et profitez du jeu \u00e0 tout moment. Acc\u00e8s facile aux machines \u00e0 sous, au casino en direct et aux bonus.\" \/>\n<meta name=\"robots\" content=\"index, follow, max-snippet:-1, max-image-preview:large, max-video-preview:-1\" \/>\n<meta property=\"og:locale\" content=\"fr_FR\" \/>\n<meta property=\"og:type\" content=\"article\" \/>\n<meta property=\"og:title\" content=\"T\u00e9l\u00e9charger SpinBetter - T\u00e9l\u00e9chargez l&#039;application sur Android ou iOS\" \/>\n<meta property=\"og:description\" content=\"T\u00e9l\u00e9chargez l&#039;application SpinBetter sur votre t\u00e9l\u00e9phone ou votre tablette et profitez du jeu \u00e0 tout moment. Acc\u00e8s facile aux machines \u00e0 sous, au casino en direct et aux bonus.\" \/>\n<meta property=\"og:url\" content=\"https:\/\/www.spinbetter.guru\/fr\/download\/\" \/>\n<meta property=\"og:site_name\" content=\"Spinbetter Plus FR\" \/>\n<meta property=\"article:modified_time\" content=\"2025-02-25T12:13:18+00:00\" \/>\n<meta name=\"twitter:card\" content=\"summary_large_image\" \/>\n<script type=\"application\/ld+json\" class=\"yoast-schema-graph\">{\"@context\":\"https:\/\/schema.org\",\"@graph\":[{\"@type\":\"WebPage\",\"@id\":\"https:\/\/www.spinbetter.guru\/fr\/download\/\",\"url\":\"https:\/\/www.spinbetter.guru\/fr\/download\/\",\"name\":\"T\u00e9l\u00e9charger SpinBetter - T\u00e9l\u00e9chargez l'application sur Android ou iOS\",\"isPartOf\":{\"@id\":\"https:\/\/spinbetter.guru\/fr\/#website\"},\"datePublished\":\"2024-11-04T09:15:55+00:00\",\"dateModified\":\"2025-02-25T12:13:18+00:00\",\"description\":\"T\u00e9l\u00e9chargez l'application SpinBetter sur votre t\u00e9l\u00e9phone ou votre tablette et profitez du jeu \u00e0 tout moment. Acc\u00e8s facile aux machines \u00e0 sous, au casino en direct et aux bonus.\",\"breadcrumb\":{\"@id\":\"https:\/\/www.spinbetter.guru\/fr\/download\/#breadcrumb\"},\"inLanguage\":\"fr-FR\",\"potentialAction\":[{\"@type\":\"ReadAction\",\"target\":[\"https:\/\/www.spinbetter.guru\/fr\/download\/\"]}]},{\"@type\":\"BreadcrumbList\",\"@id\":\"https:\/\/www.spinbetter.guru\/fr\/download\/#breadcrumb\",\"itemListElement\":[{\"@type\":\"ListItem\",\"position\":1,\"name\":\"\u0413\u043b\u0430\u0432\u043d\u0430\u044f \u0441\u0442\u0440\u0430\u043d\u0438\u0446\u0430\",\"item\":\"https:\/\/spinbetter.guru\/fr\/\"},{\"@type\":\"ListItem\",\"position\":2,\"name\":\"T\u00e9l\u00e9charger\"}]},{\"@type\":\"WebSite\",\"@id\":\"https:\/\/spinbetter.guru\/fr\/#website\",\"url\":\"https:\/\/spinbetter.guru\/fr\/\",\"name\":\"Spinbetter Plus FR\",\"description\":\"\",\"potentialAction\":[{\"@type\":\"SearchAction\",\"target\":{\"@type\":\"EntryPoint\",\"urlTemplate\":\"https:\/\/spinbetter.guru\/fr\/?s={search_term_string}\"},\"query-input\":{\"@type\":\"PropertyValueSpecification\",\"valueRequired\":true,\"valueName\":\"search_term_string\"}}],\"inLanguage\":\"fr-FR\"}]}<\/script>\n<!-- \/ Yoast SEO plugin. -->","yoast_head_json":{"title":"T\u00e9l\u00e9charger SpinBetter - T\u00e9l\u00e9chargez l'application sur Android ou iOS","description":"T\u00e9l\u00e9chargez l'application SpinBetter sur votre t\u00e9l\u00e9phone ou votre tablette et profitez du jeu \u00e0 tout moment. Acc\u00e8s facile aux machines \u00e0 sous, au casino en direct et aux bonus.","robots":{"index":"index","follow":"follow","max-snippet":"max-snippet:-1","max-image-preview":"max-image-preview:large","max-video-preview":"max-video-preview:-1"},"og_locale":"fr_FR","og_type":"article","og_title":"T\u00e9l\u00e9charger SpinBetter - T\u00e9l\u00e9chargez l'application sur Android ou iOS","og_description":"T\u00e9l\u00e9chargez l'application SpinBetter sur votre t\u00e9l\u00e9phone ou votre tablette et profitez du jeu \u00e0 tout moment. Acc\u00e8s facile aux machines \u00e0 sous, au casino en direct et aux bonus.","og_url":"https:\/\/www.spinbetter.guru\/fr\/download\/","og_site_name":"Spinbetter Plus FR","article_modified_time":"2025-02-25T12:13:18+00:00","twitter_card":"summary_large_image","schema":{"@context":"https:\/\/schema.org","@graph":[{"@type":"WebPage","@id":"https:\/\/www.spinbetter.guru\/fr\/download\/","url":"https:\/\/www.spinbetter.guru\/fr\/download\/","name":"T\u00e9l\u00e9charger SpinBetter - T\u00e9l\u00e9chargez l'application sur Android ou iOS","isPartOf":{"@id":"https:\/\/spinbetter.guru\/fr\/#website"},"datePublished":"2024-11-04T09:15:55+00:00","dateModified":"2025-02-25T12:13:18+00:00","description":"T\u00e9l\u00e9chargez l'application SpinBetter sur votre t\u00e9l\u00e9phone ou votre tablette et profitez du jeu \u00e0 tout moment. Acc\u00e8s facile aux machines \u00e0 sous, au casino en direct et aux bonus.","breadcrumb":{"@id":"https:\/\/www.spinbetter.guru\/fr\/download\/#breadcrumb"},"inLanguage":"fr-FR","potentialAction":[{"@type":"ReadAction","target":["https:\/\/www.spinbetter.guru\/fr\/download\/"]}]},{"@type":"BreadcrumbList","@id":"https:\/\/www.spinbetter.guru\/fr\/download\/#breadcrumb","itemListElement":[{"@type":"ListItem","position":1,"name":"\u0413\u043b\u0430\u0432\u043d\u0430\u044f \u0441\u0442\u0440\u0430\u043d\u0438\u0446\u0430","item":"https:\/\/spinbetter.guru\/fr\/"},{"@type":"ListItem","position":2,"name":"T\u00e9l\u00e9charger"}]},{"@type":"WebSite","@id":"https:\/\/spinbetter.guru\/fr\/#website","url":"https:\/\/spinbetter.guru\/fr\/","name":"Spinbetter Plus FR","description":"","potentialAction":[{"@type":"SearchAction","target":{"@type":"EntryPoint","urlTemplate":"https:\/\/spinbetter.guru\/fr\/?s={search_term_string}"},"query-input":{"@type":"PropertyValueSpecification","valueRequired":true,"valueName":"search_term_string"}}],"inLanguage":"fr-FR"}]}},"_links":{"self":[{"href":"https:\/\/spinbetter.guru\/fr\/wp-json\/wp\/v2\/pages\/322"}],"collection":[{"href":"https:\/\/spinbetter.guru\/fr\/wp-json\/wp\/v2\/pages"}],"about":[{"href":"https:\/\/spinbetter.guru\/fr\/wp-json\/wp\/v2\/types\/page"}],"author":[{"embeddable":true,"href":"https:\/\/spinbetter.guru\/fr\/wp-json\/wp\/v2\/users\/1"}],"replies":[{"embeddable":true,"href":"https:\/\/spinbetter.guru\/fr\/wp-json\/wp\/v2\/comments?post=322"}],"version-history":[{"count":12,"href":"https:\/\/spinbetter.guru\/fr\/wp-json\/wp\/v2\/pages\/322\/revisions"}],"predecessor-version":[{"id":470,"href":"https:\/\/spinbetter.guru\/fr\/wp-json\/wp\/v2\/pages\/322\/revisions\/470"}],"wp:attachment":[{"href":"https:\/\/spinbetter.guru\/fr\/wp-json\/wp\/v2\/media?parent=322"}],"curies":[{"name":"wp","href":"https:\/\/api.w.org\/{rel}","templated":true}]}}