{"id":490,"date":"2025-08-28T12:18:54","date_gmt":"2025-08-28T12:18:54","guid":{"rendered":"https:\/\/spinbetter.guru\/fr\/?page_id=490"},"modified":"2025-08-28T12:19:02","modified_gmt":"2025-08-28T12:19:02","slug":"freebet","status":"publish","type":"page","link":"https:\/\/spinbetter.guru\/fr\/bonus\/freebet\/","title":{"rendered":"Pari gratuit"},"content":{"rendered":"","protected":false},"excerpt":{"rendered":"","protected":false},"author":1,"featured_media":0,"parent":314,"menu_order":0,"comment_status":"closed","ping_status":"closed","template":"","meta":{"footnotes":""},"class_list":["post-490","page","type-page","status-publish","hentry"],"yoast_head":"<!-- This site is optimized with the Yoast SEO plugin v23.4 - https:\/\/yoast.com\/wordpress\/plugins\/seo\/ -->\n<title>Pari gratuit sur mobile\u00a0: obtenez votre bonus de 10\u00a0\u20ac<\/title>\n<meta name=\"description\" content=\"R\u00e9cup\u00e9rez votre pari gratuit mobile jusqu&#039;\u00e0 10 \u20ac directement depuis notre appli et jouez o\u00f9 que vous soyez. Vous \u00eates un joueur acharn\u00e9, nous le savons. Pr\u00eat \u00e0 profiter de vos bonus\u00a0? C&#039;est le moment d&#039;agir\u00a0: les paris vous attendent\u00a0!\" \/>\n<meta name=\"robots\" content=\"index, follow, max-snippet:-1, max-image-preview:large, max-video-preview:-1\" \/>\n<meta property=\"og:locale\" content=\"fr_FR\" \/>\n<meta property=\"og:type\" content=\"article\" \/>\n<meta property=\"og:title\" content=\"Pari gratuit sur mobile\u00a0: obtenez votre bonus de 10\u00a0\u20ac\" \/>\n<meta property=\"og:description\" content=\"R\u00e9cup\u00e9rez votre pari gratuit mobile jusqu&#039;\u00e0 10 \u20ac directement depuis notre appli et jouez o\u00f9 que vous soyez. Vous \u00eates un joueur acharn\u00e9, nous le savons. Pr\u00eat \u00e0 profiter de vos bonus\u00a0? C&#039;est le moment d&#039;agir\u00a0: les paris vous attendent\u00a0!\" \/>\n<meta property=\"og:url\" content=\"https:\/\/spinbetter.guru\/fr\/bonus\/freebet\/\" \/>\n<meta property=\"og:site_name\" content=\"Spinbetter Plus FR\" \/>\n<meta property=\"article:modified_time\" content=\"2025-08-28T12:19:02+00:00\" \/>\n<meta name=\"twitter:card\" content=\"summary_large_image\" \/>\n<script type=\"application\/ld+json\" class=\"yoast-schema-graph\">{\"@context\":\"https:\/\/schema.org\",\"@graph\":[{\"@type\":\"WebPage\",\"@id\":\"https:\/\/spinbetter.guru\/fr\/bonus\/freebet\/\",\"url\":\"https:\/\/spinbetter.guru\/fr\/bonus\/freebet\/\",\"name\":\"Pari gratuit sur mobile\u00a0: obtenez votre bonus de 10\u00a0\u20ac\",\"isPartOf\":{\"@id\":\"https:\/\/spinbetter.guru\/fr\/#website\"},\"datePublished\":\"2025-08-28T12:18:54+00:00\",\"dateModified\":\"2025-08-28T12:19:02+00:00\",\"description\":\"R\u00e9cup\u00e9rez votre pari gratuit mobile jusqu'\u00e0 10 \u20ac directement depuis notre appli et jouez o\u00f9 que vous soyez. Vous \u00eates un joueur acharn\u00e9, nous le savons. Pr\u00eat \u00e0 profiter de vos bonus\u00a0? C'est le moment d'agir\u00a0: les paris vous attendent\u00a0!\",\"breadcrumb\":{\"@id\":\"https:\/\/spinbetter.guru\/fr\/bonus\/freebet\/#breadcrumb\"},\"inLanguage\":\"fr-FR\",\"potentialAction\":[{\"@type\":\"ReadAction\",\"target\":[\"https:\/\/spinbetter.guru\/fr\/bonus\/freebet\/\"]}]},{\"@type\":\"BreadcrumbList\",\"@id\":\"https:\/\/spinbetter.guru\/fr\/bonus\/freebet\/#breadcrumb\",\"itemListElement\":[{\"@type\":\"ListItem\",\"position\":1,\"name\":\"\u0413\u043b\u0430\u0432\u043d\u0430\u044f \u0441\u0442\u0440\u0430\u043d\u0438\u0446\u0430\",\"item\":\"https:\/\/spinbetter.guru\/fr\/\"},{\"@type\":\"ListItem\",\"position\":2,\"name\":\"Prime\",\"item\":\"https:\/\/spinbetter.guru\/fr\/bonus\/\"},{\"@type\":\"ListItem\",\"position\":3,\"name\":\"Pari gratuit\"}]},{\"@type\":\"WebSite\",\"@id\":\"https:\/\/spinbetter.guru\/fr\/#website\",\"url\":\"https:\/\/spinbetter.guru\/fr\/\",\"name\":\"Spinbetter Plus FR\",\"description\":\"\",\"potentialAction\":[{\"@type\":\"SearchAction\",\"target\":{\"@type\":\"EntryPoint\",\"urlTemplate\":\"https:\/\/spinbetter.guru\/fr\/?s={search_term_string}\"},\"query-input\":{\"@type\":\"PropertyValueSpecification\",\"valueRequired\":true,\"valueName\":\"search_term_string\"}}],\"inLanguage\":\"fr-FR\"}]}<\/script>\n<!-- \/ Yoast SEO plugin. -->","yoast_head_json":{"title":"Pari gratuit sur mobile\u00a0: obtenez votre bonus de 10\u00a0\u20ac","description":"R\u00e9cup\u00e9rez votre pari gratuit mobile jusqu'\u00e0 10 \u20ac directement depuis notre appli et jouez o\u00f9 que vous soyez. Vous \u00eates un joueur acharn\u00e9, nous le savons. Pr\u00eat \u00e0 profiter de vos bonus\u00a0? C'est le moment d'agir\u00a0: les paris vous attendent\u00a0!","robots":{"index":"index","follow":"follow","max-snippet":"max-snippet:-1","max-image-preview":"max-image-preview:large","max-video-preview":"max-video-preview:-1"},"og_locale":"fr_FR","og_type":"article","og_title":"Pari gratuit sur mobile\u00a0: obtenez votre bonus de 10\u00a0\u20ac","og_description":"R\u00e9cup\u00e9rez votre pari gratuit mobile jusqu'\u00e0 10 \u20ac directement depuis notre appli et jouez o\u00f9 que vous soyez. Vous \u00eates un joueur acharn\u00e9, nous le savons. Pr\u00eat \u00e0 profiter de vos bonus\u00a0? C'est le moment d'agir\u00a0: les paris vous attendent\u00a0!","og_url":"https:\/\/spinbetter.guru\/fr\/bonus\/freebet\/","og_site_name":"Spinbetter Plus FR","article_modified_time":"2025-08-28T12:19:02+00:00","twitter_card":"summary_large_image","schema":{"@context":"https:\/\/schema.org","@graph":[{"@type":"WebPage","@id":"https:\/\/spinbetter.guru\/fr\/bonus\/freebet\/","url":"https:\/\/spinbetter.guru\/fr\/bonus\/freebet\/","name":"Pari gratuit sur mobile\u00a0: obtenez votre bonus de 10\u00a0\u20ac","isPartOf":{"@id":"https:\/\/spinbetter.guru\/fr\/#website"},"datePublished":"2025-08-28T12:18:54+00:00","dateModified":"2025-08-28T12:19:02+00:00","description":"R\u00e9cup\u00e9rez votre pari gratuit mobile jusqu'\u00e0 10 \u20ac directement depuis notre appli et jouez o\u00f9 que vous soyez. Vous \u00eates un joueur acharn\u00e9, nous le savons. Pr\u00eat \u00e0 profiter de vos bonus\u00a0? C'est le moment d'agir\u00a0: les paris vous attendent\u00a0!","breadcrumb":{"@id":"https:\/\/spinbetter.guru\/fr\/bonus\/freebet\/#breadcrumb"},"inLanguage":"fr-FR","potentialAction":[{"@type":"ReadAction","target":["https:\/\/spinbetter.guru\/fr\/bonus\/freebet\/"]}]},{"@type":"BreadcrumbList","@id":"https:\/\/spinbetter.guru\/fr\/bonus\/freebet\/#breadcrumb","itemListElement":[{"@type":"ListItem","position":1,"name":"\u0413\u043b\u0430\u0432\u043d\u0430\u044f \u0441\u0442\u0440\u0430\u043d\u0438\u0446\u0430","item":"https:\/\/spinbetter.guru\/fr\/"},{"@type":"ListItem","position":2,"name":"Prime","item":"https:\/\/spinbetter.guru\/fr\/bonus\/"},{"@type":"ListItem","position":3,"name":"Pari gratuit"}]},{"@type":"WebSite","@id":"https:\/\/spinbetter.guru\/fr\/#website","url":"https:\/\/spinbetter.guru\/fr\/","name":"Spinbetter Plus FR","description":"","potentialAction":[{"@type":"SearchAction","target":{"@type":"EntryPoint","urlTemplate":"https:\/\/spinbetter.guru\/fr\/?s={search_term_string}"},"query-input":{"@type":"PropertyValueSpecification","valueRequired":true,"valueName":"search_term_string"}}],"inLanguage":"fr-FR"}]}},"_links":{"self":[{"href":"https:\/\/spinbetter.guru\/fr\/wp-json\/wp\/v2\/pages\/490"}],"collection":[{"href":"https:\/\/spinbetter.guru\/fr\/wp-json\/wp\/v2\/pages"}],"about":[{"href":"https:\/\/spinbetter.guru\/fr\/wp-json\/wp\/v2\/types\/page"}],"author":[{"embeddable":true,"href":"https:\/\/spinbetter.guru\/fr\/wp-json\/wp\/v2\/users\/1"}],"replies":[{"embeddable":true,"href":"https:\/\/spinbetter.guru\/fr\/wp-json\/wp\/v2\/comments?post=490"}],"version-history":[{"count":1,"href":"https:\/\/spinbetter.guru\/fr\/wp-json\/wp\/v2\/pages\/490\/revisions"}],"predecessor-version":[{"id":491,"href":"https:\/\/spinbetter.guru\/fr\/wp-json\/wp\/v2\/pages\/490\/revisions\/491"}],"up":[{"embeddable":true,"href":"https:\/\/spinbetter.guru\/fr\/wp-json\/wp\/v2\/pages\/314"}],"wp:attachment":[{"href":"https:\/\/spinbetter.guru\/fr\/wp-json\/wp\/v2\/media?parent=490"}],"curies":[{"name":"wp","href":"https:\/\/api.w.org\/{rel}","templated":true}]}}