{"id":492,"date":"2025-08-29T09:49:25","date_gmt":"2025-08-29T09:49:25","guid":{"rendered":"https:\/\/spinbetter.guru\/fr\/?page_id=492"},"modified":"2025-08-29T09:49:35","modified_gmt":"2025-08-29T09:49:35","slug":"free-spins-telegram","status":"publish","type":"page","link":"https:\/\/spinbetter.guru\/fr\/bonus\/free-spins-telegram\/","title":{"rendered":"Tours gratuits"},"content":{"rendered":"","protected":false},"excerpt":{"rendered":"","protected":false},"author":1,"featured_media":0,"parent":314,"menu_order":0,"comment_status":"closed","ping_status":"closed","template":"","meta":{"footnotes":""},"class_list":["post-492","page","type-page","status-publish","hentry"],"yoast_head":"<!-- This site is optimized with the Yoast SEO plugin v23.4 - https:\/\/yoast.com\/wordpress\/plugins\/seo\/ -->\n<title>R\u00e9clamez 100 FS &gt; Offre exclusive SpinBetter Telegram\u00a0!<\/title>\n<meta name=\"description\" content=\"N&#039;attendez plus et obtenez vos 100 tours gratuits sans souci\u00a0! Abonnez-vous \u00e0 notre cha\u00eene Telegram et acc\u00e9dez instantan\u00e9ment aux promotions SpinBetter les plus exclusives. Ce n&#039;est pas une blague\u00a0! Que des bonus\u00a0!\" \/>\n<meta name=\"robots\" content=\"index, follow, max-snippet:-1, max-image-preview:large, max-video-preview:-1\" \/>\n<meta property=\"og:locale\" content=\"fr_FR\" \/>\n<meta property=\"og:type\" content=\"article\" \/>\n<meta property=\"og:title\" content=\"R\u00e9clamez 100 FS &gt; Offre exclusive SpinBetter Telegram\u00a0!\" \/>\n<meta property=\"og:description\" content=\"N&#039;attendez plus et obtenez vos 100 tours gratuits sans souci\u00a0! Abonnez-vous \u00e0 notre cha\u00eene Telegram et acc\u00e9dez instantan\u00e9ment aux promotions SpinBetter les plus exclusives. Ce n&#039;est pas une blague\u00a0! Que des bonus\u00a0!\" \/>\n<meta property=\"og:url\" content=\"https:\/\/spinbetter.guru\/fr\/bonus\/free-spins-telegram\/\" \/>\n<meta property=\"og:site_name\" content=\"Spinbetter Plus FR\" \/>\n<meta property=\"article:modified_time\" content=\"2025-08-29T09:49:35+00:00\" \/>\n<meta name=\"twitter:card\" content=\"summary_large_image\" \/>\n<script type=\"application\/ld+json\" class=\"yoast-schema-graph\">{\"@context\":\"https:\/\/schema.org\",\"@graph\":[{\"@type\":\"WebPage\",\"@id\":\"https:\/\/spinbetter.guru\/fr\/bonus\/free-spins-telegram\/\",\"url\":\"https:\/\/spinbetter.guru\/fr\/bonus\/free-spins-telegram\/\",\"name\":\"R\u00e9clamez 100 FS > Offre exclusive SpinBetter Telegram\u00a0!\",\"isPartOf\":{\"@id\":\"https:\/\/spinbetter.guru\/fr\/#website\"},\"datePublished\":\"2025-08-29T09:49:25+00:00\",\"dateModified\":\"2025-08-29T09:49:35+00:00\",\"description\":\"N'attendez plus et obtenez vos 100 tours gratuits sans souci\u00a0! Abonnez-vous \u00e0 notre cha\u00eene Telegram et acc\u00e9dez instantan\u00e9ment aux promotions SpinBetter les plus exclusives. Ce n'est pas une blague\u00a0! Que des bonus\u00a0!\",\"breadcrumb\":{\"@id\":\"https:\/\/spinbetter.guru\/fr\/bonus\/free-spins-telegram\/#breadcrumb\"},\"inLanguage\":\"fr-FR\",\"potentialAction\":[{\"@type\":\"ReadAction\",\"target\":[\"https:\/\/spinbetter.guru\/fr\/bonus\/free-spins-telegram\/\"]}]},{\"@type\":\"BreadcrumbList\",\"@id\":\"https:\/\/spinbetter.guru\/fr\/bonus\/free-spins-telegram\/#breadcrumb\",\"itemListElement\":[{\"@type\":\"ListItem\",\"position\":1,\"name\":\"\u0413\u043b\u0430\u0432\u043d\u0430\u044f \u0441\u0442\u0440\u0430\u043d\u0438\u0446\u0430\",\"item\":\"https:\/\/spinbetter.guru\/fr\/\"},{\"@type\":\"ListItem\",\"position\":2,\"name\":\"Prime\",\"item\":\"https:\/\/spinbetter.guru\/fr\/bonus\/\"},{\"@type\":\"ListItem\",\"position\":3,\"name\":\"Tours gratuits\"}]},{\"@type\":\"WebSite\",\"@id\":\"https:\/\/spinbetter.guru\/fr\/#website\",\"url\":\"https:\/\/spinbetter.guru\/fr\/\",\"name\":\"Spinbetter Plus FR\",\"description\":\"\",\"potentialAction\":[{\"@type\":\"SearchAction\",\"target\":{\"@type\":\"EntryPoint\",\"urlTemplate\":\"https:\/\/spinbetter.guru\/fr\/?s={search_term_string}\"},\"query-input\":{\"@type\":\"PropertyValueSpecification\",\"valueRequired\":true,\"valueName\":\"search_term_string\"}}],\"inLanguage\":\"fr-FR\"}]}<\/script>\n<!-- \/ Yoast SEO plugin. -->","yoast_head_json":{"title":"R\u00e9clamez 100 FS > Offre exclusive SpinBetter Telegram\u00a0!","description":"N'attendez plus et obtenez vos 100 tours gratuits sans souci\u00a0! Abonnez-vous \u00e0 notre cha\u00eene Telegram et acc\u00e9dez instantan\u00e9ment aux promotions SpinBetter les plus exclusives. Ce n'est pas une blague\u00a0! Que des bonus\u00a0!","robots":{"index":"index","follow":"follow","max-snippet":"max-snippet:-1","max-image-preview":"max-image-preview:large","max-video-preview":"max-video-preview:-1"},"og_locale":"fr_FR","og_type":"article","og_title":"R\u00e9clamez 100 FS > Offre exclusive SpinBetter Telegram\u00a0!","og_description":"N'attendez plus et obtenez vos 100 tours gratuits sans souci\u00a0! Abonnez-vous \u00e0 notre cha\u00eene Telegram et acc\u00e9dez instantan\u00e9ment aux promotions SpinBetter les plus exclusives. Ce n'est pas une blague\u00a0! Que des bonus\u00a0!","og_url":"https:\/\/spinbetter.guru\/fr\/bonus\/free-spins-telegram\/","og_site_name":"Spinbetter Plus FR","article_modified_time":"2025-08-29T09:49:35+00:00","twitter_card":"summary_large_image","schema":{"@context":"https:\/\/schema.org","@graph":[{"@type":"WebPage","@id":"https:\/\/spinbetter.guru\/fr\/bonus\/free-spins-telegram\/","url":"https:\/\/spinbetter.guru\/fr\/bonus\/free-spins-telegram\/","name":"R\u00e9clamez 100 FS > Offre exclusive SpinBetter Telegram\u00a0!","isPartOf":{"@id":"https:\/\/spinbetter.guru\/fr\/#website"},"datePublished":"2025-08-29T09:49:25+00:00","dateModified":"2025-08-29T09:49:35+00:00","description":"N'attendez plus et obtenez vos 100 tours gratuits sans souci\u00a0! Abonnez-vous \u00e0 notre cha\u00eene Telegram et acc\u00e9dez instantan\u00e9ment aux promotions SpinBetter les plus exclusives. Ce n'est pas une blague\u00a0! Que des bonus\u00a0!","breadcrumb":{"@id":"https:\/\/spinbetter.guru\/fr\/bonus\/free-spins-telegram\/#breadcrumb"},"inLanguage":"fr-FR","potentialAction":[{"@type":"ReadAction","target":["https:\/\/spinbetter.guru\/fr\/bonus\/free-spins-telegram\/"]}]},{"@type":"BreadcrumbList","@id":"https:\/\/spinbetter.guru\/fr\/bonus\/free-spins-telegram\/#breadcrumb","itemListElement":[{"@type":"ListItem","position":1,"name":"\u0413\u043b\u0430\u0432\u043d\u0430\u044f \u0441\u0442\u0440\u0430\u043d\u0438\u0446\u0430","item":"https:\/\/spinbetter.guru\/fr\/"},{"@type":"ListItem","position":2,"name":"Prime","item":"https:\/\/spinbetter.guru\/fr\/bonus\/"},{"@type":"ListItem","position":3,"name":"Tours gratuits"}]},{"@type":"WebSite","@id":"https:\/\/spinbetter.guru\/fr\/#website","url":"https:\/\/spinbetter.guru\/fr\/","name":"Spinbetter Plus FR","description":"","potentialAction":[{"@type":"SearchAction","target":{"@type":"EntryPoint","urlTemplate":"https:\/\/spinbetter.guru\/fr\/?s={search_term_string}"},"query-input":{"@type":"PropertyValueSpecification","valueRequired":true,"valueName":"search_term_string"}}],"inLanguage":"fr-FR"}]}},"_links":{"self":[{"href":"https:\/\/spinbetter.guru\/fr\/wp-json\/wp\/v2\/pages\/492"}],"collection":[{"href":"https:\/\/spinbetter.guru\/fr\/wp-json\/wp\/v2\/pages"}],"about":[{"href":"https:\/\/spinbetter.guru\/fr\/wp-json\/wp\/v2\/types\/page"}],"author":[{"embeddable":true,"href":"https:\/\/spinbetter.guru\/fr\/wp-json\/wp\/v2\/users\/1"}],"replies":[{"embeddable":true,"href":"https:\/\/spinbetter.guru\/fr\/wp-json\/wp\/v2\/comments?post=492"}],"version-history":[{"count":1,"href":"https:\/\/spinbetter.guru\/fr\/wp-json\/wp\/v2\/pages\/492\/revisions"}],"predecessor-version":[{"id":493,"href":"https:\/\/spinbetter.guru\/fr\/wp-json\/wp\/v2\/pages\/492\/revisions\/493"}],"up":[{"embeddable":true,"href":"https:\/\/spinbetter.guru\/fr\/wp-json\/wp\/v2\/pages\/314"}],"wp:attachment":[{"href":"https:\/\/spinbetter.guru\/fr\/wp-json\/wp\/v2\/media?parent=492"}],"curies":[{"name":"wp","href":"https:\/\/api.w.org\/{rel}","templated":true}]}}