{"id":303,"date":"2024-11-04T09:15:42","date_gmt":"2024-11-04T09:15:42","guid":{"rendered":"https:\/\/spinbetter.guru\/hr\/?page_id=303"},"modified":"2026-01-13T13:51:15","modified_gmt":"2026-01-13T13:51:15","slug":"registration","status":"publish","type":"page","link":"https:\/\/spinbetter.guru\/hr\/registration\/","title":{"rendered":"Registracija"},"content":{"rendered":"","protected":false},"excerpt":{"rendered":"","protected":false},"author":1,"featured_media":0,"parent":0,"menu_order":0,"comment_status":"closed","ping_status":"closed","template":"","meta":{"footnotes":""},"class_list":["post-303","page","type-page","status-publish","hentry"],"yoast_head":"<!-- This site is optimized with the Yoast SEO plugin v23.4 - https:\/\/yoast.com\/wordpress\/plugins\/seo\/ -->\n<title>SpinBetter registracija &gt; Otvorite ra\u010dun i osvojite bonuse!<\/title>\n<meta name=\"description\" content=\"Prijavite se na SpinBetter i dobijte pristup automatima, kasinu u\u017eivo i bonusima za nove igra\u010de! Jednostavna registracija - po\u010dnite osvajati ve\u0107 danas.\" \/>\n<meta name=\"robots\" content=\"index, follow, max-snippet:-1, max-image-preview:large, max-video-preview:-1\" \/>\n<meta property=\"og:locale\" content=\"hr_HR\" \/>\n<meta property=\"og:type\" content=\"article\" \/>\n<meta property=\"og:title\" content=\"SpinBetter registracija &gt; Otvorite ra\u010dun i osvojite bonuse!\" \/>\n<meta property=\"og:description\" content=\"Prijavite se na SpinBetter i dobijte pristup automatima, kasinu u\u017eivo i bonusima za nove igra\u010de! Jednostavna registracija - po\u010dnite osvajati ve\u0107 danas.\" \/>\n<meta property=\"og:url\" content=\"https:\/\/spinbetter.guru\/hr\/registration\/\" \/>\n<meta property=\"og:site_name\" content=\"SpinBetter Plus HR\" \/>\n<meta property=\"article:modified_time\" content=\"2026-01-13T13:51:15+00:00\" \/>\n<meta name=\"twitter:card\" content=\"summary_large_image\" \/>\n<script type=\"application\/ld+json\" class=\"yoast-schema-graph\">{\"@context\":\"https:\/\/schema.org\",\"@graph\":[{\"@type\":\"WebPage\",\"@id\":\"https:\/\/spinbetter.guru\/hr\/registration\/\",\"url\":\"https:\/\/spinbetter.guru\/hr\/registration\/\",\"name\":\"SpinBetter registracija > Otvorite ra\u010dun i osvojite bonuse!\",\"isPartOf\":{\"@id\":\"https:\/\/spinbetter.guru\/hr\/#website\"},\"datePublished\":\"2024-11-04T09:15:42+00:00\",\"dateModified\":\"2026-01-13T13:51:15+00:00\",\"description\":\"Prijavite se na SpinBetter i dobijte pristup automatima, kasinu u\u017eivo i bonusima za nove igra\u010de! Jednostavna registracija - po\u010dnite osvajati ve\u0107 danas.\",\"breadcrumb\":{\"@id\":\"https:\/\/spinbetter.guru\/hr\/registration\/#breadcrumb\"},\"inLanguage\":\"hr\",\"potentialAction\":[{\"@type\":\"ReadAction\",\"target\":[\"https:\/\/spinbetter.guru\/hr\/registration\/\"]}]},{\"@type\":\"BreadcrumbList\",\"@id\":\"https:\/\/spinbetter.guru\/hr\/registration\/#breadcrumb\",\"itemListElement\":[{\"@type\":\"ListItem\",\"position\":1,\"name\":\"\u0413\u043b\u0430\u0432\u043d\u0430\u044f \u0441\u0442\u0440\u0430\u043d\u0438\u0446\u0430\",\"item\":\"https:\/\/spinbetter.guru\/hr\/\"},{\"@type\":\"ListItem\",\"position\":2,\"name\":\"Registracija\"}]},{\"@type\":\"WebSite\",\"@id\":\"https:\/\/spinbetter.guru\/hr\/#website\",\"url\":\"https:\/\/spinbetter.guru\/hr\/\",\"name\":\"SpinBetter Plus HR\",\"description\":\"\",\"potentialAction\":[{\"@type\":\"SearchAction\",\"target\":{\"@type\":\"EntryPoint\",\"urlTemplate\":\"https:\/\/spinbetter.guru\/hr\/?s={search_term_string}\"},\"query-input\":{\"@type\":\"PropertyValueSpecification\",\"valueRequired\":true,\"valueName\":\"search_term_string\"}}],\"inLanguage\":\"hr\"}]}<\/script>\n<!-- \/ Yoast SEO plugin. -->","yoast_head_json":{"title":"SpinBetter registracija > Otvorite ra\u010dun i osvojite bonuse!","description":"Prijavite se na SpinBetter i dobijte pristup automatima, kasinu u\u017eivo i bonusima za nove igra\u010de! Jednostavna registracija - po\u010dnite osvajati ve\u0107 danas.","robots":{"index":"index","follow":"follow","max-snippet":"max-snippet:-1","max-image-preview":"max-image-preview:large","max-video-preview":"max-video-preview:-1"},"og_locale":"hr_HR","og_type":"article","og_title":"SpinBetter registracija > Otvorite ra\u010dun i osvojite bonuse!","og_description":"Prijavite se na SpinBetter i dobijte pristup automatima, kasinu u\u017eivo i bonusima za nove igra\u010de! Jednostavna registracija - po\u010dnite osvajati ve\u0107 danas.","og_url":"https:\/\/spinbetter.guru\/hr\/registration\/","og_site_name":"SpinBetter Plus HR","article_modified_time":"2026-01-13T13:51:15+00:00","twitter_card":"summary_large_image","schema":{"@context":"https:\/\/schema.org","@graph":[{"@type":"WebPage","@id":"https:\/\/spinbetter.guru\/hr\/registration\/","url":"https:\/\/spinbetter.guru\/hr\/registration\/","name":"SpinBetter registracija > Otvorite ra\u010dun i osvojite bonuse!","isPartOf":{"@id":"https:\/\/spinbetter.guru\/hr\/#website"},"datePublished":"2024-11-04T09:15:42+00:00","dateModified":"2026-01-13T13:51:15+00:00","description":"Prijavite se na SpinBetter i dobijte pristup automatima, kasinu u\u017eivo i bonusima za nove igra\u010de! Jednostavna registracija - po\u010dnite osvajati ve\u0107 danas.","breadcrumb":{"@id":"https:\/\/spinbetter.guru\/hr\/registration\/#breadcrumb"},"inLanguage":"hr","potentialAction":[{"@type":"ReadAction","target":["https:\/\/spinbetter.guru\/hr\/registration\/"]}]},{"@type":"BreadcrumbList","@id":"https:\/\/spinbetter.guru\/hr\/registration\/#breadcrumb","itemListElement":[{"@type":"ListItem","position":1,"name":"\u0413\u043b\u0430\u0432\u043d\u0430\u044f \u0441\u0442\u0440\u0430\u043d\u0438\u0446\u0430","item":"https:\/\/spinbetter.guru\/hr\/"},{"@type":"ListItem","position":2,"name":"Registracija"}]},{"@type":"WebSite","@id":"https:\/\/spinbetter.guru\/hr\/#website","url":"https:\/\/spinbetter.guru\/hr\/","name":"SpinBetter Plus HR","description":"","potentialAction":[{"@type":"SearchAction","target":{"@type":"EntryPoint","urlTemplate":"https:\/\/spinbetter.guru\/hr\/?s={search_term_string}"},"query-input":{"@type":"PropertyValueSpecification","valueRequired":true,"valueName":"search_term_string"}}],"inLanguage":"hr"}]}},"_links":{"self":[{"href":"https:\/\/spinbetter.guru\/hr\/wp-json\/wp\/v2\/pages\/303"}],"collection":[{"href":"https:\/\/spinbetter.guru\/hr\/wp-json\/wp\/v2\/pages"}],"about":[{"href":"https:\/\/spinbetter.guru\/hr\/wp-json\/wp\/v2\/types\/page"}],"author":[{"embeddable":true,"href":"https:\/\/spinbetter.guru\/hr\/wp-json\/wp\/v2\/users\/1"}],"replies":[{"embeddable":true,"href":"https:\/\/spinbetter.guru\/hr\/wp-json\/wp\/v2\/comments?post=303"}],"version-history":[{"count":17,"href":"https:\/\/spinbetter.guru\/hr\/wp-json\/wp\/v2\/pages\/303\/revisions"}],"predecessor-version":[{"id":516,"href":"https:\/\/spinbetter.guru\/hr\/wp-json\/wp\/v2\/pages\/303\/revisions\/516"}],"wp:attachment":[{"href":"https:\/\/spinbetter.guru\/hr\/wp-json\/wp\/v2\/media?parent=303"}],"curies":[{"name":"wp","href":"https:\/\/api.w.org\/{rel}","templated":true}]}}