{"id":497,"date":"2025-08-20T08:23:02","date_gmt":"2025-08-20T08:23:02","guid":{"rendered":"https:\/\/spinbetter.guru\/hr\/?page_id=497"},"modified":"2025-08-20T08:23:10","modified_gmt":"2025-08-20T08:23:10","slug":"welcome-bonus","status":"publish","type":"page","link":"https:\/\/spinbetter.guru\/hr\/bonus\/welcome-bonus\/","title":{"rendered":"Bonus dobrodo\u0161lice"},"content":{"rendered":"","protected":false},"excerpt":{"rendered":"","protected":false},"author":1,"featured_media":0,"parent":314,"menu_order":0,"comment_status":"closed","ping_status":"closed","template":"","meta":{"footnotes":""},"class_list":["post-497","page","type-page","status-publish","hentry"],"yoast_head":"<!-- This site is optimized with the Yoast SEO plugin v23.4 - https:\/\/yoast.com\/wordpress\/plugins\/seo\/ -->\n<title>Spinbetter bonus dobrodo\u0161lice 1500 \u20ac + 150 besplatnih okretaja<\/title>\n<meta name=\"description\" content=\"Spremni za osvajanje jackpota? Uzmite svoj mega-bonus do 1500 \u20ac i 150 besplatnih okretaja na prva 4 depozita! To nije samo dobrodo\u0161lica - to je va\u0161a propusnica za elitu profesionalnih igra\u010da. Igrajte na veliko!\" \/>\n<meta name=\"robots\" content=\"index, follow, max-snippet:-1, max-image-preview:large, max-video-preview:-1\" \/>\n<meta property=\"og:locale\" content=\"hr_HR\" \/>\n<meta property=\"og:type\" content=\"article\" \/>\n<meta property=\"og:title\" content=\"Spinbetter bonus dobrodo\u0161lice 1500 \u20ac + 150 besplatnih okretaja\" \/>\n<meta property=\"og:description\" content=\"Spremni za osvajanje jackpota? Uzmite svoj mega-bonus do 1500 \u20ac i 150 besplatnih okretaja na prva 4 depozita! To nije samo dobrodo\u0161lica - to je va\u0161a propusnica za elitu profesionalnih igra\u010da. Igrajte na veliko!\" \/>\n<meta property=\"og:url\" content=\"https:\/\/spinbetter.guru\/hr\/bonus\/welcome-bonus\/\" \/>\n<meta property=\"og:site_name\" content=\"SpinBetter Plus HR\" \/>\n<meta property=\"article:modified_time\" content=\"2025-08-20T08:23:10+00:00\" \/>\n<meta name=\"twitter:card\" content=\"summary_large_image\" \/>\n<script type=\"application\/ld+json\" class=\"yoast-schema-graph\">{\"@context\":\"https:\/\/schema.org\",\"@graph\":[{\"@type\":\"WebPage\",\"@id\":\"https:\/\/spinbetter.guru\/hr\/bonus\/welcome-bonus\/\",\"url\":\"https:\/\/spinbetter.guru\/hr\/bonus\/welcome-bonus\/\",\"name\":\"Spinbetter bonus dobrodo\u0161lice 1500 \u20ac + 150 besplatnih okretaja\",\"isPartOf\":{\"@id\":\"https:\/\/spinbetter.guru\/hr\/#website\"},\"datePublished\":\"2025-08-20T08:23:02+00:00\",\"dateModified\":\"2025-08-20T08:23:10+00:00\",\"description\":\"Spremni za osvajanje jackpota? Uzmite svoj mega-bonus do 1500 \u20ac i 150 besplatnih okretaja na prva 4 depozita! To nije samo dobrodo\u0161lica - to je va\u0161a propusnica za elitu profesionalnih igra\u010da. Igrajte na veliko!\",\"breadcrumb\":{\"@id\":\"https:\/\/spinbetter.guru\/hr\/bonus\/welcome-bonus\/#breadcrumb\"},\"inLanguage\":\"hr\",\"potentialAction\":[{\"@type\":\"ReadAction\",\"target\":[\"https:\/\/spinbetter.guru\/hr\/bonus\/welcome-bonus\/\"]}]},{\"@type\":\"BreadcrumbList\",\"@id\":\"https:\/\/spinbetter.guru\/hr\/bonus\/welcome-bonus\/#breadcrumb\",\"itemListElement\":[{\"@type\":\"ListItem\",\"position\":1,\"name\":\"\u0413\u043b\u0430\u0432\u043d\u0430\u044f \u0441\u0442\u0440\u0430\u043d\u0438\u0446\u0430\",\"item\":\"https:\/\/spinbetter.guru\/hr\/\"},{\"@type\":\"ListItem\",\"position\":2,\"name\":\"Bonus\",\"item\":\"https:\/\/spinbetter.guru\/hr\/bonus\/\"},{\"@type\":\"ListItem\",\"position\":3,\"name\":\"Bonus dobrodo\u0161lice\"}]},{\"@type\":\"WebSite\",\"@id\":\"https:\/\/spinbetter.guru\/hr\/#website\",\"url\":\"https:\/\/spinbetter.guru\/hr\/\",\"name\":\"SpinBetter Plus HR\",\"description\":\"\",\"potentialAction\":[{\"@type\":\"SearchAction\",\"target\":{\"@type\":\"EntryPoint\",\"urlTemplate\":\"https:\/\/spinbetter.guru\/hr\/?s={search_term_string}\"},\"query-input\":{\"@type\":\"PropertyValueSpecification\",\"valueRequired\":true,\"valueName\":\"search_term_string\"}}],\"inLanguage\":\"hr\"}]}<\/script>\n<!-- \/ Yoast SEO plugin. -->","yoast_head_json":{"title":"Spinbetter bonus dobrodo\u0161lice 1500 \u20ac + 150 besplatnih okretaja","description":"Spremni za osvajanje jackpota? Uzmite svoj mega-bonus do 1500 \u20ac i 150 besplatnih okretaja na prva 4 depozita! To nije samo dobrodo\u0161lica - to je va\u0161a propusnica za elitu profesionalnih igra\u010da. Igrajte na veliko!","robots":{"index":"index","follow":"follow","max-snippet":"max-snippet:-1","max-image-preview":"max-image-preview:large","max-video-preview":"max-video-preview:-1"},"og_locale":"hr_HR","og_type":"article","og_title":"Spinbetter bonus dobrodo\u0161lice 1500 \u20ac + 150 besplatnih okretaja","og_description":"Spremni za osvajanje jackpota? Uzmite svoj mega-bonus do 1500 \u20ac i 150 besplatnih okretaja na prva 4 depozita! To nije samo dobrodo\u0161lica - to je va\u0161a propusnica za elitu profesionalnih igra\u010da. Igrajte na veliko!","og_url":"https:\/\/spinbetter.guru\/hr\/bonus\/welcome-bonus\/","og_site_name":"SpinBetter Plus HR","article_modified_time":"2025-08-20T08:23:10+00:00","twitter_card":"summary_large_image","schema":{"@context":"https:\/\/schema.org","@graph":[{"@type":"WebPage","@id":"https:\/\/spinbetter.guru\/hr\/bonus\/welcome-bonus\/","url":"https:\/\/spinbetter.guru\/hr\/bonus\/welcome-bonus\/","name":"Spinbetter bonus dobrodo\u0161lice 1500 \u20ac + 150 besplatnih okretaja","isPartOf":{"@id":"https:\/\/spinbetter.guru\/hr\/#website"},"datePublished":"2025-08-20T08:23:02+00:00","dateModified":"2025-08-20T08:23:10+00:00","description":"Spremni za osvajanje jackpota? Uzmite svoj mega-bonus do 1500 \u20ac i 150 besplatnih okretaja na prva 4 depozita! To nije samo dobrodo\u0161lica - to je va\u0161a propusnica za elitu profesionalnih igra\u010da. Igrajte na veliko!","breadcrumb":{"@id":"https:\/\/spinbetter.guru\/hr\/bonus\/welcome-bonus\/#breadcrumb"},"inLanguage":"hr","potentialAction":[{"@type":"ReadAction","target":["https:\/\/spinbetter.guru\/hr\/bonus\/welcome-bonus\/"]}]},{"@type":"BreadcrumbList","@id":"https:\/\/spinbetter.guru\/hr\/bonus\/welcome-bonus\/#breadcrumb","itemListElement":[{"@type":"ListItem","position":1,"name":"\u0413\u043b\u0430\u0432\u043d\u0430\u044f \u0441\u0442\u0440\u0430\u043d\u0438\u0446\u0430","item":"https:\/\/spinbetter.guru\/hr\/"},{"@type":"ListItem","position":2,"name":"Bonus","item":"https:\/\/spinbetter.guru\/hr\/bonus\/"},{"@type":"ListItem","position":3,"name":"Bonus dobrodo\u0161lice"}]},{"@type":"WebSite","@id":"https:\/\/spinbetter.guru\/hr\/#website","url":"https:\/\/spinbetter.guru\/hr\/","name":"SpinBetter Plus HR","description":"","potentialAction":[{"@type":"SearchAction","target":{"@type":"EntryPoint","urlTemplate":"https:\/\/spinbetter.guru\/hr\/?s={search_term_string}"},"query-input":{"@type":"PropertyValueSpecification","valueRequired":true,"valueName":"search_term_string"}}],"inLanguage":"hr"}]}},"_links":{"self":[{"href":"https:\/\/spinbetter.guru\/hr\/wp-json\/wp\/v2\/pages\/497"}],"collection":[{"href":"https:\/\/spinbetter.guru\/hr\/wp-json\/wp\/v2\/pages"}],"about":[{"href":"https:\/\/spinbetter.guru\/hr\/wp-json\/wp\/v2\/types\/page"}],"author":[{"embeddable":true,"href":"https:\/\/spinbetter.guru\/hr\/wp-json\/wp\/v2\/users\/1"}],"replies":[{"embeddable":true,"href":"https:\/\/spinbetter.guru\/hr\/wp-json\/wp\/v2\/comments?post=497"}],"version-history":[{"count":1,"href":"https:\/\/spinbetter.guru\/hr\/wp-json\/wp\/v2\/pages\/497\/revisions"}],"predecessor-version":[{"id":498,"href":"https:\/\/spinbetter.guru\/hr\/wp-json\/wp\/v2\/pages\/497\/revisions\/498"}],"up":[{"embeddable":true,"href":"https:\/\/spinbetter.guru\/hr\/wp-json\/wp\/v2\/pages\/314"}],"wp:attachment":[{"href":"https:\/\/spinbetter.guru\/hr\/wp-json\/wp\/v2\/media?parent=497"}],"curies":[{"name":"wp","href":"https:\/\/api.w.org\/{rel}","templated":true}]}}