{"id":501,"date":"2025-08-28T12:30:56","date_gmt":"2025-08-28T12:30:56","guid":{"rendered":"https:\/\/spinbetter.guru\/hr\/?page_id=501"},"modified":"2025-08-28T12:31:05","modified_gmt":"2025-08-28T12:31:05","slug":"freebet","status":"publish","type":"page","link":"https:\/\/spinbetter.guru\/hr\/bonus\/freebet\/","title":{"rendered":"Besplatna oklada"},"content":{"rendered":"","protected":false},"excerpt":{"rendered":"","protected":false},"author":1,"featured_media":0,"parent":314,"menu_order":0,"comment_status":"closed","ping_status":"closed","template":"","meta":{"footnotes":""},"class_list":["post-501","page","type-page","status-publish","hentry"],"yoast_head":"<!-- This site is optimized with the Yoast SEO plugin v23.4 - https:\/\/yoast.com\/wordpress\/plugins\/seo\/ -->\n<title>Besplatna oklada na mobitelu: Iskoristite svoj bonus od 10 \u20ac<\/title>\n<meta name=\"description\" content=\"Preuzmite svoju mobilnu besplatnu okladu do 10 \u20ac izravno u na\u0161oj aplikaciji i igrajte bilo gdje. Vi ste \u017eestoki igra\u010d i mi to znamo. Spremni ste iskoristiti svoje bonuse? Vrijeme je za djelovanje - oklade \u010dekaju!\" \/>\n<meta name=\"robots\" content=\"index, follow, max-snippet:-1, max-image-preview:large, max-video-preview:-1\" \/>\n<meta property=\"og:locale\" content=\"hr_HR\" \/>\n<meta property=\"og:type\" content=\"article\" \/>\n<meta property=\"og:title\" content=\"Besplatna oklada na mobitelu: Iskoristite svoj bonus od 10 \u20ac\" \/>\n<meta property=\"og:description\" content=\"Preuzmite svoju mobilnu besplatnu okladu do 10 \u20ac izravno u na\u0161oj aplikaciji i igrajte bilo gdje. Vi ste \u017eestoki igra\u010d i mi to znamo. Spremni ste iskoristiti svoje bonuse? Vrijeme je za djelovanje - oklade \u010dekaju!\" \/>\n<meta property=\"og:url\" content=\"https:\/\/spinbetter.guru\/hr\/bonus\/freebet\/\" \/>\n<meta property=\"og:site_name\" content=\"SpinBetter Plus HR\" \/>\n<meta property=\"article:modified_time\" content=\"2025-08-28T12:31:05+00:00\" \/>\n<meta name=\"twitter:card\" content=\"summary_large_image\" \/>\n<script type=\"application\/ld+json\" class=\"yoast-schema-graph\">{\"@context\":\"https:\/\/schema.org\",\"@graph\":[{\"@type\":\"WebPage\",\"@id\":\"https:\/\/spinbetter.guru\/hr\/bonus\/freebet\/\",\"url\":\"https:\/\/spinbetter.guru\/hr\/bonus\/freebet\/\",\"name\":\"Besplatna oklada na mobitelu: Iskoristite svoj bonus od 10 \u20ac\",\"isPartOf\":{\"@id\":\"https:\/\/spinbetter.guru\/hr\/#website\"},\"datePublished\":\"2025-08-28T12:30:56+00:00\",\"dateModified\":\"2025-08-28T12:31:05+00:00\",\"description\":\"Preuzmite svoju mobilnu besplatnu okladu do 10 \u20ac izravno u na\u0161oj aplikaciji i igrajte bilo gdje. Vi ste \u017eestoki igra\u010d i mi to znamo. Spremni ste iskoristiti svoje bonuse? Vrijeme je za djelovanje - oklade \u010dekaju!\",\"breadcrumb\":{\"@id\":\"https:\/\/spinbetter.guru\/hr\/bonus\/freebet\/#breadcrumb\"},\"inLanguage\":\"hr\",\"potentialAction\":[{\"@type\":\"ReadAction\",\"target\":[\"https:\/\/spinbetter.guru\/hr\/bonus\/freebet\/\"]}]},{\"@type\":\"BreadcrumbList\",\"@id\":\"https:\/\/spinbetter.guru\/hr\/bonus\/freebet\/#breadcrumb\",\"itemListElement\":[{\"@type\":\"ListItem\",\"position\":1,\"name\":\"\u0413\u043b\u0430\u0432\u043d\u0430\u044f \u0441\u0442\u0440\u0430\u043d\u0438\u0446\u0430\",\"item\":\"https:\/\/spinbetter.guru\/hr\/\"},{\"@type\":\"ListItem\",\"position\":2,\"name\":\"Bonus\",\"item\":\"https:\/\/spinbetter.guru\/hr\/bonus\/\"},{\"@type\":\"ListItem\",\"position\":3,\"name\":\"Besplatna oklada\"}]},{\"@type\":\"WebSite\",\"@id\":\"https:\/\/spinbetter.guru\/hr\/#website\",\"url\":\"https:\/\/spinbetter.guru\/hr\/\",\"name\":\"SpinBetter Plus HR\",\"description\":\"\",\"potentialAction\":[{\"@type\":\"SearchAction\",\"target\":{\"@type\":\"EntryPoint\",\"urlTemplate\":\"https:\/\/spinbetter.guru\/hr\/?s={search_term_string}\"},\"query-input\":{\"@type\":\"PropertyValueSpecification\",\"valueRequired\":true,\"valueName\":\"search_term_string\"}}],\"inLanguage\":\"hr\"}]}<\/script>\n<!-- \/ Yoast SEO plugin. -->","yoast_head_json":{"title":"Besplatna oklada na mobitelu: Iskoristite svoj bonus od 10 \u20ac","description":"Preuzmite svoju mobilnu besplatnu okladu do 10 \u20ac izravno u na\u0161oj aplikaciji i igrajte bilo gdje. Vi ste \u017eestoki igra\u010d i mi to znamo. Spremni ste iskoristiti svoje bonuse? Vrijeme je za djelovanje - oklade \u010dekaju!","robots":{"index":"index","follow":"follow","max-snippet":"max-snippet:-1","max-image-preview":"max-image-preview:large","max-video-preview":"max-video-preview:-1"},"og_locale":"hr_HR","og_type":"article","og_title":"Besplatna oklada na mobitelu: Iskoristite svoj bonus od 10 \u20ac","og_description":"Preuzmite svoju mobilnu besplatnu okladu do 10 \u20ac izravno u na\u0161oj aplikaciji i igrajte bilo gdje. Vi ste \u017eestoki igra\u010d i mi to znamo. Spremni ste iskoristiti svoje bonuse? Vrijeme je za djelovanje - oklade \u010dekaju!","og_url":"https:\/\/spinbetter.guru\/hr\/bonus\/freebet\/","og_site_name":"SpinBetter Plus HR","article_modified_time":"2025-08-28T12:31:05+00:00","twitter_card":"summary_large_image","schema":{"@context":"https:\/\/schema.org","@graph":[{"@type":"WebPage","@id":"https:\/\/spinbetter.guru\/hr\/bonus\/freebet\/","url":"https:\/\/spinbetter.guru\/hr\/bonus\/freebet\/","name":"Besplatna oklada na mobitelu: Iskoristite svoj bonus od 10 \u20ac","isPartOf":{"@id":"https:\/\/spinbetter.guru\/hr\/#website"},"datePublished":"2025-08-28T12:30:56+00:00","dateModified":"2025-08-28T12:31:05+00:00","description":"Preuzmite svoju mobilnu besplatnu okladu do 10 \u20ac izravno u na\u0161oj aplikaciji i igrajte bilo gdje. Vi ste \u017eestoki igra\u010d i mi to znamo. Spremni ste iskoristiti svoje bonuse? Vrijeme je za djelovanje - oklade \u010dekaju!","breadcrumb":{"@id":"https:\/\/spinbetter.guru\/hr\/bonus\/freebet\/#breadcrumb"},"inLanguage":"hr","potentialAction":[{"@type":"ReadAction","target":["https:\/\/spinbetter.guru\/hr\/bonus\/freebet\/"]}]},{"@type":"BreadcrumbList","@id":"https:\/\/spinbetter.guru\/hr\/bonus\/freebet\/#breadcrumb","itemListElement":[{"@type":"ListItem","position":1,"name":"\u0413\u043b\u0430\u0432\u043d\u0430\u044f \u0441\u0442\u0440\u0430\u043d\u0438\u0446\u0430","item":"https:\/\/spinbetter.guru\/hr\/"},{"@type":"ListItem","position":2,"name":"Bonus","item":"https:\/\/spinbetter.guru\/hr\/bonus\/"},{"@type":"ListItem","position":3,"name":"Besplatna oklada"}]},{"@type":"WebSite","@id":"https:\/\/spinbetter.guru\/hr\/#website","url":"https:\/\/spinbetter.guru\/hr\/","name":"SpinBetter Plus HR","description":"","potentialAction":[{"@type":"SearchAction","target":{"@type":"EntryPoint","urlTemplate":"https:\/\/spinbetter.guru\/hr\/?s={search_term_string}"},"query-input":{"@type":"PropertyValueSpecification","valueRequired":true,"valueName":"search_term_string"}}],"inLanguage":"hr"}]}},"_links":{"self":[{"href":"https:\/\/spinbetter.guru\/hr\/wp-json\/wp\/v2\/pages\/501"}],"collection":[{"href":"https:\/\/spinbetter.guru\/hr\/wp-json\/wp\/v2\/pages"}],"about":[{"href":"https:\/\/spinbetter.guru\/hr\/wp-json\/wp\/v2\/types\/page"}],"author":[{"embeddable":true,"href":"https:\/\/spinbetter.guru\/hr\/wp-json\/wp\/v2\/users\/1"}],"replies":[{"embeddable":true,"href":"https:\/\/spinbetter.guru\/hr\/wp-json\/wp\/v2\/comments?post=501"}],"version-history":[{"count":1,"href":"https:\/\/spinbetter.guru\/hr\/wp-json\/wp\/v2\/pages\/501\/revisions"}],"predecessor-version":[{"id":502,"href":"https:\/\/spinbetter.guru\/hr\/wp-json\/wp\/v2\/pages\/501\/revisions\/502"}],"up":[{"embeddable":true,"href":"https:\/\/spinbetter.guru\/hr\/wp-json\/wp\/v2\/pages\/314"}],"wp:attachment":[{"href":"https:\/\/spinbetter.guru\/hr\/wp-json\/wp\/v2\/media?parent=501"}],"curies":[{"name":"wp","href":"https:\/\/api.w.org\/{rel}","templated":true}]}}