{"id":210,"date":"2024-11-04T09:13:33","date_gmt":"2024-11-04T09:13:33","guid":{"rendered":"https:\/\/spinbetter.guru\/hu\/?page_id=210"},"modified":"2025-09-24T14:14:54","modified_gmt":"2025-09-24T14:14:54","slug":"home","status":"publish","type":"page","link":"https:\/\/spinbetter.guru\/hu\/","title":{"rendered":"Otthon"},"content":{"rendered":"","protected":false},"excerpt":{"rendered":"","protected":false},"author":1,"featured_media":0,"parent":0,"menu_order":0,"comment_status":"closed","ping_status":"closed","template":"","meta":{"footnotes":""},"class_list":["post-210","page","type-page","status-publish","hentry"],"yoast_head":"<!-- This site is optimized with the Yoast SEO plugin v23.4 - https:\/\/yoast.com\/wordpress\/plugins\/seo\/ -->\n<title>SpinBetter World: Online kaszin\u00f3 \u00e9s sportfogad\u00e1s<\/title>\n<meta name=\"description\" content=\"\u0150szinte SpinBetter \u00e9rt\u00e9kel\u00e9s: j\u00e1t\u00e9kos \u00e9rt\u00e9kel\u00e9sek, b\u00f3nuszok, kaszin\u00f3 \u00e9s fogad\u00e1s. Tudja meg, milyen el\u0151ny\u00f6k v\u00e1rnak r\u00e1d a SpinBetter platformon!\" \/>\n<meta name=\"robots\" content=\"index, follow, max-snippet:-1, max-image-preview:large, max-video-preview:-1\" \/>\n<meta property=\"og:locale\" content=\"hu_HU\" \/>\n<meta property=\"og:type\" content=\"article\" \/>\n<meta property=\"og:title\" content=\"SpinBetter World: Online kaszin\u00f3 \u00e9s sportfogad\u00e1s\" \/>\n<meta property=\"og:description\" content=\"\u0150szinte SpinBetter \u00e9rt\u00e9kel\u00e9s: j\u00e1t\u00e9kos \u00e9rt\u00e9kel\u00e9sek, b\u00f3nuszok, kaszin\u00f3 \u00e9s fogad\u00e1s. Tudja meg, milyen el\u0151ny\u00f6k v\u00e1rnak r\u00e1d a SpinBetter platformon!\" \/>\n<meta property=\"og:url\" content=\"https:\/\/spinbetter.guru\/hu\/\" \/>\n<meta property=\"og:site_name\" content=\"Spinbetter Plus HU\" \/>\n<meta property=\"article:modified_time\" content=\"2025-09-24T14:14:54+00:00\" \/>\n<meta name=\"twitter:card\" content=\"summary_large_image\" \/>\n<script type=\"application\/ld+json\" class=\"yoast-schema-graph\">{\"@context\":\"https:\/\/schema.org\",\"@graph\":[{\"@type\":\"WebPage\",\"@id\":\"https:\/\/spinbetter.guru\/hu\/\",\"url\":\"https:\/\/spinbetter.guru\/hu\/\",\"name\":\"SpinBetter World: Online kaszin\u00f3 \u00e9s sportfogad\u00e1s\",\"isPartOf\":{\"@id\":\"https:\/\/spinbetter.guru\/hu\/#website\"},\"datePublished\":\"2024-11-04T09:13:33+00:00\",\"dateModified\":\"2025-09-24T14:14:54+00:00\",\"description\":\"\u0150szinte SpinBetter \u00e9rt\u00e9kel\u00e9s: j\u00e1t\u00e9kos \u00e9rt\u00e9kel\u00e9sek, b\u00f3nuszok, kaszin\u00f3 \u00e9s fogad\u00e1s. Tudja meg, milyen el\u0151ny\u00f6k v\u00e1rnak r\u00e1d a SpinBetter platformon!\",\"breadcrumb\":{\"@id\":\"https:\/\/spinbetter.guru\/hu\/#breadcrumb\"},\"inLanguage\":\"hu\",\"potentialAction\":[{\"@type\":\"ReadAction\",\"target\":[\"https:\/\/spinbetter.guru\/hu\/\"]}]},{\"@type\":\"BreadcrumbList\",\"@id\":\"https:\/\/spinbetter.guru\/hu\/#breadcrumb\",\"itemListElement\":[{\"@type\":\"ListItem\",\"position\":1,\"name\":\"\u0413\u043b\u0430\u0432\u043d\u0430\u044f \u0441\u0442\u0440\u0430\u043d\u0438\u0446\u0430\",\"item\":\"https:\/\/spinbetter.guru\/hu\/\"},{\"@type\":\"ListItem\",\"position\":2,\"name\":\"Otthon\"}]},{\"@type\":\"WebSite\",\"@id\":\"https:\/\/spinbetter.guru\/hu\/#website\",\"url\":\"https:\/\/spinbetter.guru\/hu\/\",\"name\":\"Spinbetter Plus HU\",\"description\":\"\",\"potentialAction\":[{\"@type\":\"SearchAction\",\"target\":{\"@type\":\"EntryPoint\",\"urlTemplate\":\"https:\/\/spinbetter.guru\/hu\/?s={search_term_string}\"},\"query-input\":{\"@type\":\"PropertyValueSpecification\",\"valueRequired\":true,\"valueName\":\"search_term_string\"}}],\"inLanguage\":\"hu\"}]}<\/script>\n<!-- \/ Yoast SEO plugin. -->","yoast_head_json":{"title":"SpinBetter World: Online kaszin\u00f3 \u00e9s sportfogad\u00e1s","description":"\u0150szinte SpinBetter \u00e9rt\u00e9kel\u00e9s: j\u00e1t\u00e9kos \u00e9rt\u00e9kel\u00e9sek, b\u00f3nuszok, kaszin\u00f3 \u00e9s fogad\u00e1s. Tudja meg, milyen el\u0151ny\u00f6k v\u00e1rnak r\u00e1d a SpinBetter platformon!","robots":{"index":"index","follow":"follow","max-snippet":"max-snippet:-1","max-image-preview":"max-image-preview:large","max-video-preview":"max-video-preview:-1"},"og_locale":"hu_HU","og_type":"article","og_title":"SpinBetter World: Online kaszin\u00f3 \u00e9s sportfogad\u00e1s","og_description":"\u0150szinte SpinBetter \u00e9rt\u00e9kel\u00e9s: j\u00e1t\u00e9kos \u00e9rt\u00e9kel\u00e9sek, b\u00f3nuszok, kaszin\u00f3 \u00e9s fogad\u00e1s. Tudja meg, milyen el\u0151ny\u00f6k v\u00e1rnak r\u00e1d a SpinBetter platformon!","og_url":"https:\/\/spinbetter.guru\/hu\/","og_site_name":"Spinbetter Plus HU","article_modified_time":"2025-09-24T14:14:54+00:00","twitter_card":"summary_large_image","schema":{"@context":"https:\/\/schema.org","@graph":[{"@type":"WebPage","@id":"https:\/\/spinbetter.guru\/hu\/","url":"https:\/\/spinbetter.guru\/hu\/","name":"SpinBetter World: Online kaszin\u00f3 \u00e9s sportfogad\u00e1s","isPartOf":{"@id":"https:\/\/spinbetter.guru\/hu\/#website"},"datePublished":"2024-11-04T09:13:33+00:00","dateModified":"2025-09-24T14:14:54+00:00","description":"\u0150szinte SpinBetter \u00e9rt\u00e9kel\u00e9s: j\u00e1t\u00e9kos \u00e9rt\u00e9kel\u00e9sek, b\u00f3nuszok, kaszin\u00f3 \u00e9s fogad\u00e1s. Tudja meg, milyen el\u0151ny\u00f6k v\u00e1rnak r\u00e1d a SpinBetter platformon!","breadcrumb":{"@id":"https:\/\/spinbetter.guru\/hu\/#breadcrumb"},"inLanguage":"hu","potentialAction":[{"@type":"ReadAction","target":["https:\/\/spinbetter.guru\/hu\/"]}]},{"@type":"BreadcrumbList","@id":"https:\/\/spinbetter.guru\/hu\/#breadcrumb","itemListElement":[{"@type":"ListItem","position":1,"name":"\u0413\u043b\u0430\u0432\u043d\u0430\u044f \u0441\u0442\u0440\u0430\u043d\u0438\u0446\u0430","item":"https:\/\/spinbetter.guru\/hu\/"},{"@type":"ListItem","position":2,"name":"Otthon"}]},{"@type":"WebSite","@id":"https:\/\/spinbetter.guru\/hu\/#website","url":"https:\/\/spinbetter.guru\/hu\/","name":"Spinbetter Plus HU","description":"","potentialAction":[{"@type":"SearchAction","target":{"@type":"EntryPoint","urlTemplate":"https:\/\/spinbetter.guru\/hu\/?s={search_term_string}"},"query-input":{"@type":"PropertyValueSpecification","valueRequired":true,"valueName":"search_term_string"}}],"inLanguage":"hu"}]}},"_links":{"self":[{"href":"https:\/\/spinbetter.guru\/hu\/wp-json\/wp\/v2\/pages\/210"}],"collection":[{"href":"https:\/\/spinbetter.guru\/hu\/wp-json\/wp\/v2\/pages"}],"about":[{"href":"https:\/\/spinbetter.guru\/hu\/wp-json\/wp\/v2\/types\/page"}],"author":[{"embeddable":true,"href":"https:\/\/spinbetter.guru\/hu\/wp-json\/wp\/v2\/users\/1"}],"replies":[{"embeddable":true,"href":"https:\/\/spinbetter.guru\/hu\/wp-json\/wp\/v2\/comments?post=210"}],"version-history":[{"count":38,"href":"https:\/\/spinbetter.guru\/hu\/wp-json\/wp\/v2\/pages\/210\/revisions"}],"predecessor-version":[{"id":493,"href":"https:\/\/spinbetter.guru\/hu\/wp-json\/wp\/v2\/pages\/210\/revisions\/493"}],"wp:attachment":[{"href":"https:\/\/spinbetter.guru\/hu\/wp-json\/wp\/v2\/media?parent=210"}],"curies":[{"name":"wp","href":"https:\/\/api.w.org\/{rel}","templated":true}]}}