{"id":309,"date":"2024-11-04T09:17:19","date_gmt":"2024-11-04T09:17:19","guid":{"rendered":"https:\/\/spinbetter.guru\/hu\/?page_id=309"},"modified":"2026-01-13T11:44:01","modified_gmt":"2026-01-13T11:44:01","slug":"promo-code","status":"publish","type":"page","link":"https:\/\/spinbetter.guru\/hu\/promo-code\/","title":{"rendered":"Prom\u00f3ci\u00f3s k\u00f3d"},"content":{"rendered":"","protected":false},"excerpt":{"rendered":"","protected":false},"author":1,"featured_media":0,"parent":0,"menu_order":0,"comment_status":"closed","ping_status":"closed","template":"","meta":{"footnotes":""},"class_list":["post-309","page","type-page","status-publish","hentry"],"yoast_head":"<!-- This site is optimized with the Yoast SEO plugin v23.4 - https:\/\/yoast.com\/wordpress\/plugins\/seo\/ -->\n<title>SpinBetter prom\u00f3ci\u00f3s k\u00f3d \u2013 \u00cdrja be a b\u00f3nuszk\u00f3dot, \u00e9s b\u00f3nuszokat kap!<\/title>\n<meta name=\"description\" content=\"Haszn\u00e1ld a SpinBetter prom\u00f3ci\u00f3s k\u00f3dot egyedi b\u00f3nuszokhoz \u00e9s ingyenes p\u00f6rget\u00e9sekhez. Hozza ki a legt\u00f6bbet j\u00e1t\u00e9k\u00e1b\u00f3l exkluz\u00edv aj\u00e1nlatokkal!\" \/>\n<meta name=\"robots\" content=\"index, follow, max-snippet:-1, max-image-preview:large, max-video-preview:-1\" \/>\n<meta property=\"og:locale\" content=\"hu_HU\" \/>\n<meta property=\"og:type\" content=\"article\" \/>\n<meta property=\"og:title\" content=\"SpinBetter prom\u00f3ci\u00f3s k\u00f3d \u2013 \u00cdrja be a b\u00f3nuszk\u00f3dot, \u00e9s b\u00f3nuszokat kap!\" \/>\n<meta property=\"og:description\" content=\"Haszn\u00e1ld a SpinBetter prom\u00f3ci\u00f3s k\u00f3dot egyedi b\u00f3nuszokhoz \u00e9s ingyenes p\u00f6rget\u00e9sekhez. Hozza ki a legt\u00f6bbet j\u00e1t\u00e9k\u00e1b\u00f3l exkluz\u00edv aj\u00e1nlatokkal!\" \/>\n<meta property=\"og:url\" content=\"https:\/\/spinbetter.guru\/hu\/promo-code\/\" \/>\n<meta property=\"og:site_name\" content=\"Spinbetter Plus HU\" \/>\n<meta property=\"article:modified_time\" content=\"2026-01-13T11:44:01+00:00\" \/>\n<meta name=\"twitter:card\" content=\"summary_large_image\" \/>\n<script type=\"application\/ld+json\" class=\"yoast-schema-graph\">{\"@context\":\"https:\/\/schema.org\",\"@graph\":[{\"@type\":\"WebPage\",\"@id\":\"https:\/\/spinbetter.guru\/hu\/promo-code\/\",\"url\":\"https:\/\/spinbetter.guru\/hu\/promo-code\/\",\"name\":\"SpinBetter prom\u00f3ci\u00f3s k\u00f3d \u2013 \u00cdrja be a b\u00f3nuszk\u00f3dot, \u00e9s b\u00f3nuszokat kap!\",\"isPartOf\":{\"@id\":\"https:\/\/spinbetter.guru\/hu\/#website\"},\"datePublished\":\"2024-11-04T09:17:19+00:00\",\"dateModified\":\"2026-01-13T11:44:01+00:00\",\"description\":\"Haszn\u00e1ld a SpinBetter prom\u00f3ci\u00f3s k\u00f3dot egyedi b\u00f3nuszokhoz \u00e9s ingyenes p\u00f6rget\u00e9sekhez. Hozza ki a legt\u00f6bbet j\u00e1t\u00e9k\u00e1b\u00f3l exkluz\u00edv aj\u00e1nlatokkal!\",\"breadcrumb\":{\"@id\":\"https:\/\/spinbetter.guru\/hu\/promo-code\/#breadcrumb\"},\"inLanguage\":\"hu\",\"potentialAction\":[{\"@type\":\"ReadAction\",\"target\":[\"https:\/\/spinbetter.guru\/hu\/promo-code\/\"]}]},{\"@type\":\"BreadcrumbList\",\"@id\":\"https:\/\/spinbetter.guru\/hu\/promo-code\/#breadcrumb\",\"itemListElement\":[{\"@type\":\"ListItem\",\"position\":1,\"name\":\"\u0413\u043b\u0430\u0432\u043d\u0430\u044f \u0441\u0442\u0440\u0430\u043d\u0438\u0446\u0430\",\"item\":\"https:\/\/spinbetter.guru\/hu\/\"},{\"@type\":\"ListItem\",\"position\":2,\"name\":\"Prom\u00f3ci\u00f3s k\u00f3d\"}]},{\"@type\":\"WebSite\",\"@id\":\"https:\/\/spinbetter.guru\/hu\/#website\",\"url\":\"https:\/\/spinbetter.guru\/hu\/\",\"name\":\"Spinbetter Plus HU\",\"description\":\"\",\"potentialAction\":[{\"@type\":\"SearchAction\",\"target\":{\"@type\":\"EntryPoint\",\"urlTemplate\":\"https:\/\/spinbetter.guru\/hu\/?s={search_term_string}\"},\"query-input\":{\"@type\":\"PropertyValueSpecification\",\"valueRequired\":true,\"valueName\":\"search_term_string\"}}],\"inLanguage\":\"hu\"}]}<\/script>\n<!-- \/ Yoast SEO plugin. -->","yoast_head_json":{"title":"SpinBetter prom\u00f3ci\u00f3s k\u00f3d \u2013 \u00cdrja be a b\u00f3nuszk\u00f3dot, \u00e9s b\u00f3nuszokat kap!","description":"Haszn\u00e1ld a SpinBetter prom\u00f3ci\u00f3s k\u00f3dot egyedi b\u00f3nuszokhoz \u00e9s ingyenes p\u00f6rget\u00e9sekhez. Hozza ki a legt\u00f6bbet j\u00e1t\u00e9k\u00e1b\u00f3l exkluz\u00edv aj\u00e1nlatokkal!","robots":{"index":"index","follow":"follow","max-snippet":"max-snippet:-1","max-image-preview":"max-image-preview:large","max-video-preview":"max-video-preview:-1"},"og_locale":"hu_HU","og_type":"article","og_title":"SpinBetter prom\u00f3ci\u00f3s k\u00f3d \u2013 \u00cdrja be a b\u00f3nuszk\u00f3dot, \u00e9s b\u00f3nuszokat kap!","og_description":"Haszn\u00e1ld a SpinBetter prom\u00f3ci\u00f3s k\u00f3dot egyedi b\u00f3nuszokhoz \u00e9s ingyenes p\u00f6rget\u00e9sekhez. Hozza ki a legt\u00f6bbet j\u00e1t\u00e9k\u00e1b\u00f3l exkluz\u00edv aj\u00e1nlatokkal!","og_url":"https:\/\/spinbetter.guru\/hu\/promo-code\/","og_site_name":"Spinbetter Plus HU","article_modified_time":"2026-01-13T11:44:01+00:00","twitter_card":"summary_large_image","schema":{"@context":"https:\/\/schema.org","@graph":[{"@type":"WebPage","@id":"https:\/\/spinbetter.guru\/hu\/promo-code\/","url":"https:\/\/spinbetter.guru\/hu\/promo-code\/","name":"SpinBetter prom\u00f3ci\u00f3s k\u00f3d \u2013 \u00cdrja be a b\u00f3nuszk\u00f3dot, \u00e9s b\u00f3nuszokat kap!","isPartOf":{"@id":"https:\/\/spinbetter.guru\/hu\/#website"},"datePublished":"2024-11-04T09:17:19+00:00","dateModified":"2026-01-13T11:44:01+00:00","description":"Haszn\u00e1ld a SpinBetter prom\u00f3ci\u00f3s k\u00f3dot egyedi b\u00f3nuszokhoz \u00e9s ingyenes p\u00f6rget\u00e9sekhez. Hozza ki a legt\u00f6bbet j\u00e1t\u00e9k\u00e1b\u00f3l exkluz\u00edv aj\u00e1nlatokkal!","breadcrumb":{"@id":"https:\/\/spinbetter.guru\/hu\/promo-code\/#breadcrumb"},"inLanguage":"hu","potentialAction":[{"@type":"ReadAction","target":["https:\/\/spinbetter.guru\/hu\/promo-code\/"]}]},{"@type":"BreadcrumbList","@id":"https:\/\/spinbetter.guru\/hu\/promo-code\/#breadcrumb","itemListElement":[{"@type":"ListItem","position":1,"name":"\u0413\u043b\u0430\u0432\u043d\u0430\u044f \u0441\u0442\u0440\u0430\u043d\u0438\u0446\u0430","item":"https:\/\/spinbetter.guru\/hu\/"},{"@type":"ListItem","position":2,"name":"Prom\u00f3ci\u00f3s k\u00f3d"}]},{"@type":"WebSite","@id":"https:\/\/spinbetter.guru\/hu\/#website","url":"https:\/\/spinbetter.guru\/hu\/","name":"Spinbetter Plus HU","description":"","potentialAction":[{"@type":"SearchAction","target":{"@type":"EntryPoint","urlTemplate":"https:\/\/spinbetter.guru\/hu\/?s={search_term_string}"},"query-input":{"@type":"PropertyValueSpecification","valueRequired":true,"valueName":"search_term_string"}}],"inLanguage":"hu"}]}},"_links":{"self":[{"href":"https:\/\/spinbetter.guru\/hu\/wp-json\/wp\/v2\/pages\/309"}],"collection":[{"href":"https:\/\/spinbetter.guru\/hu\/wp-json\/wp\/v2\/pages"}],"about":[{"href":"https:\/\/spinbetter.guru\/hu\/wp-json\/wp\/v2\/types\/page"}],"author":[{"embeddable":true,"href":"https:\/\/spinbetter.guru\/hu\/wp-json\/wp\/v2\/users\/1"}],"replies":[{"embeddable":true,"href":"https:\/\/spinbetter.guru\/hu\/wp-json\/wp\/v2\/comments?post=309"}],"version-history":[{"count":10,"href":"https:\/\/spinbetter.guru\/hu\/wp-json\/wp\/v2\/pages\/309\/revisions"}],"predecessor-version":[{"id":499,"href":"https:\/\/spinbetter.guru\/hu\/wp-json\/wp\/v2\/pages\/309\/revisions\/499"}],"wp:attachment":[{"href":"https:\/\/spinbetter.guru\/hu\/wp-json\/wp\/v2\/media?parent=309"}],"curies":[{"name":"wp","href":"https:\/\/api.w.org\/{rel}","templated":true}]}}