{"id":318,"date":"2024-11-04T09:16:20","date_gmt":"2024-11-04T09:16:20","guid":{"rendered":"https:\/\/spinbetter.guru\/hu\/?page_id=318"},"modified":"2025-09-24T13:27:51","modified_gmt":"2025-09-24T13:27:51","slug":"free-spins","status":"publish","type":"page","link":"https:\/\/spinbetter.guru\/hu\/free-spins\/","title":{"rendered":"Ingyenes p\u00f6rget\u00e9sek"},"content":{"rendered":"","protected":false},"excerpt":{"rendered":"","protected":false},"author":1,"featured_media":0,"parent":0,"menu_order":0,"comment_status":"closed","ping_status":"closed","template":"","meta":{"footnotes":""},"class_list":["post-318","page","type-page","status-publish","hentry"],"yoast_head":"<!-- This site is optimized with the Yoast SEO plugin v23.4 - https:\/\/yoast.com\/wordpress\/plugins\/seo\/ -->\n<title>SpinBetter ingyenes p\u00f6rget\u00e9sek \u2013 J\u00e1tssz \u00e9s nyerj befektet\u00e9s n\u00e9lk\u00fcl!<\/title>\n<meta name=\"description\" content=\"Haszn\u00e1ld a SpinBetter ingyenes p\u00f6rget\u00e9seit, \u00e9s pr\u00f3b\u00e1lj szerencs\u00e9t a legjobb nyer\u0151g\u00e9peken! K\u00fcl\u00f6nleges aj\u00e1nlatok \u00faj \u00e9s \u00e1lland\u00f3 j\u00e1t\u00e9kosoknak.\" \/>\n<meta name=\"robots\" content=\"index, follow, max-snippet:-1, max-image-preview:large, max-video-preview:-1\" \/>\n<meta property=\"og:locale\" content=\"hu_HU\" \/>\n<meta property=\"og:type\" content=\"article\" \/>\n<meta property=\"og:title\" content=\"SpinBetter ingyenes p\u00f6rget\u00e9sek \u2013 J\u00e1tssz \u00e9s nyerj befektet\u00e9s n\u00e9lk\u00fcl!\" \/>\n<meta property=\"og:description\" content=\"Haszn\u00e1ld a SpinBetter ingyenes p\u00f6rget\u00e9seit, \u00e9s pr\u00f3b\u00e1lj szerencs\u00e9t a legjobb nyer\u0151g\u00e9peken! K\u00fcl\u00f6nleges aj\u00e1nlatok \u00faj \u00e9s \u00e1lland\u00f3 j\u00e1t\u00e9kosoknak.\" \/>\n<meta property=\"og:url\" content=\"https:\/\/spinbetter.guru\/hu\/free-spins\/\" \/>\n<meta property=\"og:site_name\" content=\"Spinbetter Plus HU\" \/>\n<meta property=\"article:modified_time\" content=\"2025-09-24T13:27:51+00:00\" \/>\n<meta name=\"twitter:card\" content=\"summary_large_image\" \/>\n<script type=\"application\/ld+json\" class=\"yoast-schema-graph\">{\"@context\":\"https:\/\/schema.org\",\"@graph\":[{\"@type\":\"WebPage\",\"@id\":\"https:\/\/spinbetter.guru\/hu\/free-spins\/\",\"url\":\"https:\/\/spinbetter.guru\/hu\/free-spins\/\",\"name\":\"SpinBetter ingyenes p\u00f6rget\u00e9sek \u2013 J\u00e1tssz \u00e9s nyerj befektet\u00e9s n\u00e9lk\u00fcl!\",\"isPartOf\":{\"@id\":\"https:\/\/spinbetter.guru\/hu\/#website\"},\"datePublished\":\"2024-11-04T09:16:20+00:00\",\"dateModified\":\"2025-09-24T13:27:51+00:00\",\"description\":\"Haszn\u00e1ld a SpinBetter ingyenes p\u00f6rget\u00e9seit, \u00e9s pr\u00f3b\u00e1lj szerencs\u00e9t a legjobb nyer\u0151g\u00e9peken! K\u00fcl\u00f6nleges aj\u00e1nlatok \u00faj \u00e9s \u00e1lland\u00f3 j\u00e1t\u00e9kosoknak.\",\"breadcrumb\":{\"@id\":\"https:\/\/spinbetter.guru\/hu\/free-spins\/#breadcrumb\"},\"inLanguage\":\"hu\",\"potentialAction\":[{\"@type\":\"ReadAction\",\"target\":[\"https:\/\/spinbetter.guru\/hu\/free-spins\/\"]}]},{\"@type\":\"BreadcrumbList\",\"@id\":\"https:\/\/spinbetter.guru\/hu\/free-spins\/#breadcrumb\",\"itemListElement\":[{\"@type\":\"ListItem\",\"position\":1,\"name\":\"\u0413\u043b\u0430\u0432\u043d\u0430\u044f \u0441\u0442\u0440\u0430\u043d\u0438\u0446\u0430\",\"item\":\"https:\/\/spinbetter.guru\/hu\/\"},{\"@type\":\"ListItem\",\"position\":2,\"name\":\"Ingyenes p\u00f6rget\u00e9sek\"}]},{\"@type\":\"WebSite\",\"@id\":\"https:\/\/spinbetter.guru\/hu\/#website\",\"url\":\"https:\/\/spinbetter.guru\/hu\/\",\"name\":\"Spinbetter Plus HU\",\"description\":\"\",\"potentialAction\":[{\"@type\":\"SearchAction\",\"target\":{\"@type\":\"EntryPoint\",\"urlTemplate\":\"https:\/\/spinbetter.guru\/hu\/?s={search_term_string}\"},\"query-input\":{\"@type\":\"PropertyValueSpecification\",\"valueRequired\":true,\"valueName\":\"search_term_string\"}}],\"inLanguage\":\"hu\"}]}<\/script>\n<!-- \/ Yoast SEO plugin. -->","yoast_head_json":{"title":"SpinBetter ingyenes p\u00f6rget\u00e9sek \u2013 J\u00e1tssz \u00e9s nyerj befektet\u00e9s n\u00e9lk\u00fcl!","description":"Haszn\u00e1ld a SpinBetter ingyenes p\u00f6rget\u00e9seit, \u00e9s pr\u00f3b\u00e1lj szerencs\u00e9t a legjobb nyer\u0151g\u00e9peken! K\u00fcl\u00f6nleges aj\u00e1nlatok \u00faj \u00e9s \u00e1lland\u00f3 j\u00e1t\u00e9kosoknak.","robots":{"index":"index","follow":"follow","max-snippet":"max-snippet:-1","max-image-preview":"max-image-preview:large","max-video-preview":"max-video-preview:-1"},"og_locale":"hu_HU","og_type":"article","og_title":"SpinBetter ingyenes p\u00f6rget\u00e9sek \u2013 J\u00e1tssz \u00e9s nyerj befektet\u00e9s n\u00e9lk\u00fcl!","og_description":"Haszn\u00e1ld a SpinBetter ingyenes p\u00f6rget\u00e9seit, \u00e9s pr\u00f3b\u00e1lj szerencs\u00e9t a legjobb nyer\u0151g\u00e9peken! K\u00fcl\u00f6nleges aj\u00e1nlatok \u00faj \u00e9s \u00e1lland\u00f3 j\u00e1t\u00e9kosoknak.","og_url":"https:\/\/spinbetter.guru\/hu\/free-spins\/","og_site_name":"Spinbetter Plus HU","article_modified_time":"2025-09-24T13:27:51+00:00","twitter_card":"summary_large_image","schema":{"@context":"https:\/\/schema.org","@graph":[{"@type":"WebPage","@id":"https:\/\/spinbetter.guru\/hu\/free-spins\/","url":"https:\/\/spinbetter.guru\/hu\/free-spins\/","name":"SpinBetter ingyenes p\u00f6rget\u00e9sek \u2013 J\u00e1tssz \u00e9s nyerj befektet\u00e9s n\u00e9lk\u00fcl!","isPartOf":{"@id":"https:\/\/spinbetter.guru\/hu\/#website"},"datePublished":"2024-11-04T09:16:20+00:00","dateModified":"2025-09-24T13:27:51+00:00","description":"Haszn\u00e1ld a SpinBetter ingyenes p\u00f6rget\u00e9seit, \u00e9s pr\u00f3b\u00e1lj szerencs\u00e9t a legjobb nyer\u0151g\u00e9peken! K\u00fcl\u00f6nleges aj\u00e1nlatok \u00faj \u00e9s \u00e1lland\u00f3 j\u00e1t\u00e9kosoknak.","breadcrumb":{"@id":"https:\/\/spinbetter.guru\/hu\/free-spins\/#breadcrumb"},"inLanguage":"hu","potentialAction":[{"@type":"ReadAction","target":["https:\/\/spinbetter.guru\/hu\/free-spins\/"]}]},{"@type":"BreadcrumbList","@id":"https:\/\/spinbetter.guru\/hu\/free-spins\/#breadcrumb","itemListElement":[{"@type":"ListItem","position":1,"name":"\u0413\u043b\u0430\u0432\u043d\u0430\u044f \u0441\u0442\u0440\u0430\u043d\u0438\u0446\u0430","item":"https:\/\/spinbetter.guru\/hu\/"},{"@type":"ListItem","position":2,"name":"Ingyenes p\u00f6rget\u00e9sek"}]},{"@type":"WebSite","@id":"https:\/\/spinbetter.guru\/hu\/#website","url":"https:\/\/spinbetter.guru\/hu\/","name":"Spinbetter Plus HU","description":"","potentialAction":[{"@type":"SearchAction","target":{"@type":"EntryPoint","urlTemplate":"https:\/\/spinbetter.guru\/hu\/?s={search_term_string}"},"query-input":{"@type":"PropertyValueSpecification","valueRequired":true,"valueName":"search_term_string"}}],"inLanguage":"hu"}]}},"_links":{"self":[{"href":"https:\/\/spinbetter.guru\/hu\/wp-json\/wp\/v2\/pages\/318"}],"collection":[{"href":"https:\/\/spinbetter.guru\/hu\/wp-json\/wp\/v2\/pages"}],"about":[{"href":"https:\/\/spinbetter.guru\/hu\/wp-json\/wp\/v2\/types\/page"}],"author":[{"embeddable":true,"href":"https:\/\/spinbetter.guru\/hu\/wp-json\/wp\/v2\/users\/1"}],"replies":[{"embeddable":true,"href":"https:\/\/spinbetter.guru\/hu\/wp-json\/wp\/v2\/comments?post=318"}],"version-history":[{"count":12,"href":"https:\/\/spinbetter.guru\/hu\/wp-json\/wp\/v2\/pages\/318\/revisions"}],"predecessor-version":[{"id":492,"href":"https:\/\/spinbetter.guru\/hu\/wp-json\/wp\/v2\/pages\/318\/revisions\/492"}],"wp:attachment":[{"href":"https:\/\/spinbetter.guru\/hu\/wp-json\/wp\/v2\/media?parent=318"}],"curies":[{"name":"wp","href":"https:\/\/api.w.org\/{rel}","templated":true}]}}