{"id":334,"date":"2024-11-04T09:16:53","date_gmt":"2024-11-04T09:16:53","guid":{"rendered":"https:\/\/spinbetter.guru\/hu\/?page_id=334"},"modified":"2025-09-23T20:36:47","modified_gmt":"2025-09-23T20:36:47","slug":"mirror","status":"publish","type":"page","link":"https:\/\/spinbetter.guru\/hu\/mirror\/","title":{"rendered":"T\u00fck\u00f6r"},"content":{"rendered":"","protected":false},"excerpt":{"rendered":"","protected":false},"author":1,"featured_media":0,"parent":0,"menu_order":0,"comment_status":"closed","ping_status":"closed","template":"","meta":{"footnotes":""},"class_list":["post-334","page","type-page","status-publish","hentry"],"yoast_head":"<!-- This site is optimized with the Yoast SEO plugin v23.4 - https:\/\/yoast.com\/wordpress\/plugins\/seo\/ -->\n<title>SpinBetter Mirror \u2013 Alternat\u00edv hozz\u00e1f\u00e9r\u00e9s a kaszin\u00f3 oldal\u00e1hoz<\/title>\n<meta name=\"description\" content=\"Haszn\u00e1lja a SpinBetter m\u0171k\u00f6d\u0151 t\u00fckr\u00e9t, hogy gyorsan hozz\u00e1f\u00e9rjen a j\u00e1t\u00e9kokhoz \u00e9s a b\u00f3nuszokhoz an\u00e9lk\u00fcl, hogy blokkolna. Ker\u00fclje ki a korl\u00e1toz\u00e1sokat, \u00e9s j\u00e1tsszon kedvenc slotjain.\" \/>\n<meta name=\"robots\" content=\"index, follow, max-snippet:-1, max-image-preview:large, max-video-preview:-1\" \/>\n<meta property=\"og:locale\" content=\"hu_HU\" \/>\n<meta property=\"og:type\" content=\"article\" \/>\n<meta property=\"og:title\" content=\"SpinBetter Mirror \u2013 Alternat\u00edv hozz\u00e1f\u00e9r\u00e9s a kaszin\u00f3 oldal\u00e1hoz\" \/>\n<meta property=\"og:description\" content=\"Haszn\u00e1lja a SpinBetter m\u0171k\u00f6d\u0151 t\u00fckr\u00e9t, hogy gyorsan hozz\u00e1f\u00e9rjen a j\u00e1t\u00e9kokhoz \u00e9s a b\u00f3nuszokhoz an\u00e9lk\u00fcl, hogy blokkolna. Ker\u00fclje ki a korl\u00e1toz\u00e1sokat, \u00e9s j\u00e1tsszon kedvenc slotjain.\" \/>\n<meta property=\"og:url\" content=\"https:\/\/spinbetter.guru\/hu\/mirror\/\" \/>\n<meta property=\"og:site_name\" content=\"Spinbetter Plus HU\" \/>\n<meta property=\"article:modified_time\" content=\"2025-09-23T20:36:47+00:00\" \/>\n<meta name=\"twitter:card\" content=\"summary_large_image\" \/>\n<script type=\"application\/ld+json\" class=\"yoast-schema-graph\">{\"@context\":\"https:\/\/schema.org\",\"@graph\":[{\"@type\":\"WebPage\",\"@id\":\"https:\/\/spinbetter.guru\/hu\/mirror\/\",\"url\":\"https:\/\/spinbetter.guru\/hu\/mirror\/\",\"name\":\"SpinBetter Mirror \u2013 Alternat\u00edv hozz\u00e1f\u00e9r\u00e9s a kaszin\u00f3 oldal\u00e1hoz\",\"isPartOf\":{\"@id\":\"https:\/\/spinbetter.guru\/hu\/#website\"},\"datePublished\":\"2024-11-04T09:16:53+00:00\",\"dateModified\":\"2025-09-23T20:36:47+00:00\",\"description\":\"Haszn\u00e1lja a SpinBetter m\u0171k\u00f6d\u0151 t\u00fckr\u00e9t, hogy gyorsan hozz\u00e1f\u00e9rjen a j\u00e1t\u00e9kokhoz \u00e9s a b\u00f3nuszokhoz an\u00e9lk\u00fcl, hogy blokkolna. Ker\u00fclje ki a korl\u00e1toz\u00e1sokat, \u00e9s j\u00e1tsszon kedvenc slotjain.\",\"breadcrumb\":{\"@id\":\"https:\/\/spinbetter.guru\/hu\/mirror\/#breadcrumb\"},\"inLanguage\":\"hu\",\"potentialAction\":[{\"@type\":\"ReadAction\",\"target\":[\"https:\/\/spinbetter.guru\/hu\/mirror\/\"]}]},{\"@type\":\"BreadcrumbList\",\"@id\":\"https:\/\/spinbetter.guru\/hu\/mirror\/#breadcrumb\",\"itemListElement\":[{\"@type\":\"ListItem\",\"position\":1,\"name\":\"\u0413\u043b\u0430\u0432\u043d\u0430\u044f \u0441\u0442\u0440\u0430\u043d\u0438\u0446\u0430\",\"item\":\"https:\/\/spinbetter.guru\/hu\/\"},{\"@type\":\"ListItem\",\"position\":2,\"name\":\"T\u00fck\u00f6r\"}]},{\"@type\":\"WebSite\",\"@id\":\"https:\/\/spinbetter.guru\/hu\/#website\",\"url\":\"https:\/\/spinbetter.guru\/hu\/\",\"name\":\"Spinbetter Plus HU\",\"description\":\"\",\"potentialAction\":[{\"@type\":\"SearchAction\",\"target\":{\"@type\":\"EntryPoint\",\"urlTemplate\":\"https:\/\/spinbetter.guru\/hu\/?s={search_term_string}\"},\"query-input\":{\"@type\":\"PropertyValueSpecification\",\"valueRequired\":true,\"valueName\":\"search_term_string\"}}],\"inLanguage\":\"hu\"}]}<\/script>\n<!-- \/ Yoast SEO plugin. -->","yoast_head_json":{"title":"SpinBetter Mirror \u2013 Alternat\u00edv hozz\u00e1f\u00e9r\u00e9s a kaszin\u00f3 oldal\u00e1hoz","description":"Haszn\u00e1lja a SpinBetter m\u0171k\u00f6d\u0151 t\u00fckr\u00e9t, hogy gyorsan hozz\u00e1f\u00e9rjen a j\u00e1t\u00e9kokhoz \u00e9s a b\u00f3nuszokhoz an\u00e9lk\u00fcl, hogy blokkolna. Ker\u00fclje ki a korl\u00e1toz\u00e1sokat, \u00e9s j\u00e1tsszon kedvenc slotjain.","robots":{"index":"index","follow":"follow","max-snippet":"max-snippet:-1","max-image-preview":"max-image-preview:large","max-video-preview":"max-video-preview:-1"},"og_locale":"hu_HU","og_type":"article","og_title":"SpinBetter Mirror \u2013 Alternat\u00edv hozz\u00e1f\u00e9r\u00e9s a kaszin\u00f3 oldal\u00e1hoz","og_description":"Haszn\u00e1lja a SpinBetter m\u0171k\u00f6d\u0151 t\u00fckr\u00e9t, hogy gyorsan hozz\u00e1f\u00e9rjen a j\u00e1t\u00e9kokhoz \u00e9s a b\u00f3nuszokhoz an\u00e9lk\u00fcl, hogy blokkolna. Ker\u00fclje ki a korl\u00e1toz\u00e1sokat, \u00e9s j\u00e1tsszon kedvenc slotjain.","og_url":"https:\/\/spinbetter.guru\/hu\/mirror\/","og_site_name":"Spinbetter Plus HU","article_modified_time":"2025-09-23T20:36:47+00:00","twitter_card":"summary_large_image","schema":{"@context":"https:\/\/schema.org","@graph":[{"@type":"WebPage","@id":"https:\/\/spinbetter.guru\/hu\/mirror\/","url":"https:\/\/spinbetter.guru\/hu\/mirror\/","name":"SpinBetter Mirror \u2013 Alternat\u00edv hozz\u00e1f\u00e9r\u00e9s a kaszin\u00f3 oldal\u00e1hoz","isPartOf":{"@id":"https:\/\/spinbetter.guru\/hu\/#website"},"datePublished":"2024-11-04T09:16:53+00:00","dateModified":"2025-09-23T20:36:47+00:00","description":"Haszn\u00e1lja a SpinBetter m\u0171k\u00f6d\u0151 t\u00fckr\u00e9t, hogy gyorsan hozz\u00e1f\u00e9rjen a j\u00e1t\u00e9kokhoz \u00e9s a b\u00f3nuszokhoz an\u00e9lk\u00fcl, hogy blokkolna. Ker\u00fclje ki a korl\u00e1toz\u00e1sokat, \u00e9s j\u00e1tsszon kedvenc slotjain.","breadcrumb":{"@id":"https:\/\/spinbetter.guru\/hu\/mirror\/#breadcrumb"},"inLanguage":"hu","potentialAction":[{"@type":"ReadAction","target":["https:\/\/spinbetter.guru\/hu\/mirror\/"]}]},{"@type":"BreadcrumbList","@id":"https:\/\/spinbetter.guru\/hu\/mirror\/#breadcrumb","itemListElement":[{"@type":"ListItem","position":1,"name":"\u0413\u043b\u0430\u0432\u043d\u0430\u044f \u0441\u0442\u0440\u0430\u043d\u0438\u0446\u0430","item":"https:\/\/spinbetter.guru\/hu\/"},{"@type":"ListItem","position":2,"name":"T\u00fck\u00f6r"}]},{"@type":"WebSite","@id":"https:\/\/spinbetter.guru\/hu\/#website","url":"https:\/\/spinbetter.guru\/hu\/","name":"Spinbetter Plus HU","description":"","potentialAction":[{"@type":"SearchAction","target":{"@type":"EntryPoint","urlTemplate":"https:\/\/spinbetter.guru\/hu\/?s={search_term_string}"},"query-input":{"@type":"PropertyValueSpecification","valueRequired":true,"valueName":"search_term_string"}}],"inLanguage":"hu"}]}},"_links":{"self":[{"href":"https:\/\/spinbetter.guru\/hu\/wp-json\/wp\/v2\/pages\/334"}],"collection":[{"href":"https:\/\/spinbetter.guru\/hu\/wp-json\/wp\/v2\/pages"}],"about":[{"href":"https:\/\/spinbetter.guru\/hu\/wp-json\/wp\/v2\/types\/page"}],"author":[{"embeddable":true,"href":"https:\/\/spinbetter.guru\/hu\/wp-json\/wp\/v2\/users\/1"}],"replies":[{"embeddable":true,"href":"https:\/\/spinbetter.guru\/hu\/wp-json\/wp\/v2\/comments?post=334"}],"version-history":[{"count":11,"href":"https:\/\/spinbetter.guru\/hu\/wp-json\/wp\/v2\/pages\/334\/revisions"}],"predecessor-version":[{"id":491,"href":"https:\/\/spinbetter.guru\/hu\/wp-json\/wp\/v2\/pages\/334\/revisions\/491"}],"wp:attachment":[{"href":"https:\/\/spinbetter.guru\/hu\/wp-json\/wp\/v2\/media?parent=334"}],"curies":[{"name":"wp","href":"https:\/\/api.w.org\/{rel}","templated":true}]}}