{"id":481,"date":"2025-08-27T09:49:00","date_gmt":"2025-08-27T09:49:00","guid":{"rendered":"https:\/\/spinbetter.guru\/hu\/?page_id=481"},"modified":"2025-08-27T09:49:08","modified_gmt":"2025-08-27T09:49:08","slug":"loyalty-pays","status":"publish","type":"page","link":"https:\/\/spinbetter.guru\/hu\/bonus\/loyalty-pays\/","title":{"rendered":"A h\u0171s\u00e9g kifizet\u0151dik"},"content":{"rendered":"","protected":false},"excerpt":{"rendered":"","protected":false},"author":1,"featured_media":0,"parent":314,"menu_order":0,"comment_status":"closed","ping_status":"closed","template":"","meta":{"footnotes":""},"class_list":["post-481","page","type-page","status-publish","hentry"],"yoast_head":"<!-- This site is optimized with the Yoast SEO plugin v23.4 - https:\/\/yoast.com\/wordpress\/plugins\/seo\/ -->\n<title>50% b\u00f3nusz + 100 FS a 10. befizet\u00e9sedre a SpinBettern\u00e9l<\/title>\n<meta name=\"description\" content=\"Itt az ideje nagyot nyerni! Tedd meg a 10. befizet\u00e9sedet a SpinBettern\u00e9l, \u00e9s kapj 50% b\u00f3nuszt, valamint ak\u00e1r 100 ingyenes p\u00f6rget\u00e9st. A h\u0171s\u00e9g nem csak \u00e9rt\u00e9kes itt - p\u00e9nzt \u00e9s j\u00f3kedvet hoz! Ne lass\u00edts le, j\u00e1tssz nagyot, \u00e9s vedd el a jutalmadat!\" \/>\n<meta name=\"robots\" content=\"index, follow, max-snippet:-1, max-image-preview:large, max-video-preview:-1\" \/>\n<meta property=\"og:locale\" content=\"hu_HU\" \/>\n<meta property=\"og:type\" content=\"article\" \/>\n<meta property=\"og:title\" content=\"50% b\u00f3nusz + 100 FS a 10. befizet\u00e9sedre a SpinBettern\u00e9l\" \/>\n<meta property=\"og:description\" content=\"Itt az ideje nagyot nyerni! Tedd meg a 10. befizet\u00e9sedet a SpinBettern\u00e9l, \u00e9s kapj 50% b\u00f3nuszt, valamint ak\u00e1r 100 ingyenes p\u00f6rget\u00e9st. A h\u0171s\u00e9g nem csak \u00e9rt\u00e9kes itt - p\u00e9nzt \u00e9s j\u00f3kedvet hoz! Ne lass\u00edts le, j\u00e1tssz nagyot, \u00e9s vedd el a jutalmadat!\" \/>\n<meta property=\"og:url\" content=\"https:\/\/spinbetter.guru\/hu\/bonus\/loyalty-pays\/\" \/>\n<meta property=\"og:site_name\" content=\"Spinbetter Plus HU\" \/>\n<meta property=\"article:modified_time\" content=\"2025-08-27T09:49:08+00:00\" \/>\n<meta name=\"twitter:card\" content=\"summary_large_image\" \/>\n<script type=\"application\/ld+json\" class=\"yoast-schema-graph\">{\"@context\":\"https:\/\/schema.org\",\"@graph\":[{\"@type\":\"WebPage\",\"@id\":\"https:\/\/spinbetter.guru\/hu\/bonus\/loyalty-pays\/\",\"url\":\"https:\/\/spinbetter.guru\/hu\/bonus\/loyalty-pays\/\",\"name\":\"50% b\u00f3nusz + 100 FS a 10. befizet\u00e9sedre a SpinBettern\u00e9l\",\"isPartOf\":{\"@id\":\"https:\/\/spinbetter.guru\/hu\/#website\"},\"datePublished\":\"2025-08-27T09:49:00+00:00\",\"dateModified\":\"2025-08-27T09:49:08+00:00\",\"description\":\"Itt az ideje nagyot nyerni! Tedd meg a 10. befizet\u00e9sedet a SpinBettern\u00e9l, \u00e9s kapj 50% b\u00f3nuszt, valamint ak\u00e1r 100 ingyenes p\u00f6rget\u00e9st. A h\u0171s\u00e9g nem csak \u00e9rt\u00e9kes itt - p\u00e9nzt \u00e9s j\u00f3kedvet hoz! Ne lass\u00edts le, j\u00e1tssz nagyot, \u00e9s vedd el a jutalmadat!\",\"breadcrumb\":{\"@id\":\"https:\/\/spinbetter.guru\/hu\/bonus\/loyalty-pays\/#breadcrumb\"},\"inLanguage\":\"hu\",\"potentialAction\":[{\"@type\":\"ReadAction\",\"target\":[\"https:\/\/spinbetter.guru\/hu\/bonus\/loyalty-pays\/\"]}]},{\"@type\":\"BreadcrumbList\",\"@id\":\"https:\/\/spinbetter.guru\/hu\/bonus\/loyalty-pays\/#breadcrumb\",\"itemListElement\":[{\"@type\":\"ListItem\",\"position\":1,\"name\":\"\u0413\u043b\u0430\u0432\u043d\u0430\u044f \u0441\u0442\u0440\u0430\u043d\u0438\u0446\u0430\",\"item\":\"https:\/\/spinbetter.guru\/hu\/\"},{\"@type\":\"ListItem\",\"position\":2,\"name\":\"B\u00f3nusz\",\"item\":\"https:\/\/spinbetter.guru\/hu\/bonus\/\"},{\"@type\":\"ListItem\",\"position\":3,\"name\":\"A h\u0171s\u00e9g kifizet\u0151dik\"}]},{\"@type\":\"WebSite\",\"@id\":\"https:\/\/spinbetter.guru\/hu\/#website\",\"url\":\"https:\/\/spinbetter.guru\/hu\/\",\"name\":\"Spinbetter Plus HU\",\"description\":\"\",\"potentialAction\":[{\"@type\":\"SearchAction\",\"target\":{\"@type\":\"EntryPoint\",\"urlTemplate\":\"https:\/\/spinbetter.guru\/hu\/?s={search_term_string}\"},\"query-input\":{\"@type\":\"PropertyValueSpecification\",\"valueRequired\":true,\"valueName\":\"search_term_string\"}}],\"inLanguage\":\"hu\"}]}<\/script>\n<!-- \/ Yoast SEO plugin. -->","yoast_head_json":{"title":"50% b\u00f3nusz + 100 FS a 10. befizet\u00e9sedre a SpinBettern\u00e9l","description":"Itt az ideje nagyot nyerni! Tedd meg a 10. befizet\u00e9sedet a SpinBettern\u00e9l, \u00e9s kapj 50% b\u00f3nuszt, valamint ak\u00e1r 100 ingyenes p\u00f6rget\u00e9st. A h\u0171s\u00e9g nem csak \u00e9rt\u00e9kes itt - p\u00e9nzt \u00e9s j\u00f3kedvet hoz! Ne lass\u00edts le, j\u00e1tssz nagyot, \u00e9s vedd el a jutalmadat!","robots":{"index":"index","follow":"follow","max-snippet":"max-snippet:-1","max-image-preview":"max-image-preview:large","max-video-preview":"max-video-preview:-1"},"og_locale":"hu_HU","og_type":"article","og_title":"50% b\u00f3nusz + 100 FS a 10. befizet\u00e9sedre a SpinBettern\u00e9l","og_description":"Itt az ideje nagyot nyerni! Tedd meg a 10. befizet\u00e9sedet a SpinBettern\u00e9l, \u00e9s kapj 50% b\u00f3nuszt, valamint ak\u00e1r 100 ingyenes p\u00f6rget\u00e9st. A h\u0171s\u00e9g nem csak \u00e9rt\u00e9kes itt - p\u00e9nzt \u00e9s j\u00f3kedvet hoz! Ne lass\u00edts le, j\u00e1tssz nagyot, \u00e9s vedd el a jutalmadat!","og_url":"https:\/\/spinbetter.guru\/hu\/bonus\/loyalty-pays\/","og_site_name":"Spinbetter Plus HU","article_modified_time":"2025-08-27T09:49:08+00:00","twitter_card":"summary_large_image","schema":{"@context":"https:\/\/schema.org","@graph":[{"@type":"WebPage","@id":"https:\/\/spinbetter.guru\/hu\/bonus\/loyalty-pays\/","url":"https:\/\/spinbetter.guru\/hu\/bonus\/loyalty-pays\/","name":"50% b\u00f3nusz + 100 FS a 10. befizet\u00e9sedre a SpinBettern\u00e9l","isPartOf":{"@id":"https:\/\/spinbetter.guru\/hu\/#website"},"datePublished":"2025-08-27T09:49:00+00:00","dateModified":"2025-08-27T09:49:08+00:00","description":"Itt az ideje nagyot nyerni! Tedd meg a 10. befizet\u00e9sedet a SpinBettern\u00e9l, \u00e9s kapj 50% b\u00f3nuszt, valamint ak\u00e1r 100 ingyenes p\u00f6rget\u00e9st. A h\u0171s\u00e9g nem csak \u00e9rt\u00e9kes itt - p\u00e9nzt \u00e9s j\u00f3kedvet hoz! Ne lass\u00edts le, j\u00e1tssz nagyot, \u00e9s vedd el a jutalmadat!","breadcrumb":{"@id":"https:\/\/spinbetter.guru\/hu\/bonus\/loyalty-pays\/#breadcrumb"},"inLanguage":"hu","potentialAction":[{"@type":"ReadAction","target":["https:\/\/spinbetter.guru\/hu\/bonus\/loyalty-pays\/"]}]},{"@type":"BreadcrumbList","@id":"https:\/\/spinbetter.guru\/hu\/bonus\/loyalty-pays\/#breadcrumb","itemListElement":[{"@type":"ListItem","position":1,"name":"\u0413\u043b\u0430\u0432\u043d\u0430\u044f \u0441\u0442\u0440\u0430\u043d\u0438\u0446\u0430","item":"https:\/\/spinbetter.guru\/hu\/"},{"@type":"ListItem","position":2,"name":"B\u00f3nusz","item":"https:\/\/spinbetter.guru\/hu\/bonus\/"},{"@type":"ListItem","position":3,"name":"A h\u0171s\u00e9g kifizet\u0151dik"}]},{"@type":"WebSite","@id":"https:\/\/spinbetter.guru\/hu\/#website","url":"https:\/\/spinbetter.guru\/hu\/","name":"Spinbetter Plus HU","description":"","potentialAction":[{"@type":"SearchAction","target":{"@type":"EntryPoint","urlTemplate":"https:\/\/spinbetter.guru\/hu\/?s={search_term_string}"},"query-input":{"@type":"PropertyValueSpecification","valueRequired":true,"valueName":"search_term_string"}}],"inLanguage":"hu"}]}},"_links":{"self":[{"href":"https:\/\/spinbetter.guru\/hu\/wp-json\/wp\/v2\/pages\/481"}],"collection":[{"href":"https:\/\/spinbetter.guru\/hu\/wp-json\/wp\/v2\/pages"}],"about":[{"href":"https:\/\/spinbetter.guru\/hu\/wp-json\/wp\/v2\/types\/page"}],"author":[{"embeddable":true,"href":"https:\/\/spinbetter.guru\/hu\/wp-json\/wp\/v2\/users\/1"}],"replies":[{"embeddable":true,"href":"https:\/\/spinbetter.guru\/hu\/wp-json\/wp\/v2\/comments?post=481"}],"version-history":[{"count":1,"href":"https:\/\/spinbetter.guru\/hu\/wp-json\/wp\/v2\/pages\/481\/revisions"}],"predecessor-version":[{"id":482,"href":"https:\/\/spinbetter.guru\/hu\/wp-json\/wp\/v2\/pages\/481\/revisions\/482"}],"up":[{"embeddable":true,"href":"https:\/\/spinbetter.guru\/hu\/wp-json\/wp\/v2\/pages\/314"}],"wp:attachment":[{"href":"https:\/\/spinbetter.guru\/hu\/wp-json\/wp\/v2\/media?parent=481"}],"curies":[{"name":"wp","href":"https:\/\/api.w.org\/{rel}","templated":true}]}}