{"id":486,"date":"2025-08-20T09:04:50","date_gmt":"2025-08-20T09:04:50","guid":{"rendered":"https:\/\/spinbetter.guru\/it\/?page_id=486"},"modified":"2025-08-20T09:04:58","modified_gmt":"2025-08-20T09:04:58","slug":"welcome-bonus","status":"publish","type":"page","link":"https:\/\/spinbetter.guru\/it\/bonus\/welcome-bonus\/","title":{"rendered":"Bonus di benvenuto"},"content":{"rendered":"","protected":false},"excerpt":{"rendered":"","protected":false},"author":1,"featured_media":0,"parent":314,"menu_order":0,"comment_status":"closed","ping_status":"closed","template":"","meta":{"footnotes":""},"class_list":["post-486","page","type-page","status-publish","hentry"],"yoast_head":"<!-- This site is optimized with the Yoast SEO plugin v23.4 - https:\/\/yoast.com\/wordpress\/plugins\/seo\/ -->\n<title>Bonus di benvenuto Spinbetter \u20ac 1500 + 150 giri gratuiti<\/title>\n<meta name=\"description\" content=\"Pronto a vincere il jackpot? Ottieni il tuo mega bonus fino a 1500\u20ac e 150 giri gratuiti sui tuoi primi 4 depositi! Non \u00e8 solo un benvenuto: \u00e8 il tuo lasciapassare per l&#039;\u00e9lite dei professionisti del gioco d&#039;azzardo. Gioca alla grande!\" \/>\n<meta name=\"robots\" content=\"index, follow, max-snippet:-1, max-image-preview:large, max-video-preview:-1\" \/>\n<meta property=\"og:locale\" content=\"it_IT\" \/>\n<meta property=\"og:type\" content=\"article\" \/>\n<meta property=\"og:title\" content=\"Bonus di benvenuto Spinbetter \u20ac 1500 + 150 giri gratuiti\" \/>\n<meta property=\"og:description\" content=\"Pronto a vincere il jackpot? Ottieni il tuo mega bonus fino a 1500\u20ac e 150 giri gratuiti sui tuoi primi 4 depositi! Non \u00e8 solo un benvenuto: \u00e8 il tuo lasciapassare per l&#039;\u00e9lite dei professionisti del gioco d&#039;azzardo. Gioca alla grande!\" \/>\n<meta property=\"og:url\" content=\"https:\/\/spinbetter.guru\/it\/bonus\/welcome-bonus\/\" \/>\n<meta property=\"og:site_name\" content=\"Spinbetter Plus IT\" \/>\n<meta property=\"article:modified_time\" content=\"2025-08-20T09:04:58+00:00\" \/>\n<meta name=\"twitter:card\" content=\"summary_large_image\" \/>\n<script type=\"application\/ld+json\" class=\"yoast-schema-graph\">{\"@context\":\"https:\/\/schema.org\",\"@graph\":[{\"@type\":\"WebPage\",\"@id\":\"https:\/\/spinbetter.guru\/it\/bonus\/welcome-bonus\/\",\"url\":\"https:\/\/spinbetter.guru\/it\/bonus\/welcome-bonus\/\",\"name\":\"Bonus di benvenuto Spinbetter \u20ac 1500 + 150 giri gratuiti\",\"isPartOf\":{\"@id\":\"https:\/\/www.spinbetter.guru\/it\/#website\"},\"datePublished\":\"2025-08-20T09:04:50+00:00\",\"dateModified\":\"2025-08-20T09:04:58+00:00\",\"description\":\"Pronto a vincere il jackpot? Ottieni il tuo mega bonus fino a 1500\u20ac e 150 giri gratuiti sui tuoi primi 4 depositi! Non \u00e8 solo un benvenuto: \u00e8 il tuo lasciapassare per l'\u00e9lite dei professionisti del gioco d'azzardo. Gioca alla grande!\",\"breadcrumb\":{\"@id\":\"https:\/\/spinbetter.guru\/it\/bonus\/welcome-bonus\/#breadcrumb\"},\"inLanguage\":\"it-IT\",\"potentialAction\":[{\"@type\":\"ReadAction\",\"target\":[\"https:\/\/spinbetter.guru\/it\/bonus\/welcome-bonus\/\"]}]},{\"@type\":\"BreadcrumbList\",\"@id\":\"https:\/\/spinbetter.guru\/it\/bonus\/welcome-bonus\/#breadcrumb\",\"itemListElement\":[{\"@type\":\"ListItem\",\"position\":1,\"name\":\"\u0413\u043b\u0430\u0432\u043d\u0430\u044f \u0441\u0442\u0440\u0430\u043d\u0438\u0446\u0430\",\"item\":\"https:\/\/spinbetter.guru\/it\/\"},{\"@type\":\"ListItem\",\"position\":2,\"name\":\"Bonus\",\"item\":\"https:\/\/spinbetter.guru\/it\/bonus\/\"},{\"@type\":\"ListItem\",\"position\":3,\"name\":\"Bonus di benvenuto\"}]},{\"@type\":\"WebSite\",\"@id\":\"https:\/\/www.spinbetter.guru\/it\/#website\",\"url\":\"https:\/\/www.spinbetter.guru\/it\/\",\"name\":\"Spinbetter Plus IT\",\"description\":\"\",\"potentialAction\":[{\"@type\":\"SearchAction\",\"target\":{\"@type\":\"EntryPoint\",\"urlTemplate\":\"https:\/\/www.spinbetter.guru\/it\/?s={search_term_string}\"},\"query-input\":{\"@type\":\"PropertyValueSpecification\",\"valueRequired\":true,\"valueName\":\"search_term_string\"}}],\"inLanguage\":\"it-IT\"}]}<\/script>\n<!-- \/ Yoast SEO plugin. -->","yoast_head_json":{"title":"Bonus di benvenuto Spinbetter \u20ac 1500 + 150 giri gratuiti","description":"Pronto a vincere il jackpot? Ottieni il tuo mega bonus fino a 1500\u20ac e 150 giri gratuiti sui tuoi primi 4 depositi! Non \u00e8 solo un benvenuto: \u00e8 il tuo lasciapassare per l'\u00e9lite dei professionisti del gioco d'azzardo. Gioca alla grande!","robots":{"index":"index","follow":"follow","max-snippet":"max-snippet:-1","max-image-preview":"max-image-preview:large","max-video-preview":"max-video-preview:-1"},"og_locale":"it_IT","og_type":"article","og_title":"Bonus di benvenuto Spinbetter \u20ac 1500 + 150 giri gratuiti","og_description":"Pronto a vincere il jackpot? Ottieni il tuo mega bonus fino a 1500\u20ac e 150 giri gratuiti sui tuoi primi 4 depositi! Non \u00e8 solo un benvenuto: \u00e8 il tuo lasciapassare per l'\u00e9lite dei professionisti del gioco d'azzardo. Gioca alla grande!","og_url":"https:\/\/spinbetter.guru\/it\/bonus\/welcome-bonus\/","og_site_name":"Spinbetter Plus IT","article_modified_time":"2025-08-20T09:04:58+00:00","twitter_card":"summary_large_image","schema":{"@context":"https:\/\/schema.org","@graph":[{"@type":"WebPage","@id":"https:\/\/spinbetter.guru\/it\/bonus\/welcome-bonus\/","url":"https:\/\/spinbetter.guru\/it\/bonus\/welcome-bonus\/","name":"Bonus di benvenuto Spinbetter \u20ac 1500 + 150 giri gratuiti","isPartOf":{"@id":"https:\/\/www.spinbetter.guru\/it\/#website"},"datePublished":"2025-08-20T09:04:50+00:00","dateModified":"2025-08-20T09:04:58+00:00","description":"Pronto a vincere il jackpot? Ottieni il tuo mega bonus fino a 1500\u20ac e 150 giri gratuiti sui tuoi primi 4 depositi! Non \u00e8 solo un benvenuto: \u00e8 il tuo lasciapassare per l'\u00e9lite dei professionisti del gioco d'azzardo. Gioca alla grande!","breadcrumb":{"@id":"https:\/\/spinbetter.guru\/it\/bonus\/welcome-bonus\/#breadcrumb"},"inLanguage":"it-IT","potentialAction":[{"@type":"ReadAction","target":["https:\/\/spinbetter.guru\/it\/bonus\/welcome-bonus\/"]}]},{"@type":"BreadcrumbList","@id":"https:\/\/spinbetter.guru\/it\/bonus\/welcome-bonus\/#breadcrumb","itemListElement":[{"@type":"ListItem","position":1,"name":"\u0413\u043b\u0430\u0432\u043d\u0430\u044f \u0441\u0442\u0440\u0430\u043d\u0438\u0446\u0430","item":"https:\/\/spinbetter.guru\/it\/"},{"@type":"ListItem","position":2,"name":"Bonus","item":"https:\/\/spinbetter.guru\/it\/bonus\/"},{"@type":"ListItem","position":3,"name":"Bonus di benvenuto"}]},{"@type":"WebSite","@id":"https:\/\/www.spinbetter.guru\/it\/#website","url":"https:\/\/www.spinbetter.guru\/it\/","name":"Spinbetter Plus IT","description":"","potentialAction":[{"@type":"SearchAction","target":{"@type":"EntryPoint","urlTemplate":"https:\/\/www.spinbetter.guru\/it\/?s={search_term_string}"},"query-input":{"@type":"PropertyValueSpecification","valueRequired":true,"valueName":"search_term_string"}}],"inLanguage":"it-IT"}]}},"_links":{"self":[{"href":"https:\/\/spinbetter.guru\/it\/wp-json\/wp\/v2\/pages\/486"}],"collection":[{"href":"https:\/\/spinbetter.guru\/it\/wp-json\/wp\/v2\/pages"}],"about":[{"href":"https:\/\/spinbetter.guru\/it\/wp-json\/wp\/v2\/types\/page"}],"author":[{"embeddable":true,"href":"https:\/\/spinbetter.guru\/it\/wp-json\/wp\/v2\/users\/1"}],"replies":[{"embeddable":true,"href":"https:\/\/spinbetter.guru\/it\/wp-json\/wp\/v2\/comments?post=486"}],"version-history":[{"count":1,"href":"https:\/\/spinbetter.guru\/it\/wp-json\/wp\/v2\/pages\/486\/revisions"}],"predecessor-version":[{"id":487,"href":"https:\/\/spinbetter.guru\/it\/wp-json\/wp\/v2\/pages\/486\/revisions\/487"}],"up":[{"embeddable":true,"href":"https:\/\/spinbetter.guru\/it\/wp-json\/wp\/v2\/pages\/314"}],"wp:attachment":[{"href":"https:\/\/spinbetter.guru\/it\/wp-json\/wp\/v2\/media?parent=486"}],"curies":[{"name":"wp","href":"https:\/\/api.w.org\/{rel}","templated":true}]}}