{"id":210,"date":"2024-11-04T09:13:33","date_gmt":"2024-11-04T09:13:33","guid":{"rendered":"https:\/\/spinbetter.guru\/lu\/?page_id=210"},"modified":"2026-01-13T13:56:45","modified_gmt":"2026-01-13T13:56:45","slug":"home","status":"publish","type":"page","link":"https:\/\/spinbetter.guru\/lu\/","title":{"rendered":"Homepage"},"content":{"rendered":"","protected":false},"excerpt":{"rendered":"","protected":false},"author":1,"featured_media":0,"parent":0,"menu_order":0,"comment_status":"closed","ping_status":"closed","template":"","meta":{"footnotes":""},"class_list":["post-210","page","type-page","status-publish","hentry"],"yoast_head":"<!-- This site is optimized with the Yoast SEO plugin v23.4 - https:\/\/yoast.com\/wordpress\/plugins\/seo\/ -->\n<title>SpinBetter World: Online Casino A Sport Wetten<\/title>\n<meta name=\"description\" content=\"\u00c9ierleche Spin Better Bew\u00e4ertung: Bonus, Casino a Wetten. Fannt eraus D\u00e9i Virdeeler d\u00e9i dir op Der Spin-Better Plattform erwaart!\" \/>\n<meta name=\"robots\" content=\"index, follow, max-snippet:-1, max-image-preview:large, max-video-preview:-1\" \/>\n<meta property=\"og:locale\" content=\"nl_NL\" \/>\n<meta property=\"og:type\" content=\"article\" \/>\n<meta property=\"og:title\" content=\"SpinBetter World: Online Casino A Sport Wetten\" \/>\n<meta property=\"og:description\" content=\"\u00c9ierleche Spin Better Bew\u00e4ertung: Bonus, Casino a Wetten. Fannt eraus D\u00e9i Virdeeler d\u00e9i dir op Der Spin-Better Plattform erwaart!\" \/>\n<meta property=\"og:url\" content=\"https:\/\/spinbetter.guru\/lu\/\" \/>\n<meta property=\"og:site_name\" content=\"SpinBetter Guru LU\" \/>\n<meta property=\"article:modified_time\" content=\"2026-01-13T13:56:45+00:00\" \/>\n<meta name=\"twitter:card\" content=\"summary_large_image\" \/>\n<script type=\"application\/ld+json\" class=\"yoast-schema-graph\">{\"@context\":\"https:\/\/schema.org\",\"@graph\":[{\"@type\":\"WebPage\",\"@id\":\"https:\/\/spinbetter.guru\/lu\/\",\"url\":\"https:\/\/spinbetter.guru\/lu\/\",\"name\":\"SpinBetter World: Online Casino A Sport Wetten\",\"isPartOf\":{\"@id\":\"https:\/\/spinbetter.guru\/lu\/#website\"},\"datePublished\":\"2024-11-04T09:13:33+00:00\",\"dateModified\":\"2026-01-13T13:56:45+00:00\",\"description\":\"\u00c9ierleche Spin Better Bew\u00e4ertung: Bonus, Casino a Wetten. Fannt eraus D\u00e9i Virdeeler d\u00e9i dir op Der Spin-Better Plattform erwaart!\",\"breadcrumb\":{\"@id\":\"https:\/\/spinbetter.guru\/lu\/#breadcrumb\"},\"inLanguage\":\"nl-NL\",\"potentialAction\":[{\"@type\":\"ReadAction\",\"target\":[\"https:\/\/spinbetter.guru\/lu\/\"]}]},{\"@type\":\"BreadcrumbList\",\"@id\":\"https:\/\/spinbetter.guru\/lu\/#breadcrumb\",\"itemListElement\":[{\"@type\":\"ListItem\",\"position\":1,\"name\":\"\u0413\u043b\u0430\u0432\u043d\u0430\u044f \u0441\u0442\u0440\u0430\u043d\u0438\u0446\u0430\",\"item\":\"https:\/\/spinbetter.guru\/lu\/\"},{\"@type\":\"ListItem\",\"position\":2,\"name\":\"Homepage\"}]},{\"@type\":\"WebSite\",\"@id\":\"https:\/\/spinbetter.guru\/lu\/#website\",\"url\":\"https:\/\/spinbetter.guru\/lu\/\",\"name\":\"SpinBetter Guru LU\",\"description\":\"\",\"potentialAction\":[{\"@type\":\"SearchAction\",\"target\":{\"@type\":\"EntryPoint\",\"urlTemplate\":\"https:\/\/spinbetter.guru\/lu\/?s={search_term_string}\"},\"query-input\":{\"@type\":\"PropertyValueSpecification\",\"valueRequired\":true,\"valueName\":\"search_term_string\"}}],\"inLanguage\":\"nl-NL\"}]}<\/script>\n<!-- \/ Yoast SEO plugin. -->","yoast_head_json":{"title":"SpinBetter World: Online Casino A Sport Wetten","description":"\u00c9ierleche Spin Better Bew\u00e4ertung: Bonus, Casino a Wetten. Fannt eraus D\u00e9i Virdeeler d\u00e9i dir op Der Spin-Better Plattform erwaart!","robots":{"index":"index","follow":"follow","max-snippet":"max-snippet:-1","max-image-preview":"max-image-preview:large","max-video-preview":"max-video-preview:-1"},"og_locale":"nl_NL","og_type":"article","og_title":"SpinBetter World: Online Casino A Sport Wetten","og_description":"\u00c9ierleche Spin Better Bew\u00e4ertung: Bonus, Casino a Wetten. Fannt eraus D\u00e9i Virdeeler d\u00e9i dir op Der Spin-Better Plattform erwaart!","og_url":"https:\/\/spinbetter.guru\/lu\/","og_site_name":"SpinBetter Guru LU","article_modified_time":"2026-01-13T13:56:45+00:00","twitter_card":"summary_large_image","schema":{"@context":"https:\/\/schema.org","@graph":[{"@type":"WebPage","@id":"https:\/\/spinbetter.guru\/lu\/","url":"https:\/\/spinbetter.guru\/lu\/","name":"SpinBetter World: Online Casino A Sport Wetten","isPartOf":{"@id":"https:\/\/spinbetter.guru\/lu\/#website"},"datePublished":"2024-11-04T09:13:33+00:00","dateModified":"2026-01-13T13:56:45+00:00","description":"\u00c9ierleche Spin Better Bew\u00e4ertung: Bonus, Casino a Wetten. Fannt eraus D\u00e9i Virdeeler d\u00e9i dir op Der Spin-Better Plattform erwaart!","breadcrumb":{"@id":"https:\/\/spinbetter.guru\/lu\/#breadcrumb"},"inLanguage":"nl-NL","potentialAction":[{"@type":"ReadAction","target":["https:\/\/spinbetter.guru\/lu\/"]}]},{"@type":"BreadcrumbList","@id":"https:\/\/spinbetter.guru\/lu\/#breadcrumb","itemListElement":[{"@type":"ListItem","position":1,"name":"\u0413\u043b\u0430\u0432\u043d\u0430\u044f \u0441\u0442\u0440\u0430\u043d\u0438\u0446\u0430","item":"https:\/\/spinbetter.guru\/lu\/"},{"@type":"ListItem","position":2,"name":"Homepage"}]},{"@type":"WebSite","@id":"https:\/\/spinbetter.guru\/lu\/#website","url":"https:\/\/spinbetter.guru\/lu\/","name":"SpinBetter Guru LU","description":"","potentialAction":[{"@type":"SearchAction","target":{"@type":"EntryPoint","urlTemplate":"https:\/\/spinbetter.guru\/lu\/?s={search_term_string}"},"query-input":{"@type":"PropertyValueSpecification","valueRequired":true,"valueName":"search_term_string"}}],"inLanguage":"nl-NL"}]}},"_links":{"self":[{"href":"https:\/\/spinbetter.guru\/lu\/wp-json\/wp\/v2\/pages\/210"}],"collection":[{"href":"https:\/\/spinbetter.guru\/lu\/wp-json\/wp\/v2\/pages"}],"about":[{"href":"https:\/\/spinbetter.guru\/lu\/wp-json\/wp\/v2\/types\/page"}],"author":[{"embeddable":true,"href":"https:\/\/spinbetter.guru\/lu\/wp-json\/wp\/v2\/users\/1"}],"replies":[{"embeddable":true,"href":"https:\/\/spinbetter.guru\/lu\/wp-json\/wp\/v2\/comments?post=210"}],"version-history":[{"count":42,"href":"https:\/\/spinbetter.guru\/lu\/wp-json\/wp\/v2\/pages\/210\/revisions"}],"predecessor-version":[{"id":558,"href":"https:\/\/spinbetter.guru\/lu\/wp-json\/wp\/v2\/pages\/210\/revisions\/558"}],"wp:attachment":[{"href":"https:\/\/spinbetter.guru\/lu\/wp-json\/wp\/v2\/media?parent=210"}],"curies":[{"name":"wp","href":"https:\/\/api.w.org\/{rel}","templated":true}]}}