{"id":458,"date":"2025-04-24T08:25:39","date_gmt":"2025-04-24T08:25:39","guid":{"rendered":"https:\/\/spinbetter.guru\/lu\/?page_id=458"},"modified":"2025-09-24T18:06:20","modified_gmt":"2025-09-24T18:06:20","slug":"freebet","status":"publish","type":"page","link":"https:\/\/spinbetter.guru\/lu\/bonus\/freebet\/","title":{"rendered":"Freebet"},"content":{"rendered":"","protected":false},"excerpt":{"rendered":"","protected":false},"author":1,"featured_media":0,"parent":314,"menu_order":0,"comment_status":"closed","ping_status":"closed","template":"","meta":{"footnotes":""},"class_list":["post-458","page","type-page","status-publish","hentry"],"yoast_head":"<!-- This site is optimized with the Yoast SEO plugin v23.4 - https:\/\/yoast.com\/wordpress\/plugins\/seo\/ -->\n<title>Gratiswette elo um Handy verf\u00fcgbar: S\u00e9chert Iech \u00c4re 10 \u20ac Bonus<\/title>\n<meta name=\"description\" content=\"Huel deng mobil Gratiswett bis zu 10 \u20ac direkt an eiser App a spill wou s de w\u00eblls. Du bass e staarke Spiller, an dat w\u00ebsse mir. Bereet, deng Bonussen ofzehuelen? Et ass Z\u00e4it ze handelen \u2013 d\u2019Wetten waarden!\" \/>\n<meta name=\"robots\" content=\"index, follow, max-snippet:-1, max-image-preview:large, max-video-preview:-1\" \/>\n<meta property=\"og:locale\" content=\"nl_NL\" \/>\n<meta property=\"og:type\" content=\"article\" \/>\n<meta property=\"og:title\" content=\"Gratiswette elo um Handy verf\u00fcgbar: S\u00e9chert Iech \u00c4re 10 \u20ac Bonus\" \/>\n<meta property=\"og:description\" content=\"Huel deng mobil Gratiswett bis zu 10 \u20ac direkt an eiser App a spill wou s de w\u00eblls. Du bass e staarke Spiller, an dat w\u00ebsse mir. Bereet, deng Bonussen ofzehuelen? Et ass Z\u00e4it ze handelen \u2013 d\u2019Wetten waarden!\" \/>\n<meta property=\"og:url\" content=\"https:\/\/spinbetter.guru\/lu\/bonus\/freebet\/\" \/>\n<meta property=\"og:site_name\" content=\"SpinBetter Guru LU\" \/>\n<meta property=\"article:modified_time\" content=\"2025-09-24T18:06:20+00:00\" \/>\n<meta name=\"twitter:card\" content=\"summary_large_image\" \/>\n<script type=\"application\/ld+json\" class=\"yoast-schema-graph\">{\"@context\":\"https:\/\/schema.org\",\"@graph\":[{\"@type\":\"WebPage\",\"@id\":\"https:\/\/spinbetter.guru\/lu\/bonus\/freebet\/\",\"url\":\"https:\/\/spinbetter.guru\/lu\/bonus\/freebet\/\",\"name\":\"Gratiswette elo um Handy verf\u00fcgbar: S\u00e9chert Iech \u00c4re 10 \u20ac Bonus\",\"isPartOf\":{\"@id\":\"https:\/\/spinbetter.guru\/lu\/#website\"},\"datePublished\":\"2025-04-24T08:25:39+00:00\",\"dateModified\":\"2025-09-24T18:06:20+00:00\",\"description\":\"Huel deng mobil Gratiswett bis zu 10 \u20ac direkt an eiser App a spill wou s de w\u00eblls. Du bass e staarke Spiller, an dat w\u00ebsse mir. Bereet, deng Bonussen ofzehuelen? Et ass Z\u00e4it ze handelen \u2013 d\u2019Wetten waarden!\",\"breadcrumb\":{\"@id\":\"https:\/\/spinbetter.guru\/lu\/bonus\/freebet\/#breadcrumb\"},\"inLanguage\":\"nl-NL\",\"potentialAction\":[{\"@type\":\"ReadAction\",\"target\":[\"https:\/\/spinbetter.guru\/lu\/bonus\/freebet\/\"]}]},{\"@type\":\"BreadcrumbList\",\"@id\":\"https:\/\/spinbetter.guru\/lu\/bonus\/freebet\/#breadcrumb\",\"itemListElement\":[{\"@type\":\"ListItem\",\"position\":1,\"name\":\"\u0413\u043b\u0430\u0432\u043d\u0430\u044f \u0441\u0442\u0440\u0430\u043d\u0438\u0446\u0430\",\"item\":\"https:\/\/spinbetter.guru\/lu\/\"},{\"@type\":\"ListItem\",\"position\":2,\"name\":\"Bonus\",\"item\":\"https:\/\/spinbetter.guru\/lu\/bonus\/\"},{\"@type\":\"ListItem\",\"position\":3,\"name\":\"Freebet\"}]},{\"@type\":\"WebSite\",\"@id\":\"https:\/\/spinbetter.guru\/lu\/#website\",\"url\":\"https:\/\/spinbetter.guru\/lu\/\",\"name\":\"SpinBetter Guru LU\",\"description\":\"\",\"potentialAction\":[{\"@type\":\"SearchAction\",\"target\":{\"@type\":\"EntryPoint\",\"urlTemplate\":\"https:\/\/spinbetter.guru\/lu\/?s={search_term_string}\"},\"query-input\":{\"@type\":\"PropertyValueSpecification\",\"valueRequired\":true,\"valueName\":\"search_term_string\"}}],\"inLanguage\":\"nl-NL\"}]}<\/script>\n<!-- \/ Yoast SEO plugin. -->","yoast_head_json":{"title":"Gratiswette elo um Handy verf\u00fcgbar: S\u00e9chert Iech \u00c4re 10 \u20ac Bonus","description":"Huel deng mobil Gratiswett bis zu 10 \u20ac direkt an eiser App a spill wou s de w\u00eblls. Du bass e staarke Spiller, an dat w\u00ebsse mir. Bereet, deng Bonussen ofzehuelen? Et ass Z\u00e4it ze handelen \u2013 d\u2019Wetten waarden!","robots":{"index":"index","follow":"follow","max-snippet":"max-snippet:-1","max-image-preview":"max-image-preview:large","max-video-preview":"max-video-preview:-1"},"og_locale":"nl_NL","og_type":"article","og_title":"Gratiswette elo um Handy verf\u00fcgbar: S\u00e9chert Iech \u00c4re 10 \u20ac Bonus","og_description":"Huel deng mobil Gratiswett bis zu 10 \u20ac direkt an eiser App a spill wou s de w\u00eblls. Du bass e staarke Spiller, an dat w\u00ebsse mir. Bereet, deng Bonussen ofzehuelen? Et ass Z\u00e4it ze handelen \u2013 d\u2019Wetten waarden!","og_url":"https:\/\/spinbetter.guru\/lu\/bonus\/freebet\/","og_site_name":"SpinBetter Guru LU","article_modified_time":"2025-09-24T18:06:20+00:00","twitter_card":"summary_large_image","schema":{"@context":"https:\/\/schema.org","@graph":[{"@type":"WebPage","@id":"https:\/\/spinbetter.guru\/lu\/bonus\/freebet\/","url":"https:\/\/spinbetter.guru\/lu\/bonus\/freebet\/","name":"Gratiswette elo um Handy verf\u00fcgbar: S\u00e9chert Iech \u00c4re 10 \u20ac Bonus","isPartOf":{"@id":"https:\/\/spinbetter.guru\/lu\/#website"},"datePublished":"2025-04-24T08:25:39+00:00","dateModified":"2025-09-24T18:06:20+00:00","description":"Huel deng mobil Gratiswett bis zu 10 \u20ac direkt an eiser App a spill wou s de w\u00eblls. Du bass e staarke Spiller, an dat w\u00ebsse mir. Bereet, deng Bonussen ofzehuelen? Et ass Z\u00e4it ze handelen \u2013 d\u2019Wetten waarden!","breadcrumb":{"@id":"https:\/\/spinbetter.guru\/lu\/bonus\/freebet\/#breadcrumb"},"inLanguage":"nl-NL","potentialAction":[{"@type":"ReadAction","target":["https:\/\/spinbetter.guru\/lu\/bonus\/freebet\/"]}]},{"@type":"BreadcrumbList","@id":"https:\/\/spinbetter.guru\/lu\/bonus\/freebet\/#breadcrumb","itemListElement":[{"@type":"ListItem","position":1,"name":"\u0413\u043b\u0430\u0432\u043d\u0430\u044f \u0441\u0442\u0440\u0430\u043d\u0438\u0446\u0430","item":"https:\/\/spinbetter.guru\/lu\/"},{"@type":"ListItem","position":2,"name":"Bonus","item":"https:\/\/spinbetter.guru\/lu\/bonus\/"},{"@type":"ListItem","position":3,"name":"Freebet"}]},{"@type":"WebSite","@id":"https:\/\/spinbetter.guru\/lu\/#website","url":"https:\/\/spinbetter.guru\/lu\/","name":"SpinBetter Guru LU","description":"","potentialAction":[{"@type":"SearchAction","target":{"@type":"EntryPoint","urlTemplate":"https:\/\/spinbetter.guru\/lu\/?s={search_term_string}"},"query-input":{"@type":"PropertyValueSpecification","valueRequired":true,"valueName":"search_term_string"}}],"inLanguage":"nl-NL"}]}},"_links":{"self":[{"href":"https:\/\/spinbetter.guru\/lu\/wp-json\/wp\/v2\/pages\/458"}],"collection":[{"href":"https:\/\/spinbetter.guru\/lu\/wp-json\/wp\/v2\/pages"}],"about":[{"href":"https:\/\/spinbetter.guru\/lu\/wp-json\/wp\/v2\/types\/page"}],"author":[{"embeddable":true,"href":"https:\/\/spinbetter.guru\/lu\/wp-json\/wp\/v2\/users\/1"}],"replies":[{"embeddable":true,"href":"https:\/\/spinbetter.guru\/lu\/wp-json\/wp\/v2\/comments?post=458"}],"version-history":[{"count":4,"href":"https:\/\/spinbetter.guru\/lu\/wp-json\/wp\/v2\/pages\/458\/revisions"}],"predecessor-version":[{"id":553,"href":"https:\/\/spinbetter.guru\/lu\/wp-json\/wp\/v2\/pages\/458\/revisions\/553"}],"up":[{"embeddable":true,"href":"https:\/\/spinbetter.guru\/lu\/wp-json\/wp\/v2\/pages\/314"}],"wp:attachment":[{"href":"https:\/\/spinbetter.guru\/lu\/wp-json\/wp\/v2\/media?parent=458"}],"curies":[{"name":"wp","href":"https:\/\/api.w.org\/{rel}","templated":true}]}}