{"id":476,"date":"2025-04-24T09:25:01","date_gmt":"2025-04-24T09:25:01","guid":{"rendered":"https:\/\/spinbetter.guru\/lu\/?page_id=476"},"modified":"2025-09-24T13:53:13","modified_gmt":"2025-09-24T13:53:13","slug":"free-spins-telegram","status":"publish","type":"page","link":"https:\/\/spinbetter.guru\/lu\/bonus\/free-spins-telegram\/","title":{"rendered":"Free Spins"},"content":{"rendered":"","protected":false},"excerpt":{"rendered":"","protected":false},"author":1,"featured_media":0,"parent":314,"menu_order":0,"comment_status":"closed","ping_status":"closed","template":"","meta":{"footnotes":""},"class_list":["post-476","page","type-page","status-publish","hentry"],"yoast_head":"<!-- This site is optimized with the Yoast SEO plugin v23.4 - https:\/\/yoast.com\/wordpress\/plugins\/seo\/ -->\n<title>S\u00e9chert Iech 100 Gratisdr\u00e9iungen: Exklusiv SpinBetter Telegram Offer!<\/title>\n<meta name=\"description\" content=\"Halt op ze waarden, krut \u00e4r 100 Gratisdr\u00e9iungen ouni \u00cbmwee\u00ebr! Abonn\u00e9iert eis op Telegram a kritt direkten Zougang zu de hottste an exklusivste SpinBetter Promotiounen. D\u00ebst ass kee Witz \u2013 n\u00ebmmen echt Bonusser!\" \/>\n<meta name=\"robots\" content=\"index, follow, max-snippet:-1, max-image-preview:large, max-video-preview:-1\" \/>\n<meta property=\"og:locale\" content=\"nl_NL\" \/>\n<meta property=\"og:type\" content=\"article\" \/>\n<meta property=\"og:title\" content=\"S\u00e9chert Iech 100 Gratisdr\u00e9iungen: Exklusiv SpinBetter Telegram Offer!\" \/>\n<meta property=\"og:description\" content=\"Halt op ze waarden, krut \u00e4r 100 Gratisdr\u00e9iungen ouni \u00cbmwee\u00ebr! Abonn\u00e9iert eis op Telegram a kritt direkten Zougang zu de hottste an exklusivste SpinBetter Promotiounen. D\u00ebst ass kee Witz \u2013 n\u00ebmmen echt Bonusser!\" \/>\n<meta property=\"og:url\" content=\"https:\/\/spinbetter.guru\/lu\/bonus\/free-spins-telegram\/\" \/>\n<meta property=\"og:site_name\" content=\"SpinBetter Guru LU\" \/>\n<meta property=\"article:modified_time\" content=\"2025-09-24T13:53:13+00:00\" \/>\n<meta name=\"twitter:card\" content=\"summary_large_image\" \/>\n<script type=\"application\/ld+json\" class=\"yoast-schema-graph\">{\"@context\":\"https:\/\/schema.org\",\"@graph\":[{\"@type\":\"WebPage\",\"@id\":\"https:\/\/spinbetter.guru\/lu\/bonus\/free-spins-telegram\/\",\"url\":\"https:\/\/spinbetter.guru\/lu\/bonus\/free-spins-telegram\/\",\"name\":\"S\u00e9chert Iech 100 Gratisdr\u00e9iungen: Exklusiv SpinBetter Telegram Offer!\",\"isPartOf\":{\"@id\":\"https:\/\/spinbetter.guru\/lu\/#website\"},\"datePublished\":\"2025-04-24T09:25:01+00:00\",\"dateModified\":\"2025-09-24T13:53:13+00:00\",\"description\":\"Halt op ze waarden, krut \u00e4r 100 Gratisdr\u00e9iungen ouni \u00cbmwee\u00ebr! Abonn\u00e9iert eis op Telegram a kritt direkten Zougang zu de hottste an exklusivste SpinBetter Promotiounen. D\u00ebst ass kee Witz \u2013 n\u00ebmmen echt Bonusser!\",\"breadcrumb\":{\"@id\":\"https:\/\/spinbetter.guru\/lu\/bonus\/free-spins-telegram\/#breadcrumb\"},\"inLanguage\":\"nl-NL\",\"potentialAction\":[{\"@type\":\"ReadAction\",\"target\":[\"https:\/\/spinbetter.guru\/lu\/bonus\/free-spins-telegram\/\"]}]},{\"@type\":\"BreadcrumbList\",\"@id\":\"https:\/\/spinbetter.guru\/lu\/bonus\/free-spins-telegram\/#breadcrumb\",\"itemListElement\":[{\"@type\":\"ListItem\",\"position\":1,\"name\":\"\u0413\u043b\u0430\u0432\u043d\u0430\u044f \u0441\u0442\u0440\u0430\u043d\u0438\u0446\u0430\",\"item\":\"https:\/\/spinbetter.guru\/lu\/\"},{\"@type\":\"ListItem\",\"position\":2,\"name\":\"Bonus\",\"item\":\"https:\/\/spinbetter.guru\/lu\/bonus\/\"},{\"@type\":\"ListItem\",\"position\":3,\"name\":\"Free Spins\"}]},{\"@type\":\"WebSite\",\"@id\":\"https:\/\/spinbetter.guru\/lu\/#website\",\"url\":\"https:\/\/spinbetter.guru\/lu\/\",\"name\":\"SpinBetter Guru LU\",\"description\":\"\",\"potentialAction\":[{\"@type\":\"SearchAction\",\"target\":{\"@type\":\"EntryPoint\",\"urlTemplate\":\"https:\/\/spinbetter.guru\/lu\/?s={search_term_string}\"},\"query-input\":{\"@type\":\"PropertyValueSpecification\",\"valueRequired\":true,\"valueName\":\"search_term_string\"}}],\"inLanguage\":\"nl-NL\"}]}<\/script>\n<!-- \/ Yoast SEO plugin. -->","yoast_head_json":{"title":"S\u00e9chert Iech 100 Gratisdr\u00e9iungen: Exklusiv SpinBetter Telegram Offer!","description":"Halt op ze waarden, krut \u00e4r 100 Gratisdr\u00e9iungen ouni \u00cbmwee\u00ebr! Abonn\u00e9iert eis op Telegram a kritt direkten Zougang zu de hottste an exklusivste SpinBetter Promotiounen. D\u00ebst ass kee Witz \u2013 n\u00ebmmen echt Bonusser!","robots":{"index":"index","follow":"follow","max-snippet":"max-snippet:-1","max-image-preview":"max-image-preview:large","max-video-preview":"max-video-preview:-1"},"og_locale":"nl_NL","og_type":"article","og_title":"S\u00e9chert Iech 100 Gratisdr\u00e9iungen: Exklusiv SpinBetter Telegram Offer!","og_description":"Halt op ze waarden, krut \u00e4r 100 Gratisdr\u00e9iungen ouni \u00cbmwee\u00ebr! Abonn\u00e9iert eis op Telegram a kritt direkten Zougang zu de hottste an exklusivste SpinBetter Promotiounen. D\u00ebst ass kee Witz \u2013 n\u00ebmmen echt Bonusser!","og_url":"https:\/\/spinbetter.guru\/lu\/bonus\/free-spins-telegram\/","og_site_name":"SpinBetter Guru LU","article_modified_time":"2025-09-24T13:53:13+00:00","twitter_card":"summary_large_image","schema":{"@context":"https:\/\/schema.org","@graph":[{"@type":"WebPage","@id":"https:\/\/spinbetter.guru\/lu\/bonus\/free-spins-telegram\/","url":"https:\/\/spinbetter.guru\/lu\/bonus\/free-spins-telegram\/","name":"S\u00e9chert Iech 100 Gratisdr\u00e9iungen: Exklusiv SpinBetter Telegram Offer!","isPartOf":{"@id":"https:\/\/spinbetter.guru\/lu\/#website"},"datePublished":"2025-04-24T09:25:01+00:00","dateModified":"2025-09-24T13:53:13+00:00","description":"Halt op ze waarden, krut \u00e4r 100 Gratisdr\u00e9iungen ouni \u00cbmwee\u00ebr! Abonn\u00e9iert eis op Telegram a kritt direkten Zougang zu de hottste an exklusivste SpinBetter Promotiounen. D\u00ebst ass kee Witz \u2013 n\u00ebmmen echt Bonusser!","breadcrumb":{"@id":"https:\/\/spinbetter.guru\/lu\/bonus\/free-spins-telegram\/#breadcrumb"},"inLanguage":"nl-NL","potentialAction":[{"@type":"ReadAction","target":["https:\/\/spinbetter.guru\/lu\/bonus\/free-spins-telegram\/"]}]},{"@type":"BreadcrumbList","@id":"https:\/\/spinbetter.guru\/lu\/bonus\/free-spins-telegram\/#breadcrumb","itemListElement":[{"@type":"ListItem","position":1,"name":"\u0413\u043b\u0430\u0432\u043d\u0430\u044f \u0441\u0442\u0440\u0430\u043d\u0438\u0446\u0430","item":"https:\/\/spinbetter.guru\/lu\/"},{"@type":"ListItem","position":2,"name":"Bonus","item":"https:\/\/spinbetter.guru\/lu\/bonus\/"},{"@type":"ListItem","position":3,"name":"Free Spins"}]},{"@type":"WebSite","@id":"https:\/\/spinbetter.guru\/lu\/#website","url":"https:\/\/spinbetter.guru\/lu\/","name":"SpinBetter Guru LU","description":"","potentialAction":[{"@type":"SearchAction","target":{"@type":"EntryPoint","urlTemplate":"https:\/\/spinbetter.guru\/lu\/?s={search_term_string}"},"query-input":{"@type":"PropertyValueSpecification","valueRequired":true,"valueName":"search_term_string"}}],"inLanguage":"nl-NL"}]}},"_links":{"self":[{"href":"https:\/\/spinbetter.guru\/lu\/wp-json\/wp\/v2\/pages\/476"}],"collection":[{"href":"https:\/\/spinbetter.guru\/lu\/wp-json\/wp\/v2\/pages"}],"about":[{"href":"https:\/\/spinbetter.guru\/lu\/wp-json\/wp\/v2\/types\/page"}],"author":[{"embeddable":true,"href":"https:\/\/spinbetter.guru\/lu\/wp-json\/wp\/v2\/users\/1"}],"replies":[{"embeddable":true,"href":"https:\/\/spinbetter.guru\/lu\/wp-json\/wp\/v2\/comments?post=476"}],"version-history":[{"count":4,"href":"https:\/\/spinbetter.guru\/lu\/wp-json\/wp\/v2\/pages\/476\/revisions"}],"predecessor-version":[{"id":545,"href":"https:\/\/spinbetter.guru\/lu\/wp-json\/wp\/v2\/pages\/476\/revisions\/545"}],"up":[{"embeddable":true,"href":"https:\/\/spinbetter.guru\/lu\/wp-json\/wp\/v2\/pages\/314"}],"wp:attachment":[{"href":"https:\/\/spinbetter.guru\/lu\/wp-json\/wp\/v2\/media?parent=476"}],"curies":[{"name":"wp","href":"https:\/\/api.w.org\/{rel}","templated":true}]}}