{"id":210,"date":"2024-11-04T09:13:33","date_gmt":"2024-11-04T09:13:33","guid":{"rendered":"https:\/\/spinbetter.guru\/lv\/?page_id=210"},"modified":"2026-01-13T14:00:23","modified_gmt":"2026-01-13T14:00:23","slug":"home","status":"publish","type":"page","link":"https:\/\/spinbetter.guru\/lv\/","title":{"rendered":"S\u0101kumlapa"},"content":{"rendered":"","protected":false},"excerpt":{"rendered":"","protected":false},"author":1,"featured_media":0,"parent":0,"menu_order":0,"comment_status":"closed","ping_status":"closed","template":"","meta":{"footnotes":""},"class_list":["post-210","page","type-page","status-publish","hentry"],"yoast_head":"<!-- This site is optimized with the Yoast SEO plugin v23.4 - https:\/\/yoast.com\/wordpress\/plugins\/seo\/ -->\n<title>SpinBetter World: Tie\u0161saistes kazino un sporta der\u012bbas<\/title>\n<meta name=\"description\" content=\"God\u012bgs SpinBetter p\u0101rskats: sp\u0113l\u0113t\u0101ju atsauksmes, pr\u0113mijas, kazino un der\u012bbas. Uzziniet, k\u0101das priek\u0161roc\u012bbas j\u016bs gaida SpinBetter platform\u0101!\" \/>\n<meta name=\"robots\" content=\"index, follow, max-snippet:-1, max-image-preview:large, max-video-preview:-1\" \/>\n<meta property=\"og:locale\" content=\"lv_LV\" \/>\n<meta property=\"og:type\" content=\"article\" \/>\n<meta property=\"og:title\" content=\"SpinBetter World: Tie\u0161saistes kazino un sporta der\u012bbas\" \/>\n<meta property=\"og:description\" content=\"God\u012bgs SpinBetter p\u0101rskats: sp\u0113l\u0113t\u0101ju atsauksmes, pr\u0113mijas, kazino un der\u012bbas. Uzziniet, k\u0101das priek\u0161roc\u012bbas j\u016bs gaida SpinBetter platform\u0101!\" \/>\n<meta property=\"og:url\" content=\"https:\/\/spinbetter.guru\/lv\/\" \/>\n<meta property=\"og:site_name\" content=\"SpinBetter Plus LV\" \/>\n<meta property=\"article:modified_time\" content=\"2026-01-13T14:00:23+00:00\" \/>\n<meta name=\"twitter:card\" content=\"summary_large_image\" \/>\n<script type=\"application\/ld+json\" class=\"yoast-schema-graph\">{\"@context\":\"https:\/\/schema.org\",\"@graph\":[{\"@type\":\"WebPage\",\"@id\":\"https:\/\/spinbetter.guru\/lv\/\",\"url\":\"https:\/\/spinbetter.guru\/lv\/\",\"name\":\"SpinBetter World: Tie\u0161saistes kazino un sporta der\u012bbas\",\"isPartOf\":{\"@id\":\"https:\/\/spinbetter.guru\/lv\/#website\"},\"datePublished\":\"2024-11-04T09:13:33+00:00\",\"dateModified\":\"2026-01-13T14:00:23+00:00\",\"description\":\"God\u012bgs SpinBetter p\u0101rskats: sp\u0113l\u0113t\u0101ju atsauksmes, pr\u0113mijas, kazino un der\u012bbas. Uzziniet, k\u0101das priek\u0161roc\u012bbas j\u016bs gaida SpinBetter platform\u0101!\",\"breadcrumb\":{\"@id\":\"https:\/\/spinbetter.guru\/lv\/#breadcrumb\"},\"inLanguage\":\"lv-LV\",\"potentialAction\":[{\"@type\":\"ReadAction\",\"target\":[\"https:\/\/spinbetter.guru\/lv\/\"]}]},{\"@type\":\"BreadcrumbList\",\"@id\":\"https:\/\/spinbetter.guru\/lv\/#breadcrumb\",\"itemListElement\":[{\"@type\":\"ListItem\",\"position\":1,\"name\":\"\u0413\u043b\u0430\u0432\u043d\u0430\u044f \u0441\u0442\u0440\u0430\u043d\u0438\u0446\u0430\",\"item\":\"https:\/\/spinbetter.guru\/lv\/\"},{\"@type\":\"ListItem\",\"position\":2,\"name\":\"S\u0101kumlapa\"}]},{\"@type\":\"WebSite\",\"@id\":\"https:\/\/spinbetter.guru\/lv\/#website\",\"url\":\"https:\/\/spinbetter.guru\/lv\/\",\"name\":\"SpinBetter Plus LV\",\"description\":\"\",\"potentialAction\":[{\"@type\":\"SearchAction\",\"target\":{\"@type\":\"EntryPoint\",\"urlTemplate\":\"https:\/\/spinbetter.guru\/lv\/?s={search_term_string}\"},\"query-input\":{\"@type\":\"PropertyValueSpecification\",\"valueRequired\":true,\"valueName\":\"search_term_string\"}}],\"inLanguage\":\"lv-LV\"}]}<\/script>\n<!-- \/ Yoast SEO plugin. -->","yoast_head_json":{"title":"SpinBetter World: Tie\u0161saistes kazino un sporta der\u012bbas","description":"God\u012bgs SpinBetter p\u0101rskats: sp\u0113l\u0113t\u0101ju atsauksmes, pr\u0113mijas, kazino un der\u012bbas. Uzziniet, k\u0101das priek\u0161roc\u012bbas j\u016bs gaida SpinBetter platform\u0101!","robots":{"index":"index","follow":"follow","max-snippet":"max-snippet:-1","max-image-preview":"max-image-preview:large","max-video-preview":"max-video-preview:-1"},"og_locale":"lv_LV","og_type":"article","og_title":"SpinBetter World: Tie\u0161saistes kazino un sporta der\u012bbas","og_description":"God\u012bgs SpinBetter p\u0101rskats: sp\u0113l\u0113t\u0101ju atsauksmes, pr\u0113mijas, kazino un der\u012bbas. Uzziniet, k\u0101das priek\u0161roc\u012bbas j\u016bs gaida SpinBetter platform\u0101!","og_url":"https:\/\/spinbetter.guru\/lv\/","og_site_name":"SpinBetter Plus LV","article_modified_time":"2026-01-13T14:00:23+00:00","twitter_card":"summary_large_image","schema":{"@context":"https:\/\/schema.org","@graph":[{"@type":"WebPage","@id":"https:\/\/spinbetter.guru\/lv\/","url":"https:\/\/spinbetter.guru\/lv\/","name":"SpinBetter World: Tie\u0161saistes kazino un sporta der\u012bbas","isPartOf":{"@id":"https:\/\/spinbetter.guru\/lv\/#website"},"datePublished":"2024-11-04T09:13:33+00:00","dateModified":"2026-01-13T14:00:23+00:00","description":"God\u012bgs SpinBetter p\u0101rskats: sp\u0113l\u0113t\u0101ju atsauksmes, pr\u0113mijas, kazino un der\u012bbas. Uzziniet, k\u0101das priek\u0161roc\u012bbas j\u016bs gaida SpinBetter platform\u0101!","breadcrumb":{"@id":"https:\/\/spinbetter.guru\/lv\/#breadcrumb"},"inLanguage":"lv-LV","potentialAction":[{"@type":"ReadAction","target":["https:\/\/spinbetter.guru\/lv\/"]}]},{"@type":"BreadcrumbList","@id":"https:\/\/spinbetter.guru\/lv\/#breadcrumb","itemListElement":[{"@type":"ListItem","position":1,"name":"\u0413\u043b\u0430\u0432\u043d\u0430\u044f \u0441\u0442\u0440\u0430\u043d\u0438\u0446\u0430","item":"https:\/\/spinbetter.guru\/lv\/"},{"@type":"ListItem","position":2,"name":"S\u0101kumlapa"}]},{"@type":"WebSite","@id":"https:\/\/spinbetter.guru\/lv\/#website","url":"https:\/\/spinbetter.guru\/lv\/","name":"SpinBetter Plus LV","description":"","potentialAction":[{"@type":"SearchAction","target":{"@type":"EntryPoint","urlTemplate":"https:\/\/spinbetter.guru\/lv\/?s={search_term_string}"},"query-input":{"@type":"PropertyValueSpecification","valueRequired":true,"valueName":"search_term_string"}}],"inLanguage":"lv-LV"}]}},"_links":{"self":[{"href":"https:\/\/spinbetter.guru\/lv\/wp-json\/wp\/v2\/pages\/210"}],"collection":[{"href":"https:\/\/spinbetter.guru\/lv\/wp-json\/wp\/v2\/pages"}],"about":[{"href":"https:\/\/spinbetter.guru\/lv\/wp-json\/wp\/v2\/types\/page"}],"author":[{"embeddable":true,"href":"https:\/\/spinbetter.guru\/lv\/wp-json\/wp\/v2\/users\/1"}],"replies":[{"embeddable":true,"href":"https:\/\/spinbetter.guru\/lv\/wp-json\/wp\/v2\/comments?post=210"}],"version-history":[{"count":42,"href":"https:\/\/spinbetter.guru\/lv\/wp-json\/wp\/v2\/pages\/210\/revisions"}],"predecessor-version":[{"id":520,"href":"https:\/\/spinbetter.guru\/lv\/wp-json\/wp\/v2\/pages\/210\/revisions\/520"}],"wp:attachment":[{"href":"https:\/\/spinbetter.guru\/lv\/wp-json\/wp\/v2\/media?parent=210"}],"curies":[{"name":"wp","href":"https:\/\/api.w.org\/{rel}","templated":true}]}}