{"id":504,"date":"2025-08-27T11:21:10","date_gmt":"2025-08-27T11:21:10","guid":{"rendered":"https:\/\/spinbetter.guru\/lv\/?page_id=504"},"modified":"2025-08-27T11:21:18","modified_gmt":"2025-08-27T11:21:18","slug":"loyalty-pays","status":"publish","type":"page","link":"https:\/\/spinbetter.guru\/lv\/bonus\/loyalty-pays\/","title":{"rendered":"Lojalit\u0101te atmaks\u0101jas"},"content":{"rendered":"","protected":false},"excerpt":{"rendered":"","protected":false},"author":1,"featured_media":0,"parent":314,"menu_order":0,"comment_status":"closed","ping_status":"closed","template":"","meta":{"footnotes":""},"class_list":["post-504","page","type-page","status-publish","hentry"],"yoast_head":"<!-- This site is optimized with the Yoast SEO plugin v23.4 - https:\/\/yoast.com\/wordpress\/plugins\/seo\/ -->\n<title>50% bonuss + 100 FS j\u016bsu 10. depoz\u012btam vietn\u0113 SpinBetter<\/title>\n<meta name=\"description\" content=\"Ir pien\u0101cis laiks laim\u0113t lielas balvas! Veiciet savu 10. iemaksu SpinBetter un sa\u0146emiet 50% bonusu, k\u0101 ar\u012b l\u012bdz pat 100 bezmaksas griezieniem. Lojalit\u0101te \u0161eit netiek v\u0113rt\u0113ta tikai - t\u0101 nes naudu un pacil\u0101t\u012bbu! Nepiebremz\u0113jiet, sp\u0113l\u0113jiet lieli laimesti un sa\u0146emiet savas balvas!\" \/>\n<meta name=\"robots\" content=\"index, follow, max-snippet:-1, max-image-preview:large, max-video-preview:-1\" \/>\n<meta property=\"og:locale\" content=\"lv_LV\" \/>\n<meta property=\"og:type\" content=\"article\" \/>\n<meta property=\"og:title\" content=\"50% bonuss + 100 FS j\u016bsu 10. depoz\u012btam vietn\u0113 SpinBetter\" \/>\n<meta property=\"og:description\" content=\"Ir pien\u0101cis laiks laim\u0113t lielas balvas! Veiciet savu 10. iemaksu SpinBetter un sa\u0146emiet 50% bonusu, k\u0101 ar\u012b l\u012bdz pat 100 bezmaksas griezieniem. Lojalit\u0101te \u0161eit netiek v\u0113rt\u0113ta tikai - t\u0101 nes naudu un pacil\u0101t\u012bbu! Nepiebremz\u0113jiet, sp\u0113l\u0113jiet lieli laimesti un sa\u0146emiet savas balvas!\" \/>\n<meta property=\"og:url\" content=\"https:\/\/spinbetter.guru\/lv\/bonus\/loyalty-pays\/\" \/>\n<meta property=\"og:site_name\" content=\"SpinBetter Plus LV\" \/>\n<meta property=\"article:modified_time\" content=\"2025-08-27T11:21:18+00:00\" \/>\n<meta name=\"twitter:card\" content=\"summary_large_image\" \/>\n<script type=\"application\/ld+json\" class=\"yoast-schema-graph\">{\"@context\":\"https:\/\/schema.org\",\"@graph\":[{\"@type\":\"WebPage\",\"@id\":\"https:\/\/spinbetter.guru\/lv\/bonus\/loyalty-pays\/\",\"url\":\"https:\/\/spinbetter.guru\/lv\/bonus\/loyalty-pays\/\",\"name\":\"50% bonuss + 100 FS j\u016bsu 10. depoz\u012btam vietn\u0113 SpinBetter\",\"isPartOf\":{\"@id\":\"https:\/\/spinbetter.guru\/lv\/#website\"},\"datePublished\":\"2025-08-27T11:21:10+00:00\",\"dateModified\":\"2025-08-27T11:21:18+00:00\",\"description\":\"Ir pien\u0101cis laiks laim\u0113t lielas balvas! Veiciet savu 10. iemaksu SpinBetter un sa\u0146emiet 50% bonusu, k\u0101 ar\u012b l\u012bdz pat 100 bezmaksas griezieniem. Lojalit\u0101te \u0161eit netiek v\u0113rt\u0113ta tikai - t\u0101 nes naudu un pacil\u0101t\u012bbu! Nepiebremz\u0113jiet, sp\u0113l\u0113jiet lieli laimesti un sa\u0146emiet savas balvas!\",\"breadcrumb\":{\"@id\":\"https:\/\/spinbetter.guru\/lv\/bonus\/loyalty-pays\/#breadcrumb\"},\"inLanguage\":\"lv-LV\",\"potentialAction\":[{\"@type\":\"ReadAction\",\"target\":[\"https:\/\/spinbetter.guru\/lv\/bonus\/loyalty-pays\/\"]}]},{\"@type\":\"BreadcrumbList\",\"@id\":\"https:\/\/spinbetter.guru\/lv\/bonus\/loyalty-pays\/#breadcrumb\",\"itemListElement\":[{\"@type\":\"ListItem\",\"position\":1,\"name\":\"\u0413\u043b\u0430\u0432\u043d\u0430\u044f \u0441\u0442\u0440\u0430\u043d\u0438\u0446\u0430\",\"item\":\"https:\/\/spinbetter.guru\/lv\/\"},{\"@type\":\"ListItem\",\"position\":2,\"name\":\"Bonuss\",\"item\":\"https:\/\/spinbetter.guru\/lv\/bonus\/\"},{\"@type\":\"ListItem\",\"position\":3,\"name\":\"Lojalit\u0101te atmaks\u0101jas\"}]},{\"@type\":\"WebSite\",\"@id\":\"https:\/\/spinbetter.guru\/lv\/#website\",\"url\":\"https:\/\/spinbetter.guru\/lv\/\",\"name\":\"SpinBetter Plus LV\",\"description\":\"\",\"potentialAction\":[{\"@type\":\"SearchAction\",\"target\":{\"@type\":\"EntryPoint\",\"urlTemplate\":\"https:\/\/spinbetter.guru\/lv\/?s={search_term_string}\"},\"query-input\":{\"@type\":\"PropertyValueSpecification\",\"valueRequired\":true,\"valueName\":\"search_term_string\"}}],\"inLanguage\":\"lv-LV\"}]}<\/script>\n<!-- \/ Yoast SEO plugin. -->","yoast_head_json":{"title":"50% bonuss + 100 FS j\u016bsu 10. depoz\u012btam vietn\u0113 SpinBetter","description":"Ir pien\u0101cis laiks laim\u0113t lielas balvas! Veiciet savu 10. iemaksu SpinBetter un sa\u0146emiet 50% bonusu, k\u0101 ar\u012b l\u012bdz pat 100 bezmaksas griezieniem. Lojalit\u0101te \u0161eit netiek v\u0113rt\u0113ta tikai - t\u0101 nes naudu un pacil\u0101t\u012bbu! Nepiebremz\u0113jiet, sp\u0113l\u0113jiet lieli laimesti un sa\u0146emiet savas balvas!","robots":{"index":"index","follow":"follow","max-snippet":"max-snippet:-1","max-image-preview":"max-image-preview:large","max-video-preview":"max-video-preview:-1"},"og_locale":"lv_LV","og_type":"article","og_title":"50% bonuss + 100 FS j\u016bsu 10. depoz\u012btam vietn\u0113 SpinBetter","og_description":"Ir pien\u0101cis laiks laim\u0113t lielas balvas! Veiciet savu 10. iemaksu SpinBetter un sa\u0146emiet 50% bonusu, k\u0101 ar\u012b l\u012bdz pat 100 bezmaksas griezieniem. Lojalit\u0101te \u0161eit netiek v\u0113rt\u0113ta tikai - t\u0101 nes naudu un pacil\u0101t\u012bbu! Nepiebremz\u0113jiet, sp\u0113l\u0113jiet lieli laimesti un sa\u0146emiet savas balvas!","og_url":"https:\/\/spinbetter.guru\/lv\/bonus\/loyalty-pays\/","og_site_name":"SpinBetter Plus LV","article_modified_time":"2025-08-27T11:21:18+00:00","twitter_card":"summary_large_image","schema":{"@context":"https:\/\/schema.org","@graph":[{"@type":"WebPage","@id":"https:\/\/spinbetter.guru\/lv\/bonus\/loyalty-pays\/","url":"https:\/\/spinbetter.guru\/lv\/bonus\/loyalty-pays\/","name":"50% bonuss + 100 FS j\u016bsu 10. depoz\u012btam vietn\u0113 SpinBetter","isPartOf":{"@id":"https:\/\/spinbetter.guru\/lv\/#website"},"datePublished":"2025-08-27T11:21:10+00:00","dateModified":"2025-08-27T11:21:18+00:00","description":"Ir pien\u0101cis laiks laim\u0113t lielas balvas! Veiciet savu 10. iemaksu SpinBetter un sa\u0146emiet 50% bonusu, k\u0101 ar\u012b l\u012bdz pat 100 bezmaksas griezieniem. Lojalit\u0101te \u0161eit netiek v\u0113rt\u0113ta tikai - t\u0101 nes naudu un pacil\u0101t\u012bbu! Nepiebremz\u0113jiet, sp\u0113l\u0113jiet lieli laimesti un sa\u0146emiet savas balvas!","breadcrumb":{"@id":"https:\/\/spinbetter.guru\/lv\/bonus\/loyalty-pays\/#breadcrumb"},"inLanguage":"lv-LV","potentialAction":[{"@type":"ReadAction","target":["https:\/\/spinbetter.guru\/lv\/bonus\/loyalty-pays\/"]}]},{"@type":"BreadcrumbList","@id":"https:\/\/spinbetter.guru\/lv\/bonus\/loyalty-pays\/#breadcrumb","itemListElement":[{"@type":"ListItem","position":1,"name":"\u0413\u043b\u0430\u0432\u043d\u0430\u044f \u0441\u0442\u0440\u0430\u043d\u0438\u0446\u0430","item":"https:\/\/spinbetter.guru\/lv\/"},{"@type":"ListItem","position":2,"name":"Bonuss","item":"https:\/\/spinbetter.guru\/lv\/bonus\/"},{"@type":"ListItem","position":3,"name":"Lojalit\u0101te atmaks\u0101jas"}]},{"@type":"WebSite","@id":"https:\/\/spinbetter.guru\/lv\/#website","url":"https:\/\/spinbetter.guru\/lv\/","name":"SpinBetter Plus LV","description":"","potentialAction":[{"@type":"SearchAction","target":{"@type":"EntryPoint","urlTemplate":"https:\/\/spinbetter.guru\/lv\/?s={search_term_string}"},"query-input":{"@type":"PropertyValueSpecification","valueRequired":true,"valueName":"search_term_string"}}],"inLanguage":"lv-LV"}]}},"_links":{"self":[{"href":"https:\/\/spinbetter.guru\/lv\/wp-json\/wp\/v2\/pages\/504"}],"collection":[{"href":"https:\/\/spinbetter.guru\/lv\/wp-json\/wp\/v2\/pages"}],"about":[{"href":"https:\/\/spinbetter.guru\/lv\/wp-json\/wp\/v2\/types\/page"}],"author":[{"embeddable":true,"href":"https:\/\/spinbetter.guru\/lv\/wp-json\/wp\/v2\/users\/1"}],"replies":[{"embeddable":true,"href":"https:\/\/spinbetter.guru\/lv\/wp-json\/wp\/v2\/comments?post=504"}],"version-history":[{"count":1,"href":"https:\/\/spinbetter.guru\/lv\/wp-json\/wp\/v2\/pages\/504\/revisions"}],"predecessor-version":[{"id":505,"href":"https:\/\/spinbetter.guru\/lv\/wp-json\/wp\/v2\/pages\/504\/revisions\/505"}],"up":[{"embeddable":true,"href":"https:\/\/spinbetter.guru\/lv\/wp-json\/wp\/v2\/pages\/314"}],"wp:attachment":[{"href":"https:\/\/spinbetter.guru\/lv\/wp-json\/wp\/v2\/media?parent=504"}],"curies":[{"name":"wp","href":"https:\/\/api.w.org\/{rel}","templated":true}]}}