{"id":506,"date":"2025-08-28T12:54:03","date_gmt":"2025-08-28T12:54:03","guid":{"rendered":"https:\/\/spinbetter.guru\/lv\/?page_id=506"},"modified":"2025-08-28T12:54:16","modified_gmt":"2025-08-28T12:54:16","slug":"freebet","status":"publish","type":"page","link":"https:\/\/spinbetter.guru\/lv\/bonus\/freebet\/","title":{"rendered":"Bezmaksas likme"},"content":{"rendered":"","protected":false},"excerpt":{"rendered":"","protected":false},"author":1,"featured_media":0,"parent":314,"menu_order":0,"comment_status":"closed","ping_status":"closed","template":"","meta":{"footnotes":""},"class_list":["post-506","page","type-page","status-publish","hentry"],"yoast_head":"<!-- This site is optimized with the Yoast SEO plugin v23.4 - https:\/\/yoast.com\/wordpress\/plugins\/seo\/ -->\n<title>Bezmaksas likme mobilaj\u0101 t\u0101lrun\u012b: Sa\u0146emiet savu 10\u00a0eiro bonusu<\/title>\n<meta name=\"description\" content=\"Sa\u0146emiet savu mobilo bezmaksas likmi l\u012bdz pat 10\u00a0\u20ac tie\u0161i m\u016bsu lietotn\u0113 un sp\u0113l\u0113jiet jebkur. J\u016bs esat prasm\u012bgs sp\u0113l\u0113t\u0101js, un m\u0113s to zin\u0101m. Vai esat gatavs sa\u0146emt savus bonusus? Ir pien\u0101cis laiks r\u012bkoties\u00a0\u2014 likmes gaida!\" \/>\n<meta name=\"robots\" content=\"index, follow, max-snippet:-1, max-image-preview:large, max-video-preview:-1\" \/>\n<meta property=\"og:locale\" content=\"lv_LV\" \/>\n<meta property=\"og:type\" content=\"article\" \/>\n<meta property=\"og:title\" content=\"Bezmaksas likme mobilaj\u0101 t\u0101lrun\u012b: Sa\u0146emiet savu 10\u00a0eiro bonusu\" \/>\n<meta property=\"og:description\" content=\"Sa\u0146emiet savu mobilo bezmaksas likmi l\u012bdz pat 10\u00a0\u20ac tie\u0161i m\u016bsu lietotn\u0113 un sp\u0113l\u0113jiet jebkur. J\u016bs esat prasm\u012bgs sp\u0113l\u0113t\u0101js, un m\u0113s to zin\u0101m. Vai esat gatavs sa\u0146emt savus bonusus? Ir pien\u0101cis laiks r\u012bkoties\u00a0\u2014 likmes gaida!\" \/>\n<meta property=\"og:url\" content=\"https:\/\/spinbetter.guru\/lv\/bonus\/freebet\/\" \/>\n<meta property=\"og:site_name\" content=\"SpinBetter Plus LV\" \/>\n<meta property=\"article:modified_time\" content=\"2025-08-28T12:54:16+00:00\" \/>\n<meta name=\"twitter:card\" content=\"summary_large_image\" \/>\n<script type=\"application\/ld+json\" class=\"yoast-schema-graph\">{\"@context\":\"https:\/\/schema.org\",\"@graph\":[{\"@type\":\"WebPage\",\"@id\":\"https:\/\/spinbetter.guru\/lv\/bonus\/freebet\/\",\"url\":\"https:\/\/spinbetter.guru\/lv\/bonus\/freebet\/\",\"name\":\"Bezmaksas likme mobilaj\u0101 t\u0101lrun\u012b: Sa\u0146emiet savu 10\u00a0eiro bonusu\",\"isPartOf\":{\"@id\":\"https:\/\/spinbetter.guru\/lv\/#website\"},\"datePublished\":\"2025-08-28T12:54:03+00:00\",\"dateModified\":\"2025-08-28T12:54:16+00:00\",\"description\":\"Sa\u0146emiet savu mobilo bezmaksas likmi l\u012bdz pat 10\u00a0\u20ac tie\u0161i m\u016bsu lietotn\u0113 un sp\u0113l\u0113jiet jebkur. J\u016bs esat prasm\u012bgs sp\u0113l\u0113t\u0101js, un m\u0113s to zin\u0101m. Vai esat gatavs sa\u0146emt savus bonusus? Ir pien\u0101cis laiks r\u012bkoties\u00a0\u2014 likmes gaida!\",\"breadcrumb\":{\"@id\":\"https:\/\/spinbetter.guru\/lv\/bonus\/freebet\/#breadcrumb\"},\"inLanguage\":\"lv-LV\",\"potentialAction\":[{\"@type\":\"ReadAction\",\"target\":[\"https:\/\/spinbetter.guru\/lv\/bonus\/freebet\/\"]}]},{\"@type\":\"BreadcrumbList\",\"@id\":\"https:\/\/spinbetter.guru\/lv\/bonus\/freebet\/#breadcrumb\",\"itemListElement\":[{\"@type\":\"ListItem\",\"position\":1,\"name\":\"\u0413\u043b\u0430\u0432\u043d\u0430\u044f \u0441\u0442\u0440\u0430\u043d\u0438\u0446\u0430\",\"item\":\"https:\/\/spinbetter.guru\/lv\/\"},{\"@type\":\"ListItem\",\"position\":2,\"name\":\"Bonuss\",\"item\":\"https:\/\/spinbetter.guru\/lv\/bonus\/\"},{\"@type\":\"ListItem\",\"position\":3,\"name\":\"Bezmaksas likme\"}]},{\"@type\":\"WebSite\",\"@id\":\"https:\/\/spinbetter.guru\/lv\/#website\",\"url\":\"https:\/\/spinbetter.guru\/lv\/\",\"name\":\"SpinBetter Plus LV\",\"description\":\"\",\"potentialAction\":[{\"@type\":\"SearchAction\",\"target\":{\"@type\":\"EntryPoint\",\"urlTemplate\":\"https:\/\/spinbetter.guru\/lv\/?s={search_term_string}\"},\"query-input\":{\"@type\":\"PropertyValueSpecification\",\"valueRequired\":true,\"valueName\":\"search_term_string\"}}],\"inLanguage\":\"lv-LV\"}]}<\/script>\n<!-- \/ Yoast SEO plugin. -->","yoast_head_json":{"title":"Bezmaksas likme mobilaj\u0101 t\u0101lrun\u012b: Sa\u0146emiet savu 10\u00a0eiro bonusu","description":"Sa\u0146emiet savu mobilo bezmaksas likmi l\u012bdz pat 10\u00a0\u20ac tie\u0161i m\u016bsu lietotn\u0113 un sp\u0113l\u0113jiet jebkur. J\u016bs esat prasm\u012bgs sp\u0113l\u0113t\u0101js, un m\u0113s to zin\u0101m. Vai esat gatavs sa\u0146emt savus bonusus? Ir pien\u0101cis laiks r\u012bkoties\u00a0\u2014 likmes gaida!","robots":{"index":"index","follow":"follow","max-snippet":"max-snippet:-1","max-image-preview":"max-image-preview:large","max-video-preview":"max-video-preview:-1"},"og_locale":"lv_LV","og_type":"article","og_title":"Bezmaksas likme mobilaj\u0101 t\u0101lrun\u012b: Sa\u0146emiet savu 10\u00a0eiro bonusu","og_description":"Sa\u0146emiet savu mobilo bezmaksas likmi l\u012bdz pat 10\u00a0\u20ac tie\u0161i m\u016bsu lietotn\u0113 un sp\u0113l\u0113jiet jebkur. J\u016bs esat prasm\u012bgs sp\u0113l\u0113t\u0101js, un m\u0113s to zin\u0101m. Vai esat gatavs sa\u0146emt savus bonusus? Ir pien\u0101cis laiks r\u012bkoties\u00a0\u2014 likmes gaida!","og_url":"https:\/\/spinbetter.guru\/lv\/bonus\/freebet\/","og_site_name":"SpinBetter Plus LV","article_modified_time":"2025-08-28T12:54:16+00:00","twitter_card":"summary_large_image","schema":{"@context":"https:\/\/schema.org","@graph":[{"@type":"WebPage","@id":"https:\/\/spinbetter.guru\/lv\/bonus\/freebet\/","url":"https:\/\/spinbetter.guru\/lv\/bonus\/freebet\/","name":"Bezmaksas likme mobilaj\u0101 t\u0101lrun\u012b: Sa\u0146emiet savu 10\u00a0eiro bonusu","isPartOf":{"@id":"https:\/\/spinbetter.guru\/lv\/#website"},"datePublished":"2025-08-28T12:54:03+00:00","dateModified":"2025-08-28T12:54:16+00:00","description":"Sa\u0146emiet savu mobilo bezmaksas likmi l\u012bdz pat 10\u00a0\u20ac tie\u0161i m\u016bsu lietotn\u0113 un sp\u0113l\u0113jiet jebkur. J\u016bs esat prasm\u012bgs sp\u0113l\u0113t\u0101js, un m\u0113s to zin\u0101m. Vai esat gatavs sa\u0146emt savus bonusus? Ir pien\u0101cis laiks r\u012bkoties\u00a0\u2014 likmes gaida!","breadcrumb":{"@id":"https:\/\/spinbetter.guru\/lv\/bonus\/freebet\/#breadcrumb"},"inLanguage":"lv-LV","potentialAction":[{"@type":"ReadAction","target":["https:\/\/spinbetter.guru\/lv\/bonus\/freebet\/"]}]},{"@type":"BreadcrumbList","@id":"https:\/\/spinbetter.guru\/lv\/bonus\/freebet\/#breadcrumb","itemListElement":[{"@type":"ListItem","position":1,"name":"\u0413\u043b\u0430\u0432\u043d\u0430\u044f \u0441\u0442\u0440\u0430\u043d\u0438\u0446\u0430","item":"https:\/\/spinbetter.guru\/lv\/"},{"@type":"ListItem","position":2,"name":"Bonuss","item":"https:\/\/spinbetter.guru\/lv\/bonus\/"},{"@type":"ListItem","position":3,"name":"Bezmaksas likme"}]},{"@type":"WebSite","@id":"https:\/\/spinbetter.guru\/lv\/#website","url":"https:\/\/spinbetter.guru\/lv\/","name":"SpinBetter Plus LV","description":"","potentialAction":[{"@type":"SearchAction","target":{"@type":"EntryPoint","urlTemplate":"https:\/\/spinbetter.guru\/lv\/?s={search_term_string}"},"query-input":{"@type":"PropertyValueSpecification","valueRequired":true,"valueName":"search_term_string"}}],"inLanguage":"lv-LV"}]}},"_links":{"self":[{"href":"https:\/\/spinbetter.guru\/lv\/wp-json\/wp\/v2\/pages\/506"}],"collection":[{"href":"https:\/\/spinbetter.guru\/lv\/wp-json\/wp\/v2\/pages"}],"about":[{"href":"https:\/\/spinbetter.guru\/lv\/wp-json\/wp\/v2\/types\/page"}],"author":[{"embeddable":true,"href":"https:\/\/spinbetter.guru\/lv\/wp-json\/wp\/v2\/users\/1"}],"replies":[{"embeddable":true,"href":"https:\/\/spinbetter.guru\/lv\/wp-json\/wp\/v2\/comments?post=506"}],"version-history":[{"count":1,"href":"https:\/\/spinbetter.guru\/lv\/wp-json\/wp\/v2\/pages\/506\/revisions"}],"predecessor-version":[{"id":507,"href":"https:\/\/spinbetter.guru\/lv\/wp-json\/wp\/v2\/pages\/506\/revisions\/507"}],"up":[{"embeddable":true,"href":"https:\/\/spinbetter.guru\/lv\/wp-json\/wp\/v2\/pages\/314"}],"wp:attachment":[{"href":"https:\/\/spinbetter.guru\/lv\/wp-json\/wp\/v2\/media?parent=506"}],"curies":[{"name":"wp","href":"https:\/\/api.w.org\/{rel}","templated":true}]}}