{"id":509,"date":"2025-09-02T11:32:06","date_gmt":"2025-09-02T11:32:06","guid":{"rendered":"https:\/\/spinbetter.guru\/lv\/?page_id=509"},"modified":"2025-09-02T11:32:20","modified_gmt":"2025-09-02T11:32:20","slug":"free-spins-telegram","status":"publish","type":"page","link":"https:\/\/spinbetter.guru\/lv\/bonus\/free-spins-telegram\/","title":{"rendered":"Bezmaksas griezieni"},"content":{"rendered":"","protected":false},"excerpt":{"rendered":"","protected":false},"author":1,"featured_media":0,"parent":314,"menu_order":0,"comment_status":"closed","ping_status":"closed","template":"","meta":{"footnotes":""},"class_list":["post-509","page","type-page","status-publish","hentry"],"yoast_head":"<!-- This site is optimized with the Yoast SEO plugin v23.4 - https:\/\/yoast.com\/wordpress\/plugins\/seo\/ -->\n<title>Pieprasiet 100\u00a0FS\u00a0&gt; ekskluz\u012bvs SpinBetter Telegram pied\u0101v\u0101jums!<\/title>\n<meta name=\"description\" content=\"Beidz gaid\u012bt, sa\u0146em savus 100 bezmaksas griezienus bez liekas piep\u016bles! Abon\u0113 m\u016bsu Telegram un ieg\u016bsti t\u016bl\u012bt\u0113ju piek\u013cuvi karst\u0101kaj\u0101m un ekskluz\u012bv\u0101kaj\u0101m SpinBetter akcij\u0101m. Tie nav joki \u2013 tikai \u012bsti bonusi!\" \/>\n<meta name=\"robots\" content=\"index, follow, max-snippet:-1, max-image-preview:large, max-video-preview:-1\" \/>\n<meta property=\"og:locale\" content=\"lv_LV\" \/>\n<meta property=\"og:type\" content=\"article\" \/>\n<meta property=\"og:title\" content=\"Pieprasiet 100\u00a0FS\u00a0&gt; ekskluz\u012bvs SpinBetter Telegram pied\u0101v\u0101jums!\" \/>\n<meta property=\"og:description\" content=\"Beidz gaid\u012bt, sa\u0146em savus 100 bezmaksas griezienus bez liekas piep\u016bles! Abon\u0113 m\u016bsu Telegram un ieg\u016bsti t\u016bl\u012bt\u0113ju piek\u013cuvi karst\u0101kaj\u0101m un ekskluz\u012bv\u0101kaj\u0101m SpinBetter akcij\u0101m. Tie nav joki \u2013 tikai \u012bsti bonusi!\" \/>\n<meta property=\"og:url\" content=\"https:\/\/spinbetter.guru\/lv\/bonus\/free-spins-telegram\/\" \/>\n<meta property=\"og:site_name\" content=\"SpinBetter Plus LV\" \/>\n<meta property=\"article:modified_time\" content=\"2025-09-02T11:32:20+00:00\" \/>\n<meta name=\"twitter:card\" content=\"summary_large_image\" \/>\n<script type=\"application\/ld+json\" class=\"yoast-schema-graph\">{\"@context\":\"https:\/\/schema.org\",\"@graph\":[{\"@type\":\"WebPage\",\"@id\":\"https:\/\/spinbetter.guru\/lv\/bonus\/free-spins-telegram\/\",\"url\":\"https:\/\/spinbetter.guru\/lv\/bonus\/free-spins-telegram\/\",\"name\":\"Pieprasiet 100\u00a0FS\u00a0> ekskluz\u012bvs SpinBetter Telegram pied\u0101v\u0101jums!\",\"isPartOf\":{\"@id\":\"https:\/\/spinbetter.guru\/lv\/#website\"},\"datePublished\":\"2025-09-02T11:32:06+00:00\",\"dateModified\":\"2025-09-02T11:32:20+00:00\",\"description\":\"Beidz gaid\u012bt, sa\u0146em savus 100 bezmaksas griezienus bez liekas piep\u016bles! Abon\u0113 m\u016bsu Telegram un ieg\u016bsti t\u016bl\u012bt\u0113ju piek\u013cuvi karst\u0101kaj\u0101m un ekskluz\u012bv\u0101kaj\u0101m SpinBetter akcij\u0101m. Tie nav joki \u2013 tikai \u012bsti bonusi!\",\"breadcrumb\":{\"@id\":\"https:\/\/spinbetter.guru\/lv\/bonus\/free-spins-telegram\/#breadcrumb\"},\"inLanguage\":\"lv-LV\",\"potentialAction\":[{\"@type\":\"ReadAction\",\"target\":[\"https:\/\/spinbetter.guru\/lv\/bonus\/free-spins-telegram\/\"]}]},{\"@type\":\"BreadcrumbList\",\"@id\":\"https:\/\/spinbetter.guru\/lv\/bonus\/free-spins-telegram\/#breadcrumb\",\"itemListElement\":[{\"@type\":\"ListItem\",\"position\":1,\"name\":\"\u0413\u043b\u0430\u0432\u043d\u0430\u044f \u0441\u0442\u0440\u0430\u043d\u0438\u0446\u0430\",\"item\":\"https:\/\/spinbetter.guru\/lv\/\"},{\"@type\":\"ListItem\",\"position\":2,\"name\":\"Bonuss\",\"item\":\"https:\/\/spinbetter.guru\/lv\/bonus\/\"},{\"@type\":\"ListItem\",\"position\":3,\"name\":\"Bezmaksas griezieni\"}]},{\"@type\":\"WebSite\",\"@id\":\"https:\/\/spinbetter.guru\/lv\/#website\",\"url\":\"https:\/\/spinbetter.guru\/lv\/\",\"name\":\"SpinBetter Plus LV\",\"description\":\"\",\"potentialAction\":[{\"@type\":\"SearchAction\",\"target\":{\"@type\":\"EntryPoint\",\"urlTemplate\":\"https:\/\/spinbetter.guru\/lv\/?s={search_term_string}\"},\"query-input\":{\"@type\":\"PropertyValueSpecification\",\"valueRequired\":true,\"valueName\":\"search_term_string\"}}],\"inLanguage\":\"lv-LV\"}]}<\/script>\n<!-- \/ Yoast SEO plugin. -->","yoast_head_json":{"title":"Pieprasiet 100\u00a0FS\u00a0> ekskluz\u012bvs SpinBetter Telegram pied\u0101v\u0101jums!","description":"Beidz gaid\u012bt, sa\u0146em savus 100 bezmaksas griezienus bez liekas piep\u016bles! Abon\u0113 m\u016bsu Telegram un ieg\u016bsti t\u016bl\u012bt\u0113ju piek\u013cuvi karst\u0101kaj\u0101m un ekskluz\u012bv\u0101kaj\u0101m SpinBetter akcij\u0101m. Tie nav joki \u2013 tikai \u012bsti bonusi!","robots":{"index":"index","follow":"follow","max-snippet":"max-snippet:-1","max-image-preview":"max-image-preview:large","max-video-preview":"max-video-preview:-1"},"og_locale":"lv_LV","og_type":"article","og_title":"Pieprasiet 100\u00a0FS\u00a0> ekskluz\u012bvs SpinBetter Telegram pied\u0101v\u0101jums!","og_description":"Beidz gaid\u012bt, sa\u0146em savus 100 bezmaksas griezienus bez liekas piep\u016bles! Abon\u0113 m\u016bsu Telegram un ieg\u016bsti t\u016bl\u012bt\u0113ju piek\u013cuvi karst\u0101kaj\u0101m un ekskluz\u012bv\u0101kaj\u0101m SpinBetter akcij\u0101m. Tie nav joki \u2013 tikai \u012bsti bonusi!","og_url":"https:\/\/spinbetter.guru\/lv\/bonus\/free-spins-telegram\/","og_site_name":"SpinBetter Plus LV","article_modified_time":"2025-09-02T11:32:20+00:00","twitter_card":"summary_large_image","schema":{"@context":"https:\/\/schema.org","@graph":[{"@type":"WebPage","@id":"https:\/\/spinbetter.guru\/lv\/bonus\/free-spins-telegram\/","url":"https:\/\/spinbetter.guru\/lv\/bonus\/free-spins-telegram\/","name":"Pieprasiet 100\u00a0FS\u00a0> ekskluz\u012bvs SpinBetter Telegram pied\u0101v\u0101jums!","isPartOf":{"@id":"https:\/\/spinbetter.guru\/lv\/#website"},"datePublished":"2025-09-02T11:32:06+00:00","dateModified":"2025-09-02T11:32:20+00:00","description":"Beidz gaid\u012bt, sa\u0146em savus 100 bezmaksas griezienus bez liekas piep\u016bles! Abon\u0113 m\u016bsu Telegram un ieg\u016bsti t\u016bl\u012bt\u0113ju piek\u013cuvi karst\u0101kaj\u0101m un ekskluz\u012bv\u0101kaj\u0101m SpinBetter akcij\u0101m. Tie nav joki \u2013 tikai \u012bsti bonusi!","breadcrumb":{"@id":"https:\/\/spinbetter.guru\/lv\/bonus\/free-spins-telegram\/#breadcrumb"},"inLanguage":"lv-LV","potentialAction":[{"@type":"ReadAction","target":["https:\/\/spinbetter.guru\/lv\/bonus\/free-spins-telegram\/"]}]},{"@type":"BreadcrumbList","@id":"https:\/\/spinbetter.guru\/lv\/bonus\/free-spins-telegram\/#breadcrumb","itemListElement":[{"@type":"ListItem","position":1,"name":"\u0413\u043b\u0430\u0432\u043d\u0430\u044f \u0441\u0442\u0440\u0430\u043d\u0438\u0446\u0430","item":"https:\/\/spinbetter.guru\/lv\/"},{"@type":"ListItem","position":2,"name":"Bonuss","item":"https:\/\/spinbetter.guru\/lv\/bonus\/"},{"@type":"ListItem","position":3,"name":"Bezmaksas griezieni"}]},{"@type":"WebSite","@id":"https:\/\/spinbetter.guru\/lv\/#website","url":"https:\/\/spinbetter.guru\/lv\/","name":"SpinBetter Plus LV","description":"","potentialAction":[{"@type":"SearchAction","target":{"@type":"EntryPoint","urlTemplate":"https:\/\/spinbetter.guru\/lv\/?s={search_term_string}"},"query-input":{"@type":"PropertyValueSpecification","valueRequired":true,"valueName":"search_term_string"}}],"inLanguage":"lv-LV"}]}},"_links":{"self":[{"href":"https:\/\/spinbetter.guru\/lv\/wp-json\/wp\/v2\/pages\/509"}],"collection":[{"href":"https:\/\/spinbetter.guru\/lv\/wp-json\/wp\/v2\/pages"}],"about":[{"href":"https:\/\/spinbetter.guru\/lv\/wp-json\/wp\/v2\/types\/page"}],"author":[{"embeddable":true,"href":"https:\/\/spinbetter.guru\/lv\/wp-json\/wp\/v2\/users\/1"}],"replies":[{"embeddable":true,"href":"https:\/\/spinbetter.guru\/lv\/wp-json\/wp\/v2\/comments?post=509"}],"version-history":[{"count":1,"href":"https:\/\/spinbetter.guru\/lv\/wp-json\/wp\/v2\/pages\/509\/revisions"}],"predecessor-version":[{"id":510,"href":"https:\/\/spinbetter.guru\/lv\/wp-json\/wp\/v2\/pages\/509\/revisions\/510"}],"up":[{"embeddable":true,"href":"https:\/\/spinbetter.guru\/lv\/wp-json\/wp\/v2\/pages\/314"}],"wp:attachment":[{"href":"https:\/\/spinbetter.guru\/lv\/wp-json\/wp\/v2\/media?parent=509"}],"curies":[{"name":"wp","href":"https:\/\/api.w.org\/{rel}","templated":true}]}}