{"id":339,"date":"2024-11-04T09:17:07","date_gmt":"2024-11-04T09:17:07","guid":{"rendered":"https:\/\/spinbetter.guru\/no\/?page_id=339"},"modified":"2025-09-24T17:53:48","modified_gmt":"2025-09-24T17:53:48","slug":"partners","status":"publish","type":"page","link":"https:\/\/spinbetter.guru\/no\/partners\/","title":{"rendered":"Partner"},"content":{"rendered":"","protected":false},"excerpt":{"rendered":"","protected":false},"author":1,"featured_media":0,"parent":0,"menu_order":0,"comment_status":"closed","ping_status":"closed","template":"","meta":{"footnotes":""},"class_list":["post-339","page","type-page","status-publish","hentry"],"yoast_head":"<!-- This site is optimized with the Yoast SEO plugin v23.4 - https:\/\/yoast.com\/wordpress\/plugins\/seo\/ -->\n<title>SpinBetter Partners &gt; Din sjanse til \u00e5 tjene penger p\u00e5 kasinoet!<\/title>\n<meta name=\"description\" content=\"Bli en SpinBetter-affiliate og tjen penger ved \u00e5 tiltrekke deg nye spillere. Programmet v\u00e5rt tilbyr gunstige betingelser og h\u00f8ye provisjoner.\" \/>\n<meta name=\"robots\" content=\"index, follow, max-snippet:-1, max-image-preview:large, max-video-preview:-1\" \/>\n<meta property=\"og:locale\" content=\"nb_NO\" \/>\n<meta property=\"og:type\" content=\"article\" \/>\n<meta property=\"og:title\" content=\"SpinBetter Partners &gt; Din sjanse til \u00e5 tjene penger p\u00e5 kasinoet!\" \/>\n<meta property=\"og:description\" content=\"Bli en SpinBetter-affiliate og tjen penger ved \u00e5 tiltrekke deg nye spillere. Programmet v\u00e5rt tilbyr gunstige betingelser og h\u00f8ye provisjoner.\" \/>\n<meta property=\"og:url\" content=\"https:\/\/spinbetter.guru\/no\/partners\/\" \/>\n<meta property=\"og:site_name\" content=\"Spinbetter Plus NO\" \/>\n<meta property=\"article:modified_time\" content=\"2025-09-24T17:53:48+00:00\" \/>\n<meta name=\"twitter:card\" content=\"summary_large_image\" \/>\n<script type=\"application\/ld+json\" class=\"yoast-schema-graph\">{\"@context\":\"https:\/\/schema.org\",\"@graph\":[{\"@type\":\"WebPage\",\"@id\":\"https:\/\/spinbetter.guru\/no\/partners\/\",\"url\":\"https:\/\/spinbetter.guru\/no\/partners\/\",\"name\":\"SpinBetter Partners > Din sjanse til \u00e5 tjene penger p\u00e5 kasinoet!\",\"isPartOf\":{\"@id\":\"https:\/\/spinbetter.guru\/no\/#website\"},\"datePublished\":\"2024-11-04T09:17:07+00:00\",\"dateModified\":\"2025-09-24T17:53:48+00:00\",\"description\":\"Bli en SpinBetter-affiliate og tjen penger ved \u00e5 tiltrekke deg nye spillere. Programmet v\u00e5rt tilbyr gunstige betingelser og h\u00f8ye provisjoner.\",\"breadcrumb\":{\"@id\":\"https:\/\/spinbetter.guru\/no\/partners\/#breadcrumb\"},\"inLanguage\":\"nb-NO\",\"potentialAction\":[{\"@type\":\"ReadAction\",\"target\":[\"https:\/\/spinbetter.guru\/no\/partners\/\"]}]},{\"@type\":\"BreadcrumbList\",\"@id\":\"https:\/\/spinbetter.guru\/no\/partners\/#breadcrumb\",\"itemListElement\":[{\"@type\":\"ListItem\",\"position\":1,\"name\":\"\u0413\u043b\u0430\u0432\u043d\u0430\u044f \u0441\u0442\u0440\u0430\u043d\u0438\u0446\u0430\",\"item\":\"https:\/\/spinbetter.guru\/no\/\"},{\"@type\":\"ListItem\",\"position\":2,\"name\":\"Partner\"}]},{\"@type\":\"WebSite\",\"@id\":\"https:\/\/spinbetter.guru\/no\/#website\",\"url\":\"https:\/\/spinbetter.guru\/no\/\",\"name\":\"Spinbetter Plus NO\",\"description\":\"\",\"potentialAction\":[{\"@type\":\"SearchAction\",\"target\":{\"@type\":\"EntryPoint\",\"urlTemplate\":\"https:\/\/spinbetter.guru\/no\/?s={search_term_string}\"},\"query-input\":{\"@type\":\"PropertyValueSpecification\",\"valueRequired\":true,\"valueName\":\"search_term_string\"}}],\"inLanguage\":\"nb-NO\"}]}<\/script>\n<!-- \/ Yoast SEO plugin. -->","yoast_head_json":{"title":"SpinBetter Partners > Din sjanse til \u00e5 tjene penger p\u00e5 kasinoet!","description":"Bli en SpinBetter-affiliate og tjen penger ved \u00e5 tiltrekke deg nye spillere. Programmet v\u00e5rt tilbyr gunstige betingelser og h\u00f8ye provisjoner.","robots":{"index":"index","follow":"follow","max-snippet":"max-snippet:-1","max-image-preview":"max-image-preview:large","max-video-preview":"max-video-preview:-1"},"og_locale":"nb_NO","og_type":"article","og_title":"SpinBetter Partners > Din sjanse til \u00e5 tjene penger p\u00e5 kasinoet!","og_description":"Bli en SpinBetter-affiliate og tjen penger ved \u00e5 tiltrekke deg nye spillere. Programmet v\u00e5rt tilbyr gunstige betingelser og h\u00f8ye provisjoner.","og_url":"https:\/\/spinbetter.guru\/no\/partners\/","og_site_name":"Spinbetter Plus NO","article_modified_time":"2025-09-24T17:53:48+00:00","twitter_card":"summary_large_image","schema":{"@context":"https:\/\/schema.org","@graph":[{"@type":"WebPage","@id":"https:\/\/spinbetter.guru\/no\/partners\/","url":"https:\/\/spinbetter.guru\/no\/partners\/","name":"SpinBetter Partners > Din sjanse til \u00e5 tjene penger p\u00e5 kasinoet!","isPartOf":{"@id":"https:\/\/spinbetter.guru\/no\/#website"},"datePublished":"2024-11-04T09:17:07+00:00","dateModified":"2025-09-24T17:53:48+00:00","description":"Bli en SpinBetter-affiliate og tjen penger ved \u00e5 tiltrekke deg nye spillere. Programmet v\u00e5rt tilbyr gunstige betingelser og h\u00f8ye provisjoner.","breadcrumb":{"@id":"https:\/\/spinbetter.guru\/no\/partners\/#breadcrumb"},"inLanguage":"nb-NO","potentialAction":[{"@type":"ReadAction","target":["https:\/\/spinbetter.guru\/no\/partners\/"]}]},{"@type":"BreadcrumbList","@id":"https:\/\/spinbetter.guru\/no\/partners\/#breadcrumb","itemListElement":[{"@type":"ListItem","position":1,"name":"\u0413\u043b\u0430\u0432\u043d\u0430\u044f \u0441\u0442\u0440\u0430\u043d\u0438\u0446\u0430","item":"https:\/\/spinbetter.guru\/no\/"},{"@type":"ListItem","position":2,"name":"Partner"}]},{"@type":"WebSite","@id":"https:\/\/spinbetter.guru\/no\/#website","url":"https:\/\/spinbetter.guru\/no\/","name":"Spinbetter Plus NO","description":"","potentialAction":[{"@type":"SearchAction","target":{"@type":"EntryPoint","urlTemplate":"https:\/\/spinbetter.guru\/no\/?s={search_term_string}"},"query-input":{"@type":"PropertyValueSpecification","valueRequired":true,"valueName":"search_term_string"}}],"inLanguage":"nb-NO"}]}},"_links":{"self":[{"href":"https:\/\/spinbetter.guru\/no\/wp-json\/wp\/v2\/pages\/339"}],"collection":[{"href":"https:\/\/spinbetter.guru\/no\/wp-json\/wp\/v2\/pages"}],"about":[{"href":"https:\/\/spinbetter.guru\/no\/wp-json\/wp\/v2\/types\/page"}],"author":[{"embeddable":true,"href":"https:\/\/spinbetter.guru\/no\/wp-json\/wp\/v2\/users\/1"}],"replies":[{"embeddable":true,"href":"https:\/\/spinbetter.guru\/no\/wp-json\/wp\/v2\/comments?post=339"}],"version-history":[{"count":16,"href":"https:\/\/spinbetter.guru\/no\/wp-json\/wp\/v2\/pages\/339\/revisions"}],"predecessor-version":[{"id":558,"href":"https:\/\/spinbetter.guru\/no\/wp-json\/wp\/v2\/pages\/339\/revisions\/558"}],"wp:attachment":[{"href":"https:\/\/spinbetter.guru\/no\/wp-json\/wp\/v2\/media?parent=339"}],"curies":[{"name":"wp","href":"https:\/\/api.w.org\/{rel}","templated":true}]}}