{"id":458,"date":"2025-04-24T08:25:39","date_gmt":"2025-04-24T08:25:39","guid":{"rendered":"https:\/\/spinbetter.guru\/no\/?page_id=458"},"modified":"2025-08-28T12:56:44","modified_gmt":"2025-08-28T12:56:44","slug":"freebet","status":"publish","type":"page","link":"https:\/\/spinbetter.guru\/no\/bonus\/freebet\/","title":{"rendered":"Gratisspill"},"content":{"rendered":"","protected":false},"excerpt":{"rendered":"","protected":false},"author":1,"featured_media":0,"parent":314,"menu_order":0,"comment_status":"closed","ping_status":"closed","template":"","meta":{"footnotes":""},"class_list":["post-458","page","type-page","status-publish","hentry"],"yoast_head":"<!-- This site is optimized with the Yoast SEO plugin v23.4 - https:\/\/yoast.com\/wordpress\/plugins\/seo\/ -->\n<title>Gratisspill n\u00e5 tilgjengelig p\u00e5 mobil: Hent din \u20ac10 bonus<\/title>\n<meta name=\"description\" content=\"Hent ditt mobilfreebet p\u00e5 opptil \u20ac10 rett i appen v\u00e5r og spill hvor som helst. Du er en t\u00f8ff spiller, og det vet vi. Klar til \u00e5 ta bonusene dine? Det er p\u00e5 tide \u00e5 handle \u2013 spillene venter!\" \/>\n<meta name=\"robots\" content=\"index, follow, max-snippet:-1, max-image-preview:large, max-video-preview:-1\" \/>\n<meta property=\"og:locale\" content=\"nb_NO\" \/>\n<meta property=\"og:type\" content=\"article\" \/>\n<meta property=\"og:title\" content=\"Gratisspill n\u00e5 tilgjengelig p\u00e5 mobil: Hent din \u20ac10 bonus\" \/>\n<meta property=\"og:description\" content=\"Hent ditt mobilfreebet p\u00e5 opptil \u20ac10 rett i appen v\u00e5r og spill hvor som helst. Du er en t\u00f8ff spiller, og det vet vi. Klar til \u00e5 ta bonusene dine? Det er p\u00e5 tide \u00e5 handle \u2013 spillene venter!\" \/>\n<meta property=\"og:url\" content=\"https:\/\/spinbetter.guru\/no\/bonus\/freebet\/\" \/>\n<meta property=\"og:site_name\" content=\"Spinbetter Plus NO\" \/>\n<meta property=\"article:modified_time\" content=\"2025-08-28T12:56:44+00:00\" \/>\n<meta name=\"twitter:card\" content=\"summary_large_image\" \/>\n<script type=\"application\/ld+json\" class=\"yoast-schema-graph\">{\"@context\":\"https:\/\/schema.org\",\"@graph\":[{\"@type\":\"WebPage\",\"@id\":\"https:\/\/spinbetter.guru\/no\/bonus\/freebet\/\",\"url\":\"https:\/\/spinbetter.guru\/no\/bonus\/freebet\/\",\"name\":\"Gratisspill n\u00e5 tilgjengelig p\u00e5 mobil: Hent din \u20ac10 bonus\",\"isPartOf\":{\"@id\":\"https:\/\/spinbetter.guru\/no\/#website\"},\"datePublished\":\"2025-04-24T08:25:39+00:00\",\"dateModified\":\"2025-08-28T12:56:44+00:00\",\"description\":\"Hent ditt mobilfreebet p\u00e5 opptil \u20ac10 rett i appen v\u00e5r og spill hvor som helst. Du er en t\u00f8ff spiller, og det vet vi. Klar til \u00e5 ta bonusene dine? Det er p\u00e5 tide \u00e5 handle \u2013 spillene venter!\",\"breadcrumb\":{\"@id\":\"https:\/\/spinbetter.guru\/no\/bonus\/freebet\/#breadcrumb\"},\"inLanguage\":\"nb-NO\",\"potentialAction\":[{\"@type\":\"ReadAction\",\"target\":[\"https:\/\/spinbetter.guru\/no\/bonus\/freebet\/\"]}]},{\"@type\":\"BreadcrumbList\",\"@id\":\"https:\/\/spinbetter.guru\/no\/bonus\/freebet\/#breadcrumb\",\"itemListElement\":[{\"@type\":\"ListItem\",\"position\":1,\"name\":\"\u0413\u043b\u0430\u0432\u043d\u0430\u044f \u0441\u0442\u0440\u0430\u043d\u0438\u0446\u0430\",\"item\":\"https:\/\/spinbetter.guru\/no\/\"},{\"@type\":\"ListItem\",\"position\":2,\"name\":\"Bonus\",\"item\":\"https:\/\/spinbetter.guru\/no\/bonus\/\"},{\"@type\":\"ListItem\",\"position\":3,\"name\":\"Gratisspill\"}]},{\"@type\":\"WebSite\",\"@id\":\"https:\/\/spinbetter.guru\/no\/#website\",\"url\":\"https:\/\/spinbetter.guru\/no\/\",\"name\":\"Spinbetter Plus NO\",\"description\":\"\",\"potentialAction\":[{\"@type\":\"SearchAction\",\"target\":{\"@type\":\"EntryPoint\",\"urlTemplate\":\"https:\/\/spinbetter.guru\/no\/?s={search_term_string}\"},\"query-input\":{\"@type\":\"PropertyValueSpecification\",\"valueRequired\":true,\"valueName\":\"search_term_string\"}}],\"inLanguage\":\"nb-NO\"}]}<\/script>\n<!-- \/ Yoast SEO plugin. -->","yoast_head_json":{"title":"Gratisspill n\u00e5 tilgjengelig p\u00e5 mobil: Hent din \u20ac10 bonus","description":"Hent ditt mobilfreebet p\u00e5 opptil \u20ac10 rett i appen v\u00e5r og spill hvor som helst. Du er en t\u00f8ff spiller, og det vet vi. Klar til \u00e5 ta bonusene dine? Det er p\u00e5 tide \u00e5 handle \u2013 spillene venter!","robots":{"index":"index","follow":"follow","max-snippet":"max-snippet:-1","max-image-preview":"max-image-preview:large","max-video-preview":"max-video-preview:-1"},"og_locale":"nb_NO","og_type":"article","og_title":"Gratisspill n\u00e5 tilgjengelig p\u00e5 mobil: Hent din \u20ac10 bonus","og_description":"Hent ditt mobilfreebet p\u00e5 opptil \u20ac10 rett i appen v\u00e5r og spill hvor som helst. Du er en t\u00f8ff spiller, og det vet vi. Klar til \u00e5 ta bonusene dine? Det er p\u00e5 tide \u00e5 handle \u2013 spillene venter!","og_url":"https:\/\/spinbetter.guru\/no\/bonus\/freebet\/","og_site_name":"Spinbetter Plus NO","article_modified_time":"2025-08-28T12:56:44+00:00","twitter_card":"summary_large_image","schema":{"@context":"https:\/\/schema.org","@graph":[{"@type":"WebPage","@id":"https:\/\/spinbetter.guru\/no\/bonus\/freebet\/","url":"https:\/\/spinbetter.guru\/no\/bonus\/freebet\/","name":"Gratisspill n\u00e5 tilgjengelig p\u00e5 mobil: Hent din \u20ac10 bonus","isPartOf":{"@id":"https:\/\/spinbetter.guru\/no\/#website"},"datePublished":"2025-04-24T08:25:39+00:00","dateModified":"2025-08-28T12:56:44+00:00","description":"Hent ditt mobilfreebet p\u00e5 opptil \u20ac10 rett i appen v\u00e5r og spill hvor som helst. Du er en t\u00f8ff spiller, og det vet vi. Klar til \u00e5 ta bonusene dine? Det er p\u00e5 tide \u00e5 handle \u2013 spillene venter!","breadcrumb":{"@id":"https:\/\/spinbetter.guru\/no\/bonus\/freebet\/#breadcrumb"},"inLanguage":"nb-NO","potentialAction":[{"@type":"ReadAction","target":["https:\/\/spinbetter.guru\/no\/bonus\/freebet\/"]}]},{"@type":"BreadcrumbList","@id":"https:\/\/spinbetter.guru\/no\/bonus\/freebet\/#breadcrumb","itemListElement":[{"@type":"ListItem","position":1,"name":"\u0413\u043b\u0430\u0432\u043d\u0430\u044f \u0441\u0442\u0440\u0430\u043d\u0438\u0446\u0430","item":"https:\/\/spinbetter.guru\/no\/"},{"@type":"ListItem","position":2,"name":"Bonus","item":"https:\/\/spinbetter.guru\/no\/bonus\/"},{"@type":"ListItem","position":3,"name":"Gratisspill"}]},{"@type":"WebSite","@id":"https:\/\/spinbetter.guru\/no\/#website","url":"https:\/\/spinbetter.guru\/no\/","name":"Spinbetter Plus NO","description":"","potentialAction":[{"@type":"SearchAction","target":{"@type":"EntryPoint","urlTemplate":"https:\/\/spinbetter.guru\/no\/?s={search_term_string}"},"query-input":{"@type":"PropertyValueSpecification","valueRequired":true,"valueName":"search_term_string"}}],"inLanguage":"nb-NO"}]}},"_links":{"self":[{"href":"https:\/\/spinbetter.guru\/no\/wp-json\/wp\/v2\/pages\/458"}],"collection":[{"href":"https:\/\/spinbetter.guru\/no\/wp-json\/wp\/v2\/pages"}],"about":[{"href":"https:\/\/spinbetter.guru\/no\/wp-json\/wp\/v2\/types\/page"}],"author":[{"embeddable":true,"href":"https:\/\/spinbetter.guru\/no\/wp-json\/wp\/v2\/users\/1"}],"replies":[{"embeddable":true,"href":"https:\/\/spinbetter.guru\/no\/wp-json\/wp\/v2\/comments?post=458"}],"version-history":[{"count":5,"href":"https:\/\/spinbetter.guru\/no\/wp-json\/wp\/v2\/pages\/458\/revisions"}],"predecessor-version":[{"id":551,"href":"https:\/\/spinbetter.guru\/no\/wp-json\/wp\/v2\/pages\/458\/revisions\/551"}],"up":[{"embeddable":true,"href":"https:\/\/spinbetter.guru\/no\/wp-json\/wp\/v2\/pages\/314"}],"wp:attachment":[{"href":"https:\/\/spinbetter.guru\/no\/wp-json\/wp\/v2\/media?parent=458"}],"curies":[{"name":"wp","href":"https:\/\/api.w.org\/{rel}","templated":true}]}}