{"id":476,"date":"2025-04-24T09:25:01","date_gmt":"2025-04-24T09:25:01","guid":{"rendered":"https:\/\/spinbetter.guru\/no\/?page_id=476"},"modified":"2025-09-02T11:38:27","modified_gmt":"2025-09-02T11:38:27","slug":"free-spins-telegram","status":"publish","type":"page","link":"https:\/\/spinbetter.guru\/no\/bonus\/free-spins-telegram\/","title":{"rendered":"Gratisspinn"},"content":{"rendered":"","protected":false},"excerpt":{"rendered":"","protected":false},"author":1,"featured_media":0,"parent":314,"menu_order":0,"comment_status":"closed","ping_status":"closed","template":"","meta":{"footnotes":""},"class_list":["post-476","page","type-page","status-publish","hentry"],"yoast_head":"<!-- This site is optimized with the Yoast SEO plugin v23.4 - https:\/\/yoast.com\/wordpress\/plugins\/seo\/ -->\n<title>F\u00e5 100 gratisspinn: Eksklusivt SpinBetter Telegram-tilbud!<\/title>\n<meta name=\"description\" content=\"Slutt \u00e5 vente, f\u00e5 dine 100 gratisspinn uten noe styr! Abonner p\u00e5 Telegram og f\u00e5 umiddelbar tilgang til de heteste og mest eksklusive SpinBetter-kampanjene. Dette er ingen sp\u00f8k \u2013 bare ekte bonuser!\" \/>\n<meta name=\"robots\" content=\"index, follow, max-snippet:-1, max-image-preview:large, max-video-preview:-1\" \/>\n<meta property=\"og:locale\" content=\"nb_NO\" \/>\n<meta property=\"og:type\" content=\"article\" \/>\n<meta property=\"og:title\" content=\"F\u00e5 100 gratisspinn: Eksklusivt SpinBetter Telegram-tilbud!\" \/>\n<meta property=\"og:description\" content=\"Slutt \u00e5 vente, f\u00e5 dine 100 gratisspinn uten noe styr! Abonner p\u00e5 Telegram og f\u00e5 umiddelbar tilgang til de heteste og mest eksklusive SpinBetter-kampanjene. Dette er ingen sp\u00f8k \u2013 bare ekte bonuser!\" \/>\n<meta property=\"og:url\" content=\"https:\/\/spinbetter.guru\/no\/bonus\/free-spins-telegram\/\" \/>\n<meta property=\"og:site_name\" content=\"Spinbetter Plus NO\" \/>\n<meta property=\"article:modified_time\" content=\"2025-09-02T11:38:27+00:00\" \/>\n<meta name=\"twitter:card\" content=\"summary_large_image\" \/>\n<script type=\"application\/ld+json\" class=\"yoast-schema-graph\">{\"@context\":\"https:\/\/schema.org\",\"@graph\":[{\"@type\":\"WebPage\",\"@id\":\"https:\/\/spinbetter.guru\/no\/bonus\/free-spins-telegram\/\",\"url\":\"https:\/\/spinbetter.guru\/no\/bonus\/free-spins-telegram\/\",\"name\":\"F\u00e5 100 gratisspinn: Eksklusivt SpinBetter Telegram-tilbud!\",\"isPartOf\":{\"@id\":\"https:\/\/spinbetter.guru\/no\/#website\"},\"datePublished\":\"2025-04-24T09:25:01+00:00\",\"dateModified\":\"2025-09-02T11:38:27+00:00\",\"description\":\"Slutt \u00e5 vente, f\u00e5 dine 100 gratisspinn uten noe styr! Abonner p\u00e5 Telegram og f\u00e5 umiddelbar tilgang til de heteste og mest eksklusive SpinBetter-kampanjene. Dette er ingen sp\u00f8k \u2013 bare ekte bonuser!\",\"breadcrumb\":{\"@id\":\"https:\/\/spinbetter.guru\/no\/bonus\/free-spins-telegram\/#breadcrumb\"},\"inLanguage\":\"nb-NO\",\"potentialAction\":[{\"@type\":\"ReadAction\",\"target\":[\"https:\/\/spinbetter.guru\/no\/bonus\/free-spins-telegram\/\"]}]},{\"@type\":\"BreadcrumbList\",\"@id\":\"https:\/\/spinbetter.guru\/no\/bonus\/free-spins-telegram\/#breadcrumb\",\"itemListElement\":[{\"@type\":\"ListItem\",\"position\":1,\"name\":\"\u0413\u043b\u0430\u0432\u043d\u0430\u044f \u0441\u0442\u0440\u0430\u043d\u0438\u0446\u0430\",\"item\":\"https:\/\/spinbetter.guru\/no\/\"},{\"@type\":\"ListItem\",\"position\":2,\"name\":\"Bonus\",\"item\":\"https:\/\/spinbetter.guru\/no\/bonus\/\"},{\"@type\":\"ListItem\",\"position\":3,\"name\":\"Gratisspinn\"}]},{\"@type\":\"WebSite\",\"@id\":\"https:\/\/spinbetter.guru\/no\/#website\",\"url\":\"https:\/\/spinbetter.guru\/no\/\",\"name\":\"Spinbetter Plus NO\",\"description\":\"\",\"potentialAction\":[{\"@type\":\"SearchAction\",\"target\":{\"@type\":\"EntryPoint\",\"urlTemplate\":\"https:\/\/spinbetter.guru\/no\/?s={search_term_string}\"},\"query-input\":{\"@type\":\"PropertyValueSpecification\",\"valueRequired\":true,\"valueName\":\"search_term_string\"}}],\"inLanguage\":\"nb-NO\"}]}<\/script>\n<!-- \/ Yoast SEO plugin. -->","yoast_head_json":{"title":"F\u00e5 100 gratisspinn: Eksklusivt SpinBetter Telegram-tilbud!","description":"Slutt \u00e5 vente, f\u00e5 dine 100 gratisspinn uten noe styr! Abonner p\u00e5 Telegram og f\u00e5 umiddelbar tilgang til de heteste og mest eksklusive SpinBetter-kampanjene. Dette er ingen sp\u00f8k \u2013 bare ekte bonuser!","robots":{"index":"index","follow":"follow","max-snippet":"max-snippet:-1","max-image-preview":"max-image-preview:large","max-video-preview":"max-video-preview:-1"},"og_locale":"nb_NO","og_type":"article","og_title":"F\u00e5 100 gratisspinn: Eksklusivt SpinBetter Telegram-tilbud!","og_description":"Slutt \u00e5 vente, f\u00e5 dine 100 gratisspinn uten noe styr! Abonner p\u00e5 Telegram og f\u00e5 umiddelbar tilgang til de heteste og mest eksklusive SpinBetter-kampanjene. Dette er ingen sp\u00f8k \u2013 bare ekte bonuser!","og_url":"https:\/\/spinbetter.guru\/no\/bonus\/free-spins-telegram\/","og_site_name":"Spinbetter Plus NO","article_modified_time":"2025-09-02T11:38:27+00:00","twitter_card":"summary_large_image","schema":{"@context":"https:\/\/schema.org","@graph":[{"@type":"WebPage","@id":"https:\/\/spinbetter.guru\/no\/bonus\/free-spins-telegram\/","url":"https:\/\/spinbetter.guru\/no\/bonus\/free-spins-telegram\/","name":"F\u00e5 100 gratisspinn: Eksklusivt SpinBetter Telegram-tilbud!","isPartOf":{"@id":"https:\/\/spinbetter.guru\/no\/#website"},"datePublished":"2025-04-24T09:25:01+00:00","dateModified":"2025-09-02T11:38:27+00:00","description":"Slutt \u00e5 vente, f\u00e5 dine 100 gratisspinn uten noe styr! Abonner p\u00e5 Telegram og f\u00e5 umiddelbar tilgang til de heteste og mest eksklusive SpinBetter-kampanjene. Dette er ingen sp\u00f8k \u2013 bare ekte bonuser!","breadcrumb":{"@id":"https:\/\/spinbetter.guru\/no\/bonus\/free-spins-telegram\/#breadcrumb"},"inLanguage":"nb-NO","potentialAction":[{"@type":"ReadAction","target":["https:\/\/spinbetter.guru\/no\/bonus\/free-spins-telegram\/"]}]},{"@type":"BreadcrumbList","@id":"https:\/\/spinbetter.guru\/no\/bonus\/free-spins-telegram\/#breadcrumb","itemListElement":[{"@type":"ListItem","position":1,"name":"\u0413\u043b\u0430\u0432\u043d\u0430\u044f \u0441\u0442\u0440\u0430\u043d\u0438\u0446\u0430","item":"https:\/\/spinbetter.guru\/no\/"},{"@type":"ListItem","position":2,"name":"Bonus","item":"https:\/\/spinbetter.guru\/no\/bonus\/"},{"@type":"ListItem","position":3,"name":"Gratisspinn"}]},{"@type":"WebSite","@id":"https:\/\/spinbetter.guru\/no\/#website","url":"https:\/\/spinbetter.guru\/no\/","name":"Spinbetter Plus NO","description":"","potentialAction":[{"@type":"SearchAction","target":{"@type":"EntryPoint","urlTemplate":"https:\/\/spinbetter.guru\/no\/?s={search_term_string}"},"query-input":{"@type":"PropertyValueSpecification","valueRequired":true,"valueName":"search_term_string"}}],"inLanguage":"nb-NO"}]}},"_links":{"self":[{"href":"https:\/\/spinbetter.guru\/no\/wp-json\/wp\/v2\/pages\/476"}],"collection":[{"href":"https:\/\/spinbetter.guru\/no\/wp-json\/wp\/v2\/pages"}],"about":[{"href":"https:\/\/spinbetter.guru\/no\/wp-json\/wp\/v2\/types\/page"}],"author":[{"embeddable":true,"href":"https:\/\/spinbetter.guru\/no\/wp-json\/wp\/v2\/users\/1"}],"replies":[{"embeddable":true,"href":"https:\/\/spinbetter.guru\/no\/wp-json\/wp\/v2\/comments?post=476"}],"version-history":[{"count":4,"href":"https:\/\/spinbetter.guru\/no\/wp-json\/wp\/v2\/pages\/476\/revisions"}],"predecessor-version":[{"id":552,"href":"https:\/\/spinbetter.guru\/no\/wp-json\/wp\/v2\/pages\/476\/revisions\/552"}],"up":[{"embeddable":true,"href":"https:\/\/spinbetter.guru\/no\/wp-json\/wp\/v2\/pages\/314"}],"wp:attachment":[{"href":"https:\/\/spinbetter.guru\/no\/wp-json\/wp\/v2\/media?parent=476"}],"curies":[{"name":"wp","href":"https:\/\/api.w.org\/{rel}","templated":true}]}}