{"id":479,"date":"2025-04-24T10:22:40","date_gmt":"2025-04-24T10:22:40","guid":{"rendered":"https:\/\/spinbetter.guru\/no\/?page_id=479"},"modified":"2025-08-27T11:25:17","modified_gmt":"2025-08-27T11:25:17","slug":"loyalty-pays","status":"publish","type":"page","link":"https:\/\/spinbetter.guru\/no\/bonus\/loyalty-pays\/","title":{"rendered":"Lojalitet l\u00f8nner seg"},"content":{"rendered":"","protected":false},"excerpt":{"rendered":"","protected":false},"author":1,"featured_media":0,"parent":314,"menu_order":0,"comment_status":"closed","ping_status":"closed","template":"","meta":{"footnotes":""},"class_list":["post-479","page","type-page","status-publish","hentry"],"yoast_head":"<!-- This site is optimized with the Yoast SEO plugin v23.4 - https:\/\/yoast.com\/wordpress\/plugins\/seo\/ -->\n<title>50% bonus + 100 FS p\u00e5 ditt 10. innskudd hos SpinBetter<\/title>\n<meta name=\"description\" content=\"Det er p\u00e5 tide \u00e5 vinne stort! Gj\u00f8r ditt tiende innskudd hos SpinBetter og f\u00e5 50 % bonus pluss opptil 100 gratisspinn. Lojalitet verdsettes ikke bare her \u2013 det gir penger og en rus! Ikke senk farten, spill stort og hent bel\u00f8nningene dine!\" \/>\n<meta name=\"robots\" content=\"index, follow, max-snippet:-1, max-image-preview:large, max-video-preview:-1\" \/>\n<meta property=\"og:locale\" content=\"nb_NO\" \/>\n<meta property=\"og:type\" content=\"article\" \/>\n<meta property=\"og:title\" content=\"50% bonus + 100 FS p\u00e5 ditt 10. innskudd hos SpinBetter\" \/>\n<meta property=\"og:description\" content=\"Det er p\u00e5 tide \u00e5 vinne stort! Gj\u00f8r ditt tiende innskudd hos SpinBetter og f\u00e5 50 % bonus pluss opptil 100 gratisspinn. Lojalitet verdsettes ikke bare her \u2013 det gir penger og en rus! Ikke senk farten, spill stort og hent bel\u00f8nningene dine!\" \/>\n<meta property=\"og:url\" content=\"https:\/\/spinbetter.guru\/no\/bonus\/loyalty-pays\/\" \/>\n<meta property=\"og:site_name\" content=\"Spinbetter Plus NO\" \/>\n<meta property=\"article:modified_time\" content=\"2025-08-27T11:25:17+00:00\" \/>\n<meta name=\"twitter:card\" content=\"summary_large_image\" \/>\n<script type=\"application\/ld+json\" class=\"yoast-schema-graph\">{\"@context\":\"https:\/\/schema.org\",\"@graph\":[{\"@type\":\"WebPage\",\"@id\":\"https:\/\/spinbetter.guru\/no\/bonus\/loyalty-pays\/\",\"url\":\"https:\/\/spinbetter.guru\/no\/bonus\/loyalty-pays\/\",\"name\":\"50% bonus + 100 FS p\u00e5 ditt 10. innskudd hos SpinBetter\",\"isPartOf\":{\"@id\":\"https:\/\/spinbetter.guru\/no\/#website\"},\"datePublished\":\"2025-04-24T10:22:40+00:00\",\"dateModified\":\"2025-08-27T11:25:17+00:00\",\"description\":\"Det er p\u00e5 tide \u00e5 vinne stort! Gj\u00f8r ditt tiende innskudd hos SpinBetter og f\u00e5 50 % bonus pluss opptil 100 gratisspinn. Lojalitet verdsettes ikke bare her \u2013 det gir penger og en rus! Ikke senk farten, spill stort og hent bel\u00f8nningene dine!\",\"breadcrumb\":{\"@id\":\"https:\/\/spinbetter.guru\/no\/bonus\/loyalty-pays\/#breadcrumb\"},\"inLanguage\":\"nb-NO\",\"potentialAction\":[{\"@type\":\"ReadAction\",\"target\":[\"https:\/\/spinbetter.guru\/no\/bonus\/loyalty-pays\/\"]}]},{\"@type\":\"BreadcrumbList\",\"@id\":\"https:\/\/spinbetter.guru\/no\/bonus\/loyalty-pays\/#breadcrumb\",\"itemListElement\":[{\"@type\":\"ListItem\",\"position\":1,\"name\":\"\u0413\u043b\u0430\u0432\u043d\u0430\u044f \u0441\u0442\u0440\u0430\u043d\u0438\u0446\u0430\",\"item\":\"https:\/\/spinbetter.guru\/no\/\"},{\"@type\":\"ListItem\",\"position\":2,\"name\":\"Bonus\",\"item\":\"https:\/\/spinbetter.guru\/no\/bonus\/\"},{\"@type\":\"ListItem\",\"position\":3,\"name\":\"Lojalitet l\u00f8nner seg\"}]},{\"@type\":\"WebSite\",\"@id\":\"https:\/\/spinbetter.guru\/no\/#website\",\"url\":\"https:\/\/spinbetter.guru\/no\/\",\"name\":\"Spinbetter Plus NO\",\"description\":\"\",\"potentialAction\":[{\"@type\":\"SearchAction\",\"target\":{\"@type\":\"EntryPoint\",\"urlTemplate\":\"https:\/\/spinbetter.guru\/no\/?s={search_term_string}\"},\"query-input\":{\"@type\":\"PropertyValueSpecification\",\"valueRequired\":true,\"valueName\":\"search_term_string\"}}],\"inLanguage\":\"nb-NO\"}]}<\/script>\n<!-- \/ Yoast SEO plugin. -->","yoast_head_json":{"title":"50% bonus + 100 FS p\u00e5 ditt 10. innskudd hos SpinBetter","description":"Det er p\u00e5 tide \u00e5 vinne stort! Gj\u00f8r ditt tiende innskudd hos SpinBetter og f\u00e5 50 % bonus pluss opptil 100 gratisspinn. Lojalitet verdsettes ikke bare her \u2013 det gir penger og en rus! Ikke senk farten, spill stort og hent bel\u00f8nningene dine!","robots":{"index":"index","follow":"follow","max-snippet":"max-snippet:-1","max-image-preview":"max-image-preview:large","max-video-preview":"max-video-preview:-1"},"og_locale":"nb_NO","og_type":"article","og_title":"50% bonus + 100 FS p\u00e5 ditt 10. innskudd hos SpinBetter","og_description":"Det er p\u00e5 tide \u00e5 vinne stort! Gj\u00f8r ditt tiende innskudd hos SpinBetter og f\u00e5 50 % bonus pluss opptil 100 gratisspinn. Lojalitet verdsettes ikke bare her \u2013 det gir penger og en rus! Ikke senk farten, spill stort og hent bel\u00f8nningene dine!","og_url":"https:\/\/spinbetter.guru\/no\/bonus\/loyalty-pays\/","og_site_name":"Spinbetter Plus NO","article_modified_time":"2025-08-27T11:25:17+00:00","twitter_card":"summary_large_image","schema":{"@context":"https:\/\/schema.org","@graph":[{"@type":"WebPage","@id":"https:\/\/spinbetter.guru\/no\/bonus\/loyalty-pays\/","url":"https:\/\/spinbetter.guru\/no\/bonus\/loyalty-pays\/","name":"50% bonus + 100 FS p\u00e5 ditt 10. innskudd hos SpinBetter","isPartOf":{"@id":"https:\/\/spinbetter.guru\/no\/#website"},"datePublished":"2025-04-24T10:22:40+00:00","dateModified":"2025-08-27T11:25:17+00:00","description":"Det er p\u00e5 tide \u00e5 vinne stort! Gj\u00f8r ditt tiende innskudd hos SpinBetter og f\u00e5 50 % bonus pluss opptil 100 gratisspinn. Lojalitet verdsettes ikke bare her \u2013 det gir penger og en rus! Ikke senk farten, spill stort og hent bel\u00f8nningene dine!","breadcrumb":{"@id":"https:\/\/spinbetter.guru\/no\/bonus\/loyalty-pays\/#breadcrumb"},"inLanguage":"nb-NO","potentialAction":[{"@type":"ReadAction","target":["https:\/\/spinbetter.guru\/no\/bonus\/loyalty-pays\/"]}]},{"@type":"BreadcrumbList","@id":"https:\/\/spinbetter.guru\/no\/bonus\/loyalty-pays\/#breadcrumb","itemListElement":[{"@type":"ListItem","position":1,"name":"\u0413\u043b\u0430\u0432\u043d\u0430\u044f \u0441\u0442\u0440\u0430\u043d\u0438\u0446\u0430","item":"https:\/\/spinbetter.guru\/no\/"},{"@type":"ListItem","position":2,"name":"Bonus","item":"https:\/\/spinbetter.guru\/no\/bonus\/"},{"@type":"ListItem","position":3,"name":"Lojalitet l\u00f8nner seg"}]},{"@type":"WebSite","@id":"https:\/\/spinbetter.guru\/no\/#website","url":"https:\/\/spinbetter.guru\/no\/","name":"Spinbetter Plus NO","description":"","potentialAction":[{"@type":"SearchAction","target":{"@type":"EntryPoint","urlTemplate":"https:\/\/spinbetter.guru\/no\/?s={search_term_string}"},"query-input":{"@type":"PropertyValueSpecification","valueRequired":true,"valueName":"search_term_string"}}],"inLanguage":"nb-NO"}]}},"_links":{"self":[{"href":"https:\/\/spinbetter.guru\/no\/wp-json\/wp\/v2\/pages\/479"}],"collection":[{"href":"https:\/\/spinbetter.guru\/no\/wp-json\/wp\/v2\/pages"}],"about":[{"href":"https:\/\/spinbetter.guru\/no\/wp-json\/wp\/v2\/types\/page"}],"author":[{"embeddable":true,"href":"https:\/\/spinbetter.guru\/no\/wp-json\/wp\/v2\/users\/1"}],"replies":[{"embeddable":true,"href":"https:\/\/spinbetter.guru\/no\/wp-json\/wp\/v2\/comments?post=479"}],"version-history":[{"count":5,"href":"https:\/\/spinbetter.guru\/no\/wp-json\/wp\/v2\/pages\/479\/revisions"}],"predecessor-version":[{"id":549,"href":"https:\/\/spinbetter.guru\/no\/wp-json\/wp\/v2\/pages\/479\/revisions\/549"}],"up":[{"embeddable":true,"href":"https:\/\/spinbetter.guru\/no\/wp-json\/wp\/v2\/pages\/314"}],"wp:attachment":[{"href":"https:\/\/spinbetter.guru\/no\/wp-json\/wp\/v2\/media?parent=479"}],"curies":[{"name":"wp","href":"https:\/\/api.w.org\/{rel}","templated":true}]}}