{"id":314,"date":"2024-11-04T09:15:22","date_gmt":"2024-11-04T09:15:22","guid":{"rendered":"https:\/\/spinbetter.guru\/pl\/?page_id=314"},"modified":"2026-01-13T11:21:09","modified_gmt":"2026-01-13T11:21:09","slug":"bonus","status":"publish","type":"page","link":"https:\/\/spinbetter.guru\/pl\/bonus\/","title":{"rendered":"Bonus"},"content":{"rendered":"<p><span style=\"color: #000000; font-size: 10pt; font-family: Arial;\" data-sheets-root=\"1\">SpinBetter jak obr\u00f3ci\u0107 bonus \u2728 Zasady Obrotu i Porady<\/span><\/p>\n","protected":false},"excerpt":{"rendered":"<p>SpinBetter jak obr\u00f3ci\u0107 bonus \u2728 Zasady Obrotu i Porady<\/p>\n","protected":false},"author":1,"featured_media":0,"parent":0,"menu_order":0,"comment_status":"closed","ping_status":"closed","template":"","meta":{"footnotes":""},"class_list":["post-314","page","type-page","status-publish","hentry"],"yoast_head":"<!-- This site is optimized with the Yoast SEO plugin v23.4 - https:\/\/yoast.com\/wordpress\/plugins\/seo\/ -->\n<title>SpinBetter jak obr\u00f3ci\u0107 bonus \u2728 Zasady Obrotu i Porady<\/title>\n<meta name=\"description\" content=\"SpinBetter jak obr\u00f3ci\u0107 bonus \u25b6\ufe0f praktyczne informacje o warunkach obrotu \u2728 sprawd\u017a wymagania, limity i wskaz\u00f3wki, kt\u00f3re pomog\u0105 skutecznie spe\u0142ni\u0107 zasady bonusowe.\" \/>\n<meta name=\"robots\" content=\"index, follow, max-snippet:-1, max-image-preview:large, max-video-preview:-1\" \/>\n<meta property=\"og:locale\" content=\"pl_PL\" \/>\n<meta property=\"og:type\" content=\"article\" \/>\n<meta property=\"og:title\" content=\"SpinBetter jak obr\u00f3ci\u0107 bonus \u2728 Zasady Obrotu i Porady\" \/>\n<meta property=\"og:description\" content=\"SpinBetter jak obr\u00f3ci\u0107 bonus \u25b6\ufe0f praktyczne informacje o warunkach obrotu \u2728 sprawd\u017a wymagania, limity i wskaz\u00f3wki, kt\u00f3re pomog\u0105 skutecznie spe\u0142ni\u0107 zasady bonusowe.\" \/>\n<meta property=\"og:url\" content=\"https:\/\/spinbetter.guru\/pl\/bonus\/\" \/>\n<meta property=\"og:site_name\" content=\"Spinbetter Plus PL\" \/>\n<meta property=\"article:modified_time\" content=\"2026-01-13T11:21:09+00:00\" \/>\n<meta name=\"twitter:card\" content=\"summary_large_image\" \/>\n<meta name=\"twitter:label1\" content=\"Szacowany czas czytania\" \/>\n\t<meta name=\"twitter:data1\" content=\"1 minuta\" \/>\n<script type=\"application\/ld+json\" class=\"yoast-schema-graph\">{\"@context\":\"https:\/\/schema.org\",\"@graph\":[{\"@type\":\"WebPage\",\"@id\":\"https:\/\/spinbetter.guru\/pl\/bonus\/\",\"url\":\"https:\/\/spinbetter.guru\/pl\/bonus\/\",\"name\":\"SpinBetter jak obr\u00f3ci\u0107 bonus \u2728 Zasady Obrotu i Porady\",\"isPartOf\":{\"@id\":\"https:\/\/spinbetter.guru\/pl\/#website\"},\"datePublished\":\"2024-11-04T09:15:22+00:00\",\"dateModified\":\"2026-01-13T11:21:09+00:00\",\"description\":\"SpinBetter jak obr\u00f3ci\u0107 bonus \u25b6\ufe0f praktyczne informacje o warunkach obrotu \u2728 sprawd\u017a wymagania, limity i wskaz\u00f3wki, kt\u00f3re pomog\u0105 skutecznie spe\u0142ni\u0107 zasady bonusowe.\",\"breadcrumb\":{\"@id\":\"https:\/\/spinbetter.guru\/pl\/bonus\/#breadcrumb\"},\"inLanguage\":\"pl-PL\",\"potentialAction\":[{\"@type\":\"ReadAction\",\"target\":[\"https:\/\/spinbetter.guru\/pl\/bonus\/\"]}]},{\"@type\":\"BreadcrumbList\",\"@id\":\"https:\/\/spinbetter.guru\/pl\/bonus\/#breadcrumb\",\"itemListElement\":[{\"@type\":\"ListItem\",\"position\":1,\"name\":\"\u0413\u043b\u0430\u0432\u043d\u0430\u044f \u0441\u0442\u0440\u0430\u043d\u0438\u0446\u0430\",\"item\":\"https:\/\/spinbetter.guru\/pl\/\"},{\"@type\":\"ListItem\",\"position\":2,\"name\":\"Bonus\"}]},{\"@type\":\"WebSite\",\"@id\":\"https:\/\/spinbetter.guru\/pl\/#website\",\"url\":\"https:\/\/spinbetter.guru\/pl\/\",\"name\":\"Spinbetter Plus PL\",\"description\":\"\",\"potentialAction\":[{\"@type\":\"SearchAction\",\"target\":{\"@type\":\"EntryPoint\",\"urlTemplate\":\"https:\/\/spinbetter.guru\/pl\/?s={search_term_string}\"},\"query-input\":{\"@type\":\"PropertyValueSpecification\",\"valueRequired\":true,\"valueName\":\"search_term_string\"}}],\"inLanguage\":\"pl-PL\"}]}<\/script>\n<!-- \/ Yoast SEO plugin. -->","yoast_head_json":{"title":"SpinBetter jak obr\u00f3ci\u0107 bonus \u2728 Zasady Obrotu i Porady","description":"SpinBetter jak obr\u00f3ci\u0107 bonus \u25b6\ufe0f praktyczne informacje o warunkach obrotu \u2728 sprawd\u017a wymagania, limity i wskaz\u00f3wki, kt\u00f3re pomog\u0105 skutecznie spe\u0142ni\u0107 zasady bonusowe.","robots":{"index":"index","follow":"follow","max-snippet":"max-snippet:-1","max-image-preview":"max-image-preview:large","max-video-preview":"max-video-preview:-1"},"og_locale":"pl_PL","og_type":"article","og_title":"SpinBetter jak obr\u00f3ci\u0107 bonus \u2728 Zasady Obrotu i Porady","og_description":"SpinBetter jak obr\u00f3ci\u0107 bonus \u25b6\ufe0f praktyczne informacje o warunkach obrotu \u2728 sprawd\u017a wymagania, limity i wskaz\u00f3wki, kt\u00f3re pomog\u0105 skutecznie spe\u0142ni\u0107 zasady bonusowe.","og_url":"https:\/\/spinbetter.guru\/pl\/bonus\/","og_site_name":"Spinbetter Plus PL","article_modified_time":"2026-01-13T11:21:09+00:00","twitter_card":"summary_large_image","twitter_misc":{"Szacowany czas czytania":"1 minuta"},"schema":{"@context":"https:\/\/schema.org","@graph":[{"@type":"WebPage","@id":"https:\/\/spinbetter.guru\/pl\/bonus\/","url":"https:\/\/spinbetter.guru\/pl\/bonus\/","name":"SpinBetter jak obr\u00f3ci\u0107 bonus \u2728 Zasady Obrotu i Porady","isPartOf":{"@id":"https:\/\/spinbetter.guru\/pl\/#website"},"datePublished":"2024-11-04T09:15:22+00:00","dateModified":"2026-01-13T11:21:09+00:00","description":"SpinBetter jak obr\u00f3ci\u0107 bonus \u25b6\ufe0f praktyczne informacje o warunkach obrotu \u2728 sprawd\u017a wymagania, limity i wskaz\u00f3wki, kt\u00f3re pomog\u0105 skutecznie spe\u0142ni\u0107 zasady bonusowe.","breadcrumb":{"@id":"https:\/\/spinbetter.guru\/pl\/bonus\/#breadcrumb"},"inLanguage":"pl-PL","potentialAction":[{"@type":"ReadAction","target":["https:\/\/spinbetter.guru\/pl\/bonus\/"]}]},{"@type":"BreadcrumbList","@id":"https:\/\/spinbetter.guru\/pl\/bonus\/#breadcrumb","itemListElement":[{"@type":"ListItem","position":1,"name":"\u0413\u043b\u0430\u0432\u043d\u0430\u044f \u0441\u0442\u0440\u0430\u043d\u0438\u0446\u0430","item":"https:\/\/spinbetter.guru\/pl\/"},{"@type":"ListItem","position":2,"name":"Bonus"}]},{"@type":"WebSite","@id":"https:\/\/spinbetter.guru\/pl\/#website","url":"https:\/\/spinbetter.guru\/pl\/","name":"Spinbetter Plus PL","description":"","potentialAction":[{"@type":"SearchAction","target":{"@type":"EntryPoint","urlTemplate":"https:\/\/spinbetter.guru\/pl\/?s={search_term_string}"},"query-input":{"@type":"PropertyValueSpecification","valueRequired":true,"valueName":"search_term_string"}}],"inLanguage":"pl-PL"}]}},"_links":{"self":[{"href":"https:\/\/spinbetter.guru\/pl\/wp-json\/wp\/v2\/pages\/314"}],"collection":[{"href":"https:\/\/spinbetter.guru\/pl\/wp-json\/wp\/v2\/pages"}],"about":[{"href":"https:\/\/spinbetter.guru\/pl\/wp-json\/wp\/v2\/types\/page"}],"author":[{"embeddable":true,"href":"https:\/\/spinbetter.guru\/pl\/wp-json\/wp\/v2\/users\/1"}],"replies":[{"embeddable":true,"href":"https:\/\/spinbetter.guru\/pl\/wp-json\/wp\/v2\/comments?post=314"}],"version-history":[{"count":16,"href":"https:\/\/spinbetter.guru\/pl\/wp-json\/wp\/v2\/pages\/314\/revisions"}],"predecessor-version":[{"id":497,"href":"https:\/\/spinbetter.guru\/pl\/wp-json\/wp\/v2\/pages\/314\/revisions\/497"}],"wp:attachment":[{"href":"https:\/\/spinbetter.guru\/pl\/wp-json\/wp\/v2\/media?parent=314"}],"curies":[{"name":"wp","href":"https:\/\/api.w.org\/{rel}","templated":true}]}}