{"id":487,"date":"2025-09-02T11:41:31","date_gmt":"2025-09-02T11:41:31","guid":{"rendered":"https:\/\/spinbetter.guru\/pl\/?page_id=487"},"modified":"2025-09-02T11:41:39","modified_gmt":"2025-09-02T11:41:39","slug":"free-spins-telegram","status":"publish","type":"page","link":"https:\/\/spinbetter.guru\/pl\/bonus\/free-spins-telegram\/","title":{"rendered":"Darmowe spiny"},"content":{"rendered":"","protected":false},"excerpt":{"rendered":"","protected":false},"author":1,"featured_media":0,"parent":314,"menu_order":0,"comment_status":"closed","ping_status":"closed","template":"","meta":{"footnotes":""},"class_list":["post-487","page","type-page","status-publish","hentry"],"yoast_head":"<!-- This site is optimized with the Yoast SEO plugin v23.4 - https:\/\/yoast.com\/wordpress\/plugins\/seo\/ -->\n<title>Odbierz 100 FS &gt; Ekskluzywna oferta SpinBetter Telegram!<\/title>\n<meta name=\"description\" content=\"Nie czekaj, zgarnij 100 darmowych spin\u00f3w bez zb\u0119dnych ceregieli! Subskrybuj nasz Telegram i uzyskaj natychmiastowy dost\u0119p do najgor\u0119tszych i najbardziej ekskluzywnych promocji SpinBetter. To nie \u017cart \u2013 tylko prawdziwe bonusy!\" \/>\n<meta name=\"robots\" content=\"index, follow, max-snippet:-1, max-image-preview:large, max-video-preview:-1\" \/>\n<meta property=\"og:locale\" content=\"pl_PL\" \/>\n<meta property=\"og:type\" content=\"article\" \/>\n<meta property=\"og:title\" content=\"Odbierz 100 FS &gt; Ekskluzywna oferta SpinBetter Telegram!\" \/>\n<meta property=\"og:description\" content=\"Nie czekaj, zgarnij 100 darmowych spin\u00f3w bez zb\u0119dnych ceregieli! Subskrybuj nasz Telegram i uzyskaj natychmiastowy dost\u0119p do najgor\u0119tszych i najbardziej ekskluzywnych promocji SpinBetter. To nie \u017cart \u2013 tylko prawdziwe bonusy!\" \/>\n<meta property=\"og:url\" content=\"https:\/\/spinbetter.guru\/pl\/bonus\/free-spins-telegram\/\" \/>\n<meta property=\"og:site_name\" content=\"Spinbetter Plus PL\" \/>\n<meta property=\"article:modified_time\" content=\"2025-09-02T11:41:39+00:00\" \/>\n<meta name=\"twitter:card\" content=\"summary_large_image\" \/>\n<script type=\"application\/ld+json\" class=\"yoast-schema-graph\">{\"@context\":\"https:\/\/schema.org\",\"@graph\":[{\"@type\":\"WebPage\",\"@id\":\"https:\/\/spinbetter.guru\/pl\/bonus\/free-spins-telegram\/\",\"url\":\"https:\/\/spinbetter.guru\/pl\/bonus\/free-spins-telegram\/\",\"name\":\"Odbierz 100 FS > Ekskluzywna oferta SpinBetter Telegram!\",\"isPartOf\":{\"@id\":\"https:\/\/spinbetter.guru\/pl\/#website\"},\"datePublished\":\"2025-09-02T11:41:31+00:00\",\"dateModified\":\"2025-09-02T11:41:39+00:00\",\"description\":\"Nie czekaj, zgarnij 100 darmowych spin\u00f3w bez zb\u0119dnych ceregieli! Subskrybuj nasz Telegram i uzyskaj natychmiastowy dost\u0119p do najgor\u0119tszych i najbardziej ekskluzywnych promocji SpinBetter. To nie \u017cart \u2013 tylko prawdziwe bonusy!\",\"breadcrumb\":{\"@id\":\"https:\/\/spinbetter.guru\/pl\/bonus\/free-spins-telegram\/#breadcrumb\"},\"inLanguage\":\"pl-PL\",\"potentialAction\":[{\"@type\":\"ReadAction\",\"target\":[\"https:\/\/spinbetter.guru\/pl\/bonus\/free-spins-telegram\/\"]}]},{\"@type\":\"BreadcrumbList\",\"@id\":\"https:\/\/spinbetter.guru\/pl\/bonus\/free-spins-telegram\/#breadcrumb\",\"itemListElement\":[{\"@type\":\"ListItem\",\"position\":1,\"name\":\"\u0413\u043b\u0430\u0432\u043d\u0430\u044f \u0441\u0442\u0440\u0430\u043d\u0438\u0446\u0430\",\"item\":\"https:\/\/spinbetter.guru\/pl\/\"},{\"@type\":\"ListItem\",\"position\":2,\"name\":\"Bonus\",\"item\":\"https:\/\/spinbetter.guru\/pl\/bonus\/\"},{\"@type\":\"ListItem\",\"position\":3,\"name\":\"Darmowe spiny\"}]},{\"@type\":\"WebSite\",\"@id\":\"https:\/\/spinbetter.guru\/pl\/#website\",\"url\":\"https:\/\/spinbetter.guru\/pl\/\",\"name\":\"Spinbetter Plus PL\",\"description\":\"\",\"potentialAction\":[{\"@type\":\"SearchAction\",\"target\":{\"@type\":\"EntryPoint\",\"urlTemplate\":\"https:\/\/spinbetter.guru\/pl\/?s={search_term_string}\"},\"query-input\":{\"@type\":\"PropertyValueSpecification\",\"valueRequired\":true,\"valueName\":\"search_term_string\"}}],\"inLanguage\":\"pl-PL\"}]}<\/script>\n<!-- \/ Yoast SEO plugin. -->","yoast_head_json":{"title":"Odbierz 100 FS > Ekskluzywna oferta SpinBetter Telegram!","description":"Nie czekaj, zgarnij 100 darmowych spin\u00f3w bez zb\u0119dnych ceregieli! Subskrybuj nasz Telegram i uzyskaj natychmiastowy dost\u0119p do najgor\u0119tszych i najbardziej ekskluzywnych promocji SpinBetter. To nie \u017cart \u2013 tylko prawdziwe bonusy!","robots":{"index":"index","follow":"follow","max-snippet":"max-snippet:-1","max-image-preview":"max-image-preview:large","max-video-preview":"max-video-preview:-1"},"og_locale":"pl_PL","og_type":"article","og_title":"Odbierz 100 FS > Ekskluzywna oferta SpinBetter Telegram!","og_description":"Nie czekaj, zgarnij 100 darmowych spin\u00f3w bez zb\u0119dnych ceregieli! Subskrybuj nasz Telegram i uzyskaj natychmiastowy dost\u0119p do najgor\u0119tszych i najbardziej ekskluzywnych promocji SpinBetter. To nie \u017cart \u2013 tylko prawdziwe bonusy!","og_url":"https:\/\/spinbetter.guru\/pl\/bonus\/free-spins-telegram\/","og_site_name":"Spinbetter Plus PL","article_modified_time":"2025-09-02T11:41:39+00:00","twitter_card":"summary_large_image","schema":{"@context":"https:\/\/schema.org","@graph":[{"@type":"WebPage","@id":"https:\/\/spinbetter.guru\/pl\/bonus\/free-spins-telegram\/","url":"https:\/\/spinbetter.guru\/pl\/bonus\/free-spins-telegram\/","name":"Odbierz 100 FS > Ekskluzywna oferta SpinBetter Telegram!","isPartOf":{"@id":"https:\/\/spinbetter.guru\/pl\/#website"},"datePublished":"2025-09-02T11:41:31+00:00","dateModified":"2025-09-02T11:41:39+00:00","description":"Nie czekaj, zgarnij 100 darmowych spin\u00f3w bez zb\u0119dnych ceregieli! Subskrybuj nasz Telegram i uzyskaj natychmiastowy dost\u0119p do najgor\u0119tszych i najbardziej ekskluzywnych promocji SpinBetter. To nie \u017cart \u2013 tylko prawdziwe bonusy!","breadcrumb":{"@id":"https:\/\/spinbetter.guru\/pl\/bonus\/free-spins-telegram\/#breadcrumb"},"inLanguage":"pl-PL","potentialAction":[{"@type":"ReadAction","target":["https:\/\/spinbetter.guru\/pl\/bonus\/free-spins-telegram\/"]}]},{"@type":"BreadcrumbList","@id":"https:\/\/spinbetter.guru\/pl\/bonus\/free-spins-telegram\/#breadcrumb","itemListElement":[{"@type":"ListItem","position":1,"name":"\u0413\u043b\u0430\u0432\u043d\u0430\u044f \u0441\u0442\u0440\u0430\u043d\u0438\u0446\u0430","item":"https:\/\/spinbetter.guru\/pl\/"},{"@type":"ListItem","position":2,"name":"Bonus","item":"https:\/\/spinbetter.guru\/pl\/bonus\/"},{"@type":"ListItem","position":3,"name":"Darmowe spiny"}]},{"@type":"WebSite","@id":"https:\/\/spinbetter.guru\/pl\/#website","url":"https:\/\/spinbetter.guru\/pl\/","name":"Spinbetter Plus PL","description":"","potentialAction":[{"@type":"SearchAction","target":{"@type":"EntryPoint","urlTemplate":"https:\/\/spinbetter.guru\/pl\/?s={search_term_string}"},"query-input":{"@type":"PropertyValueSpecification","valueRequired":true,"valueName":"search_term_string"}}],"inLanguage":"pl-PL"}]}},"_links":{"self":[{"href":"https:\/\/spinbetter.guru\/pl\/wp-json\/wp\/v2\/pages\/487"}],"collection":[{"href":"https:\/\/spinbetter.guru\/pl\/wp-json\/wp\/v2\/pages"}],"about":[{"href":"https:\/\/spinbetter.guru\/pl\/wp-json\/wp\/v2\/types\/page"}],"author":[{"embeddable":true,"href":"https:\/\/spinbetter.guru\/pl\/wp-json\/wp\/v2\/users\/1"}],"replies":[{"embeddable":true,"href":"https:\/\/spinbetter.guru\/pl\/wp-json\/wp\/v2\/comments?post=487"}],"version-history":[{"count":1,"href":"https:\/\/spinbetter.guru\/pl\/wp-json\/wp\/v2\/pages\/487\/revisions"}],"predecessor-version":[{"id":488,"href":"https:\/\/spinbetter.guru\/pl\/wp-json\/wp\/v2\/pages\/487\/revisions\/488"}],"up":[{"embeddable":true,"href":"https:\/\/spinbetter.guru\/pl\/wp-json\/wp\/v2\/pages\/314"}],"wp:attachment":[{"href":"https:\/\/spinbetter.guru\/pl\/wp-json\/wp\/v2\/media?parent=487"}],"curies":[{"name":"wp","href":"https:\/\/api.w.org\/{rel}","templated":true}]}}