{"id":309,"date":"2024-11-04T09:17:19","date_gmt":"2024-11-04T09:17:19","guid":{"rendered":"https:\/\/spinbetter.guru\/pt\/?page_id=309"},"modified":"2026-01-13T11:30:20","modified_gmt":"2026-01-13T11:30:20","slug":"promo-code","status":"publish","type":"page","link":"https:\/\/spinbetter.guru\/pt\/promo-code\/","title":{"rendered":"C\u00f3digo promocional"},"content":{"rendered":"","protected":false},"excerpt":{"rendered":"","protected":false},"author":1,"featured_media":0,"parent":0,"menu_order":0,"comment_status":"closed","ping_status":"closed","template":"","meta":{"footnotes":""},"class_list":["post-309","page","type-page","status-publish","hentry"],"yoast_head":"<!-- This site is optimized with the Yoast SEO plugin v23.4 - https:\/\/yoast.com\/wordpress\/plugins\/seo\/ -->\n<title>C\u00f3digo Promocional SpinBetter - Introduza o c\u00f3digo de b\u00f3nus e ganhe b\u00f3nus!<\/title>\n<meta name=\"description\" content=\"Utilize o c\u00f3digo promocional SpinBetter para obter b\u00f3nus \u00fanicos e freespins. Tire o m\u00e1ximo partido do seu jogo com ofertas exclusivas!\" \/>\n<meta name=\"robots\" content=\"index, follow, max-snippet:-1, max-image-preview:large, max-video-preview:-1\" \/>\n<meta property=\"og:locale\" content=\"pt_PT\" \/>\n<meta property=\"og:type\" content=\"article\" \/>\n<meta property=\"og:title\" content=\"C\u00f3digo Promocional SpinBetter - Introduza o c\u00f3digo de b\u00f3nus e ganhe b\u00f3nus!\" \/>\n<meta property=\"og:description\" content=\"Utilize o c\u00f3digo promocional SpinBetter para obter b\u00f3nus \u00fanicos e freespins. Tire o m\u00e1ximo partido do seu jogo com ofertas exclusivas!\" \/>\n<meta property=\"og:url\" content=\"https:\/\/spinbetter.guru\/pt\/promo-code\/\" \/>\n<meta property=\"og:site_name\" content=\"Spinbetter Plus PT\" \/>\n<meta property=\"article:modified_time\" content=\"2026-01-13T11:30:20+00:00\" \/>\n<meta name=\"twitter:card\" content=\"summary_large_image\" \/>\n<script type=\"application\/ld+json\" class=\"yoast-schema-graph\">{\"@context\":\"https:\/\/schema.org\",\"@graph\":[{\"@type\":\"WebPage\",\"@id\":\"https:\/\/spinbetter.guru\/pt\/promo-code\/\",\"url\":\"https:\/\/spinbetter.guru\/pt\/promo-code\/\",\"name\":\"C\u00f3digo Promocional SpinBetter - Introduza o c\u00f3digo de b\u00f3nus e ganhe b\u00f3nus!\",\"isPartOf\":{\"@id\":\"https:\/\/spinbetter.guru\/pt\/#website\"},\"datePublished\":\"2024-11-04T09:17:19+00:00\",\"dateModified\":\"2026-01-13T11:30:20+00:00\",\"description\":\"Utilize o c\u00f3digo promocional SpinBetter para obter b\u00f3nus \u00fanicos e freespins. Tire o m\u00e1ximo partido do seu jogo com ofertas exclusivas!\",\"breadcrumb\":{\"@id\":\"https:\/\/spinbetter.guru\/pt\/promo-code\/#breadcrumb\"},\"inLanguage\":\"pt-PT\",\"potentialAction\":[{\"@type\":\"ReadAction\",\"target\":[\"https:\/\/spinbetter.guru\/pt\/promo-code\/\"]}]},{\"@type\":\"BreadcrumbList\",\"@id\":\"https:\/\/spinbetter.guru\/pt\/promo-code\/#breadcrumb\",\"itemListElement\":[{\"@type\":\"ListItem\",\"position\":1,\"name\":\"\u0413\u043b\u0430\u0432\u043d\u0430\u044f \u0441\u0442\u0440\u0430\u043d\u0438\u0446\u0430\",\"item\":\"https:\/\/spinbetter.guru\/pt\/\"},{\"@type\":\"ListItem\",\"position\":2,\"name\":\"C\u00f3digo promocional\"}]},{\"@type\":\"WebSite\",\"@id\":\"https:\/\/spinbetter.guru\/pt\/#website\",\"url\":\"https:\/\/spinbetter.guru\/pt\/\",\"name\":\"Spinbetter Plus PT\",\"description\":\"\",\"potentialAction\":[{\"@type\":\"SearchAction\",\"target\":{\"@type\":\"EntryPoint\",\"urlTemplate\":\"https:\/\/spinbetter.guru\/pt\/?s={search_term_string}\"},\"query-input\":{\"@type\":\"PropertyValueSpecification\",\"valueRequired\":true,\"valueName\":\"search_term_string\"}}],\"inLanguage\":\"pt-PT\"}]}<\/script>\n<!-- \/ Yoast SEO plugin. -->","yoast_head_json":{"title":"C\u00f3digo Promocional SpinBetter - Introduza o c\u00f3digo de b\u00f3nus e ganhe b\u00f3nus!","description":"Utilize o c\u00f3digo promocional SpinBetter para obter b\u00f3nus \u00fanicos e freespins. Tire o m\u00e1ximo partido do seu jogo com ofertas exclusivas!","robots":{"index":"index","follow":"follow","max-snippet":"max-snippet:-1","max-image-preview":"max-image-preview:large","max-video-preview":"max-video-preview:-1"},"og_locale":"pt_PT","og_type":"article","og_title":"C\u00f3digo Promocional SpinBetter - Introduza o c\u00f3digo de b\u00f3nus e ganhe b\u00f3nus!","og_description":"Utilize o c\u00f3digo promocional SpinBetter para obter b\u00f3nus \u00fanicos e freespins. Tire o m\u00e1ximo partido do seu jogo com ofertas exclusivas!","og_url":"https:\/\/spinbetter.guru\/pt\/promo-code\/","og_site_name":"Spinbetter Plus PT","article_modified_time":"2026-01-13T11:30:20+00:00","twitter_card":"summary_large_image","schema":{"@context":"https:\/\/schema.org","@graph":[{"@type":"WebPage","@id":"https:\/\/spinbetter.guru\/pt\/promo-code\/","url":"https:\/\/spinbetter.guru\/pt\/promo-code\/","name":"C\u00f3digo Promocional SpinBetter - Introduza o c\u00f3digo de b\u00f3nus e ganhe b\u00f3nus!","isPartOf":{"@id":"https:\/\/spinbetter.guru\/pt\/#website"},"datePublished":"2024-11-04T09:17:19+00:00","dateModified":"2026-01-13T11:30:20+00:00","description":"Utilize o c\u00f3digo promocional SpinBetter para obter b\u00f3nus \u00fanicos e freespins. Tire o m\u00e1ximo partido do seu jogo com ofertas exclusivas!","breadcrumb":{"@id":"https:\/\/spinbetter.guru\/pt\/promo-code\/#breadcrumb"},"inLanguage":"pt-PT","potentialAction":[{"@type":"ReadAction","target":["https:\/\/spinbetter.guru\/pt\/promo-code\/"]}]},{"@type":"BreadcrumbList","@id":"https:\/\/spinbetter.guru\/pt\/promo-code\/#breadcrumb","itemListElement":[{"@type":"ListItem","position":1,"name":"\u0413\u043b\u0430\u0432\u043d\u0430\u044f \u0441\u0442\u0440\u0430\u043d\u0438\u0446\u0430","item":"https:\/\/spinbetter.guru\/pt\/"},{"@type":"ListItem","position":2,"name":"C\u00f3digo promocional"}]},{"@type":"WebSite","@id":"https:\/\/spinbetter.guru\/pt\/#website","url":"https:\/\/spinbetter.guru\/pt\/","name":"Spinbetter Plus PT","description":"","potentialAction":[{"@type":"SearchAction","target":{"@type":"EntryPoint","urlTemplate":"https:\/\/spinbetter.guru\/pt\/?s={search_term_string}"},"query-input":{"@type":"PropertyValueSpecification","valueRequired":true,"valueName":"search_term_string"}}],"inLanguage":"pt-PT"}]}},"_links":{"self":[{"href":"https:\/\/spinbetter.guru\/pt\/wp-json\/wp\/v2\/pages\/309"}],"collection":[{"href":"https:\/\/spinbetter.guru\/pt\/wp-json\/wp\/v2\/pages"}],"about":[{"href":"https:\/\/spinbetter.guru\/pt\/wp-json\/wp\/v2\/types\/page"}],"author":[{"embeddable":true,"href":"https:\/\/spinbetter.guru\/pt\/wp-json\/wp\/v2\/users\/1"}],"replies":[{"embeddable":true,"href":"https:\/\/spinbetter.guru\/pt\/wp-json\/wp\/v2\/comments?post=309"}],"version-history":[{"count":12,"href":"https:\/\/spinbetter.guru\/pt\/wp-json\/wp\/v2\/pages\/309\/revisions"}],"predecessor-version":[{"id":511,"href":"https:\/\/spinbetter.guru\/pt\/wp-json\/wp\/v2\/pages\/309\/revisions\/511"}],"wp:attachment":[{"href":"https:\/\/spinbetter.guru\/pt\/wp-json\/wp\/v2\/media?parent=309"}],"curies":[{"name":"wp","href":"https:\/\/api.w.org\/{rel}","templated":true}]}}