{"id":303,"date":"2024-11-04T09:15:42","date_gmt":"2024-11-04T09:15:42","guid":{"rendered":"https:\/\/spinbetter.guru\/ro\/?page_id=303"},"modified":"2026-01-13T13:58:59","modified_gmt":"2026-01-13T13:58:59","slug":"registration","status":"publish","type":"page","link":"https:\/\/spinbetter.guru\/ro\/registration\/","title":{"rendered":"\u00cenregistrare"},"content":{"rendered":"","protected":false},"excerpt":{"rendered":"","protected":false},"author":1,"featured_media":0,"parent":0,"menu_order":0,"comment_status":"closed","ping_status":"closed","template":"","meta":{"footnotes":""},"class_list":["post-303","page","type-page","status-publish","hentry"],"yoast_head":"<!-- This site is optimized with the Yoast SEO plugin v23.4 - https:\/\/yoast.com\/wordpress\/plugins\/seo\/ -->\n<title>\u00cenregistrare SpinBetter &gt; Deschide un cont \u0219i prime\u0219te bonusuri!<\/title>\n<meta name=\"description\" content=\"\u00cenregistreaz\u0103-te la SpinBetter \u0219i ai acces la sloturi, casino live \u0219i bonusuri pentru juc\u0103torii noi! \u00cenregistrare simpl\u0103 - \u00eencepe s\u0103 c\u00e2\u0219tigi ast\u0103zi.\" \/>\n<meta name=\"robots\" content=\"index, follow, max-snippet:-1, max-image-preview:large, max-video-preview:-1\" \/>\n<meta property=\"og:locale\" content=\"ro_RO\" \/>\n<meta property=\"og:type\" content=\"article\" \/>\n<meta property=\"og:title\" content=\"\u00cenregistrare SpinBetter &gt; Deschide un cont \u0219i prime\u0219te bonusuri!\" \/>\n<meta property=\"og:description\" content=\"\u00cenregistreaz\u0103-te la SpinBetter \u0219i ai acces la sloturi, casino live \u0219i bonusuri pentru juc\u0103torii noi! \u00cenregistrare simpl\u0103 - \u00eencepe s\u0103 c\u00e2\u0219tigi ast\u0103zi.\" \/>\n<meta property=\"og:url\" content=\"https:\/\/spinbetter.guru\/ro\/registration\/\" \/>\n<meta property=\"og:site_name\" content=\"SpinBetter Plus RO\" \/>\n<meta property=\"article:modified_time\" content=\"2026-01-13T13:58:59+00:00\" \/>\n<meta name=\"twitter:card\" content=\"summary_large_image\" \/>\n<script type=\"application\/ld+json\" class=\"yoast-schema-graph\">{\"@context\":\"https:\/\/schema.org\",\"@graph\":[{\"@type\":\"WebPage\",\"@id\":\"https:\/\/spinbetter.guru\/ro\/registration\/\",\"url\":\"https:\/\/spinbetter.guru\/ro\/registration\/\",\"name\":\"\u00cenregistrare SpinBetter > Deschide un cont \u0219i prime\u0219te bonusuri!\",\"isPartOf\":{\"@id\":\"https:\/\/spinbetter.guru\/ro\/#website\"},\"datePublished\":\"2024-11-04T09:15:42+00:00\",\"dateModified\":\"2026-01-13T13:58:59+00:00\",\"description\":\"\u00cenregistreaz\u0103-te la SpinBetter \u0219i ai acces la sloturi, casino live \u0219i bonusuri pentru juc\u0103torii noi! \u00cenregistrare simpl\u0103 - \u00eencepe s\u0103 c\u00e2\u0219tigi ast\u0103zi.\",\"breadcrumb\":{\"@id\":\"https:\/\/spinbetter.guru\/ro\/registration\/#breadcrumb\"},\"inLanguage\":\"ro-RO\",\"potentialAction\":[{\"@type\":\"ReadAction\",\"target\":[\"https:\/\/spinbetter.guru\/ro\/registration\/\"]}]},{\"@type\":\"BreadcrumbList\",\"@id\":\"https:\/\/spinbetter.guru\/ro\/registration\/#breadcrumb\",\"itemListElement\":[{\"@type\":\"ListItem\",\"position\":1,\"name\":\"\u0413\u043b\u0430\u0432\u043d\u0430\u044f \u0441\u0442\u0440\u0430\u043d\u0438\u0446\u0430\",\"item\":\"https:\/\/spinbetter.guru\/ro\/\"},{\"@type\":\"ListItem\",\"position\":2,\"name\":\"\u00cenregistrare\"}]},{\"@type\":\"WebSite\",\"@id\":\"https:\/\/spinbetter.guru\/ro\/#website\",\"url\":\"https:\/\/spinbetter.guru\/ro\/\",\"name\":\"SpinBetter Plus RO\",\"description\":\"\",\"potentialAction\":[{\"@type\":\"SearchAction\",\"target\":{\"@type\":\"EntryPoint\",\"urlTemplate\":\"https:\/\/spinbetter.guru\/ro\/?s={search_term_string}\"},\"query-input\":{\"@type\":\"PropertyValueSpecification\",\"valueRequired\":true,\"valueName\":\"search_term_string\"}}],\"inLanguage\":\"ro-RO\"}]}<\/script>\n<!-- \/ Yoast SEO plugin. -->","yoast_head_json":{"title":"\u00cenregistrare SpinBetter > Deschide un cont \u0219i prime\u0219te bonusuri!","description":"\u00cenregistreaz\u0103-te la SpinBetter \u0219i ai acces la sloturi, casino live \u0219i bonusuri pentru juc\u0103torii noi! \u00cenregistrare simpl\u0103 - \u00eencepe s\u0103 c\u00e2\u0219tigi ast\u0103zi.","robots":{"index":"index","follow":"follow","max-snippet":"max-snippet:-1","max-image-preview":"max-image-preview:large","max-video-preview":"max-video-preview:-1"},"og_locale":"ro_RO","og_type":"article","og_title":"\u00cenregistrare SpinBetter > Deschide un cont \u0219i prime\u0219te bonusuri!","og_description":"\u00cenregistreaz\u0103-te la SpinBetter \u0219i ai acces la sloturi, casino live \u0219i bonusuri pentru juc\u0103torii noi! \u00cenregistrare simpl\u0103 - \u00eencepe s\u0103 c\u00e2\u0219tigi ast\u0103zi.","og_url":"https:\/\/spinbetter.guru\/ro\/registration\/","og_site_name":"SpinBetter Plus RO","article_modified_time":"2026-01-13T13:58:59+00:00","twitter_card":"summary_large_image","schema":{"@context":"https:\/\/schema.org","@graph":[{"@type":"WebPage","@id":"https:\/\/spinbetter.guru\/ro\/registration\/","url":"https:\/\/spinbetter.guru\/ro\/registration\/","name":"\u00cenregistrare SpinBetter > Deschide un cont \u0219i prime\u0219te bonusuri!","isPartOf":{"@id":"https:\/\/spinbetter.guru\/ro\/#website"},"datePublished":"2024-11-04T09:15:42+00:00","dateModified":"2026-01-13T13:58:59+00:00","description":"\u00cenregistreaz\u0103-te la SpinBetter \u0219i ai acces la sloturi, casino live \u0219i bonusuri pentru juc\u0103torii noi! \u00cenregistrare simpl\u0103 - \u00eencepe s\u0103 c\u00e2\u0219tigi ast\u0103zi.","breadcrumb":{"@id":"https:\/\/spinbetter.guru\/ro\/registration\/#breadcrumb"},"inLanguage":"ro-RO","potentialAction":[{"@type":"ReadAction","target":["https:\/\/spinbetter.guru\/ro\/registration\/"]}]},{"@type":"BreadcrumbList","@id":"https:\/\/spinbetter.guru\/ro\/registration\/#breadcrumb","itemListElement":[{"@type":"ListItem","position":1,"name":"\u0413\u043b\u0430\u0432\u043d\u0430\u044f \u0441\u0442\u0440\u0430\u043d\u0438\u0446\u0430","item":"https:\/\/spinbetter.guru\/ro\/"},{"@type":"ListItem","position":2,"name":"\u00cenregistrare"}]},{"@type":"WebSite","@id":"https:\/\/spinbetter.guru\/ro\/#website","url":"https:\/\/spinbetter.guru\/ro\/","name":"SpinBetter Plus RO","description":"","potentialAction":[{"@type":"SearchAction","target":{"@type":"EntryPoint","urlTemplate":"https:\/\/spinbetter.guru\/ro\/?s={search_term_string}"},"query-input":{"@type":"PropertyValueSpecification","valueRequired":true,"valueName":"search_term_string"}}],"inLanguage":"ro-RO"}]}},"_links":{"self":[{"href":"https:\/\/spinbetter.guru\/ro\/wp-json\/wp\/v2\/pages\/303"}],"collection":[{"href":"https:\/\/spinbetter.guru\/ro\/wp-json\/wp\/v2\/pages"}],"about":[{"href":"https:\/\/spinbetter.guru\/ro\/wp-json\/wp\/v2\/types\/page"}],"author":[{"embeddable":true,"href":"https:\/\/spinbetter.guru\/ro\/wp-json\/wp\/v2\/users\/1"}],"replies":[{"embeddable":true,"href":"https:\/\/spinbetter.guru\/ro\/wp-json\/wp\/v2\/comments?post=303"}],"version-history":[{"count":18,"href":"https:\/\/spinbetter.guru\/ro\/wp-json\/wp\/v2\/pages\/303\/revisions"}],"predecessor-version":[{"id":522,"href":"https:\/\/spinbetter.guru\/ro\/wp-json\/wp\/v2\/pages\/303\/revisions\/522"}],"wp:attachment":[{"href":"https:\/\/spinbetter.guru\/ro\/wp-json\/wp\/v2\/media?parent=303"}],"curies":[{"name":"wp","href":"https:\/\/api.w.org\/{rel}","templated":true}]}}