{"id":318,"date":"2024-11-04T09:16:20","date_gmt":"2024-11-04T09:16:20","guid":{"rendered":"https:\/\/spinbetter.guru\/ro\/?page_id=318"},"modified":"2025-09-24T13:12:08","modified_gmt":"2025-09-24T13:12:08","slug":"free-spins","status":"publish","type":"page","link":"https:\/\/spinbetter.guru\/ro\/free-spins\/","title":{"rendered":"Rotiri Gratuite"},"content":{"rendered":"","protected":false},"excerpt":{"rendered":"","protected":false},"author":1,"featured_media":0,"parent":0,"menu_order":0,"comment_status":"closed","ping_status":"closed","template":"","meta":{"footnotes":""},"class_list":["post-318","page","type-page","status-publish","hentry"],"yoast_head":"<!-- This site is optimized with the Yoast SEO plugin v23.4 - https:\/\/yoast.com\/wordpress\/plugins\/seo\/ -->\n<title>SpinBetter Free Spins &gt; Joac\u0103 \u0219i c\u00e2\u0219tig\u0103 f\u0103r\u0103 s\u0103 investe\u0219ti!<\/title>\n<meta name=\"description\" content=\"Folose\u0219te rotirile gratuite de la SpinBetter \u0219i \u00eencearc\u0103-\u021bi norocul la cele mai bune sloturi! Oferte speciale pentru juc\u0103tori noi \u0219i obi\u0219nui\u021bi.\" \/>\n<meta name=\"robots\" content=\"index, follow, max-snippet:-1, max-image-preview:large, max-video-preview:-1\" \/>\n<meta property=\"og:locale\" content=\"ro_RO\" \/>\n<meta property=\"og:type\" content=\"article\" \/>\n<meta property=\"og:title\" content=\"SpinBetter Free Spins &gt; Joac\u0103 \u0219i c\u00e2\u0219tig\u0103 f\u0103r\u0103 s\u0103 investe\u0219ti!\" \/>\n<meta property=\"og:description\" content=\"Folose\u0219te rotirile gratuite de la SpinBetter \u0219i \u00eencearc\u0103-\u021bi norocul la cele mai bune sloturi! Oferte speciale pentru juc\u0103tori noi \u0219i obi\u0219nui\u021bi.\" \/>\n<meta property=\"og:url\" content=\"https:\/\/spinbetter.guru\/ro\/free-spins\/\" \/>\n<meta property=\"og:site_name\" content=\"SpinBetter Plus RO\" \/>\n<meta property=\"article:modified_time\" content=\"2025-09-24T13:12:08+00:00\" \/>\n<meta name=\"twitter:card\" content=\"summary_large_image\" \/>\n<script type=\"application\/ld+json\" class=\"yoast-schema-graph\">{\"@context\":\"https:\/\/schema.org\",\"@graph\":[{\"@type\":\"WebPage\",\"@id\":\"https:\/\/spinbetter.guru\/ro\/free-spins\/\",\"url\":\"https:\/\/spinbetter.guru\/ro\/free-spins\/\",\"name\":\"SpinBetter Free Spins > Joac\u0103 \u0219i c\u00e2\u0219tig\u0103 f\u0103r\u0103 s\u0103 investe\u0219ti!\",\"isPartOf\":{\"@id\":\"https:\/\/spinbetter.guru\/ro\/#website\"},\"datePublished\":\"2024-11-04T09:16:20+00:00\",\"dateModified\":\"2025-09-24T13:12:08+00:00\",\"description\":\"Folose\u0219te rotirile gratuite de la SpinBetter \u0219i \u00eencearc\u0103-\u021bi norocul la cele mai bune sloturi! Oferte speciale pentru juc\u0103tori noi \u0219i obi\u0219nui\u021bi.\",\"breadcrumb\":{\"@id\":\"https:\/\/spinbetter.guru\/ro\/free-spins\/#breadcrumb\"},\"inLanguage\":\"ro-RO\",\"potentialAction\":[{\"@type\":\"ReadAction\",\"target\":[\"https:\/\/spinbetter.guru\/ro\/free-spins\/\"]}]},{\"@type\":\"BreadcrumbList\",\"@id\":\"https:\/\/spinbetter.guru\/ro\/free-spins\/#breadcrumb\",\"itemListElement\":[{\"@type\":\"ListItem\",\"position\":1,\"name\":\"\u0413\u043b\u0430\u0432\u043d\u0430\u044f \u0441\u0442\u0440\u0430\u043d\u0438\u0446\u0430\",\"item\":\"https:\/\/spinbetter.guru\/ro\/\"},{\"@type\":\"ListItem\",\"position\":2,\"name\":\"Rotiri Gratuite\"}]},{\"@type\":\"WebSite\",\"@id\":\"https:\/\/spinbetter.guru\/ro\/#website\",\"url\":\"https:\/\/spinbetter.guru\/ro\/\",\"name\":\"SpinBetter Plus RO\",\"description\":\"\",\"potentialAction\":[{\"@type\":\"SearchAction\",\"target\":{\"@type\":\"EntryPoint\",\"urlTemplate\":\"https:\/\/spinbetter.guru\/ro\/?s={search_term_string}\"},\"query-input\":{\"@type\":\"PropertyValueSpecification\",\"valueRequired\":true,\"valueName\":\"search_term_string\"}}],\"inLanguage\":\"ro-RO\"}]}<\/script>\n<!-- \/ Yoast SEO plugin. -->","yoast_head_json":{"title":"SpinBetter Free Spins > Joac\u0103 \u0219i c\u00e2\u0219tig\u0103 f\u0103r\u0103 s\u0103 investe\u0219ti!","description":"Folose\u0219te rotirile gratuite de la SpinBetter \u0219i \u00eencearc\u0103-\u021bi norocul la cele mai bune sloturi! Oferte speciale pentru juc\u0103tori noi \u0219i obi\u0219nui\u021bi.","robots":{"index":"index","follow":"follow","max-snippet":"max-snippet:-1","max-image-preview":"max-image-preview:large","max-video-preview":"max-video-preview:-1"},"og_locale":"ro_RO","og_type":"article","og_title":"SpinBetter Free Spins > Joac\u0103 \u0219i c\u00e2\u0219tig\u0103 f\u0103r\u0103 s\u0103 investe\u0219ti!","og_description":"Folose\u0219te rotirile gratuite de la SpinBetter \u0219i \u00eencearc\u0103-\u021bi norocul la cele mai bune sloturi! Oferte speciale pentru juc\u0103tori noi \u0219i obi\u0219nui\u021bi.","og_url":"https:\/\/spinbetter.guru\/ro\/free-spins\/","og_site_name":"SpinBetter Plus RO","article_modified_time":"2025-09-24T13:12:08+00:00","twitter_card":"summary_large_image","schema":{"@context":"https:\/\/schema.org","@graph":[{"@type":"WebPage","@id":"https:\/\/spinbetter.guru\/ro\/free-spins\/","url":"https:\/\/spinbetter.guru\/ro\/free-spins\/","name":"SpinBetter Free Spins > Joac\u0103 \u0219i c\u00e2\u0219tig\u0103 f\u0103r\u0103 s\u0103 investe\u0219ti!","isPartOf":{"@id":"https:\/\/spinbetter.guru\/ro\/#website"},"datePublished":"2024-11-04T09:16:20+00:00","dateModified":"2025-09-24T13:12:08+00:00","description":"Folose\u0219te rotirile gratuite de la SpinBetter \u0219i \u00eencearc\u0103-\u021bi norocul la cele mai bune sloturi! Oferte speciale pentru juc\u0103tori noi \u0219i obi\u0219nui\u021bi.","breadcrumb":{"@id":"https:\/\/spinbetter.guru\/ro\/free-spins\/#breadcrumb"},"inLanguage":"ro-RO","potentialAction":[{"@type":"ReadAction","target":["https:\/\/spinbetter.guru\/ro\/free-spins\/"]}]},{"@type":"BreadcrumbList","@id":"https:\/\/spinbetter.guru\/ro\/free-spins\/#breadcrumb","itemListElement":[{"@type":"ListItem","position":1,"name":"\u0413\u043b\u0430\u0432\u043d\u0430\u044f \u0441\u0442\u0440\u0430\u043d\u0438\u0446\u0430","item":"https:\/\/spinbetter.guru\/ro\/"},{"@type":"ListItem","position":2,"name":"Rotiri Gratuite"}]},{"@type":"WebSite","@id":"https:\/\/spinbetter.guru\/ro\/#website","url":"https:\/\/spinbetter.guru\/ro\/","name":"SpinBetter Plus RO","description":"","potentialAction":[{"@type":"SearchAction","target":{"@type":"EntryPoint","urlTemplate":"https:\/\/spinbetter.guru\/ro\/?s={search_term_string}"},"query-input":{"@type":"PropertyValueSpecification","valueRequired":true,"valueName":"search_term_string"}}],"inLanguage":"ro-RO"}]}},"_links":{"self":[{"href":"https:\/\/spinbetter.guru\/ro\/wp-json\/wp\/v2\/pages\/318"}],"collection":[{"href":"https:\/\/spinbetter.guru\/ro\/wp-json\/wp\/v2\/pages"}],"about":[{"href":"https:\/\/spinbetter.guru\/ro\/wp-json\/wp\/v2\/types\/page"}],"author":[{"embeddable":true,"href":"https:\/\/spinbetter.guru\/ro\/wp-json\/wp\/v2\/users\/1"}],"replies":[{"embeddable":true,"href":"https:\/\/spinbetter.guru\/ro\/wp-json\/wp\/v2\/comments?post=318"}],"version-history":[{"count":14,"href":"https:\/\/spinbetter.guru\/ro\/wp-json\/wp\/v2\/pages\/318\/revisions"}],"predecessor-version":[{"id":513,"href":"https:\/\/spinbetter.guru\/ro\/wp-json\/wp\/v2\/pages\/318\/revisions\/513"}],"wp:attachment":[{"href":"https:\/\/spinbetter.guru\/ro\/wp-json\/wp\/v2\/media?parent=318"}],"curies":[{"name":"wp","href":"https:\/\/api.w.org\/{rel}","templated":true}]}}