{"id":507,"date":"2025-08-27T11:39:58","date_gmt":"2025-08-27T11:39:58","guid":{"rendered":"https:\/\/spinbetter.guru\/ro\/?page_id=507"},"modified":"2025-08-27T11:40:06","modified_gmt":"2025-08-27T11:40:06","slug":"loyalty-pays","status":"publish","type":"page","link":"https:\/\/spinbetter.guru\/ro\/bonus\/loyalty-pays\/","title":{"rendered":"Loialitatea pl\u0103te\u0219te"},"content":{"rendered":"","protected":false},"excerpt":{"rendered":"","protected":false},"author":1,"featured_media":0,"parent":314,"menu_order":0,"comment_status":"closed","ping_status":"closed","template":"","meta":{"footnotes":""},"class_list":["post-507","page","type-page","status-publish","hentry"],"yoast_head":"<!-- This site is optimized with the Yoast SEO plugin v23.4 - https:\/\/yoast.com\/wordpress\/plugins\/seo\/ -->\n<title>Bonus de 50% + 100 FS la a 10-a depunere la SpinBetter<\/title>\n<meta name=\"description\" content=\"E timpul s\u0103 c\u00e2\u0219tigi mare! F\u0103 a 10-a depunere la SpinBetter \u0219i prime\u0219te un bonus de 50% plus p\u00e2n\u0103 la 100 de rotiri gratuite. Loialitatea nu este doar apreciat\u0103 aici - aduce bani \u0219i o euforie! Nu \u00eencetini, joac\u0103 mare \u0219i ia-\u021bi recompensele!\" \/>\n<meta name=\"robots\" content=\"index, follow, max-snippet:-1, max-image-preview:large, max-video-preview:-1\" \/>\n<meta property=\"og:locale\" content=\"ro_RO\" \/>\n<meta property=\"og:type\" content=\"article\" \/>\n<meta property=\"og:title\" content=\"Bonus de 50% + 100 FS la a 10-a depunere la SpinBetter\" \/>\n<meta property=\"og:description\" content=\"E timpul s\u0103 c\u00e2\u0219tigi mare! F\u0103 a 10-a depunere la SpinBetter \u0219i prime\u0219te un bonus de 50% plus p\u00e2n\u0103 la 100 de rotiri gratuite. Loialitatea nu este doar apreciat\u0103 aici - aduce bani \u0219i o euforie! Nu \u00eencetini, joac\u0103 mare \u0219i ia-\u021bi recompensele!\" \/>\n<meta property=\"og:url\" content=\"https:\/\/spinbetter.guru\/ro\/bonus\/loyalty-pays\/\" \/>\n<meta property=\"og:site_name\" content=\"SpinBetter Plus RO\" \/>\n<meta property=\"article:modified_time\" content=\"2025-08-27T11:40:06+00:00\" \/>\n<meta name=\"twitter:card\" content=\"summary_large_image\" \/>\n<script type=\"application\/ld+json\" class=\"yoast-schema-graph\">{\"@context\":\"https:\/\/schema.org\",\"@graph\":[{\"@type\":\"WebPage\",\"@id\":\"https:\/\/spinbetter.guru\/ro\/bonus\/loyalty-pays\/\",\"url\":\"https:\/\/spinbetter.guru\/ro\/bonus\/loyalty-pays\/\",\"name\":\"Bonus de 50% + 100 FS la a 10-a depunere la SpinBetter\",\"isPartOf\":{\"@id\":\"https:\/\/spinbetter.guru\/ro\/#website\"},\"datePublished\":\"2025-08-27T11:39:58+00:00\",\"dateModified\":\"2025-08-27T11:40:06+00:00\",\"description\":\"E timpul s\u0103 c\u00e2\u0219tigi mare! F\u0103 a 10-a depunere la SpinBetter \u0219i prime\u0219te un bonus de 50% plus p\u00e2n\u0103 la 100 de rotiri gratuite. Loialitatea nu este doar apreciat\u0103 aici - aduce bani \u0219i o euforie! Nu \u00eencetini, joac\u0103 mare \u0219i ia-\u021bi recompensele!\",\"breadcrumb\":{\"@id\":\"https:\/\/spinbetter.guru\/ro\/bonus\/loyalty-pays\/#breadcrumb\"},\"inLanguage\":\"ro-RO\",\"potentialAction\":[{\"@type\":\"ReadAction\",\"target\":[\"https:\/\/spinbetter.guru\/ro\/bonus\/loyalty-pays\/\"]}]},{\"@type\":\"BreadcrumbList\",\"@id\":\"https:\/\/spinbetter.guru\/ro\/bonus\/loyalty-pays\/#breadcrumb\",\"itemListElement\":[{\"@type\":\"ListItem\",\"position\":1,\"name\":\"\u0413\u043b\u0430\u0432\u043d\u0430\u044f \u0441\u0442\u0440\u0430\u043d\u0438\u0446\u0430\",\"item\":\"https:\/\/spinbetter.guru\/ro\/\"},{\"@type\":\"ListItem\",\"position\":2,\"name\":\"Bonusul\",\"item\":\"https:\/\/spinbetter.guru\/ro\/bonus\/\"},{\"@type\":\"ListItem\",\"position\":3,\"name\":\"Loialitatea pl\u0103te\u0219te\"}]},{\"@type\":\"WebSite\",\"@id\":\"https:\/\/spinbetter.guru\/ro\/#website\",\"url\":\"https:\/\/spinbetter.guru\/ro\/\",\"name\":\"SpinBetter Plus RO\",\"description\":\"\",\"potentialAction\":[{\"@type\":\"SearchAction\",\"target\":{\"@type\":\"EntryPoint\",\"urlTemplate\":\"https:\/\/spinbetter.guru\/ro\/?s={search_term_string}\"},\"query-input\":{\"@type\":\"PropertyValueSpecification\",\"valueRequired\":true,\"valueName\":\"search_term_string\"}}],\"inLanguage\":\"ro-RO\"}]}<\/script>\n<!-- \/ Yoast SEO plugin. -->","yoast_head_json":{"title":"Bonus de 50% + 100 FS la a 10-a depunere la SpinBetter","description":"E timpul s\u0103 c\u00e2\u0219tigi mare! F\u0103 a 10-a depunere la SpinBetter \u0219i prime\u0219te un bonus de 50% plus p\u00e2n\u0103 la 100 de rotiri gratuite. Loialitatea nu este doar apreciat\u0103 aici - aduce bani \u0219i o euforie! Nu \u00eencetini, joac\u0103 mare \u0219i ia-\u021bi recompensele!","robots":{"index":"index","follow":"follow","max-snippet":"max-snippet:-1","max-image-preview":"max-image-preview:large","max-video-preview":"max-video-preview:-1"},"og_locale":"ro_RO","og_type":"article","og_title":"Bonus de 50% + 100 FS la a 10-a depunere la SpinBetter","og_description":"E timpul s\u0103 c\u00e2\u0219tigi mare! F\u0103 a 10-a depunere la SpinBetter \u0219i prime\u0219te un bonus de 50% plus p\u00e2n\u0103 la 100 de rotiri gratuite. Loialitatea nu este doar apreciat\u0103 aici - aduce bani \u0219i o euforie! Nu \u00eencetini, joac\u0103 mare \u0219i ia-\u021bi recompensele!","og_url":"https:\/\/spinbetter.guru\/ro\/bonus\/loyalty-pays\/","og_site_name":"SpinBetter Plus RO","article_modified_time":"2025-08-27T11:40:06+00:00","twitter_card":"summary_large_image","schema":{"@context":"https:\/\/schema.org","@graph":[{"@type":"WebPage","@id":"https:\/\/spinbetter.guru\/ro\/bonus\/loyalty-pays\/","url":"https:\/\/spinbetter.guru\/ro\/bonus\/loyalty-pays\/","name":"Bonus de 50% + 100 FS la a 10-a depunere la SpinBetter","isPartOf":{"@id":"https:\/\/spinbetter.guru\/ro\/#website"},"datePublished":"2025-08-27T11:39:58+00:00","dateModified":"2025-08-27T11:40:06+00:00","description":"E timpul s\u0103 c\u00e2\u0219tigi mare! F\u0103 a 10-a depunere la SpinBetter \u0219i prime\u0219te un bonus de 50% plus p\u00e2n\u0103 la 100 de rotiri gratuite. Loialitatea nu este doar apreciat\u0103 aici - aduce bani \u0219i o euforie! Nu \u00eencetini, joac\u0103 mare \u0219i ia-\u021bi recompensele!","breadcrumb":{"@id":"https:\/\/spinbetter.guru\/ro\/bonus\/loyalty-pays\/#breadcrumb"},"inLanguage":"ro-RO","potentialAction":[{"@type":"ReadAction","target":["https:\/\/spinbetter.guru\/ro\/bonus\/loyalty-pays\/"]}]},{"@type":"BreadcrumbList","@id":"https:\/\/spinbetter.guru\/ro\/bonus\/loyalty-pays\/#breadcrumb","itemListElement":[{"@type":"ListItem","position":1,"name":"\u0413\u043b\u0430\u0432\u043d\u0430\u044f \u0441\u0442\u0440\u0430\u043d\u0438\u0446\u0430","item":"https:\/\/spinbetter.guru\/ro\/"},{"@type":"ListItem","position":2,"name":"Bonusul","item":"https:\/\/spinbetter.guru\/ro\/bonus\/"},{"@type":"ListItem","position":3,"name":"Loialitatea pl\u0103te\u0219te"}]},{"@type":"WebSite","@id":"https:\/\/spinbetter.guru\/ro\/#website","url":"https:\/\/spinbetter.guru\/ro\/","name":"SpinBetter Plus RO","description":"","potentialAction":[{"@type":"SearchAction","target":{"@type":"EntryPoint","urlTemplate":"https:\/\/spinbetter.guru\/ro\/?s={search_term_string}"},"query-input":{"@type":"PropertyValueSpecification","valueRequired":true,"valueName":"search_term_string"}}],"inLanguage":"ro-RO"}]}},"_links":{"self":[{"href":"https:\/\/spinbetter.guru\/ro\/wp-json\/wp\/v2\/pages\/507"}],"collection":[{"href":"https:\/\/spinbetter.guru\/ro\/wp-json\/wp\/v2\/pages"}],"about":[{"href":"https:\/\/spinbetter.guru\/ro\/wp-json\/wp\/v2\/types\/page"}],"author":[{"embeddable":true,"href":"https:\/\/spinbetter.guru\/ro\/wp-json\/wp\/v2\/users\/1"}],"replies":[{"embeddable":true,"href":"https:\/\/spinbetter.guru\/ro\/wp-json\/wp\/v2\/comments?post=507"}],"version-history":[{"count":1,"href":"https:\/\/spinbetter.guru\/ro\/wp-json\/wp\/v2\/pages\/507\/revisions"}],"predecessor-version":[{"id":508,"href":"https:\/\/spinbetter.guru\/ro\/wp-json\/wp\/v2\/pages\/507\/revisions\/508"}],"up":[{"embeddable":true,"href":"https:\/\/spinbetter.guru\/ro\/wp-json\/wp\/v2\/pages\/314"}],"wp:attachment":[{"href":"https:\/\/spinbetter.guru\/ro\/wp-json\/wp\/v2\/media?parent=507"}],"curies":[{"name":"wp","href":"https:\/\/api.w.org\/{rel}","templated":true}]}}