{"id":511,"date":"2025-09-02T11:47:06","date_gmt":"2025-09-02T11:47:06","guid":{"rendered":"https:\/\/spinbetter.guru\/ro\/?page_id=511"},"modified":"2025-09-02T11:47:13","modified_gmt":"2025-09-02T11:47:13","slug":"free-spins-telegram","status":"publish","type":"page","link":"https:\/\/spinbetter.guru\/ro\/bonus\/free-spins-telegram\/","title":{"rendered":"Rotiri gratuite"},"content":{"rendered":"","protected":false},"excerpt":{"rendered":"","protected":false},"author":1,"featured_media":0,"parent":314,"menu_order":0,"comment_status":"closed","ping_status":"closed","template":"","meta":{"footnotes":""},"class_list":["post-511","page","type-page","status-publish","hentry"],"yoast_head":"<!-- This site is optimized with the Yoast SEO plugin v23.4 - https:\/\/yoast.com\/wordpress\/plugins\/seo\/ -->\n<title>Revendic\u0103 100 FS &gt; Ofert\u0103 exclusiv\u0103 SpinBetter pe Telegram!<\/title>\n<meta name=\"description\" content=\"Nu mai a\u0219tepta, prime\u0219te-\u021bi cele 100 de rotiri gratuite f\u0103r\u0103 nicio b\u0103taie de cap! Aboneaz\u0103-te la Telegram \u0219i ob\u021bine acces instantaneu la cele mai tari \u0219i exclusive promo\u021bii SpinBetter. Nu e o glum\u0103 - doar bonusuri reale!\" \/>\n<meta name=\"robots\" content=\"index, follow, max-snippet:-1, max-image-preview:large, max-video-preview:-1\" \/>\n<meta property=\"og:locale\" content=\"ro_RO\" \/>\n<meta property=\"og:type\" content=\"article\" \/>\n<meta property=\"og:title\" content=\"Revendic\u0103 100 FS &gt; Ofert\u0103 exclusiv\u0103 SpinBetter pe Telegram!\" \/>\n<meta property=\"og:description\" content=\"Nu mai a\u0219tepta, prime\u0219te-\u021bi cele 100 de rotiri gratuite f\u0103r\u0103 nicio b\u0103taie de cap! Aboneaz\u0103-te la Telegram \u0219i ob\u021bine acces instantaneu la cele mai tari \u0219i exclusive promo\u021bii SpinBetter. Nu e o glum\u0103 - doar bonusuri reale!\" \/>\n<meta property=\"og:url\" content=\"https:\/\/spinbetter.guru\/ro\/bonus\/free-spins-telegram\/\" \/>\n<meta property=\"og:site_name\" content=\"SpinBetter Plus RO\" \/>\n<meta property=\"article:modified_time\" content=\"2025-09-02T11:47:13+00:00\" \/>\n<meta name=\"twitter:card\" content=\"summary_large_image\" \/>\n<script type=\"application\/ld+json\" class=\"yoast-schema-graph\">{\"@context\":\"https:\/\/schema.org\",\"@graph\":[{\"@type\":\"WebPage\",\"@id\":\"https:\/\/spinbetter.guru\/ro\/bonus\/free-spins-telegram\/\",\"url\":\"https:\/\/spinbetter.guru\/ro\/bonus\/free-spins-telegram\/\",\"name\":\"Revendic\u0103 100 FS > Ofert\u0103 exclusiv\u0103 SpinBetter pe Telegram!\",\"isPartOf\":{\"@id\":\"https:\/\/spinbetter.guru\/ro\/#website\"},\"datePublished\":\"2025-09-02T11:47:06+00:00\",\"dateModified\":\"2025-09-02T11:47:13+00:00\",\"description\":\"Nu mai a\u0219tepta, prime\u0219te-\u021bi cele 100 de rotiri gratuite f\u0103r\u0103 nicio b\u0103taie de cap! Aboneaz\u0103-te la Telegram \u0219i ob\u021bine acces instantaneu la cele mai tari \u0219i exclusive promo\u021bii SpinBetter. Nu e o glum\u0103 - doar bonusuri reale!\",\"breadcrumb\":{\"@id\":\"https:\/\/spinbetter.guru\/ro\/bonus\/free-spins-telegram\/#breadcrumb\"},\"inLanguage\":\"ro-RO\",\"potentialAction\":[{\"@type\":\"ReadAction\",\"target\":[\"https:\/\/spinbetter.guru\/ro\/bonus\/free-spins-telegram\/\"]}]},{\"@type\":\"BreadcrumbList\",\"@id\":\"https:\/\/spinbetter.guru\/ro\/bonus\/free-spins-telegram\/#breadcrumb\",\"itemListElement\":[{\"@type\":\"ListItem\",\"position\":1,\"name\":\"\u0413\u043b\u0430\u0432\u043d\u0430\u044f \u0441\u0442\u0440\u0430\u043d\u0438\u0446\u0430\",\"item\":\"https:\/\/spinbetter.guru\/ro\/\"},{\"@type\":\"ListItem\",\"position\":2,\"name\":\"Bonusul\",\"item\":\"https:\/\/spinbetter.guru\/ro\/bonus\/\"},{\"@type\":\"ListItem\",\"position\":3,\"name\":\"Rotiri gratuite\"}]},{\"@type\":\"WebSite\",\"@id\":\"https:\/\/spinbetter.guru\/ro\/#website\",\"url\":\"https:\/\/spinbetter.guru\/ro\/\",\"name\":\"SpinBetter Plus RO\",\"description\":\"\",\"potentialAction\":[{\"@type\":\"SearchAction\",\"target\":{\"@type\":\"EntryPoint\",\"urlTemplate\":\"https:\/\/spinbetter.guru\/ro\/?s={search_term_string}\"},\"query-input\":{\"@type\":\"PropertyValueSpecification\",\"valueRequired\":true,\"valueName\":\"search_term_string\"}}],\"inLanguage\":\"ro-RO\"}]}<\/script>\n<!-- \/ Yoast SEO plugin. -->","yoast_head_json":{"title":"Revendic\u0103 100 FS > Ofert\u0103 exclusiv\u0103 SpinBetter pe Telegram!","description":"Nu mai a\u0219tepta, prime\u0219te-\u021bi cele 100 de rotiri gratuite f\u0103r\u0103 nicio b\u0103taie de cap! Aboneaz\u0103-te la Telegram \u0219i ob\u021bine acces instantaneu la cele mai tari \u0219i exclusive promo\u021bii SpinBetter. Nu e o glum\u0103 - doar bonusuri reale!","robots":{"index":"index","follow":"follow","max-snippet":"max-snippet:-1","max-image-preview":"max-image-preview:large","max-video-preview":"max-video-preview:-1"},"og_locale":"ro_RO","og_type":"article","og_title":"Revendic\u0103 100 FS > Ofert\u0103 exclusiv\u0103 SpinBetter pe Telegram!","og_description":"Nu mai a\u0219tepta, prime\u0219te-\u021bi cele 100 de rotiri gratuite f\u0103r\u0103 nicio b\u0103taie de cap! Aboneaz\u0103-te la Telegram \u0219i ob\u021bine acces instantaneu la cele mai tari \u0219i exclusive promo\u021bii SpinBetter. Nu e o glum\u0103 - doar bonusuri reale!","og_url":"https:\/\/spinbetter.guru\/ro\/bonus\/free-spins-telegram\/","og_site_name":"SpinBetter Plus RO","article_modified_time":"2025-09-02T11:47:13+00:00","twitter_card":"summary_large_image","schema":{"@context":"https:\/\/schema.org","@graph":[{"@type":"WebPage","@id":"https:\/\/spinbetter.guru\/ro\/bonus\/free-spins-telegram\/","url":"https:\/\/spinbetter.guru\/ro\/bonus\/free-spins-telegram\/","name":"Revendic\u0103 100 FS > Ofert\u0103 exclusiv\u0103 SpinBetter pe Telegram!","isPartOf":{"@id":"https:\/\/spinbetter.guru\/ro\/#website"},"datePublished":"2025-09-02T11:47:06+00:00","dateModified":"2025-09-02T11:47:13+00:00","description":"Nu mai a\u0219tepta, prime\u0219te-\u021bi cele 100 de rotiri gratuite f\u0103r\u0103 nicio b\u0103taie de cap! Aboneaz\u0103-te la Telegram \u0219i ob\u021bine acces instantaneu la cele mai tari \u0219i exclusive promo\u021bii SpinBetter. Nu e o glum\u0103 - doar bonusuri reale!","breadcrumb":{"@id":"https:\/\/spinbetter.guru\/ro\/bonus\/free-spins-telegram\/#breadcrumb"},"inLanguage":"ro-RO","potentialAction":[{"@type":"ReadAction","target":["https:\/\/spinbetter.guru\/ro\/bonus\/free-spins-telegram\/"]}]},{"@type":"BreadcrumbList","@id":"https:\/\/spinbetter.guru\/ro\/bonus\/free-spins-telegram\/#breadcrumb","itemListElement":[{"@type":"ListItem","position":1,"name":"\u0413\u043b\u0430\u0432\u043d\u0430\u044f \u0441\u0442\u0440\u0430\u043d\u0438\u0446\u0430","item":"https:\/\/spinbetter.guru\/ro\/"},{"@type":"ListItem","position":2,"name":"Bonusul","item":"https:\/\/spinbetter.guru\/ro\/bonus\/"},{"@type":"ListItem","position":3,"name":"Rotiri gratuite"}]},{"@type":"WebSite","@id":"https:\/\/spinbetter.guru\/ro\/#website","url":"https:\/\/spinbetter.guru\/ro\/","name":"SpinBetter Plus RO","description":"","potentialAction":[{"@type":"SearchAction","target":{"@type":"EntryPoint","urlTemplate":"https:\/\/spinbetter.guru\/ro\/?s={search_term_string}"},"query-input":{"@type":"PropertyValueSpecification","valueRequired":true,"valueName":"search_term_string"}}],"inLanguage":"ro-RO"}]}},"_links":{"self":[{"href":"https:\/\/spinbetter.guru\/ro\/wp-json\/wp\/v2\/pages\/511"}],"collection":[{"href":"https:\/\/spinbetter.guru\/ro\/wp-json\/wp\/v2\/pages"}],"about":[{"href":"https:\/\/spinbetter.guru\/ro\/wp-json\/wp\/v2\/types\/page"}],"author":[{"embeddable":true,"href":"https:\/\/spinbetter.guru\/ro\/wp-json\/wp\/v2\/users\/1"}],"replies":[{"embeddable":true,"href":"https:\/\/spinbetter.guru\/ro\/wp-json\/wp\/v2\/comments?post=511"}],"version-history":[{"count":1,"href":"https:\/\/spinbetter.guru\/ro\/wp-json\/wp\/v2\/pages\/511\/revisions"}],"predecessor-version":[{"id":512,"href":"https:\/\/spinbetter.guru\/ro\/wp-json\/wp\/v2\/pages\/511\/revisions\/512"}],"up":[{"embeddable":true,"href":"https:\/\/spinbetter.guru\/ro\/wp-json\/wp\/v2\/pages\/314"}],"wp:attachment":[{"href":"https:\/\/spinbetter.guru\/ro\/wp-json\/wp\/v2\/media?parent=511"}],"curies":[{"name":"wp","href":"https:\/\/api.w.org\/{rel}","templated":true}]}}