{"id":210,"date":"2024-11-04T09:13:33","date_gmt":"2024-11-04T09:13:33","guid":{"rendered":"https:\/\/spinbetter.guru\/sk\/?page_id=210"},"modified":"2026-01-13T13:45:19","modified_gmt":"2026-01-13T13:45:19","slug":"home","status":"publish","type":"page","link":"https:\/\/spinbetter.guru\/sk\/","title":{"rendered":"\u00davodn\u00e1 str\u00e1nka"},"content":{"rendered":"","protected":false},"excerpt":{"rendered":"","protected":false},"author":1,"featured_media":0,"parent":0,"menu_order":0,"comment_status":"closed","ping_status":"closed","template":"","meta":{"footnotes":""},"class_list":["post-210","page","type-page","status-publish","hentry"],"yoast_head":"<!-- This site is optimized with the Yoast SEO plugin v23.4 - https:\/\/yoast.com\/wordpress\/plugins\/seo\/ -->\n<title>SpinBetter World: Online kas\u00edno a \u0161portov\u00e9 st\u00e1vky<\/title>\n<meta name=\"description\" content=\"Poctiv\u00e1 recenzia SpinBetter: recenzie hr\u00e1\u010dov, bonusy, kas\u00edno a st\u00e1vkovanie. Zistite, ak\u00e9 v\u00fdhody na v\u00e1s \u010dakaj\u00fa na platforme SpinBetter!\" \/>\n<meta name=\"robots\" content=\"index, follow, max-snippet:-1, max-image-preview:large, max-video-preview:-1\" \/>\n<meta property=\"og:locale\" content=\"sk_SK\" \/>\n<meta property=\"og:type\" content=\"article\" \/>\n<meta property=\"og:title\" content=\"SpinBetter World: Online kas\u00edno a \u0161portov\u00e9 st\u00e1vky\" \/>\n<meta property=\"og:description\" content=\"Poctiv\u00e1 recenzia SpinBetter: recenzie hr\u00e1\u010dov, bonusy, kas\u00edno a st\u00e1vkovanie. Zistite, ak\u00e9 v\u00fdhody na v\u00e1s \u010dakaj\u00fa na platforme SpinBetter!\" \/>\n<meta property=\"og:url\" content=\"https:\/\/spinbetter.guru\/sk\/\" \/>\n<meta property=\"og:site_name\" content=\"Spinbetter Plus SK\" \/>\n<meta property=\"article:modified_time\" content=\"2026-01-13T13:45:19+00:00\" \/>\n<meta name=\"twitter:card\" content=\"summary_large_image\" \/>\n<script type=\"application\/ld+json\" class=\"yoast-schema-graph\">{\"@context\":\"https:\/\/schema.org\",\"@graph\":[{\"@type\":\"WebPage\",\"@id\":\"https:\/\/spinbetter.guru\/sk\/\",\"url\":\"https:\/\/spinbetter.guru\/sk\/\",\"name\":\"SpinBetter World: Online kas\u00edno a \u0161portov\u00e9 st\u00e1vky\",\"isPartOf\":{\"@id\":\"https:\/\/spinbetter.guru\/sk\/#website\"},\"datePublished\":\"2024-11-04T09:13:33+00:00\",\"dateModified\":\"2026-01-13T13:45:19+00:00\",\"description\":\"Poctiv\u00e1 recenzia SpinBetter: recenzie hr\u00e1\u010dov, bonusy, kas\u00edno a st\u00e1vkovanie. Zistite, ak\u00e9 v\u00fdhody na v\u00e1s \u010dakaj\u00fa na platforme SpinBetter!\",\"breadcrumb\":{\"@id\":\"https:\/\/spinbetter.guru\/sk\/#breadcrumb\"},\"inLanguage\":\"sk-SK\",\"potentialAction\":[{\"@type\":\"ReadAction\",\"target\":[\"https:\/\/spinbetter.guru\/sk\/\"]}]},{\"@type\":\"BreadcrumbList\",\"@id\":\"https:\/\/spinbetter.guru\/sk\/#breadcrumb\",\"itemListElement\":[{\"@type\":\"ListItem\",\"position\":1,\"name\":\"\u0413\u043b\u0430\u0432\u043d\u0430\u044f \u0441\u0442\u0440\u0430\u043d\u0438\u0446\u0430\",\"item\":\"https:\/\/spinbetter.guru\/sk\/\"},{\"@type\":\"ListItem\",\"position\":2,\"name\":\"\u00davodn\u00e1 str\u00e1nka\"}]},{\"@type\":\"WebSite\",\"@id\":\"https:\/\/spinbetter.guru\/sk\/#website\",\"url\":\"https:\/\/spinbetter.guru\/sk\/\",\"name\":\"Spinbetter Plus SK\",\"description\":\"\",\"potentialAction\":[{\"@type\":\"SearchAction\",\"target\":{\"@type\":\"EntryPoint\",\"urlTemplate\":\"https:\/\/spinbetter.guru\/sk\/?s={search_term_string}\"},\"query-input\":{\"@type\":\"PropertyValueSpecification\",\"valueRequired\":true,\"valueName\":\"search_term_string\"}}],\"inLanguage\":\"sk-SK\"}]}<\/script>\n<!-- \/ Yoast SEO plugin. -->","yoast_head_json":{"title":"SpinBetter World: Online kas\u00edno a \u0161portov\u00e9 st\u00e1vky","description":"Poctiv\u00e1 recenzia SpinBetter: recenzie hr\u00e1\u010dov, bonusy, kas\u00edno a st\u00e1vkovanie. Zistite, ak\u00e9 v\u00fdhody na v\u00e1s \u010dakaj\u00fa na platforme SpinBetter!","robots":{"index":"index","follow":"follow","max-snippet":"max-snippet:-1","max-image-preview":"max-image-preview:large","max-video-preview":"max-video-preview:-1"},"og_locale":"sk_SK","og_type":"article","og_title":"SpinBetter World: Online kas\u00edno a \u0161portov\u00e9 st\u00e1vky","og_description":"Poctiv\u00e1 recenzia SpinBetter: recenzie hr\u00e1\u010dov, bonusy, kas\u00edno a st\u00e1vkovanie. Zistite, ak\u00e9 v\u00fdhody na v\u00e1s \u010dakaj\u00fa na platforme SpinBetter!","og_url":"https:\/\/spinbetter.guru\/sk\/","og_site_name":"Spinbetter Plus SK","article_modified_time":"2026-01-13T13:45:19+00:00","twitter_card":"summary_large_image","schema":{"@context":"https:\/\/schema.org","@graph":[{"@type":"WebPage","@id":"https:\/\/spinbetter.guru\/sk\/","url":"https:\/\/spinbetter.guru\/sk\/","name":"SpinBetter World: Online kas\u00edno a \u0161portov\u00e9 st\u00e1vky","isPartOf":{"@id":"https:\/\/spinbetter.guru\/sk\/#website"},"datePublished":"2024-11-04T09:13:33+00:00","dateModified":"2026-01-13T13:45:19+00:00","description":"Poctiv\u00e1 recenzia SpinBetter: recenzie hr\u00e1\u010dov, bonusy, kas\u00edno a st\u00e1vkovanie. Zistite, ak\u00e9 v\u00fdhody na v\u00e1s \u010dakaj\u00fa na platforme SpinBetter!","breadcrumb":{"@id":"https:\/\/spinbetter.guru\/sk\/#breadcrumb"},"inLanguage":"sk-SK","potentialAction":[{"@type":"ReadAction","target":["https:\/\/spinbetter.guru\/sk\/"]}]},{"@type":"BreadcrumbList","@id":"https:\/\/spinbetter.guru\/sk\/#breadcrumb","itemListElement":[{"@type":"ListItem","position":1,"name":"\u0413\u043b\u0430\u0432\u043d\u0430\u044f \u0441\u0442\u0440\u0430\u043d\u0438\u0446\u0430","item":"https:\/\/spinbetter.guru\/sk\/"},{"@type":"ListItem","position":2,"name":"\u00davodn\u00e1 str\u00e1nka"}]},{"@type":"WebSite","@id":"https:\/\/spinbetter.guru\/sk\/#website","url":"https:\/\/spinbetter.guru\/sk\/","name":"Spinbetter Plus SK","description":"","potentialAction":[{"@type":"SearchAction","target":{"@type":"EntryPoint","urlTemplate":"https:\/\/spinbetter.guru\/sk\/?s={search_term_string}"},"query-input":{"@type":"PropertyValueSpecification","valueRequired":true,"valueName":"search_term_string"}}],"inLanguage":"sk-SK"}]}},"_links":{"self":[{"href":"https:\/\/spinbetter.guru\/sk\/wp-json\/wp\/v2\/pages\/210"}],"collection":[{"href":"https:\/\/spinbetter.guru\/sk\/wp-json\/wp\/v2\/pages"}],"about":[{"href":"https:\/\/spinbetter.guru\/sk\/wp-json\/wp\/v2\/types\/page"}],"author":[{"embeddable":true,"href":"https:\/\/spinbetter.guru\/sk\/wp-json\/wp\/v2\/users\/1"}],"replies":[{"embeddable":true,"href":"https:\/\/spinbetter.guru\/sk\/wp-json\/wp\/v2\/comments?post=210"}],"version-history":[{"count":40,"href":"https:\/\/spinbetter.guru\/sk\/wp-json\/wp\/v2\/pages\/210\/revisions"}],"predecessor-version":[{"id":517,"href":"https:\/\/spinbetter.guru\/sk\/wp-json\/wp\/v2\/pages\/210\/revisions\/517"}],"wp:attachment":[{"href":"https:\/\/spinbetter.guru\/sk\/wp-json\/wp\/v2\/media?parent=210"}],"curies":[{"name":"wp","href":"https:\/\/api.w.org\/{rel}","templated":true}]}}