{"id":242,"date":"2024-11-04T09:16:35","date_gmt":"2024-11-04T09:16:35","guid":{"rendered":"https:\/\/spinbetter.guru\/sk\/?page_id=242"},"modified":"2025-02-17T15:03:44","modified_gmt":"2025-02-17T15:03:44","slug":"login","status":"publish","type":"page","link":"https:\/\/spinbetter.guru\/sk\/login\/","title":{"rendered":"Prihl\u00e1senie"},"content":{"rendered":"","protected":false},"excerpt":{"rendered":"","protected":false},"author":1,"featured_media":0,"parent":0,"menu_order":0,"comment_status":"closed","ping_status":"closed","template":"","meta":{"footnotes":""},"class_list":["post-242","page","type-page","status-publish","hentry"],"yoast_head":"<!-- This site is optimized with the Yoast SEO plugin v23.4 - https:\/\/yoast.com\/wordpress\/plugins\/seo\/ -->\n<title>SpinBetter Login - Pr\u00edstup k najlep\u0161\u00edm bonusom a hr\u00e1m!<\/title>\n<meta name=\"description\" content=\"Autorizujte sa na SpinBetter a z\u00edskajte pln\u00fd pr\u00edstup k vzru\u0161uj\u00facim hr\u00e1m, bonusom a okam\u017eit\u00fdm v\u00fdplat\u00e1m. Prihl\u00e1ste sa do svojho \u00fa\u010dtu a za\u010dnite vyhr\u00e1va\u0165!\" \/>\n<meta name=\"robots\" content=\"index, follow, max-snippet:-1, max-image-preview:large, max-video-preview:-1\" \/>\n<meta property=\"og:locale\" content=\"sk_SK\" \/>\n<meta property=\"og:type\" content=\"article\" \/>\n<meta property=\"og:title\" content=\"SpinBetter Login - Pr\u00edstup k najlep\u0161\u00edm bonusom a hr\u00e1m!\" \/>\n<meta property=\"og:description\" content=\"Autorizujte sa na SpinBetter a z\u00edskajte pln\u00fd pr\u00edstup k vzru\u0161uj\u00facim hr\u00e1m, bonusom a okam\u017eit\u00fdm v\u00fdplat\u00e1m. Prihl\u00e1ste sa do svojho \u00fa\u010dtu a za\u010dnite vyhr\u00e1va\u0165!\" \/>\n<meta property=\"og:url\" content=\"https:\/\/www.spinbetter.guru\/sk\/login\/\" \/>\n<meta property=\"og:site_name\" content=\"Spinbetter Plus SK\" \/>\n<meta property=\"article:modified_time\" content=\"2025-02-17T15:03:44+00:00\" \/>\n<meta name=\"twitter:card\" content=\"summary_large_image\" \/>\n<script type=\"application\/ld+json\" class=\"yoast-schema-graph\">{\"@context\":\"https:\/\/schema.org\",\"@graph\":[{\"@type\":\"WebPage\",\"@id\":\"https:\/\/www.spinbetter.guru\/sk\/login\/\",\"url\":\"https:\/\/www.spinbetter.guru\/sk\/login\/\",\"name\":\"SpinBetter Login - Pr\u00edstup k najlep\u0161\u00edm bonusom a hr\u00e1m!\",\"isPartOf\":{\"@id\":\"https:\/\/spinbetter.guru\/sk\/#website\"},\"datePublished\":\"2024-11-04T09:16:35+00:00\",\"dateModified\":\"2025-02-17T15:03:44+00:00\",\"description\":\"Autorizujte sa na SpinBetter a z\u00edskajte pln\u00fd pr\u00edstup k vzru\u0161uj\u00facim hr\u00e1m, bonusom a okam\u017eit\u00fdm v\u00fdplat\u00e1m. Prihl\u00e1ste sa do svojho \u00fa\u010dtu a za\u010dnite vyhr\u00e1va\u0165!\",\"breadcrumb\":{\"@id\":\"https:\/\/www.spinbetter.guru\/sk\/login\/#breadcrumb\"},\"inLanguage\":\"sk-SK\",\"potentialAction\":[{\"@type\":\"ReadAction\",\"target\":[\"https:\/\/www.spinbetter.guru\/sk\/login\/\"]}]},{\"@type\":\"BreadcrumbList\",\"@id\":\"https:\/\/www.spinbetter.guru\/sk\/login\/#breadcrumb\",\"itemListElement\":[{\"@type\":\"ListItem\",\"position\":1,\"name\":\"\u0413\u043b\u0430\u0432\u043d\u0430\u044f \u0441\u0442\u0440\u0430\u043d\u0438\u0446\u0430\",\"item\":\"https:\/\/spinbetter.guru\/sk\/\"},{\"@type\":\"ListItem\",\"position\":2,\"name\":\"Prihl\u00e1senie\"}]},{\"@type\":\"WebSite\",\"@id\":\"https:\/\/spinbetter.guru\/sk\/#website\",\"url\":\"https:\/\/spinbetter.guru\/sk\/\",\"name\":\"Spinbetter Plus SK\",\"description\":\"\",\"potentialAction\":[{\"@type\":\"SearchAction\",\"target\":{\"@type\":\"EntryPoint\",\"urlTemplate\":\"https:\/\/spinbetter.guru\/sk\/?s={search_term_string}\"},\"query-input\":{\"@type\":\"PropertyValueSpecification\",\"valueRequired\":true,\"valueName\":\"search_term_string\"}}],\"inLanguage\":\"sk-SK\"}]}<\/script>\n<!-- \/ Yoast SEO plugin. -->","yoast_head_json":{"title":"SpinBetter Login - Pr\u00edstup k najlep\u0161\u00edm bonusom a hr\u00e1m!","description":"Autorizujte sa na SpinBetter a z\u00edskajte pln\u00fd pr\u00edstup k vzru\u0161uj\u00facim hr\u00e1m, bonusom a okam\u017eit\u00fdm v\u00fdplat\u00e1m. Prihl\u00e1ste sa do svojho \u00fa\u010dtu a za\u010dnite vyhr\u00e1va\u0165!","robots":{"index":"index","follow":"follow","max-snippet":"max-snippet:-1","max-image-preview":"max-image-preview:large","max-video-preview":"max-video-preview:-1"},"og_locale":"sk_SK","og_type":"article","og_title":"SpinBetter Login - Pr\u00edstup k najlep\u0161\u00edm bonusom a hr\u00e1m!","og_description":"Autorizujte sa na SpinBetter a z\u00edskajte pln\u00fd pr\u00edstup k vzru\u0161uj\u00facim hr\u00e1m, bonusom a okam\u017eit\u00fdm v\u00fdplat\u00e1m. Prihl\u00e1ste sa do svojho \u00fa\u010dtu a za\u010dnite vyhr\u00e1va\u0165!","og_url":"https:\/\/www.spinbetter.guru\/sk\/login\/","og_site_name":"Spinbetter Plus SK","article_modified_time":"2025-02-17T15:03:44+00:00","twitter_card":"summary_large_image","schema":{"@context":"https:\/\/schema.org","@graph":[{"@type":"WebPage","@id":"https:\/\/www.spinbetter.guru\/sk\/login\/","url":"https:\/\/www.spinbetter.guru\/sk\/login\/","name":"SpinBetter Login - Pr\u00edstup k najlep\u0161\u00edm bonusom a hr\u00e1m!","isPartOf":{"@id":"https:\/\/spinbetter.guru\/sk\/#website"},"datePublished":"2024-11-04T09:16:35+00:00","dateModified":"2025-02-17T15:03:44+00:00","description":"Autorizujte sa na SpinBetter a z\u00edskajte pln\u00fd pr\u00edstup k vzru\u0161uj\u00facim hr\u00e1m, bonusom a okam\u017eit\u00fdm v\u00fdplat\u00e1m. Prihl\u00e1ste sa do svojho \u00fa\u010dtu a za\u010dnite vyhr\u00e1va\u0165!","breadcrumb":{"@id":"https:\/\/www.spinbetter.guru\/sk\/login\/#breadcrumb"},"inLanguage":"sk-SK","potentialAction":[{"@type":"ReadAction","target":["https:\/\/www.spinbetter.guru\/sk\/login\/"]}]},{"@type":"BreadcrumbList","@id":"https:\/\/www.spinbetter.guru\/sk\/login\/#breadcrumb","itemListElement":[{"@type":"ListItem","position":1,"name":"\u0413\u043b\u0430\u0432\u043d\u0430\u044f \u0441\u0442\u0440\u0430\u043d\u0438\u0446\u0430","item":"https:\/\/spinbetter.guru\/sk\/"},{"@type":"ListItem","position":2,"name":"Prihl\u00e1senie"}]},{"@type":"WebSite","@id":"https:\/\/spinbetter.guru\/sk\/#website","url":"https:\/\/spinbetter.guru\/sk\/","name":"Spinbetter Plus SK","description":"","potentialAction":[{"@type":"SearchAction","target":{"@type":"EntryPoint","urlTemplate":"https:\/\/spinbetter.guru\/sk\/?s={search_term_string}"},"query-input":{"@type":"PropertyValueSpecification","valueRequired":true,"valueName":"search_term_string"}}],"inLanguage":"sk-SK"}]}},"_links":{"self":[{"href":"https:\/\/spinbetter.guru\/sk\/wp-json\/wp\/v2\/pages\/242"}],"collection":[{"href":"https:\/\/spinbetter.guru\/sk\/wp-json\/wp\/v2\/pages"}],"about":[{"href":"https:\/\/spinbetter.guru\/sk\/wp-json\/wp\/v2\/types\/page"}],"author":[{"embeddable":true,"href":"https:\/\/spinbetter.guru\/sk\/wp-json\/wp\/v2\/users\/1"}],"replies":[{"embeddable":true,"href":"https:\/\/spinbetter.guru\/sk\/wp-json\/wp\/v2\/comments?post=242"}],"version-history":[{"count":17,"href":"https:\/\/spinbetter.guru\/sk\/wp-json\/wp\/v2\/pages\/242\/revisions"}],"predecessor-version":[{"id":477,"href":"https:\/\/spinbetter.guru\/sk\/wp-json\/wp\/v2\/pages\/242\/revisions\/477"}],"wp:attachment":[{"href":"https:\/\/spinbetter.guru\/sk\/wp-json\/wp\/v2\/media?parent=242"}],"curies":[{"name":"wp","href":"https:\/\/api.w.org\/{rel}","templated":true}]}}