{"id":339,"date":"2024-11-04T09:17:07","date_gmt":"2024-11-04T09:17:07","guid":{"rendered":"https:\/\/spinbetter.guru\/sk\/?page_id=339"},"modified":"2025-09-24T17:50:10","modified_gmt":"2025-09-24T17:50:10","slug":"partners","status":"publish","type":"page","link":"https:\/\/spinbetter.guru\/sk\/partners\/","title":{"rendered":"Partner"},"content":{"rendered":"","protected":false},"excerpt":{"rendered":"","protected":false},"author":1,"featured_media":0,"parent":0,"menu_order":0,"comment_status":"closed","ping_status":"closed","template":"","meta":{"footnotes":""},"class_list":["post-339","page","type-page","status-publish","hentry"],"yoast_head":"<!-- This site is optimized with the Yoast SEO plugin v23.4 - https:\/\/yoast.com\/wordpress\/plugins\/seo\/ -->\n<title>SpinBetter Partners - Va\u0161a \u0161anca zarobi\u0165 peniaze v kas\u00edne!<\/title>\n<meta name=\"description\" content=\"Sta\u0148te sa partnerom SpinBetter a zar\u00e1bajte z\u00edskavan\u00edm nov\u00fdch hr\u00e1\u010dov. N\u00e1\u0161 partnersk\u00fd program pon\u00faka v\u00fdhodn\u00e9 podmienky a vysok\u00e9 prov\u00edzie.\" \/>\n<meta name=\"robots\" content=\"index, follow, max-snippet:-1, max-image-preview:large, max-video-preview:-1\" \/>\n<meta property=\"og:locale\" content=\"sk_SK\" \/>\n<meta property=\"og:type\" content=\"article\" \/>\n<meta property=\"og:title\" content=\"SpinBetter Partners - Va\u0161a \u0161anca zarobi\u0165 peniaze v kas\u00edne!\" \/>\n<meta property=\"og:description\" content=\"Sta\u0148te sa partnerom SpinBetter a zar\u00e1bajte z\u00edskavan\u00edm nov\u00fdch hr\u00e1\u010dov. N\u00e1\u0161 partnersk\u00fd program pon\u00faka v\u00fdhodn\u00e9 podmienky a vysok\u00e9 prov\u00edzie.\" \/>\n<meta property=\"og:url\" content=\"https:\/\/spinbetter.guru\/sk\/partners\/\" \/>\n<meta property=\"og:site_name\" content=\"Spinbetter Plus SK\" \/>\n<meta property=\"article:modified_time\" content=\"2025-09-24T17:50:10+00:00\" \/>\n<meta name=\"twitter:card\" content=\"summary_large_image\" \/>\n<script type=\"application\/ld+json\" class=\"yoast-schema-graph\">{\"@context\":\"https:\/\/schema.org\",\"@graph\":[{\"@type\":\"WebPage\",\"@id\":\"https:\/\/spinbetter.guru\/sk\/partners\/\",\"url\":\"https:\/\/spinbetter.guru\/sk\/partners\/\",\"name\":\"SpinBetter Partners - Va\u0161a \u0161anca zarobi\u0165 peniaze v kas\u00edne!\",\"isPartOf\":{\"@id\":\"https:\/\/spinbetter.guru\/sk\/#website\"},\"datePublished\":\"2024-11-04T09:17:07+00:00\",\"dateModified\":\"2025-09-24T17:50:10+00:00\",\"description\":\"Sta\u0148te sa partnerom SpinBetter a zar\u00e1bajte z\u00edskavan\u00edm nov\u00fdch hr\u00e1\u010dov. N\u00e1\u0161 partnersk\u00fd program pon\u00faka v\u00fdhodn\u00e9 podmienky a vysok\u00e9 prov\u00edzie.\",\"breadcrumb\":{\"@id\":\"https:\/\/spinbetter.guru\/sk\/partners\/#breadcrumb\"},\"inLanguage\":\"sk-SK\",\"potentialAction\":[{\"@type\":\"ReadAction\",\"target\":[\"https:\/\/spinbetter.guru\/sk\/partners\/\"]}]},{\"@type\":\"BreadcrumbList\",\"@id\":\"https:\/\/spinbetter.guru\/sk\/partners\/#breadcrumb\",\"itemListElement\":[{\"@type\":\"ListItem\",\"position\":1,\"name\":\"\u0413\u043b\u0430\u0432\u043d\u0430\u044f \u0441\u0442\u0440\u0430\u043d\u0438\u0446\u0430\",\"item\":\"https:\/\/spinbetter.guru\/sk\/\"},{\"@type\":\"ListItem\",\"position\":2,\"name\":\"Partner\"}]},{\"@type\":\"WebSite\",\"@id\":\"https:\/\/spinbetter.guru\/sk\/#website\",\"url\":\"https:\/\/spinbetter.guru\/sk\/\",\"name\":\"Spinbetter Plus SK\",\"description\":\"\",\"potentialAction\":[{\"@type\":\"SearchAction\",\"target\":{\"@type\":\"EntryPoint\",\"urlTemplate\":\"https:\/\/spinbetter.guru\/sk\/?s={search_term_string}\"},\"query-input\":{\"@type\":\"PropertyValueSpecification\",\"valueRequired\":true,\"valueName\":\"search_term_string\"}}],\"inLanguage\":\"sk-SK\"}]}<\/script>\n<!-- \/ Yoast SEO plugin. -->","yoast_head_json":{"title":"SpinBetter Partners - Va\u0161a \u0161anca zarobi\u0165 peniaze v kas\u00edne!","description":"Sta\u0148te sa partnerom SpinBetter a zar\u00e1bajte z\u00edskavan\u00edm nov\u00fdch hr\u00e1\u010dov. N\u00e1\u0161 partnersk\u00fd program pon\u00faka v\u00fdhodn\u00e9 podmienky a vysok\u00e9 prov\u00edzie.","robots":{"index":"index","follow":"follow","max-snippet":"max-snippet:-1","max-image-preview":"max-image-preview:large","max-video-preview":"max-video-preview:-1"},"og_locale":"sk_SK","og_type":"article","og_title":"SpinBetter Partners - Va\u0161a \u0161anca zarobi\u0165 peniaze v kas\u00edne!","og_description":"Sta\u0148te sa partnerom SpinBetter a zar\u00e1bajte z\u00edskavan\u00edm nov\u00fdch hr\u00e1\u010dov. N\u00e1\u0161 partnersk\u00fd program pon\u00faka v\u00fdhodn\u00e9 podmienky a vysok\u00e9 prov\u00edzie.","og_url":"https:\/\/spinbetter.guru\/sk\/partners\/","og_site_name":"Spinbetter Plus SK","article_modified_time":"2025-09-24T17:50:10+00:00","twitter_card":"summary_large_image","schema":{"@context":"https:\/\/schema.org","@graph":[{"@type":"WebPage","@id":"https:\/\/spinbetter.guru\/sk\/partners\/","url":"https:\/\/spinbetter.guru\/sk\/partners\/","name":"SpinBetter Partners - Va\u0161a \u0161anca zarobi\u0165 peniaze v kas\u00edne!","isPartOf":{"@id":"https:\/\/spinbetter.guru\/sk\/#website"},"datePublished":"2024-11-04T09:17:07+00:00","dateModified":"2025-09-24T17:50:10+00:00","description":"Sta\u0148te sa partnerom SpinBetter a zar\u00e1bajte z\u00edskavan\u00edm nov\u00fdch hr\u00e1\u010dov. N\u00e1\u0161 partnersk\u00fd program pon\u00faka v\u00fdhodn\u00e9 podmienky a vysok\u00e9 prov\u00edzie.","breadcrumb":{"@id":"https:\/\/spinbetter.guru\/sk\/partners\/#breadcrumb"},"inLanguage":"sk-SK","potentialAction":[{"@type":"ReadAction","target":["https:\/\/spinbetter.guru\/sk\/partners\/"]}]},{"@type":"BreadcrumbList","@id":"https:\/\/spinbetter.guru\/sk\/partners\/#breadcrumb","itemListElement":[{"@type":"ListItem","position":1,"name":"\u0413\u043b\u0430\u0432\u043d\u0430\u044f \u0441\u0442\u0440\u0430\u043d\u0438\u0446\u0430","item":"https:\/\/spinbetter.guru\/sk\/"},{"@type":"ListItem","position":2,"name":"Partner"}]},{"@type":"WebSite","@id":"https:\/\/spinbetter.guru\/sk\/#website","url":"https:\/\/spinbetter.guru\/sk\/","name":"Spinbetter Plus SK","description":"","potentialAction":[{"@type":"SearchAction","target":{"@type":"EntryPoint","urlTemplate":"https:\/\/spinbetter.guru\/sk\/?s={search_term_string}"},"query-input":{"@type":"PropertyValueSpecification","valueRequired":true,"valueName":"search_term_string"}}],"inLanguage":"sk-SK"}]}},"_links":{"self":[{"href":"https:\/\/spinbetter.guru\/sk\/wp-json\/wp\/v2\/pages\/339"}],"collection":[{"href":"https:\/\/spinbetter.guru\/sk\/wp-json\/wp\/v2\/pages"}],"about":[{"href":"https:\/\/spinbetter.guru\/sk\/wp-json\/wp\/v2\/types\/page"}],"author":[{"embeddable":true,"href":"https:\/\/spinbetter.guru\/sk\/wp-json\/wp\/v2\/users\/1"}],"replies":[{"embeddable":true,"href":"https:\/\/spinbetter.guru\/sk\/wp-json\/wp\/v2\/comments?post=339"}],"version-history":[{"count":17,"href":"https:\/\/spinbetter.guru\/sk\/wp-json\/wp\/v2\/pages\/339\/revisions"}],"predecessor-version":[{"id":512,"href":"https:\/\/spinbetter.guru\/sk\/wp-json\/wp\/v2\/pages\/339\/revisions\/512"}],"wp:attachment":[{"href":"https:\/\/spinbetter.guru\/sk\/wp-json\/wp\/v2\/media?parent=339"}],"curies":[{"name":"wp","href":"https:\/\/api.w.org\/{rel}","templated":true}]}}