{"id":500,"date":"2025-08-20T12:12:21","date_gmt":"2025-08-20T12:12:21","guid":{"rendered":"https:\/\/spinbetter.guru\/sk\/?page_id=500"},"modified":"2025-08-20T12:12:28","modified_gmt":"2025-08-20T12:12:28","slug":"welcome-bonus","status":"publish","type":"page","link":"https:\/\/spinbetter.guru\/sk\/bonus\/welcome-bonus\/","title":{"rendered":"Uv\u00edtac\u00ed bonus"},"content":{"rendered":"","protected":false},"excerpt":{"rendered":"","protected":false},"author":1,"featured_media":0,"parent":314,"menu_order":0,"comment_status":"closed","ping_status":"closed","template":"","meta":{"footnotes":""},"class_list":["post-500","page","type-page","status-publish","hentry"],"yoast_head":"<!-- This site is optimized with the Yoast SEO plugin v23.4 - https:\/\/yoast.com\/wordpress\/plugins\/seo\/ -->\n<title>Uv\u00edtac\u00ed bonus Spinbetter 1500 \u20ac + 150 rozto\u010den\u00ed zadarmo<\/title>\n<meta name=\"description\" content=\"Ste pripraven\u00ed vyhra\u0165 jackpot? Z\u00edskajte svoj mega bonus a\u017e do v\u00fd\u0161ky 1500 \u20ac a 150 rozto\u010den\u00ed zadarmo pri prv\u00fdch 4 vkladoch! Nie je to len uv\u00edtac\u00ed bonus \u2013 je to va\u0161a vstupenka medzi elitu hern\u00fdch profesion\u00e1lov. Hrajte naplno!\" \/>\n<meta name=\"robots\" content=\"index, follow, max-snippet:-1, max-image-preview:large, max-video-preview:-1\" \/>\n<meta property=\"og:locale\" content=\"sk_SK\" \/>\n<meta property=\"og:type\" content=\"article\" \/>\n<meta property=\"og:title\" content=\"Uv\u00edtac\u00ed bonus Spinbetter 1500 \u20ac + 150 rozto\u010den\u00ed zadarmo\" \/>\n<meta property=\"og:description\" content=\"Ste pripraven\u00ed vyhra\u0165 jackpot? Z\u00edskajte svoj mega bonus a\u017e do v\u00fd\u0161ky 1500 \u20ac a 150 rozto\u010den\u00ed zadarmo pri prv\u00fdch 4 vkladoch! Nie je to len uv\u00edtac\u00ed bonus \u2013 je to va\u0161a vstupenka medzi elitu hern\u00fdch profesion\u00e1lov. Hrajte naplno!\" \/>\n<meta property=\"og:url\" content=\"https:\/\/spinbetter.guru\/sk\/bonus\/welcome-bonus\/\" \/>\n<meta property=\"og:site_name\" content=\"Spinbetter Plus SK\" \/>\n<meta property=\"article:modified_time\" content=\"2025-08-20T12:12:28+00:00\" \/>\n<meta name=\"twitter:card\" content=\"summary_large_image\" \/>\n<script type=\"application\/ld+json\" class=\"yoast-schema-graph\">{\"@context\":\"https:\/\/schema.org\",\"@graph\":[{\"@type\":\"WebPage\",\"@id\":\"https:\/\/spinbetter.guru\/sk\/bonus\/welcome-bonus\/\",\"url\":\"https:\/\/spinbetter.guru\/sk\/bonus\/welcome-bonus\/\",\"name\":\"Uv\u00edtac\u00ed bonus Spinbetter 1500 \u20ac + 150 rozto\u010den\u00ed zadarmo\",\"isPartOf\":{\"@id\":\"https:\/\/spinbetter.guru\/sk\/#website\"},\"datePublished\":\"2025-08-20T12:12:21+00:00\",\"dateModified\":\"2025-08-20T12:12:28+00:00\",\"description\":\"Ste pripraven\u00ed vyhra\u0165 jackpot? Z\u00edskajte svoj mega bonus a\u017e do v\u00fd\u0161ky 1500 \u20ac a 150 rozto\u010den\u00ed zadarmo pri prv\u00fdch 4 vkladoch! Nie je to len uv\u00edtac\u00ed bonus \u2013 je to va\u0161a vstupenka medzi elitu hern\u00fdch profesion\u00e1lov. Hrajte naplno!\",\"breadcrumb\":{\"@id\":\"https:\/\/spinbetter.guru\/sk\/bonus\/welcome-bonus\/#breadcrumb\"},\"inLanguage\":\"sk-SK\",\"potentialAction\":[{\"@type\":\"ReadAction\",\"target\":[\"https:\/\/spinbetter.guru\/sk\/bonus\/welcome-bonus\/\"]}]},{\"@type\":\"BreadcrumbList\",\"@id\":\"https:\/\/spinbetter.guru\/sk\/bonus\/welcome-bonus\/#breadcrumb\",\"itemListElement\":[{\"@type\":\"ListItem\",\"position\":1,\"name\":\"\u0413\u043b\u0430\u0432\u043d\u0430\u044f \u0441\u0442\u0440\u0430\u043d\u0438\u0446\u0430\",\"item\":\"https:\/\/spinbetter.guru\/sk\/\"},{\"@type\":\"ListItem\",\"position\":2,\"name\":\"Bonus\",\"item\":\"https:\/\/spinbetter.guru\/sk\/bonus\/\"},{\"@type\":\"ListItem\",\"position\":3,\"name\":\"Uv\u00edtac\u00ed bonus\"}]},{\"@type\":\"WebSite\",\"@id\":\"https:\/\/spinbetter.guru\/sk\/#website\",\"url\":\"https:\/\/spinbetter.guru\/sk\/\",\"name\":\"Spinbetter Plus SK\",\"description\":\"\",\"potentialAction\":[{\"@type\":\"SearchAction\",\"target\":{\"@type\":\"EntryPoint\",\"urlTemplate\":\"https:\/\/spinbetter.guru\/sk\/?s={search_term_string}\"},\"query-input\":{\"@type\":\"PropertyValueSpecification\",\"valueRequired\":true,\"valueName\":\"search_term_string\"}}],\"inLanguage\":\"sk-SK\"}]}<\/script>\n<!-- \/ Yoast SEO plugin. -->","yoast_head_json":{"title":"Uv\u00edtac\u00ed bonus Spinbetter 1500 \u20ac + 150 rozto\u010den\u00ed zadarmo","description":"Ste pripraven\u00ed vyhra\u0165 jackpot? Z\u00edskajte svoj mega bonus a\u017e do v\u00fd\u0161ky 1500 \u20ac a 150 rozto\u010den\u00ed zadarmo pri prv\u00fdch 4 vkladoch! Nie je to len uv\u00edtac\u00ed bonus \u2013 je to va\u0161a vstupenka medzi elitu hern\u00fdch profesion\u00e1lov. Hrajte naplno!","robots":{"index":"index","follow":"follow","max-snippet":"max-snippet:-1","max-image-preview":"max-image-preview:large","max-video-preview":"max-video-preview:-1"},"og_locale":"sk_SK","og_type":"article","og_title":"Uv\u00edtac\u00ed bonus Spinbetter 1500 \u20ac + 150 rozto\u010den\u00ed zadarmo","og_description":"Ste pripraven\u00ed vyhra\u0165 jackpot? Z\u00edskajte svoj mega bonus a\u017e do v\u00fd\u0161ky 1500 \u20ac a 150 rozto\u010den\u00ed zadarmo pri prv\u00fdch 4 vkladoch! Nie je to len uv\u00edtac\u00ed bonus \u2013 je to va\u0161a vstupenka medzi elitu hern\u00fdch profesion\u00e1lov. Hrajte naplno!","og_url":"https:\/\/spinbetter.guru\/sk\/bonus\/welcome-bonus\/","og_site_name":"Spinbetter Plus SK","article_modified_time":"2025-08-20T12:12:28+00:00","twitter_card":"summary_large_image","schema":{"@context":"https:\/\/schema.org","@graph":[{"@type":"WebPage","@id":"https:\/\/spinbetter.guru\/sk\/bonus\/welcome-bonus\/","url":"https:\/\/spinbetter.guru\/sk\/bonus\/welcome-bonus\/","name":"Uv\u00edtac\u00ed bonus Spinbetter 1500 \u20ac + 150 rozto\u010den\u00ed zadarmo","isPartOf":{"@id":"https:\/\/spinbetter.guru\/sk\/#website"},"datePublished":"2025-08-20T12:12:21+00:00","dateModified":"2025-08-20T12:12:28+00:00","description":"Ste pripraven\u00ed vyhra\u0165 jackpot? Z\u00edskajte svoj mega bonus a\u017e do v\u00fd\u0161ky 1500 \u20ac a 150 rozto\u010den\u00ed zadarmo pri prv\u00fdch 4 vkladoch! Nie je to len uv\u00edtac\u00ed bonus \u2013 je to va\u0161a vstupenka medzi elitu hern\u00fdch profesion\u00e1lov. Hrajte naplno!","breadcrumb":{"@id":"https:\/\/spinbetter.guru\/sk\/bonus\/welcome-bonus\/#breadcrumb"},"inLanguage":"sk-SK","potentialAction":[{"@type":"ReadAction","target":["https:\/\/spinbetter.guru\/sk\/bonus\/welcome-bonus\/"]}]},{"@type":"BreadcrumbList","@id":"https:\/\/spinbetter.guru\/sk\/bonus\/welcome-bonus\/#breadcrumb","itemListElement":[{"@type":"ListItem","position":1,"name":"\u0413\u043b\u0430\u0432\u043d\u0430\u044f \u0441\u0442\u0440\u0430\u043d\u0438\u0446\u0430","item":"https:\/\/spinbetter.guru\/sk\/"},{"@type":"ListItem","position":2,"name":"Bonus","item":"https:\/\/spinbetter.guru\/sk\/bonus\/"},{"@type":"ListItem","position":3,"name":"Uv\u00edtac\u00ed bonus"}]},{"@type":"WebSite","@id":"https:\/\/spinbetter.guru\/sk\/#website","url":"https:\/\/spinbetter.guru\/sk\/","name":"Spinbetter Plus SK","description":"","potentialAction":[{"@type":"SearchAction","target":{"@type":"EntryPoint","urlTemplate":"https:\/\/spinbetter.guru\/sk\/?s={search_term_string}"},"query-input":{"@type":"PropertyValueSpecification","valueRequired":true,"valueName":"search_term_string"}}],"inLanguage":"sk-SK"}]}},"_links":{"self":[{"href":"https:\/\/spinbetter.guru\/sk\/wp-json\/wp\/v2\/pages\/500"}],"collection":[{"href":"https:\/\/spinbetter.guru\/sk\/wp-json\/wp\/v2\/pages"}],"about":[{"href":"https:\/\/spinbetter.guru\/sk\/wp-json\/wp\/v2\/types\/page"}],"author":[{"embeddable":true,"href":"https:\/\/spinbetter.guru\/sk\/wp-json\/wp\/v2\/users\/1"}],"replies":[{"embeddable":true,"href":"https:\/\/spinbetter.guru\/sk\/wp-json\/wp\/v2\/comments?post=500"}],"version-history":[{"count":1,"href":"https:\/\/spinbetter.guru\/sk\/wp-json\/wp\/v2\/pages\/500\/revisions"}],"predecessor-version":[{"id":501,"href":"https:\/\/spinbetter.guru\/sk\/wp-json\/wp\/v2\/pages\/500\/revisions\/501"}],"up":[{"embeddable":true,"href":"https:\/\/spinbetter.guru\/sk\/wp-json\/wp\/v2\/pages\/314"}],"wp:attachment":[{"href":"https:\/\/spinbetter.guru\/sk\/wp-json\/wp\/v2\/media?parent=500"}],"curies":[{"name":"wp","href":"https:\/\/api.w.org\/{rel}","templated":true}]}}